{"id":10026,"date":"2016-08-08T10:52:28","date_gmt":"2016-08-08T10:52:28","guid":{"rendered":"http:\/\/www.adrianwood.ch\/?page_id=10026"},"modified":"2016-08-10T12:23:46","modified_gmt":"2016-08-10T12:23:46","slug":"10026-2","status":"publish","type":"page","link":"https:\/\/www.adrianwood.ch\/?page_id=10026","title":{"rendered":"05-10 La Zarza"},"content":{"rendered":"<p><span style=\"font-weight: bold; font-size: 11pt; color: gray;\">10. Mai, La Zarza &#8211; Don Pedro \u2013 La Zarza<\/span><\/p>\n<table class=\"TableGrid-T\" style=\"border-collapse: collapse;\" cellspacing=\"0\">\n<tbody>\n<tr class=\"-R\">\n<td class=\"-C\" style=\"width: 464.3pt; border: none windowtext 0pt;\" colspan=\"2\">\n<p class=\"Normal-P\" style=\"margin-bottom: 6pt; text-align: justify; text-justify: inter-ideograph; direction: ltr; unicode-bidi: normal;\"><span class=\"Normal-H\"><span style=\"font-size: 11pt;\">Heute, an unserem letzten Wandertag, war fr\u00fch aufstehen angesagt. Als die ersten Leute kurz nach 7 Uhr zum Fr\u00fchst\u00fcck erschienen, war es noch fast dunkel draussen. Um 8 Uhr traf sich die Wandergruppe beim Parkplatz vor dem Hotel. Der Bus war jedoch versp\u00e4tet, sodass sich die Abfahrt um 20 Minuten verz\u00f6gerte.<\/span><\/span><\/p>\n<p class=\"Normal-P\" style=\"margin-bottom: 6pt; text-align: justify; text-justify: inter-ideograph; direction: ltr; unicode-bidi: normal;\"><span class=\"Normal-H\"><span style=\"font-size: 11pt;\">Zum Abschluss war nochmals eine Wanderung unter Sigmunds F\u00fchrung geplant. Das urspr\u00fcngliche Programm f\u00fcr den heutigen Tag war etwas abge\u00e4ndert worden, um die Wanderung weniger lang und anstrengend zu halten und um die Busfahrt zu verk\u00fcrzen. Trotzdem nahmen nicht alle Leute an der Tour teil. Es fanden sich 18 Nasen im Bus ein, Adrian inbegriffen.<\/span><\/span><\/p>\n<p class=\"Normal-P\" style=\"margin-bottom: 6pt; text-align: justify; text-justify: inter-ideograph; direction: ltr; unicode-bidi: normal;\"><span class=\"Normal-H\"><span style=\"font-size: 11pt;\">Wir fuhren nicht, wie urspr\u00fcnglich vorgesehen, bis nach Santo Domingo, sondern wir bogen nach der Abzweigung nach Don Pedro zum Kulturpark La Zarza ab, wo wir gleichzeitig mit Sigmund ankamen. Die arch\u00e4ologische Kulturst\u00e4tte war zu dieser fr\u00fchen Morgenstunde \u2013 es war kurz nach 9 Uhr \u2013 noch geschlossen. So hoben wir uns die Petroglyphen f\u00fcr sp\u00e4ter auf.<\/span><\/span><\/p>\n<p class=\"Normal-P\" style=\"margin-bottom: 6pt; text-align: justify; text-justify: inter-ideograph; direction: ltr; unicode-bidi: normal;\"><span class=\"Normal-H\"><span style=\"font-size: 11pt;\">Bevor wir los wanderten, erl\u00e4uterte uns Sigmund, dass wir 400 H\u00f6henmeter hinunter steigen w\u00fcrden und nach einem Rundgang gegen 1 Uhr in La Zarza zur\u00fcck sein w\u00fcrden. <\/span><\/span><\/p>\n<\/td>\n<\/tr>\n<tr class=\"-R\">\n<td class=\"-C\" style=\"width: 232.2pt; border: none windowtext 0pt;\">\n<p class=\"Normal-P\" style=\"margin-bottom: 6pt; text-align: justify; text-justify: inter-ideograph; direction: ltr; unicode-bidi: normal;\"><span class=\"Normal-H\"><span style=\"font-size: 11pt;\"><img loading=\"lazy\" decoding=\"async\" class=\"\" src=\"http:\/\/www.adrianwood.ch\/wp-content\/uploads\/2016\/08\/1470653471_image1.jpeg\" width=\"347\" height=\"231\" data-link=\"\" \/><\/span><\/span><\/p>\n<\/td>\n<td class=\"-C\" style=\"width: 232.1pt; border: none windowtext 0pt;\">\n<p class=\"Normal-P\" style=\"margin-bottom: 6pt; text-align: justify; text-justify: inter-ideograph; direction: ltr; unicode-bidi: normal;\"><span class=\"Normal-H\"><span style=\"font-size: 11pt;\"><img loading=\"lazy\" decoding=\"async\" class=\"\" src=\"http:\/\/www.adrianwood.ch\/wp-content\/uploads\/2016\/08\/1470653471_image2.jpeg\" width=\"326\" height=\"233\" data-link=\"\" \/><\/span><\/span><\/p>\n<\/td>\n<\/tr>\n<tr class=\"-R\">\n<td class=\"-C\" style=\"width: 464.3pt; border: none windowtext 0pt;\" colspan=\"2\">\n<p class=\"Normal-P\" style=\"margin-bottom: 6pt; text-align: justify; text-justify: inter-ideograph; direction: ltr; unicode-bidi: normal;\"><span class=\"Normal-H\"><span style=\"font-size: 11pt;\">Sigmund hatte seine H\u00fcndin Susi mitgebracht, ein wolliger, anfangs etwas scheuer Begleiter, der meist die F\u00fchrung \u00fcbernahm. Wir folgten in etwa dem Wanderweg LP 9.2, der uns zuerst durch eine bewaldete Schlucht nach unten f\u00fchrte, auf \u201everschwiegenen Pfaden\u201c, wie Sigmund es ausdr\u00fcckte. Zwischendurch legten wir kurze Trinkpausen ein, wobei Sigmund auf die Wichtigkeit des Trinkens hinwies. Ausserdem gab er immer wieder kurze Erl\u00e4uterungen von sich. So erkl\u00e4rte er, dass der Lorbeerbaum und die Baumheide (Erica arborea) wichtige Vertreter der hiesigen<\/span><span style=\"font-size: 11pt;\">Vegetationszone seien, die dieser auch den Namen gaben. Aus den Wurzelknollen der Baumheide werden auch Pfeifen hergestellt.<\/span><\/span><\/p>\n<\/td>\n<\/tr>\n<tr class=\"-R\">\n<td class=\"-C\" style=\"width: 232.2pt; border: none windowtext 0pt;\">\n<p class=\"Normal-P\" style=\"text-align: justify; text-justify: inter-ideograph; direction: ltr; unicode-bidi: normal;\"><span class=\"Normal-H\"><span style=\"font-size: 11pt;\"><img loading=\"lazy\" decoding=\"async\" class=\"\" src=\"http:\/\/www.adrianwood.ch\/wp-content\/uploads\/2016\/08\/1470653471_image3.jpeg\" width=\"346\" height=\"230\" data-link=\"\" \/><\/span><\/span><\/p>\n<\/td>\n<td class=\"-C\" style=\"width: 232.1pt; border: none windowtext 0pt;\">\n<p class=\"Normal-P\" style=\"margin-bottom: 6pt; text-align: justify; text-justify: inter-ideograph; direction: ltr; unicode-bidi: normal;\"><span class=\"Normal-H\"><span style=\"font-size: 11pt;\"><img loading=\"lazy\" decoding=\"async\" class=\"\" src=\"http:\/\/www.adrianwood.ch\/wp-content\/uploads\/2016\/08\/1470653471_image4.jpeg\" width=\"347\" height=\"230\" data-link=\"\" \/><\/span><\/span><\/p>\n<\/td>\n<\/tr>\n<tr class=\"-R\">\n<td class=\"-C\" style=\"width: 464.3pt; border: none windowtext 0pt;\" colspan=\"2\">\n<p class=\"Normal-P\" style=\"margin-bottom: 6pt; text-align: justify; text-justify: inter-ideograph; direction: ltr; unicode-bidi: normal;\"><span class=\"Normal-H\"><span style=\"font-size: 11pt;\">Das Wetter war heute, wie schon am Vortag, durchzogen. Sigmund erkl\u00e4rte, dass dies nicht ungew\u00f6hnlich sei f\u00fcr den Monat Mai und dass wir bisher eher sch\u00f6nes Juniwetter gehabt h\u00e4tten. Die Wolkenfront sei eine Folge des Levante, ein Wind, der von Afrika kommt und \u00fcber <\/span><span style=\"font-size: 11pt;\">dem Meer Feuchtigkeit aufnimmt.<\/span><\/span><\/p>\n<p class=\"Normal-P\" style=\"margin-bottom: 6pt; text-align: justify; text-justify: inter-ideograph; direction: ltr; unicode-bidi: normal;\"><span class=\"Normal-H\"><span style=\"font-size: 11pt;\">Nach der bewaldeten Schlucht f\u00fchrte der Weg<\/span><span style=\"font-size: 11pt;\">weiter einen Kamm hinunter, vor uns das Meer und hinter uns der Roque de los Muchachos, bis dieser in den Wolken verschwand.<\/span><\/span><\/p>\n<p class=\"Normal-P\" style=\"margin-bottom: 6pt; text-align: justify; text-justify: inter-ideograph; direction: ltr; unicode-bidi: normal;\"><span class=\"Normal-H\"><span style=\"font-size: 11pt;\">Aus den 400 Metern Abstieg wurden 600 Meter und wir gelangten zum Mirador El Morale, von wo wir nach El Tablado hin\u00fcber sehen konnten, von dem wir durch einen weiteren Barranco getrennt waren. Wir genossen die Aussicht auf die wilde Schlucht, die von vereinzelten Drachenb\u00e4umen ges\u00e4umt war.<\/span><\/span><\/p>\n<\/td>\n<\/tr>\n<tr class=\"-R\">\n<td class=\"-C\" style=\"width: 232.2pt; border: none windowtext 0pt;\">\n<p class=\"Normal-P\" style=\"margin-bottom: 6pt; text-align: justify; text-justify: inter-ideograph; direction: ltr; unicode-bidi: normal;\"><span class=\"Normal-H\"><span style=\"font-size: 11pt;\"><img loading=\"lazy\" decoding=\"async\" class=\"\" src=\"http:\/\/www.adrianwood.ch\/wp-content\/uploads\/2016\/08\/1470653471_image5.jpeg\" width=\"347\" height=\"229\" data-link=\"\" \/><\/span><\/span><\/p>\n<\/td>\n<td class=\"-C\" style=\"width: 232.1pt; border: none windowtext 0pt;\">\n<p class=\"Normal-P\" style=\"margin-bottom: 6pt; text-align: justify; text-justify: inter-ideograph; direction: ltr; unicode-bidi: normal;\"><span class=\"Normal-H\"><span style=\"font-size: 11pt;\"><img loading=\"lazy\" decoding=\"async\" class=\"\" src=\"http:\/\/www.adrianwood.ch\/wp-content\/uploads\/2016\/08\/1470653471_image6.jpeg\" width=\"347\" height=\"227\" data-link=\"\" \/><\/span><\/span><\/p>\n<\/td>\n<\/tr>\n<tr class=\"-R\">\n<td class=\"-C\" style=\"width: 464.3pt; border: none windowtext 0pt;\" colspan=\"2\">\n<p class=\"BodyText-P\" style=\"margin-bottom: 6pt; direction: ltr; unicode-bidi: normal;\"><span class=\"BodyText-H\"><span style=\"font-size: 11pt;\">Nun folgte der Aufstieg nach Don Pedro, der uns zum Schwitzen brachte, obwohl gelegentlich ein paar Tropfen Nieselregen fielen, die man aber kaum als Regen bezeichnen konnte.<\/span><\/span><\/p>\n<p class=\"Normal-P\" style=\"margin-bottom: 6pt; text-align: justify; text-justify: inter-ideograph; direction: ltr; unicode-bidi: normal;\"><span class=\"Normal-H\"><span style=\"font-size: 11pt;\">Bis sich die Gruppe in Don Pedro versammelt hatte, schauten wir einer Hundefamilie zu, die uns anbellte. Der einzelne Welpe war schon gr\u00f6sser als Mama Hund, wurde aber noch immer ges\u00e4ugt. Es sah lustig aus, wie sich der Welpe niederlegen musste<\/span><span style=\"font-size: 11pt;\">, um an die Zitzen zu gelangen.<\/span><\/span><\/p>\n<\/td>\n<\/tr>\n<tr class=\"-R\">\n<td class=\"-C\" style=\"width: 232.2pt; border: none windowtext 0pt;\">\n<p class=\"Normal-P\" style=\"margin-bottom: 6pt; text-align: justify; text-justify: inter-ideograph; direction: ltr; unicode-bidi: normal;\"><span class=\"Normal-H\"><span style=\"font-size: 11pt;\"><img loading=\"lazy\" decoding=\"async\" class=\"\" src=\"http:\/\/www.adrianwood.ch\/wp-content\/uploads\/2016\/08\/1470653471_image7.jpeg\" width=\"347\" height=\"231\" data-link=\"\" \/><\/span><\/span><\/p>\n<\/td>\n<td class=\"-C\" style=\"width: 232.1pt; border: none windowtext 0pt;\">\n<p class=\"Normal-P\" style=\"margin-bottom: 6pt; text-align: justify; text-justify: inter-ideograph; direction: ltr; unicode-bidi: normal;\"><span class=\"Normal-H\"><span style=\"font-size: 11pt;\"><img loading=\"lazy\" decoding=\"async\" class=\"\" src=\"http:\/\/www.adrianwood.ch\/wp-content\/uploads\/2016\/08\/1470653471_image8.jpeg\" width=\"347\" height=\"230\" data-link=\"\" \/><\/span><\/span><\/p>\n<\/td>\n<\/tr>\n<tr class=\"-R\">\n<td class=\"-C\" style=\"width: 464.3pt; border: none windowtext 0pt;\" colspan=\"2\">\n<p class=\"Normal-P\" style=\"margin-bottom: 6pt; text-align: justify; text-justify: inter-ideograph; direction: ltr; unicode-bidi: normal;\"><span class=\"Normal-H\"><span style=\"font-size: 11pt;\">Von Don Pedro aus folgte eine m\u00fchsame Etappe die Asphaltstrasse hoch. Es war bereits Mittagszeit,aber da war weit und breit kein lauschiges Pl\u00e4tzchen f\u00fcr die Mittagsrast. Vor 1 Uhr war dann aber genug. Asphaltstrasse hin oder her, wir liessen uns an einem kiesigen Bord neben der Strasse nieder<\/span><span style=\"font-size: 11pt;\">und verzerrten unser Picknick.<\/span><\/span><\/p>\n<\/td>\n<\/tr>\n<tr class=\"-R\">\n<td class=\"-C\" style=\"width: 232.2pt; border: none windowtext 0pt;\">\n<p class=\"Normal-P\" style=\"margin-bottom: 6pt; text-align: justify; text-justify: inter-ideograph; direction: ltr; unicode-bidi: normal;\"><span class=\"Normal-H\"><span style=\"font-size: 11pt;\"><img loading=\"lazy\" decoding=\"async\" class=\"\" src=\"http:\/\/www.adrianwood.ch\/wp-content\/uploads\/2016\/08\/1470653471_image9.jpeg\" width=\"347\" height=\"231\" data-link=\"\" \/><\/span><\/span><\/p>\n<\/td>\n<td class=\"-C\" style=\"width: 232.1pt; border: none windowtext 0pt;\">\n<p class=\"Normal-P\" style=\"margin-bottom: 6pt; text-align: justify; text-justify: inter-ideograph; direction: ltr; unicode-bidi: normal;\"><span class=\"Normal-H\"><span style=\"font-size: 11pt;\"><img loading=\"lazy\" decoding=\"async\" class=\"\" src=\"http:\/\/www.adrianwood.ch\/wp-content\/uploads\/2016\/08\/1470653471_image10.jpeg\" width=\"347\" height=\"230\" data-link=\"\" \/><\/span><\/span><\/p>\n<\/td>\n<\/tr>\n<tr class=\"-R\">\n<td class=\"-C\" style=\"width: 464.3pt; border: none windowtext 0pt;\" colspan=\"2\">\n<p class=\"Normal-P\" style=\"margin-bottom: 6pt; text-align: justify; text-justify: inter-ideograph; direction: ltr; unicode-bidi: normal;\"><span class=\"Normal-H\"><span style=\"font-size: 11pt;\">Als Entsch\u00e4digung f\u00fcr die Asphaltstrasse versprach uns Sigmund einen weiteren wilden und waldigen Barranco. Unter Lorbeer- und Erikab\u00e4umen schl\u00e4ngelte sich der Pfad durch Farnbewuchs und bot uns Wanderern viel Abwechslung und sch\u00f6ne Fotomotive.<\/span><\/span><\/p>\n<\/td>\n<\/tr>\n<tr class=\"-R\">\n<td class=\"-C\" style=\"width: 232.2pt; border: none windowtext 0pt;\">\n<p class=\"Normal-P\" style=\"margin-bottom: 6pt; text-align: justify; text-justify: inter-ideograph; direction: ltr; unicode-bidi: normal;\"><span class=\"Normal-H\"><span style=\"font-size: 11pt;\"><img loading=\"lazy\" decoding=\"async\" class=\"\" src=\"http:\/\/www.adrianwood.ch\/wp-content\/uploads\/2016\/08\/1470653471_image11.jpeg\" width=\"347\" height=\"229\" data-link=\"\" \/><\/span><\/span><\/p>\n<\/td>\n<td class=\"-C\" style=\"width: 232.1pt; border: none windowtext 0pt;\">\n<p class=\"Normal-P\" style=\"margin-bottom: 6pt; text-align: justify; text-justify: inter-ideograph; direction: ltr; unicode-bidi: normal;\"><span class=\"Normal-H\"><span style=\"font-size: 11pt;\"><img loading=\"lazy\" decoding=\"async\" class=\"\" src=\"http:\/\/www.adrianwood.ch\/wp-content\/uploads\/2016\/08\/1470653471_image12.jpg\" width=\"347\" height=\"232\" data-link=\"\" \/><\/span><\/span><\/p>\n<\/td>\n<\/tr>\n<tr class=\"-R\">\n<td class=\"-C\" style=\"width: 464.3pt; border: none windowtext 0pt;\" colspan=\"2\">\n<p class=\"Normal-P\" style=\"margin-bottom: 6pt; text-align: justify; text-justify: inter-ideograph; direction: ltr; unicode-bidi: normal;\"><span class=\"Normal-H\"><span style=\"font-size: 11pt;\">Gegen halb 4 Uhr, also 2 \u00bd Stunden sp\u00e4ter als angek\u00fcndigt, waren wir wieder beim Informations<\/span><span style=\"font-size: 11pt;\">&#8211;<\/span><span style=\"font-size: 11pt;\">zentrum von La Zarza angelangt. Jetzt war Kultur angesagt. Es handelte sich dabei um Felsgravuren,<\/span><span style=\"font-size: 11pt;\">den Petroglyphen, die von den Ureinwohnern zur\u00fcck gehend bis 300-500 v. Ch. in die Felsen geritzt worden waren.<\/span><span style=\"font-size: 11pt;\">F\u00fcr 1.80 Euro Eintritt konnte man das arch\u00e4ologische Museum besuchen, einen 20-min\u00fctigen Videofilm anschauen und die Petroglyphenfunde vor Ort besichtigen. Daf\u00fcr wurde vorerst eine halbe Stunde veranschlagt, denn um 4 Uhr sollte man sich wieder beim Bus einfinden.<\/span><\/span><\/p>\n<\/td>\n<\/tr>\n<tr class=\"-R\">\n<td class=\"-C\" style=\"width: 232.2pt; border: none windowtext 0pt;\">\n<p class=\"Normal-P\" style=\"margin-bottom: 6pt; text-align: justify; text-justify: inter-ideograph; direction: ltr; unicode-bidi: normal;\"><span class=\"Normal-H\"><span style=\"font-size: 11pt;\"><img loading=\"lazy\" decoding=\"async\" class=\"\" src=\"http:\/\/www.adrianwood.ch\/wp-content\/uploads\/2016\/08\/1470653471_image13.jpeg\" width=\"341\" height=\"432\" data-link=\"\" \/><\/span><\/span><\/p>\n<\/td>\n<td class=\"-C\" style=\"width: 232.1pt; border: none windowtext 0pt;\">\n<p class=\"Normal-P\" style=\"margin-bottom: 6pt; text-align: justify; text-justify: inter-ideograph; direction: ltr; unicode-bidi: normal;\"><span class=\"Normal-H\"><span style=\"font-size: 11pt;\"><img loading=\"lazy\" decoding=\"async\" class=\"\" src=\"http:\/\/www.adrianwood.ch\/wp-content\/uploads\/2016\/08\/1470653471_image14.jpeg\" width=\"325\" height=\"434\" data-link=\"\" \/><\/span><\/span><\/p>\n<\/td>\n<\/tr>\n<tr class=\"-R\">\n<td class=\"-C\" style=\"width: 464.3pt; border: none windowtext 0pt;\" colspan=\"2\">\n<p class=\"Normal-P\" style=\"margin-bottom: 6pt; text-align: justify; text-justify: inter-ideograph; direction: ltr; unicode-bidi: normal;\"><span class=\"Normal-H\"><span style=\"font-size: 11pt;\">Die Zeit reichte eben knapp f\u00fcr das Museum und das Video oder f\u00fcr eine Tour durch die Petroglyphenfunde im Schnelllauf. Um 4 Uhr wurde allerdings die Abfahrt um \u00be Stunden verschoben, auf Kosten eines Bierhalts in einem Restaurant. Es hatte die Kultur \u00fcber den Suff gesiegt, auch wenn die Stimmen der Kulturanh\u00e4nger fast doppelt gez\u00e4hlt haben mussten, um eine Mehrheit bei der Abstimmung erzielt zu haben. So kamen auch jene noch in den Genuss des Rundgangs, die sich nur den Videofilm angeschaut hatten und umgekehrt.<\/span><\/span><\/p>\n<p class=\"Normal-P\" style=\"margin-bottom: 6pt; text-align: justify; text-justify: inter-ideograph; direction: ltr; unicode-bidi: normal;\"><span class=\"Normal-H\"><span style=\"font-size: 11pt;\">Nachdem wir uns von Sigmund verabschiedet hatten, traten wir die R\u00fcckfahrt an, die so manchen in den Schlaf lullte.<\/span><span style=\"font-size: 11pt;\">Kurz vor 6 Uhr erreichten wir unser Hotel, wo f\u00fcr 7 Uhr ein letztes gemeinsames Abendessen geplant war. (Urspr\u00fcnglich h\u00e4tten wir dieses Essen nicht im Hotel sondern beim Besucherzentrum der Lagune einnehmen sollen. Aber wie sich am Vortag herausgestellt hatte, wurden wir dort erst am 28. Mai erwartet.)<\/span><\/span><\/p>\n<p class=\"Normal-P\" style=\"margin-bottom: 6pt; text-align: justify; text-justify: inter-ideograph; direction: ltr; unicode-bidi: normal;\"><span class=\"Normal-H\"><span style=\"font-size: 11pt;\">Beim Abendessen erhob sich Christine nach dem Hauptgang und ergriff das Wort. In Gedichtform fasste sie die H\u00f6he-und Tiefpunkte der vergangenen 2 Wochen zusammen, und Mechthild \u00fcberreicht Adrian sein wohlverdientes Trinkgeld. Adrian quittierte diese Geste mit<\/span><span style=\"font-size: 11pt;\"> einer erstaunlich langen Rede. <\/span><span style=\"font-size: 11pt;\">So kam auch dieser Abend langsam zum Abschuss.<\/span><\/span><\/p>\n<p class=\"Normal-P\" style=\"margin-bottom: 6pt; text-align: justify; text-justify: inter-ideograph; direction: ltr; unicode-bidi: normal;\"><span class=\"Normal-H\"><span style=\"font-size: 11pt;\">Silvana<\/span><\/span><\/p>\n<\/td>\n<\/tr>\n<p><!-- [if !supportMisalignedColumns]--><\/tbody>\n<\/table>\n","protected":false},"excerpt":{"rendered":"<p>10. Mai, La Zarza &#8211; Don Pedro \u2013 La Zarza Heute, an unserem letzten Wandertag, war fr\u00fch aufstehen angesagt. Als die ersten Leute kurz nach 7 Uhr zum Fr\u00fchst\u00fcck erschienen, war es noch fast dunkel draussen. Um 8 Uhr traf sich die Wandergruppe beim Parkplatz vor dem Hotel. Der Bus war jedoch versp\u00e4tet, sodass sich &hellip; <a href=\"https:\/\/www.adrianwood.ch\/?page_id=10026\" class=\"more-link\">Continue reading <span class=\"screen-reader-text\">05-10 La Zarza<\/span> <span class=\"meta-nav\">&rarr;<\/span><\/a><\/p>\n","protected":false},"author":1,"featured_media":0,"parent":9478,"menu_order":2235,"comment_status":"closed","ping_status":"closed","template":"","meta":{"ngg_post_thumbnail":0,"footnotes":""},"class_list":["post-10026","page","type-page","status-publish","hentry"],"_links":{"self":[{"href":"https:\/\/www.adrianwood.ch\/index.php?rest_route=\/wp\/v2\/pages\/10026","targetHints":{"allow":["GET"]}}],"collection":[{"href":"https:\/\/www.adrianwood.ch\/index.php?rest_route=\/wp\/v2\/pages"}],"about":[{"href":"https:\/\/www.adrianwood.ch\/index.php?rest_route=\/wp\/v2\/types\/page"}],"author":[{"embeddable":true,"href":"https:\/\/www.adrianwood.ch\/index.php?rest_route=\/wp\/v2\/users\/1"}],"replies":[{"embeddable":true,"href":"https:\/\/www.adrianwood.ch\/index.php?rest_route=%2Fwp%2Fv2%2Fcomments&post=10026"}],"version-history":[{"count":4,"href":"https:\/\/www.adrianwood.ch\/index.php?rest_route=\/wp\/v2\/pages\/10026\/revisions"}],"predecessor-version":[{"id":10045,"href":"https:\/\/www.adrianwood.ch\/index.php?rest_route=\/wp\/v2\/pages\/10026\/revisions\/10045"}],"up":[{"embeddable":true,"href":"https:\/\/www.adrianwood.ch\/index.php?rest_route=\/wp\/v2\/pages\/9478"}],"wp:attachment":[{"href":"https:\/\/www.adrianwood.ch\/index.php?rest_route=%2Fwp%2Fv2%2Fmedia&parent=10026"}],"curies":[{"name":"wp","href":"https:\/\/api.w.org\/{rel}","templated":true}]}}