{"id":10079,"date":"2016-08-10T12:32:04","date_gmt":"2016-08-10T12:32:04","guid":{"rendered":"http:\/\/www.adrianwood.ch\/?page_id=10079"},"modified":"2016-08-10T12:33:08","modified_gmt":"2016-08-10T12:33:08","slug":"10079-2","status":"publish","type":"page","link":"https:\/\/www.adrianwood.ch\/?page_id=10079","title":{"rendered":"05-12 El Medano"},"content":{"rendered":"<h2 class=\"Normal-P\" style=\"margin-bottom: 6pt; text-align: justify; text-justify: inter-ideograph; direction: ltr; unicode-bidi: normal;\"><span class=\"Normal-H\"><span style=\"font-weight: bold; font-size: 11pt; color: gray;\">12. Mai, Heimreise<\/span><\/span><\/h2>\n<table class=\"TableGrid-T\" style=\"border-collapse: collapse;\" cellspacing=\"0\">\n<tbody>\n<tr class=\"-R\">\n<td class=\"-C\" style=\"width: 464.3pt; border: none windowtext 0pt;\" colspan=\"2\">\n<p class=\"Normal-P\" style=\"text-align: justify; text-justify: inter-ideograph; direction: ltr; unicode-bidi: normal;\"><span class=\"Normal-H\"><span style=\"font-size: 11pt;\">??.?? \u2013 14.00 Hotel Playa Sur Tenerife am hellen Natursandstrand \u2026 <\/span><\/span><\/p>\n<p class=\"Normal-P\" style=\"text-align: justify; text-justify: inter-ideograph; direction: ltr; unicode-bidi: normal;\"><span class=\"Normal-H\"><span style=\"font-size: 11pt;\">14.00 El Medano \u2013 Teneriffa Sur \/ Bus<\/span><\/span><\/p>\n<p class=\"Normal-P\" style=\"text-align: justify; text-justify: inter-ideograph; direction: ltr; unicode-bidi: normal;\"><span class=\"Normal-H\"><span style=\"font-size: 11pt;\">ca. 17.30 \u2013 22.00 Teneriffa Sur \u2013 Z\u00fcrich \/ Flug<\/span><\/span><\/p>\n<p class=\"Normal-P\" style=\"text-align: justify; text-justify: inter-ideograph; direction: ltr; unicode-bidi: normal;\"><span class=\"Normal-H\"><span style=\"font-size: 11pt;\">ca. 22.40 Z\u00fcrich \u2013 Basel \/ Zug<\/span><\/span><\/p>\n<\/td>\n<\/tr>\n<tr class=\"-R\">\n<td class=\"-C\" style=\"width: 464.3pt; border: none windowtext 0pt;\" colspan=\"2\">\n<p class=\"Normal-P\" style=\"margin-bottom: 6pt; text-align: justify; text-justify: inter-ideograph; direction: ltr; unicode-bidi: normal;\"><span class=\"Normal-H\"><span style=\"font-size: 11pt;\">Unser letzter Ferientag ist gleichzeitig unser erster Ferientag, an dem uns kein Wecker zum Aufstehen zwingt: ein erster offizieller freier\u201a<\/span><span style=\"font-size: 11pt;\">Dreivierteltag\u2019 liegt vor uns.<\/span><\/span><\/p>\n<p class=\"Normal-P\" style=\"margin-bottom: 6pt; text-align: justify; text-justify: inter-ideograph; direction: ltr; unicode-bidi: normal;\"><span class=\"Normal-H\"><span style=\"font-size: 11pt;\">Nicht alle verzichten aufs Weckerstellen: einige wollen unbedingt noch vor Sonnenaufgang den vor uns liegenden H\u00fcgel besteigen. Andere gehen gem\u00fctlich nach dem Fr\u00fchst\u00fcck auf den H\u00fcgel: ein Blick nach Los Cristianos, wo wir am Vortag ankamen und ein Blick auf die Flugpiste, wo wir am sp\u00e4ten Nachmittag abfliegen werden, ist der M\u00fche Lohn. Einige baden vor dem Fr\u00fchst\u00fcck oder machen einen Strandspaziergang: heute haben wir die Qual der Wahl, weil wir bis um 14 Uhr alles selbst entscheiden d\u00fcrfen\/m\u00fcssen &#8230;<\/span><\/span><\/p>\n<\/td>\n<\/tr>\n<tr class=\"-R\">\n<td class=\"-C\" style=\"width: 227.55pt; border: none windowtext 0pt;\">\n<p class=\"Normal-P\" style=\"text-align: justify; text-justify: inter-ideograph; direction: ltr; unicode-bidi: normal;\"><span class=\"Normal-H\"><span style=\"font-size: 11pt;\"><img loading=\"lazy\" decoding=\"async\" class=\"\" src=\"http:\/\/www.adrianwood.ch\/wp-content\/uploads\/2016\/08\/1470831964_image1.jpeg\" width=\"347\" height=\"261\" data-link=\"\" \/><\/span><\/span><\/p>\n<\/td>\n<td class=\"-C\" style=\"width: 236.75pt; border: none windowtext 0pt;\">\n<p class=\"Normal-P\" style=\"text-align: justify; text-justify: inter-ideograph; direction: ltr; unicode-bidi: normal;\"><span class=\"Normal-H\"><span style=\"font-size: 11pt;\"><img loading=\"lazy\" decoding=\"async\" class=\"\" src=\"http:\/\/www.adrianwood.ch\/wp-content\/uploads\/2016\/08\/1470831964_image2.jpeg\" width=\"343\" height=\"257\" data-link=\"\" \/><\/span><\/span><\/p>\n<\/td>\n<\/tr>\n<tr class=\"-R\">\n<td class=\"-C\" style=\"width: 464.3pt; border: none windowtext 0pt;\" colspan=\"2\">\n<p class=\"Normal-P\" style=\"margin-top: 6pt; margin-bottom: 6pt; text-align: justify; text-justify: inter-ideograph; direction: ltr; unicode-bidi: normal;\"><span class=\"Normal-H\"><span style=\"font-size: 11pt;\">Die \u201eFr\u00fchst\u00fccksbuffet-Qualit\u00e4t\u201c ist m\u00e4ssig \u2013 wir sind nat\u00fcrlich auch verw\u00f6hnt vom Angebot der letzten zwei Wochen (Selbstversorgung Bungalow und Hotel Romantica). Haupts\u00e4chlich die Qualit\u00e4t des Kaffees macht uns zu schaffen, wir versuchen alle m\u00f6glichen Variationen am Kaffeeautomaten zu dr\u00fccken: Doppelespresso \u2013 Capuccino mit Espresso \u2013 Milchkaffee mit Capuccino &#8211; &#8230; &#8211; : ein f\u00fcr \u201acontinental\u2019 people befriedigendes Ergebnis kann aber nicht gefunden werden. Trotzdem geniessen wir das erste Fr\u00fchst\u00fcck \u201aohne Zeitdruck\u2019, wir sitzen gem\u00fctlich im Hotelgarten mit Blick auf den Pool.<\/span><\/span><\/p>\n<\/td>\n<\/tr>\n<tr class=\"-R\">\n<td class=\"-C\" style=\"width: 227.55pt; border: none windowtext 0pt;\">\n<p class=\"Normal-P\" style=\"text-align: justify; text-justify: inter-ideograph; direction: ltr; unicode-bidi: normal;\"><span class=\"Normal-H\"><span style=\"font-size: 11pt;\"><img loading=\"lazy\" decoding=\"async\" class=\"\" src=\"http:\/\/www.adrianwood.ch\/wp-content\/uploads\/2016\/08\/1470831964_image3.jpeg\" width=\"341\" height=\"256\" data-link=\"\" \/><\/span><\/span><\/p>\n<\/td>\n<td class=\"-C\" style=\"width: 236.75pt; border: none windowtext 0pt;\">\n<p class=\"Normal-P\" style=\"text-align: justify; text-justify: inter-ideograph; direction: ltr; unicode-bidi: normal;\"><span class=\"Normal-H\"><span style=\"font-size: 11pt;\"><img loading=\"lazy\" decoding=\"async\" class=\"\" src=\"http:\/\/www.adrianwood.ch\/wp-content\/uploads\/2016\/08\/1470831964_image4.jpeg\" width=\"353\" height=\"235\" data-link=\"\" \/><\/span><\/span><\/p>\n<\/td>\n<\/tr>\n<tr class=\"-R\">\n<td class=\"-C\" style=\"width: 464.3pt; border: none windowtext 0pt;\" colspan=\"2\">\n<p class=\"Normal-P\" style=\"margin-top: 6pt; margin-bottom: 6pt; text-align: justify; text-justify: inter-ideograph; direction: ltr; unicode-bidi: normal;\"><span class=\"Normal-H\"><span style=\"font-size: 11pt;\">Langsam verschwinden die Leute: einige gehen Koffer packen oder schleppen bereits das Gep\u00e4ck in die Eingangshalle (die Zimmer m\u00fcssen um 12 Uhr ger\u00e4umt sein), \u2013 andere gehen an den Strand bummeln, baden oder machen im nahe gelegenen Ort die letzten Eink\u00e4ufe. Wieder andere erkunden den Strand und die knapp hinter dem Strand beginnende Kraterlandschaft. Einige gehen etwas weiter weg \u00fcber die Steine, um die Ecke zu suchen, wo nahtlos gebr\u00e4unt werden kann. Zwei Ladies sind am Strand unterwegs und wollen<\/span><span style=\"font-size: 11pt;\"> ganz harmlos einen guten \u201aguy\u2019<\/span><span style=\"font-size: 11pt;\">, der z\u00fcgig an ihnen vorbei marschiert ist, noch etwas n\u00e4her betrachten: sie z\u00fccken den Feldstecher. Was sie da sehen, versetzt sie in grosses Staunen: Sexualkunde-Unterricht am Strand: es gibt immer noch etwas zu entdecken, was man noch nicht kennt &#8230;. <\/span><\/span><\/p>\n<p class=\"Normal-P\" style=\"margin-top: 6pt; margin-bottom: 6pt; text-align: justify; text-justify: inter-ideograph; direction: ltr; unicode-bidi: normal;\"><span class=\"Normal-H\"><span style=\"font-size: 11pt;\">Am fr\u00fchen Morgen ist es noch stark bedeckt und windig; bis aber alle Badefans ihren Platz gefunden und eingerichtet haben, ist es schon recht sonnig. Wenn die Sonne scheint, ist es heiss und der Sand brennt sofort \u2013 wenn sie sich hinter die Wolken verzieht, ist es sofort k\u00fchl und wenn man gerade nass ist, fr\u00f6stelt man ein wenig.<\/span><\/span><\/p>\n<\/td>\n<\/tr>\n<tr class=\"-R\">\n<td class=\"-C\" style=\"width: 227.55pt; border: none windowtext 0pt;\">\n<p class=\"Normal-P\" style=\"text-align: justify; text-justify: inter-ideograph; direction: ltr; unicode-bidi: normal;\"><span class=\"Normal-H\"><span style=\"font-size: 11pt;\"><img loading=\"lazy\" decoding=\"async\" class=\"\" src=\"http:\/\/www.adrianwood.ch\/wp-content\/uploads\/2016\/08\/1470831964_image5.jpeg\" width=\"346\" height=\"224\" data-link=\"\" \/><\/span><\/span><\/p>\n<\/td>\n<td class=\"-C\" style=\"width: 236.75pt; border: none windowtext 0pt;\">\n<p class=\"Normal-P\" style=\"text-align: right; direction: ltr; unicode-bidi: normal;\"><span class=\"Normal-H\"><span style=\"font-size: 11pt;\"><img loading=\"lazy\" decoding=\"async\" class=\"\" src=\"http:\/\/www.adrianwood.ch\/wp-content\/uploads\/2016\/08\/1470831964_image6.jpeg\" width=\"346\" height=\"216\" data-link=\"\" \/><\/span><\/span><\/p>\n<\/td>\n<\/tr>\n<tr class=\"-R\">\n<td class=\"-C\" style=\"width: 464.3pt; border: none windowtext 0pt;\" colspan=\"2\">\n<p class=\"Normal-P\" style=\"margin-top: 6pt; margin-bottom: 4pt; text-align: justify; text-justify: inter-ideograph; direction: ltr; unicode-bidi: normal;\"><span class=\"Normal-H\"><span style=\"font-size: 11pt;\">Wir schlendern gem\u00fctlich dem hellen Sandstrand entlang, geniessen das Rauschen der Wellen, steigen \u00fcber die Felsen und lassen uns vom Fels, vom Sand und vom Wasser die F\u00fcsse massieren. Vom Wind und Wetter und vom sp\u00e4ten zu Bett gehen etwas m\u00fcde, machen wir es uns am Strand bequem und legen uns hin \u2013 nicht lange, denn schon bald wieder lockt uns das Meer. <\/span><\/span><\/p>\n<p class=\"Normal-P\" style=\"margin-bottom: 6pt; text-align: justify; text-justify: inter-ideograph; direction: ltr; unicode-bidi: normal;\"><span class=\"Normal-H\"><span style=\"font-size: 11pt;\">In einem netten Lokal direkt am Strand geniessen wir auf der Terrasse das letzte Ferien-Mittagessen und nicht ganz das letzte Bier. So gegen halb zwei Uhr stehen wir auf und schlendern zur\u00fcck ins Hotel. Wir gehen ins Zimmer, duschen gem\u00fctlich und machen uns reisefertig. Wir sind froh, dass wir uns entschieden haben, f\u00fcr einen kleinen Aufpreis ein Hotelzimmer bis 14 Uhr zu behalten, so k\u00f6nnen wir den letzten Ferientag bis zur letzten Sekunde auskosten.<\/span><\/span><\/p>\n<\/td>\n<\/tr>\n<tr class=\"-R\">\n<td class=\"-C\" style=\"width: 227.55pt; border: none windowtext 0pt;\">\n<p class=\"Normal-P\" style=\"text-align: justify; text-justify: inter-ideograph; direction: ltr; unicode-bidi: normal;\"><span class=\"Normal-H\"><span style=\"font-size: 11pt;\"><img loading=\"lazy\" decoding=\"async\" class=\"\" src=\"http:\/\/www.adrianwood.ch\/wp-content\/uploads\/2016\/08\/1470831964_image7.jpeg\" width=\"347\" height=\"260\" data-link=\"\" \/><\/span><\/span><\/p>\n<\/td>\n<td class=\"-C\" style=\"width: 236.75pt; border: none windowtext 0pt;\">\n<p class=\"Normal-P\" style=\"text-align: right; direction: ltr; unicode-bidi: normal;\"><span class=\"Normal-H\"><span style=\"font-size: 11pt;\"><img loading=\"lazy\" decoding=\"async\" class=\"\" src=\"http:\/\/www.adrianwood.ch\/wp-content\/uploads\/2016\/08\/1470831964_image8.jpeg\" width=\"343\" height=\"258\" data-link=\"\" \/><\/span><\/span><\/p>\n<\/td>\n<\/tr>\n<tr class=\"-R\">\n<td class=\"-C\" style=\"width: 464.3pt; border: none windowtext 0pt;\" colspan=\"2\">\n<p class=\"Normal-P\" style=\"margin-top: 6pt; margin-bottom: 6pt; text-align: justify; text-justify: inter-ideograph; direction: ltr; unicode-bidi: normal;\"><span class=\"Normal-H\"><span style=\"font-size: 11pt;\">P\u00fcnktlich um 14 Uhr f\u00e4hrt der Bus vor. Die Koffer und Rucks\u00e4cke werden eingeladen und wir nehmen im Bus Platz. Adrian amtiert nochmals als Reiseleiter und z\u00e4hlt seine Sch\u00e4fchen. Nach einer kurzen Fahrt erreichen wir den Flughafen, steigen aus, nehmen unser Gep\u00e4ck und begeben uns zum \u201acheck-in Schalter\u2019. Jeder verbringt seine freie Zeit bis zum Abflug anders: einige schauen die L\u00e4den an, andere machen die letzten Eink\u00e4ufe, einige essen ein Pique-nique vom Fr\u00fchst\u00fccksbuffet, andere &#8230;. <\/span><\/span><\/p>\n<p class=\"Normal-P\" style=\"margin-bottom: 6pt; text-align: justify; text-justify: inter-ideograph; direction: ltr; unicode-bidi: normal;\"><span class=\"Normal-H\"><span style=\"font-size: 11pt;\">Wir gehen recht bald nach oben und durch den \u201asecurity check\u2019. Dort treffen wir Adrian mit Tomatenbild in einer sch\u00f6nen Bar mit Meeresblick vor einem leeren Bier. Wir f\u00fcllen das leere Bier, stossen ein letztes mal an, knabbern Pringles (statt Hobnobs) und plaudern bis es Zeit zum Boarding ist.<\/span><span style=\"font-size: 11pt;\">Nach ca. einst\u00fcndiger Versp\u00e4tung haben alle ihre Sitzpl\u00e4tze. Adrian und ich haben Gangsitzpl\u00e4tze am Notausgang bei den Toiletten: eine Art Marktplatz, Treffpunkt und gleichzeitig Verkehrsknotenpunkt f\u00fcr die W\u00e4geli der Flugzeugcrew. Der Platz ist so belebt, dass selbst Adrian es nicht schafft, mehr als f\u00fcnf Minuten die Augen zu schliessen.<\/span><\/span><\/p>\n<p class=\"Normal-P\" style=\"margin-bottom: 6pt; text-align: justify; text-justify: inter-ideograph; direction: ltr; unicode-bidi: normal;\"><span class=\"Normal-H\"><span style=\"font-size: 11pt;\">Nach einem ruhigen Flug landen wir in Z\u00fcrich, und so wie die Gruppe von Individualisten vor mehr als 14 Tagen zusammengefunden hat, l\u00f6st sie sich auch wieder auf: good bye to everyone \u2013see you next year (hopefully).<\/span><\/span><\/p>\n<p class=\"Normal-P\" style=\"text-align: justify; text-justify: inter-ideograph; direction: ltr; unicode-bidi: normal;\"><span class=\"Normal-H\"><span style=\"font-size: 11pt;\">Monika<\/span><\/span><\/p>\n<\/td>\n<\/tr>\n<p><!-- [if !supportMisalignedColumns]--><\/tbody>\n<\/table>\n","protected":false},"excerpt":{"rendered":"<p>12. Mai, Heimreise ??.?? \u2013 14.00 Hotel Playa Sur Tenerife am hellen Natursandstrand \u2026 14.00 El Medano \u2013 Teneriffa Sur \/ Bus ca. 17.30 \u2013 22.00 Teneriffa Sur \u2013 Z\u00fcrich \/ Flug ca. 22.40 Z\u00fcrich \u2013 Basel \/ Zug Unser letzter Ferientag ist gleichzeitig unser erster Ferientag, an dem uns kein Wecker zum Aufstehen zwingt: &hellip; <a href=\"https:\/\/www.adrianwood.ch\/?page_id=10079\" class=\"more-link\">Continue reading <span class=\"screen-reader-text\">05-12 El Medano<\/span> <span class=\"meta-nav\">&rarr;<\/span><\/a><\/p>\n","protected":false},"author":1,"featured_media":0,"parent":9478,"menu_order":2237,"comment_status":"closed","ping_status":"closed","template":"","meta":{"ngg_post_thumbnail":0,"footnotes":""},"class_list":["post-10079","page","type-page","status-publish","hentry"],"_links":{"self":[{"href":"https:\/\/www.adrianwood.ch\/index.php?rest_route=\/wp\/v2\/pages\/10079","targetHints":{"allow":["GET"]}}],"collection":[{"href":"https:\/\/www.adrianwood.ch\/index.php?rest_route=\/wp\/v2\/pages"}],"about":[{"href":"https:\/\/www.adrianwood.ch\/index.php?rest_route=\/wp\/v2\/types\/page"}],"author":[{"embeddable":true,"href":"https:\/\/www.adrianwood.ch\/index.php?rest_route=\/wp\/v2\/users\/1"}],"replies":[{"embeddable":true,"href":"https:\/\/www.adrianwood.ch\/index.php?rest_route=%2Fwp%2Fv2%2Fcomments&post=10079"}],"version-history":[{"count":8,"href":"https:\/\/www.adrianwood.ch\/index.php?rest_route=\/wp\/v2\/pages\/10079\/revisions"}],"predecessor-version":[{"id":10094,"href":"https:\/\/www.adrianwood.ch\/index.php?rest_route=\/wp\/v2\/pages\/10079\/revisions\/10094"}],"up":[{"embeddable":true,"href":"https:\/\/www.adrianwood.ch\/index.php?rest_route=\/wp\/v2\/pages\/9478"}],"wp:attachment":[{"href":"https:\/\/www.adrianwood.ch\/index.php?rest_route=%2Fwp%2Fv2%2Fmedia&parent=10079"}],"curies":[{"name":"wp","href":"https:\/\/api.w.org\/{rel}","templated":true}]}}