{"id":10210,"date":"2016-08-29T09:53:23","date_gmt":"2016-08-29T09:53:23","guid":{"rendered":"http:\/\/www.adrianwood.ch\/?page_id=10210"},"modified":"2016-08-29T10:03:17","modified_gmt":"2016-08-29T10:03:17","slug":"2016-08-entlebuch","status":"publish","type":"page","link":"https:\/\/www.adrianwood.ch\/?page_id=10210","title":{"rendered":"2016-08 Entlebuch"},"content":{"rendered":"<p class=\"Normal-P\" style=\"margin-top: 5pt; margin-bottom: 6pt; direction: ltr; unicode-bidi: normal;\"><span class=\"Normal-H\"><span style=\"font-family: Times New Roman; font-weight: bold; font-size: 12pt; color: gray;\"><img loading=\"lazy\" decoding=\"async\" class=\"\" src=\"http:\/\/www.adrianwood.ch\/wp-content\/uploads\/2016\/08\/1472464349_image1.jpeg\" width=\"741\" height=\"494\" data-link=\"\" \/><\/span><\/span><\/p>\n<table class=\"TableGrid-T\" style=\"border-collapse: collapse;\" cellspacing=\"0\">\n<tbody>\n<tr class=\"-R\">\n<td class=\"-C\" style=\"width: 492.6pt; border: none windowtext 0pt;\" colspan=\"2\"><\/td>\n<\/tr>\n<tr class=\"-R\">\n<td class=\"-C\" style=\"width: 492.6pt; border: none windowtext 0pt;\" colspan=\"2\">\n<h2 class=\"Normal-P\" style=\"margin-top: 5pt; margin-bottom: 6pt; direction: ltr; unicode-bidi: normal;\"><span class=\"Normal-H\"><span style=\"font-family: Times New Roman; font-weight: bold; font-size: 14pt; color: gray;\">Sonntag 07.08.2016, Entlebuch, H\u00f6hen und Flusswanderung<\/span><\/span><\/h2>\n<p class=\"Normal-P\" style=\"margin-bottom: 6pt; direction: ltr; unicode-bidi: normal; text-align: justify;\"><span class=\"Normal-H\"><span style=\"font-family: Times New Roman; font-size: 12pt;\">Die Waldemme entspringt am Brienzer Rothorn und wechselt in Sch\u00fcpfheim ihren Namen. Als Kleine Emme fliesst sie dann durchs Entlebuch um dann in Emmenbr\u00fccke in die Reuss zu m\u00fcnden. Wir beginnen unsere Wanderung im Entlebucher Hauptort Sch\u00fcpfheim (720 m), wo wir die Kleine Emme \u00fcberqueren. Unseren Aufstieg auf die Obstaldenegg unterbrechen wir bei der St. Josephs-Kapelle (960 m), um die Aussich<\/span><span style=\"font-family: Times New Roman; font-size: 12pt;\">t auf die gegen\u00fcberliegende Talseite und die Berge zu geniessen. Schon bald ist auch der h\u00f6chste Punkt auf 1100 m erreicht.<\/span><\/span><\/p>\n<\/td>\n<\/tr>\n<tr class=\"-R\">\n<td class=\"-C\" style=\"width: 246.3pt; border: none windowtext 0pt;\">\n<p class=\"Normal-P\" style=\"margin-top: 5pt; margin-bottom: 6pt; direction: ltr; unicode-bidi: normal;\"><span class=\"Normal-H\"><span style=\"font-family: Times New Roman; font-weight: bold; font-size: 12pt; color: gray;\"><img loading=\"lazy\" decoding=\"async\" class=\"\" src=\"http:\/\/www.adrianwood.ch\/wp-content\/uploads\/2016\/08\/1472464349_image2.jpeg\" width=\"347\" height=\"231\" data-link=\"\" \/><\/span><\/span><\/p>\n<\/td>\n<td class=\"-C\" style=\"width: 246.3pt; border: none windowtext 0pt;\">\n<p class=\"Normal-P\" style=\"margin-top: 5pt; margin-bottom: 6pt; direction: ltr; unicode-bidi: normal;\"><span class=\"Normal-H\"><span style=\"font-family: Times New Roman; font-weight: bold; font-size: 12pt; color: gray;\"><img loading=\"lazy\" decoding=\"async\" class=\"\" src=\"http:\/\/www.adrianwood.ch\/wp-content\/uploads\/2016\/08\/1472464349_image3.jpeg\" width=\"347\" height=\"231\" data-link=\"\" \/><\/span><\/span><\/p>\n<\/td>\n<\/tr>\n<tr class=\"-R\">\n<td class=\"-C\" style=\"width: 492.6pt; border: none windowtext 0pt;\" colspan=\"2\">\n<p class=\"Normal-P\" style=\"margin-bottom: 6pt; direction: ltr; unicode-bidi: normal; text-align: justify;\"><span class=\"Normal-H\"><span style=\"font-family: Times New Roman; font-size: 12pt;\">Nach unserem Mittagsmahl auf dem Picknick-Platz bei der Obstaldenegg (1046 m) beginnt eine abwechslungsreiche H\u00f6henwanderung mit sch\u00f6nen Ausblicken ins Entlebuch und ins Napfgebiet.<\/span><span style=\"font-family: Times New Roman; font-size: 12pt;\">Allm\u00e4hlich verlieren wir auf unserem Weg an H\u00f6he und nehmen noch den letzten Abstieg nach Entlebuch (630 m) unter die F\u00fcsse. Gerne lassen wir unsere Beine bei einem Halt im &#8220;Bahnh\u00f6fli&#8221; Entlebuch erholen und unseren Durst und sonstigen &#8220;Gluscht&#8221; von den freundlichen Gastgebern stillen. Die Kleine Emme, welche wir nun auf 5 km begleiten, wartet mit \u00fcberraschenden Anblicken <\/span><span style=\"font-family: Times New Roman; font-size: 12pt;\">auf, so dass uns das letzte Wegst\u00fcck leichtf\u00fcssig wird.<\/span><\/span><\/p>\n<\/td>\n<\/tr>\n<tr class=\"-R\">\n<td class=\"-C\" style=\"width: 246.3pt; border: none windowtext 0pt;\">\n<p class=\"Normal-P\" style=\"margin-top: 5pt; margin-bottom: 6pt; direction: ltr; unicode-bidi: normal;\"><span class=\"Normal-H\"><span style=\"font-family: Times New Roman; font-weight: bold; font-size: 12pt; color: gray;\"><img loading=\"lazy\" decoding=\"async\" class=\"\" src=\"http:\/\/www.adrianwood.ch\/wp-content\/uploads\/2016\/08\/1472464349_image4.jpeg\" width=\"347\" height=\"231\" data-link=\"\" \/><\/span><\/span><\/p>\n<\/td>\n<td class=\"-C\" style=\"width: 246.3pt; border: none windowtext 0pt;\">\n<p class=\"Normal-P\" style=\"margin-top: 5pt; margin-bottom: 6pt; direction: ltr; unicode-bidi: normal;\"><span class=\"Normal-H\"><span style=\"font-family: Times New Roman; font-weight: bold; font-size: 12pt; color: gray;\"><img loading=\"lazy\" decoding=\"async\" class=\"\" src=\"http:\/\/www.adrianwood.ch\/wp-content\/uploads\/2016\/08\/1472464349_image5.jpeg\" width=\"347\" height=\"231\" data-link=\"\" \/><\/span><\/span><\/p>\n<\/td>\n<\/tr>\n<tr class=\"-R\">\n<td class=\"-C\" style=\"width: 492.6pt; border: none windowtext 0pt;\" colspan=\"2\">\n<p class=\"Normal-P\" style=\"margin-top: 5pt; margin-bottom: 6pt; direction: ltr; unicode-bidi: normal;\"><span class=\"Normal-H\"><strong><span style=\"font-family: Times New Roman; font-size: 12pt;\">Leitung: <\/span><\/strong><span style=\"font-family: Times New Roman; font-size: 12pt;\">Ursula Topkaya<\/span><\/span><\/p>\n<p class=\"Normal-P\" style=\"margin-bottom: 6pt; direction: ltr; unicode-bidi: normal;\"><span class=\"Normal-H\"><span style=\"color: #000000;\"><strong><span style=\"font-family: Times New Roman; font-size: 12pt;\">Streckendaten: <\/span><\/strong><\/span><span style=\"font-family: Times New Roman; font-size: 12pt;\">L\u00e4nge: 17,5\u00a0km, Aufstieg: 560\u00a0m, Abstieg: 570\u00a0m, Zeit: 5\u00a0Std.<\/span><\/span><\/p>\n<p class=\"Normal-P\" style=\"margin-bottom: 6pt; direction: ltr; unicode-bidi: normal;\"><!-- default-view.php -->\n<div\n\tclass=\"ngg-galleryoverview default-view\n\t ngg-ajax-pagination-none\t\"\n\tid=\"ngg-gallery-eadb75f36ed0d4ed7c7a7963696f743f-1\"\n\tdata-nextgen-gallery-id=\"327\"\n\tdata-gallery-id=\"327\"\n\t\tdata-gallery-name=\"Entlebuch01\"\n\t>\n\n\t\t<!-- Thumbnails -->\n\t\t\t\t<div id=\"ngg-image-0\" class=\"ngg-gallery-thumbnail-box\n\t\t\t\t\t\t\t\tngg-5-columns\t\t\t\"\n\t\t\t>\n\t\t\t\t\t\t<div class=\"ngg-gallery-thumbnail\">\n\t\t<a href=\"https:\/\/www.adrianwood.ch\/wp-content\/gallery\/entlebuch01\/ENT_0008.jpg?t=1776950982\"\n\t\t\ttitle=\"\"\n\t\t\tdata-src=\"https:\/\/www.adrianwood.ch\/wp-content\/gallery\/entlebuch01\/ENT_0008.jpg?t=1776950982\"\n\t\t\tdata-thumbnail=\"https:\/\/www.adrianwood.ch\/wp-content\/gallery\/entlebuch01\/thumbs\/thumbs_ENT_0008.jpg?t=1776950982\"\n\t\t\tdata-image-id=\"8829\"\n\t\t\tdata-image-name=\"ENT_0008.jpg\"\n\t\t\tdata-title=\"ENT_0008\"\n\t\t\tdata-description=\"\"\n\t\t\tdata-image-slug=\"ent_0008\"\n\t\t\t\t\t\t\t\t\t\t\t\t\t\t\t\t\t\t\t\tclass=\"ngg-fancybox\" rel=\"eadb75f36ed0d4ed7c7a7963696f743f\">\n\t\t\t\t\t\t\t\t<img\n\t\t\t\t\ttitle=\"ENT_0008\"\n\t\t\t\t\talt=\"ENT_0008\"\n\t\t\t\t\tsrc=\"https:\/\/www.adrianwood.ch\/wp-content\/gallery\/entlebuch01\/cache\/ENT_0008.jpg-nggid048829-ngg0dyn-240x160x100-00f0w010c010r110f110r010t010.jpg?t=1776950982\"\n\t\t\t\t\twidth=\"240\"\n\t\t\t\t\theight=\"160\"\n\t\t\t\t\tstyle=\"max-width:100%;\"\n\t\t\t\t\/>\n\t\t\t<\/a>\n\t\t<\/div>\n\t\t\t\t\t\t\t<\/div>\n\t\t\t\n\t\t\t\t<div id=\"ngg-image-1\" class=\"ngg-gallery-thumbnail-box\n\t\t\t\t\t\t\t\tngg-5-columns\t\t\t\"\n\t\t\t>\n\t\t\t\t\t\t<div class=\"ngg-gallery-thumbnail\">\n\t\t<a href=\"https:\/\/www.adrianwood.ch\/wp-content\/gallery\/entlebuch01\/ENT_0010.jpg?t=1776953388\"\n\t\t\ttitle=\"\"\n\t\t\tdata-src=\"https:\/\/www.adrianwood.ch\/wp-content\/gallery\/entlebuch01\/ENT_0010.jpg?t=1776953388\"\n\t\t\tdata-thumbnail=\"https:\/\/www.adrianwood.ch\/wp-content\/gallery\/entlebuch01\/thumbs\/thumbs_ENT_0010.jpg?t=1776953388\"\n\t\t\tdata-image-id=\"8830\"\n\t\t\tdata-image-name=\"ENT_0010.jpg\"\n\t\t\tdata-title=\"ENT_0010\"\n\t\t\tdata-description=\"\"\n\t\t\tdata-image-slug=\"ent_0010\"\n\t\t\t\t\t\t\t\t\t\t\t\t\t\t\t\t\t\t\t\tclass=\"ngg-fancybox\" rel=\"eadb75f36ed0d4ed7c7a7963696f743f\">\n\t\t\t\t\t\t\t\t<img\n\t\t\t\t\ttitle=\"ENT_0010\"\n\t\t\t\t\talt=\"ENT_0010\"\n\t\t\t\t\tsrc=\"https:\/\/www.adrianwood.ch\/wp-content\/gallery\/entlebuch01\/cache\/ENT_0010.jpg-nggid048830-ngg0dyn-240x160x100-00f0w010c010r110f110r010t010.jpg?t=1776953388\"\n\t\t\t\t\twidth=\"240\"\n\t\t\t\t\theight=\"160\"\n\t\t\t\t\tstyle=\"max-width:100%;\"\n\t\t\t\t\/>\n\t\t\t<\/a>\n\t\t<\/div>\n\t\t\t\t\t\t\t<\/div>\n\t\t\t\n\t\t\t\t<div id=\"ngg-image-2\" class=\"ngg-gallery-thumbnail-box\n\t\t\t\t\t\t\t\tngg-5-columns\t\t\t\"\n\t\t\t>\n\t\t\t\t\t\t<div class=\"ngg-gallery-thumbnail\">\n\t\t<a href=\"https:\/\/www.adrianwood.ch\/wp-content\/gallery\/entlebuch01\/ENT_0013.jpg?t=1776950906\"\n\t\t\ttitle=\"\"\n\t\t\tdata-src=\"https:\/\/www.adrianwood.ch\/wp-content\/gallery\/entlebuch01\/ENT_0013.jpg?t=1776950906\"\n\t\t\tdata-thumbnail=\"https:\/\/www.adrianwood.ch\/wp-content\/gallery\/entlebuch01\/thumbs\/thumbs_ENT_0013.jpg?t=1776950906\"\n\t\t\tdata-image-id=\"8831\"\n\t\t\tdata-image-name=\"ENT_0013.jpg\"\n\t\t\tdata-title=\"ENT_0013\"\n\t\t\tdata-description=\"\"\n\t\t\tdata-image-slug=\"ent_0013\"\n\t\t\t\t\t\t\t\t\t\t\t\t\t\t\t\t\t\t\t\tclass=\"ngg-fancybox\" rel=\"eadb75f36ed0d4ed7c7a7963696f743f\">\n\t\t\t\t\t\t\t\t<img\n\t\t\t\t\ttitle=\"ENT_0013\"\n\t\t\t\t\talt=\"ENT_0013\"\n\t\t\t\t\tsrc=\"https:\/\/www.adrianwood.ch\/wp-content\/gallery\/entlebuch01\/cache\/ENT_0013.jpg-nggid048831-ngg0dyn-240x160x100-00f0w010c010r110f110r010t010.jpg?t=1776950906\"\n\t\t\t\t\twidth=\"240\"\n\t\t\t\t\theight=\"160\"\n\t\t\t\t\tstyle=\"max-width:100%;\"\n\t\t\t\t\/>\n\t\t\t<\/a>\n\t\t<\/div>\n\t\t\t\t\t\t\t<\/div>\n\t\t\t\n\t\t\t\t<div id=\"ngg-image-3\" class=\"ngg-gallery-thumbnail-box\n\t\t\t\t\t\t\t\tngg-5-columns\t\t\t\"\n\t\t\t>\n\t\t\t\t\t\t<div class=\"ngg-gallery-thumbnail\">\n\t\t<a href=\"https:\/\/www.adrianwood.ch\/wp-content\/gallery\/entlebuch01\/ENT_0021.jpg?t=1776950884\"\n\t\t\ttitle=\"\"\n\t\t\tdata-src=\"https:\/\/www.adrianwood.ch\/wp-content\/gallery\/entlebuch01\/ENT_0021.jpg?t=1776950884\"\n\t\t\tdata-thumbnail=\"https:\/\/www.adrianwood.ch\/wp-content\/gallery\/entlebuch01\/thumbs\/thumbs_ENT_0021.jpg?t=1776950884\"\n\t\t\tdata-image-id=\"8832\"\n\t\t\tdata-image-name=\"ENT_0021.jpg\"\n\t\t\tdata-title=\"ENT_0021\"\n\t\t\tdata-description=\"\"\n\t\t\tdata-image-slug=\"ent_0021\"\n\t\t\t\t\t\t\t\t\t\t\t\t\t\t\t\t\t\t\t\tclass=\"ngg-fancybox\" rel=\"eadb75f36ed0d4ed7c7a7963696f743f\">\n\t\t\t\t\t\t\t\t<img\n\t\t\t\t\ttitle=\"ENT_0021\"\n\t\t\t\t\talt=\"ENT_0021\"\n\t\t\t\t\tsrc=\"https:\/\/www.adrianwood.ch\/wp-content\/gallery\/entlebuch01\/cache\/ENT_0021.jpg-nggid048832-ngg0dyn-240x160x100-00f0w010c010r110f110r010t010.jpg?t=1776950884\"\n\t\t\t\t\twidth=\"240\"\n\t\t\t\t\theight=\"160\"\n\t\t\t\t\tstyle=\"max-width:100%;\"\n\t\t\t\t\/>\n\t\t\t<\/a>\n\t\t<\/div>\n\t\t\t\t\t\t\t<\/div>\n\t\t\t\n\t\t\t\t<div id=\"ngg-image-4\" class=\"ngg-gallery-thumbnail-box\n\t\t\t\t\t\t\t\tngg-5-columns\t\t\t\"\n\t\t\t>\n\t\t\t\t\t\t<div class=\"ngg-gallery-thumbnail\">\n\t\t<a href=\"https:\/\/www.adrianwood.ch\/wp-content\/gallery\/entlebuch01\/ENT_0024.jpg?t=1776950890\"\n\t\t\ttitle=\"\"\n\t\t\tdata-src=\"https:\/\/www.adrianwood.ch\/wp-content\/gallery\/entlebuch01\/ENT_0024.jpg?t=1776950890\"\n\t\t\tdata-thumbnail=\"https:\/\/www.adrianwood.ch\/wp-content\/gallery\/entlebuch01\/thumbs\/thumbs_ENT_0024.jpg?t=1776950890\"\n\t\t\tdata-image-id=\"8833\"\n\t\t\tdata-image-name=\"ENT_0024.jpg\"\n\t\t\tdata-title=\"ENT_0024\"\n\t\t\tdata-description=\"\"\n\t\t\tdata-image-slug=\"ent_0024\"\n\t\t\t\t\t\t\t\t\t\t\t\t\t\t\t\t\t\t\t\tclass=\"ngg-fancybox\" rel=\"eadb75f36ed0d4ed7c7a7963696f743f\">\n\t\t\t\t\t\t\t\t<img\n\t\t\t\t\ttitle=\"ENT_0024\"\n\t\t\t\t\talt=\"ENT_0024\"\n\t\t\t\t\tsrc=\"https:\/\/www.adrianwood.ch\/wp-content\/gallery\/entlebuch01\/cache\/ENT_0024.jpg-nggid048833-ngg0dyn-240x160x100-00f0w010c010r110f110r010t010.jpg?t=1776950890\"\n\t\t\t\t\twidth=\"240\"\n\t\t\t\t\theight=\"160\"\n\t\t\t\t\tstyle=\"max-width:100%;\"\n\t\t\t\t\/>\n\t\t\t<\/a>\n\t\t<\/div>\n\t\t\t\t\t\t\t<\/div>\n\t\t\t\n\t\t\t\t<div id=\"ngg-image-5\" class=\"ngg-gallery-thumbnail-box\n\t\t\t\t\t\t\t\tngg-5-columns\t\t\t\"\n\t\t\t>\n\t\t\t\t\t\t<div class=\"ngg-gallery-thumbnail\">\n\t\t<a href=\"https:\/\/www.adrianwood.ch\/wp-content\/gallery\/entlebuch01\/ENT_0026.jpg?t=1776950911\"\n\t\t\ttitle=\"\"\n\t\t\tdata-src=\"https:\/\/www.adrianwood.ch\/wp-content\/gallery\/entlebuch01\/ENT_0026.jpg?t=1776950911\"\n\t\t\tdata-thumbnail=\"https:\/\/www.adrianwood.ch\/wp-content\/gallery\/entlebuch01\/thumbs\/thumbs_ENT_0026.jpg?t=1776950911\"\n\t\t\tdata-image-id=\"8834\"\n\t\t\tdata-image-name=\"ENT_0026.jpg\"\n\t\t\tdata-title=\"ENT_0026\"\n\t\t\tdata-description=\"\"\n\t\t\tdata-image-slug=\"ent_0026\"\n\t\t\t\t\t\t\t\t\t\t\t\t\t\t\t\t\t\t\t\tclass=\"ngg-fancybox\" rel=\"eadb75f36ed0d4ed7c7a7963696f743f\">\n\t\t\t\t\t\t\t\t<img\n\t\t\t\t\ttitle=\"ENT_0026\"\n\t\t\t\t\talt=\"ENT_0026\"\n\t\t\t\t\tsrc=\"https:\/\/www.adrianwood.ch\/wp-content\/gallery\/entlebuch01\/cache\/ENT_0026.jpg-nggid048834-ngg0dyn-240x160x100-00f0w010c010r110f110r010t010.jpg?t=1776950911\"\n\t\t\t\t\twidth=\"240\"\n\t\t\t\t\theight=\"160\"\n\t\t\t\t\tstyle=\"max-width:100%;\"\n\t\t\t\t\/>\n\t\t\t<\/a>\n\t\t<\/div>\n\t\t\t\t\t\t\t<\/div>\n\t\t\t\n\t\t\t\t<div id=\"ngg-image-6\" class=\"ngg-gallery-thumbnail-box\n\t\t\t\t\t\t\t\tngg-5-columns\t\t\t\"\n\t\t\t>\n\t\t\t\t\t\t<div class=\"ngg-gallery-thumbnail\">\n\t\t<a href=\"https:\/\/www.adrianwood.ch\/wp-content\/gallery\/entlebuch01\/ENT_0030.jpg?t=1776950912\"\n\t\t\ttitle=\"\"\n\t\t\tdata-src=\"https:\/\/www.adrianwood.ch\/wp-content\/gallery\/entlebuch01\/ENT_0030.jpg?t=1776950912\"\n\t\t\tdata-thumbnail=\"https:\/\/www.adrianwood.ch\/wp-content\/gallery\/entlebuch01\/thumbs\/thumbs_ENT_0030.jpg?t=1776950912\"\n\t\t\tdata-image-id=\"8835\"\n\t\t\tdata-image-name=\"ENT_0030.jpg\"\n\t\t\tdata-title=\"ENT_0030\"\n\t\t\tdata-description=\"\"\n\t\t\tdata-image-slug=\"ent_0030\"\n\t\t\t\t\t\t\t\t\t\t\t\t\t\t\t\t\t\t\t\tclass=\"ngg-fancybox\" rel=\"eadb75f36ed0d4ed7c7a7963696f743f\">\n\t\t\t\t\t\t\t\t<img\n\t\t\t\t\ttitle=\"ENT_0030\"\n\t\t\t\t\talt=\"ENT_0030\"\n\t\t\t\t\tsrc=\"https:\/\/www.adrianwood.ch\/wp-content\/gallery\/entlebuch01\/cache\/ENT_0030.jpg-nggid048835-ngg0dyn-240x160x100-00f0w010c010r110f110r010t010.jpg?t=1776950912\"\n\t\t\t\t\twidth=\"240\"\n\t\t\t\t\theight=\"160\"\n\t\t\t\t\tstyle=\"max-width:100%;\"\n\t\t\t\t\/>\n\t\t\t<\/a>\n\t\t<\/div>\n\t\t\t\t\t\t\t<\/div>\n\t\t\t\n\t\t\t\t<div id=\"ngg-image-7\" class=\"ngg-gallery-thumbnail-box\n\t\t\t\t\t\t\t\tngg-5-columns\t\t\t\"\n\t\t\t>\n\t\t\t\t\t\t<div class=\"ngg-gallery-thumbnail\">\n\t\t<a href=\"https:\/\/www.adrianwood.ch\/wp-content\/gallery\/entlebuch01\/ENT_0032.jpg?t=1776950909\"\n\t\t\ttitle=\"\"\n\t\t\tdata-src=\"https:\/\/www.adrianwood.ch\/wp-content\/gallery\/entlebuch01\/ENT_0032.jpg?t=1776950909\"\n\t\t\tdata-thumbnail=\"https:\/\/www.adrianwood.ch\/wp-content\/gallery\/entlebuch01\/thumbs\/thumbs_ENT_0032.jpg?t=1776950909\"\n\t\t\tdata-image-id=\"8836\"\n\t\t\tdata-image-name=\"ENT_0032.jpg\"\n\t\t\tdata-title=\"ENT_0032\"\n\t\t\tdata-description=\"\"\n\t\t\tdata-image-slug=\"ent_0032\"\n\t\t\t\t\t\t\t\t\t\t\t\t\t\t\t\t\t\t\t\tclass=\"ngg-fancybox\" rel=\"eadb75f36ed0d4ed7c7a7963696f743f\">\n\t\t\t\t\t\t\t\t<img\n\t\t\t\t\ttitle=\"ENT_0032\"\n\t\t\t\t\talt=\"ENT_0032\"\n\t\t\t\t\tsrc=\"https:\/\/www.adrianwood.ch\/wp-content\/gallery\/entlebuch01\/cache\/ENT_0032.jpg-nggid048836-ngg0dyn-240x160x100-00f0w010c010r110f110r010t010.jpg?t=1776950909\"\n\t\t\t\t\twidth=\"240\"\n\t\t\t\t\theight=\"160\"\n\t\t\t\t\tstyle=\"max-width:100%;\"\n\t\t\t\t\/>\n\t\t\t<\/a>\n\t\t<\/div>\n\t\t\t\t\t\t\t<\/div>\n\t\t\t\n\t\t\t\t<div id=\"ngg-image-8\" class=\"ngg-gallery-thumbnail-box\n\t\t\t\t\t\t\t\tngg-5-columns\t\t\t\"\n\t\t\t>\n\t\t\t\t\t\t<div class=\"ngg-gallery-thumbnail\">\n\t\t<a href=\"https:\/\/www.adrianwood.ch\/wp-content\/gallery\/entlebuch01\/ENT_0033.jpg?t=1776950883\"\n\t\t\ttitle=\"\"\n\t\t\tdata-src=\"https:\/\/www.adrianwood.ch\/wp-content\/gallery\/entlebuch01\/ENT_0033.jpg?t=1776950883\"\n\t\t\tdata-thumbnail=\"https:\/\/www.adrianwood.ch\/wp-content\/gallery\/entlebuch01\/thumbs\/thumbs_ENT_0033.jpg?t=1776950883\"\n\t\t\tdata-image-id=\"8837\"\n\t\t\tdata-image-name=\"ENT_0033.jpg\"\n\t\t\tdata-title=\"ENT_0033\"\n\t\t\tdata-description=\"\"\n\t\t\tdata-image-slug=\"ent_0033\"\n\t\t\t\t\t\t\t\t\t\t\t\t\t\t\t\t\t\t\t\tclass=\"ngg-fancybox\" rel=\"eadb75f36ed0d4ed7c7a7963696f743f\">\n\t\t\t\t\t\t\t\t<img\n\t\t\t\t\ttitle=\"ENT_0033\"\n\t\t\t\t\talt=\"ENT_0033\"\n\t\t\t\t\tsrc=\"https:\/\/www.adrianwood.ch\/wp-content\/gallery\/entlebuch01\/cache\/ENT_0033.jpg-nggid048837-ngg0dyn-240x160x100-00f0w010c010r110f110r010t010.jpg?t=1776950883\"\n\t\t\t\t\twidth=\"240\"\n\t\t\t\t\theight=\"160\"\n\t\t\t\t\tstyle=\"max-width:100%;\"\n\t\t\t\t\/>\n\t\t\t<\/a>\n\t\t<\/div>\n\t\t\t\t\t\t\t<\/div>\n\t\t\t\n\t\t\t\t<div id=\"ngg-image-9\" class=\"ngg-gallery-thumbnail-box\n\t\t\t\t\t\t\t\tngg-5-columns\t\t\t\"\n\t\t\t>\n\t\t\t\t\t\t<div class=\"ngg-gallery-thumbnail\">\n\t\t<a href=\"https:\/\/www.adrianwood.ch\/wp-content\/gallery\/entlebuch01\/ENT_0037.jpg?t=1776950908\"\n\t\t\ttitle=\"\"\n\t\t\tdata-src=\"https:\/\/www.adrianwood.ch\/wp-content\/gallery\/entlebuch01\/ENT_0037.jpg?t=1776950908\"\n\t\t\tdata-thumbnail=\"https:\/\/www.adrianwood.ch\/wp-content\/gallery\/entlebuch01\/thumbs\/thumbs_ENT_0037.jpg?t=1776950908\"\n\t\t\tdata-image-id=\"8838\"\n\t\t\tdata-image-name=\"ENT_0037.jpg\"\n\t\t\tdata-title=\"ENT_0037\"\n\t\t\tdata-description=\"\"\n\t\t\tdata-image-slug=\"ent_0037\"\n\t\t\t\t\t\t\t\t\t\t\t\t\t\t\t\t\t\t\t\tclass=\"ngg-fancybox\" rel=\"eadb75f36ed0d4ed7c7a7963696f743f\">\n\t\t\t\t\t\t\t\t<img\n\t\t\t\t\ttitle=\"ENT_0037\"\n\t\t\t\t\talt=\"ENT_0037\"\n\t\t\t\t\tsrc=\"https:\/\/www.adrianwood.ch\/wp-content\/gallery\/entlebuch01\/cache\/ENT_0037.jpg-nggid048838-ngg0dyn-240x160x100-00f0w010c010r110f110r010t010.jpg?t=1776950908\"\n\t\t\t\t\twidth=\"240\"\n\t\t\t\t\theight=\"160\"\n\t\t\t\t\tstyle=\"max-width:100%;\"\n\t\t\t\t\/>\n\t\t\t<\/a>\n\t\t<\/div>\n\t\t\t\t\t\t\t<\/div>\n\t\t\t\n\t\t\t\t<div id=\"ngg-image-10\" class=\"ngg-gallery-thumbnail-box\n\t\t\t\t\t\t\t\tngg-5-columns\t\t\t\"\n\t\t\t>\n\t\t\t\t\t\t<div class=\"ngg-gallery-thumbnail\">\n\t\t<a href=\"https:\/\/www.adrianwood.ch\/wp-content\/gallery\/entlebuch01\/ENT_0042.jpg?t=1776950974\"\n\t\t\ttitle=\"\"\n\t\t\tdata-src=\"https:\/\/www.adrianwood.ch\/wp-content\/gallery\/entlebuch01\/ENT_0042.jpg?t=1776950974\"\n\t\t\tdata-thumbnail=\"https:\/\/www.adrianwood.ch\/wp-content\/gallery\/entlebuch01\/thumbs\/thumbs_ENT_0042.jpg?t=1776950974\"\n\t\t\tdata-image-id=\"8839\"\n\t\t\tdata-image-name=\"ENT_0042.jpg\"\n\t\t\tdata-title=\"ENT_0042\"\n\t\t\tdata-description=\"\"\n\t\t\tdata-image-slug=\"ent_0042\"\n\t\t\t\t\t\t\t\t\t\t\t\t\t\t\t\t\t\t\t\tclass=\"ngg-fancybox\" rel=\"eadb75f36ed0d4ed7c7a7963696f743f\">\n\t\t\t\t\t\t\t\t<img\n\t\t\t\t\ttitle=\"ENT_0042\"\n\t\t\t\t\talt=\"ENT_0042\"\n\t\t\t\t\tsrc=\"https:\/\/www.adrianwood.ch\/wp-content\/gallery\/entlebuch01\/cache\/ENT_0042.jpg-nggid048839-ngg0dyn-240x160x100-00f0w010c010r110f110r010t010.jpg?t=1776950974\"\n\t\t\t\t\twidth=\"240\"\n\t\t\t\t\theight=\"160\"\n\t\t\t\t\tstyle=\"max-width:100%;\"\n\t\t\t\t\/>\n\t\t\t<\/a>\n\t\t<\/div>\n\t\t\t\t\t\t\t<\/div>\n\t\t\t\n\t\t\t\t<div id=\"ngg-image-11\" class=\"ngg-gallery-thumbnail-box\n\t\t\t\t\t\t\t\tngg-5-columns\t\t\t\"\n\t\t\t>\n\t\t\t\t\t\t<div class=\"ngg-gallery-thumbnail\">\n\t\t<a href=\"https:\/\/www.adrianwood.ch\/wp-content\/gallery\/entlebuch01\/ENT_0047.jpg?t=1776950981\"\n\t\t\ttitle=\"\"\n\t\t\tdata-src=\"https:\/\/www.adrianwood.ch\/wp-content\/gallery\/entlebuch01\/ENT_0047.jpg?t=1776950981\"\n\t\t\tdata-thumbnail=\"https:\/\/www.adrianwood.ch\/wp-content\/gallery\/entlebuch01\/thumbs\/thumbs_ENT_0047.jpg?t=1776950981\"\n\t\t\tdata-image-id=\"8840\"\n\t\t\tdata-image-name=\"ENT_0047.jpg\"\n\t\t\tdata-title=\"ENT_0047\"\n\t\t\tdata-description=\"\"\n\t\t\tdata-image-slug=\"ent_0047\"\n\t\t\t\t\t\t\t\t\t\t\t\t\t\t\t\t\t\t\t\tclass=\"ngg-fancybox\" rel=\"eadb75f36ed0d4ed7c7a7963696f743f\">\n\t\t\t\t\t\t\t\t<img\n\t\t\t\t\ttitle=\"ENT_0047\"\n\t\t\t\t\talt=\"ENT_0047\"\n\t\t\t\t\tsrc=\"https:\/\/www.adrianwood.ch\/wp-content\/gallery\/entlebuch01\/cache\/ENT_0047.jpg-nggid048840-ngg0dyn-240x160x100-00f0w010c010r110f110r010t010.jpg?t=1776950981\"\n\t\t\t\t\twidth=\"240\"\n\t\t\t\t\theight=\"160\"\n\t\t\t\t\tstyle=\"max-width:100%;\"\n\t\t\t\t\/>\n\t\t\t<\/a>\n\t\t<\/div>\n\t\t\t\t\t\t\t<\/div>\n\t\t\t\n\t\n\t<br style=\"clear: both\" \/>\n\n\t\t<div class=\"slideshowlink\">\n\t\t<a href='https:\/\/www.adrianwood.ch\/index.php\/nggallery\/slideshow?page_id=10210'>[Show slideshow]<\/a>\n\n\t<\/div>\n\t\n\t\t<!-- Pagination -->\n\t\t<div class='ngg-clear'><\/div>\t<\/div>\n<\/p>\n<\/td>\n<\/tr>\n<p><!-- [if !supportMisalignedColumns]--><\/tbody>\n<\/table>\n","protected":false},"excerpt":{"rendered":"<p>Sonntag 07.08.2016, Entlebuch, H\u00f6hen und Flusswanderung Die Waldemme entspringt am Brienzer Rothorn und wechselt in Sch\u00fcpfheim ihren Namen. Als Kleine Emme fliesst sie dann durchs Entlebuch um dann in Emmenbr\u00fccke in die Reuss zu m\u00fcnden. Wir beginnen unsere Wanderung im Entlebucher Hauptort Sch\u00fcpfheim (720 m), wo wir die Kleine Emme \u00fcberqueren. Unseren Aufstieg auf die &hellip; <a href=\"https:\/\/www.adrianwood.ch\/?page_id=10210\" class=\"more-link\">Continue reading <span class=\"screen-reader-text\">2016-08 Entlebuch<\/span> <span class=\"meta-nav\">&rarr;<\/span><\/a><\/p>\n","protected":false},"author":1,"featured_media":0,"parent":122,"menu_order":1148,"comment_status":"closed","ping_status":"closed","template":"","meta":{"ngg_post_thumbnail":0,"footnotes":""},"class_list":["post-10210","page","type-page","status-publish","hentry"],"_links":{"self":[{"href":"https:\/\/www.adrianwood.ch\/index.php?rest_route=\/wp\/v2\/pages\/10210","targetHints":{"allow":["GET"]}}],"collection":[{"href":"https:\/\/www.adrianwood.ch\/index.php?rest_route=\/wp\/v2\/pages"}],"about":[{"href":"https:\/\/www.adrianwood.ch\/index.php?rest_route=\/wp\/v2\/types\/page"}],"author":[{"embeddable":true,"href":"https:\/\/www.adrianwood.ch\/index.php?rest_route=\/wp\/v2\/users\/1"}],"replies":[{"embeddable":true,"href":"https:\/\/www.adrianwood.ch\/index.php?rest_route=%2Fwp%2Fv2%2Fcomments&post=10210"}],"version-history":[{"count":5,"href":"https:\/\/www.adrianwood.ch\/index.php?rest_route=\/wp\/v2\/pages\/10210\/revisions"}],"predecessor-version":[{"id":10247,"href":"https:\/\/www.adrianwood.ch\/index.php?rest_route=\/wp\/v2\/pages\/10210\/revisions\/10247"}],"up":[{"embeddable":true,"href":"https:\/\/www.adrianwood.ch\/index.php?rest_route=\/wp\/v2\/pages\/122"}],"wp:attachment":[{"href":"https:\/\/www.adrianwood.ch\/index.php?rest_route=%2Fwp%2Fv2%2Fmedia&parent=10210"}],"curies":[{"name":"wp","href":"https:\/\/api.w.org\/{rel}","templated":true}]}}