{"id":10491,"date":"2016-11-16T13:28:00","date_gmt":"2016-11-16T13:28:00","guid":{"rendered":"http:\/\/www.adrianwood.ch\/?page_id=10491"},"modified":"2017-03-13T09:53:46","modified_gmt":"2017-03-13T09:53:46","slug":"2016-09-sud-kykladen","status":"publish","type":"page","link":"https:\/\/www.adrianwood.ch\/?page_id=10491","title":{"rendered":"2016 09 Sud-Kykladen"},"content":{"rendered":"<figure id=\"attachment_10492\" aria-describedby=\"caption-attachment-10492\" style=\"width: 730px\" class=\"wp-caption alignleft\"><a href=\"http:\/\/www.adrianwood.ch\/wp-content\/uploads\/2016\/11\/KYK_0320_r7.jpg\"><img loading=\"lazy\" decoding=\"async\" class=\"size-full wp-image-10492\" src=\"http:\/\/www.adrianwood.ch\/wp-content\/uploads\/2016\/11\/KYK_0320_r7.jpg\" alt=\"im Caldera von Santorin\" height=\"487\" width=\"730\" srcset=\"https:\/\/www.adrianwood.ch\/wp-content\/uploads\/2016\/11\/KYK_0320_r7.jpg 730w, https:\/\/www.adrianwood.ch\/wp-content\/uploads\/2016\/11\/KYK_0320_r7-300x200.jpg 300w\" sizes=\"auto, (max-width: 730px) 100vw, 730px\" \/><\/a><figcaption id=\"caption-attachment-10492\" class=\"wp-caption-text\">im Caldera von Santorin<\/figcaption><\/figure>\n<h2><strong>28.September \u2013 12.Oktober 2016, Die S\u00fcd-Kykladen<\/strong><\/h2>\n<h2><a href=\"http:\/\/www.adrianwood.ch\/?page_id=11112\">Inhalt \/ Contents<\/a><\/h2>\n<p style=\"text-align: justify;\">Die grosse Gruppe der S\u00fcd-Kykladen schliesst folgende Eilande ein: Paros, Antiparos, Naxos, Amorgos, Ios, Folegandros, Sikinos, Santorini, Anafi, sowie die sog. \u201ekleinen Kykladen\u201c. Die meisten von ihnen sind sog. Vorzeige-Inseln mit den typischen Reisekatalog-Charakteristika, wie weiss-get\u00fcnchte H\u00e4user mit blauen Fensterl\u00e4den, in allen Farben bl\u00fchende Bougainvillea-Str\u00e4ucher, in gold-gelbes Sonnenlicht getauchte Landschaften und einem mehr oder weniger stark wehenden Meltemi-Wind. Aber man kann auch auf touristisch stark gepr\u00e4gten Eilanden einsame Gegenden finden, die an malerischer Ausstrahlung fast nicht zu \u00fcbertreffen sind. Auf Naxos, wie auch auf Paros\/Antiparos gibt es in den Bergen, der K\u00fcste entlang oder zu einsamen Badebuchten herrliche Wege, die zu entdecken ein Ausflug zum unvergesslichen Erlebnis wird. Immer \u201eumwerfend\u201c f\u00fcr jederman ist Santorini. Obwohl als Ferien-, wie auch als Kreuzfahrten-Ziel mehr als nur beliebt, gibt es dort Wanderm\u00f6glichkeiten, die aussergew\u00f6hnlich sind.<\/p>\n<p style=\"text-align: justify;\"><strong>Santorin.<\/strong> Es gibt wohl kaum ein eindr\u00fccklicheres Erlebnis in der Aegaeis als die Einfahrt mit der F\u00e4hre in die Caldera (Kraterbucht) von <strong>Santorini<\/strong>. Auch vom Flugzeug aus es ist einfach \u00fcberw\u00e4ltigend zu sehen wie die D\u00f6rfer Oia, Imerovigli, Firostefani und die Hauptstadt Thira (Fira) wie ein Schneeh\u00e4ubchen auf dem fast senkrecht abfallenden Kraterrand liegen. Hier kann man sich am besten vorstellen mit welcher Urgewalt der Vulkangipfel vor ca. 3500 Jahren explodiert ist und der Krater vom Meer \u00fcbersp\u00fclt wurde. Eindr\u00fccklich ist auch die Sicht auf Nea Kameni, der noch aktiven, rabenschwarzen Vulkaninsel im Zentrum des Kraters. Thirasia auf der Gegenseite von Santorini, ist auch ein Teil des Kraterrandes der die Katastrophe \u00fcberdauert hat. Abgesehen von den faszinierenden vulkanischen Ph\u00e4nomenen bietet Santorini eine einmalige Ausgrabungsst\u00e4ttebei Akrotiri, einer Siedlung welche damals vollst\u00e4ndig versch\u00fcttet und damit konserviert wurde. Es ist darum kein Wunder, dass all diese Attraktionen Santorini zu einem der wichtigsten Touristenzentren der Kykladen gemacht hat.<\/p>\n<p style=\"text-align: justify;\">\nTrotz der Gr\u00f6sse von <strong>Naxos<\/strong> ist die touristische Entwicklung im Vergleich zu Santorini und Mykonos zur\u00fcckgeblieben. Bei der Ankunft im Hafen von Naxos kann man sich noch kaum ein Bild machen \u00fcber die vielf\u00e4ltigen Landschaften, welche sich im Inneren der Insel verbergen. In der Tat sind die kahlen Bergflanken rund um Naxos City kaum repr\u00e4sentativ f\u00fcr das was man erwartet. Hingegen ist die Stadt Naxos selbst eine kykladische Bilderbuch Siedlung. Ueberragt von einer venezianischen Burg, schmiegen sich die H\u00e4user an den Burgh\u00fcgel. Die lebhaften G\u00e4sschen, ein Gewirr von Treppen, schattigen Passagen, mittelalterliche Fassaden mit Marmor und Wappen verziert, machen diese stimmungsvolle Stadt zum Erlebnis. Auf Naxos befindet sich der h\u00f6chste Berg der Kykladen: Zas 1009 m. Es erstaunt darum nicht, dass Naxos f\u00fcr Wanderer sehr viel bietet.Das Panorama von den Bergregionen auf die umliegenden Inseln inmitten der \u00c4g\u00e4is ist atemberaubend und macht die Wanderungen zu einem unvergesslichen Erlebnis.<\/p>\n<p style=\"text-align: justify;\">\nDie kleinere Insel<strong> Paros<\/strong> liegt sehr zentral in der Aegaeis und ist einer der Knotenpunkte der F\u00e4hrverbindungen. Die Insel ist sanft ansteigend bis zum h\u00f6chsten Punkt dem Agios Ilias mit 755 m. Viele sch\u00f6ne Str\u00e4nde und das pulsierende Leben in den typischen Kykladensiedlungen von Parikia, dem Hafenort und Hauptstadt sowie Naoussa dem Fischerdorf im Norden der Insel, haben zu der nachhaltigen touristischen Entwicklung beigetragen. In den \u00fcbrigen Gebieten der Insel ist es viel ruhiger geblieben und f\u00fcr den geniessenden Wanderer gibt es herrliche M\u00f6glichkeiten. Auch auf Paros wurde Marmor abgebaut und zwar unterirdisch. Der Paros Marmor war sehr beliebt, weil er das Licht bis zu einer Dicke von 3,5 cm durchscheinen l\u00e4sst. Lohnend ist auch ein Ausflug auf die Nachbarinsel Antiparos, welche mit regelm\u00e4ssigen F\u00e4hrverbindungen ab Pounda bedient wird.<\/p>\n<h2 style=\"text-align: justify;\"><a href=\"http:\/\/www.adrianwood.ch\/?page_id=11112\">Inhalt \/ Contents<\/a><\/h2>\n","protected":false},"excerpt":{"rendered":"<p>28.September \u2013 12.Oktober 2016, Die S\u00fcd-Kykladen Inhalt \/ Contents Die grosse Gruppe der S\u00fcd-Kykladen schliesst folgende Eilande ein: Paros, Antiparos, Naxos, Amorgos, Ios, Folegandros, Sikinos, Santorini, Anafi, sowie die sog. \u201ekleinen Kykladen\u201c. Die meisten von ihnen sind sog. Vorzeige-Inseln mit den typischen Reisekatalog-Charakteristika, wie weiss-get\u00fcnchte H\u00e4user mit blauen Fensterl\u00e4den, in allen Farben bl\u00fchende Bougainvillea-Str\u00e4ucher, in &hellip; <a href=\"https:\/\/www.adrianwood.ch\/?page_id=10491\" class=\"more-link\">Continue reading <span class=\"screen-reader-text\">2016 09 Sud-Kykladen<\/span> <span class=\"meta-nav\">&rarr;<\/span><\/a><\/p>\n","protected":false},"author":1,"featured_media":0,"parent":3297,"menu_order":483,"comment_status":"closed","ping_status":"closed","template":"","meta":{"ngg_post_thumbnail":0,"footnotes":""},"class_list":["post-10491","page","type-page","status-publish","hentry"],"_links":{"self":[{"href":"https:\/\/www.adrianwood.ch\/index.php?rest_route=\/wp\/v2\/pages\/10491","targetHints":{"allow":["GET"]}}],"collection":[{"href":"https:\/\/www.adrianwood.ch\/index.php?rest_route=\/wp\/v2\/pages"}],"about":[{"href":"https:\/\/www.adrianwood.ch\/index.php?rest_route=\/wp\/v2\/types\/page"}],"author":[{"embeddable":true,"href":"https:\/\/www.adrianwood.ch\/index.php?rest_route=\/wp\/v2\/users\/1"}],"replies":[{"embeddable":true,"href":"https:\/\/www.adrianwood.ch\/index.php?rest_route=%2Fwp%2Fv2%2Fcomments&post=10491"}],"version-history":[{"count":15,"href":"https:\/\/www.adrianwood.ch\/index.php?rest_route=\/wp\/v2\/pages\/10491\/revisions"}],"predecessor-version":[{"id":11132,"href":"https:\/\/www.adrianwood.ch\/index.php?rest_route=\/wp\/v2\/pages\/10491\/revisions\/11132"}],"up":[{"embeddable":true,"href":"https:\/\/www.adrianwood.ch\/index.php?rest_route=\/wp\/v2\/pages\/3297"}],"wp:attachment":[{"href":"https:\/\/www.adrianwood.ch\/index.php?rest_route=%2Fwp%2Fv2%2Fmedia&parent=10491"}],"curies":[{"name":"wp","href":"https:\/\/api.w.org\/{rel}","templated":true}]}}