{"id":10816,"date":"2016-11-21T14:43:48","date_gmt":"2016-11-21T14:43:48","guid":{"rendered":"http:\/\/www.adrianwood.ch\/?page_id=10816"},"modified":"2016-11-21T14:43:48","modified_gmt":"2016-11-21T14:43:48","slug":"04-10-chalki-moni","status":"publish","type":"page","link":"https:\/\/www.adrianwood.ch\/?page_id=10816","title":{"rendered":"04 10 Chalki-Moni"},"content":{"rendered":"<figure id=\"attachment_10817\" aria-describedby=\"caption-attachment-10817\" style=\"width: 730px\" class=\"wp-caption alignleft\"><a href=\"http:\/\/www.adrianwood.ch\/wp-content\/uploads\/2016\/11\/KYK_0578_r7.jpg\"><img loading=\"lazy\" decoding=\"async\" class=\"size-full wp-image-10817\" src=\"http:\/\/www.adrianwood.ch\/wp-content\/uploads\/2016\/11\/KYK_0578_r7.jpg\" alt=\"Rachidiotissa Kapelle\" width=\"730\" height=\"487\" srcset=\"https:\/\/www.adrianwood.ch\/wp-content\/uploads\/2016\/11\/KYK_0578_r7.jpg 730w, https:\/\/www.adrianwood.ch\/wp-content\/uploads\/2016\/11\/KYK_0578_r7-300x200.jpg 300w\" sizes=\"auto, (max-width: 730px) 100vw, 730px\" \/><\/a><figcaption id=\"caption-attachment-10817\" class=\"wp-caption-text\">Rachidiotissa Kapelle<\/figcaption><\/figure>\n<p><strong>Dienstag, 04. Oktober \u2013 von Chalki nach Moni<\/strong><\/p>\n<p>Weggang vom Hotel um 9.45 Uhr. Diesmal starten wir mit einem kleinen Bus nach <strong>Chalki<\/strong>. Der Ort war einige Zeit sogar die Hauptstadt der Insel Naxos. Die meisten H\u00e4user und G\u00e4sschen in Chalki sind nicht im wei\u00dfget\u00fcnchten Kykladenstil erbaut, sondern im neoklassizistischen Stil und stammen aus der Zeit der venezianischen Herrschaft auf Naxos. H\u00e4user in Pastellfarben zeigen andere architektonische Elemente (Balkone) und zeugen noch immer vom Wohlstand und Einfluss, den Chalki einst besa\u00df. Wir haben Zeit, uns allein umzuschauen, bevor wir eine Destillerie besichtigen. Hier wird der Kitron seit \u00fcber 100 Jahren aus den Bl\u00e4ttern der Zitronatzitrone gewonnen, die in hochpro\u00adzentigen Alkohol eingelegt werden. Wir verkosten drei Sorten des Lik\u00f6rs und starten zu un\u00adse\u00adrer Wanderung. Vor der geschlossenen Dorfkirche in Chalki aus dem 9.\/10. Jh. &#8211; sie gilt als gr\u00f6\u00dfte byzantinische Kirche der Insel &#8211; werden wir auf eine Besonderheit aufmerksam ge\u00admacht: hinter dem Altar sei eine runde Sitzbank, nur wer beim Besuch des Bischofs darauf sitzen durfte, wei\u00df ich nicht mehr. Hinter der Kirche steht ein gut erhaltener venezianischer Wohnturm, umgeben von einer hohen Mauer. Ein zweiter Wohnturm in der N\u00e4he wurde von Griechen errichtet. Letztere erprobten Aufst\u00e4nde gegen die Venezianer, ein Freiheitsk\u00e4mpfer wurde hingerichtet. Durch G\u00e4sschen mit Wohnh\u00e4usern folgen wir dem ansteigenden Pfad in das Bergdorf <strong>Moni<\/strong>. Eine sehr sch\u00f6ne Wanderung. Zur Mittagspause 13.3o Uhr sitzen wir auf einer Aussichtsterrasse mit Blick auf die umliegende Bergwelt und zur\u00fcck in die Ebene.<\/p>\n<p>Der Abstieg beschert uns eine \u00dcberraschung. Nicht weit entfernt von Moni stehen wir vor der Kirche <strong>Panagia Drosiani<\/strong> (= die taufrische Allerheilige). Sie gilt als eine der besterhalten\u00adsten fr\u00fch\u00adchristlichen Kirchen im ganzen Balkanraum. Ihr Ursprung datiert bis ins 6. Jh. zur\u00fcck. Andere Bauabschnitte stammen aus mehreren Epochen. Den \u00e4ltesten Teil bildet eine einschiffige Kirche mit einem Drei-Konchen-Chor. Von der Innenwand f\u00fchren Durchg\u00e4nge in drei noch in mittelbyzantinischer Zeit nachtr\u00e4glich angebaute, schr\u00e4g ausgerichtete Kapellen. Die beiden \u00e4u\u00dferen haben wie der Hauptraum der Kirche je drei Apsiden und eine Kuppel. Bei einem \u00e4u\u00dferen Rundgang begeistert die Architektur samt dem in sp\u00e4terer Zeit errichteten Glockentr\u00e4ger mit drei B\u00f6gen. Im Inneren sind verblasste Reste von Wandmalereien erhalten, die teils noch aus der Entstehungszeit der Kirche, also vor dem byzantinischen Bilderstreit im 8.\/9. Jh. stammen. Die Fresken in der Hauptkuppel sind bis zu 1400 Jahre alt und damit die \u00e4ltesten des Balkans. Dargestellt ist Christus sowohl als junger als auch als \u00e4lterer Mann.<\/p>\n<p>Auf unserer Wanderroute sind wiederholt Gottesh\u00e4user ausgeschildert, denn dieses Gebiet wird auch als \u201eByzantinischer Park\u201c bezeichnet. Stopp vor der <strong>Rachidiotissa<\/strong> Kapelle, die leider verschlossen ist. Wir rasten auf dem sch\u00f6nen Hof. Es ist gerade 16 Uhr: Siggi bet\u00e4tigt viermal den Glockenstrang. Zur\u00fcck in Chalki m\u00fcssen wir knapp zwei Stunden ausharren. Zun\u00e4chst vertreibe ich mir die Zeit mit Lekt\u00fcre auf der Bank unter einer Platane auf dem Kirchplatz. Dann bummle ich durch die wenigen Gassen. Wanderschildern zu Sehensw\u00fcrdigkeiten (Kapellen) folge ich nicht, da Entfernungsangaben fehlen. Also bleiben noch die alten knorrigen Olivenb\u00e4ume &#8211; mir ist langweilig. 18.3o Uhr steigen wir in den Bus. Treff 19.45 Uhr zum gemeinsamen Essen einer Fischsuppe \u00e0 la Naxos an der Hafenpromenade.<\/p>\nngg_shortcode_0_placeholder\n","protected":false},"excerpt":{"rendered":"<p>Dienstag, 04. Oktober \u2013 von Chalki nach Moni Weggang vom Hotel um 9.45 Uhr. Diesmal starten wir mit einem kleinen Bus nach Chalki. Der Ort war einige Zeit sogar die Hauptstadt der Insel Naxos. Die meisten H\u00e4user und G\u00e4sschen in Chalki sind nicht im wei\u00dfget\u00fcnchten Kykladenstil erbaut, sondern im neoklassizistischen Stil und stammen aus der &hellip; <a href=\"https:\/\/www.adrianwood.ch\/?page_id=10816\" class=\"more-link\">Continue reading <span class=\"screen-reader-text\">04 10 Chalki-Moni<\/span> <span class=\"meta-nav\">&rarr;<\/span><\/a><\/p>\n","protected":false},"author":1,"featured_media":0,"parent":10491,"menu_order":4837,"comment_status":"closed","ping_status":"closed","template":"","meta":{"ngg_post_thumbnail":0,"footnotes":""},"class_list":["post-10816","page","type-page","status-publish","hentry"],"_links":{"self":[{"href":"https:\/\/www.adrianwood.ch\/index.php?rest_route=\/wp\/v2\/pages\/10816","targetHints":{"allow":["GET"]}}],"collection":[{"href":"https:\/\/www.adrianwood.ch\/index.php?rest_route=\/wp\/v2\/pages"}],"about":[{"href":"https:\/\/www.adrianwood.ch\/index.php?rest_route=\/wp\/v2\/types\/page"}],"author":[{"embeddable":true,"href":"https:\/\/www.adrianwood.ch\/index.php?rest_route=\/wp\/v2\/users\/1"}],"replies":[{"embeddable":true,"href":"https:\/\/www.adrianwood.ch\/index.php?rest_route=%2Fwp%2Fv2%2Fcomments&post=10816"}],"version-history":[{"count":2,"href":"https:\/\/www.adrianwood.ch\/index.php?rest_route=\/wp\/v2\/pages\/10816\/revisions"}],"predecessor-version":[{"id":10819,"href":"https:\/\/www.adrianwood.ch\/index.php?rest_route=\/wp\/v2\/pages\/10816\/revisions\/10819"}],"up":[{"embeddable":true,"href":"https:\/\/www.adrianwood.ch\/index.php?rest_route=\/wp\/v2\/pages\/10491"}],"wp:attachment":[{"href":"https:\/\/www.adrianwood.ch\/index.php?rest_route=%2Fwp%2Fv2%2Fmedia&parent=10816"}],"curies":[{"name":"wp","href":"https:\/\/api.w.org\/{rel}","templated":true}]}}