{"id":10820,"date":"2016-11-21T15:28:48","date_gmt":"2016-11-21T15:28:48","guid":{"rendered":"http:\/\/www.adrianwood.ch\/?page_id=10820"},"modified":"2016-11-21T15:36:14","modified_gmt":"2016-11-21T15:36:14","slug":"05-10-naxos-chora","status":"publish","type":"page","link":"https:\/\/www.adrianwood.ch\/?page_id=10820","title":{"rendered":"05 10 Naxos Chora"},"content":{"rendered":"<figure id=\"attachment_10821\" aria-describedby=\"caption-attachment-10821\" style=\"width: 730px\" class=\"wp-caption alignleft\"><a href=\"http:\/\/www.adrianwood.ch\/wp-content\/uploads\/2016\/11\/KYK_0618_r7.jpg\"><img loading=\"lazy\" decoding=\"async\" class=\"size-full wp-image-10821\" src=\"http:\/\/www.adrianwood.ch\/wp-content\/uploads\/2016\/11\/KYK_0618_r7.jpg\" alt=\"Naxos Kastro vom Hafen\" width=\"730\" height=\"487\" srcset=\"https:\/\/www.adrianwood.ch\/wp-content\/uploads\/2016\/11\/KYK_0618_r7.jpg 730w, https:\/\/www.adrianwood.ch\/wp-content\/uploads\/2016\/11\/KYK_0618_r7-300x200.jpg 300w\" sizes=\"auto, (max-width: 730px) 100vw, 730px\" \/><\/a><figcaption id=\"caption-attachment-10821\" class=\"wp-caption-text\">Naxos Kastro vom Hafen<\/figcaption><\/figure>\n<h2><strong>Mittwoch, 05. Oktober<\/strong><strong> \u2013<\/strong><strong> von Naxos-Chora nach Paros<\/strong><\/h2>\n<p style=\"text-align: justify;\">Koffer gepackt, fertig zur Stadtbesichtigung der Inselhauptstadt <strong>Naxos-Chora<\/strong>. \u00dcber G\u00e4sschen Aufstieg zum Burgviertel. Das \u201eKastro\u201c von Naxos ist die einzige venezianische Burg au\u00dferhalb Italiens, die bis heute unzerst\u00f6rt geblieben ist. Sie gilt als eines der wenigen vollst\u00e4ndig erhaltenen Siedlungsensembles einer mittelalterlichen Stadt in Griechenland. Venezianer errichteten im 12. Jh. einen f\u00fcnfeckigen Festungsbezirk, ummauert mit T\u00fcrmen (von ehemals 12 Wehrt\u00fcrmen steht noch ein einziger) und Toren. An zentraler Stelle errichteten die Eroberer die Symbole der weltlichen (Palast) und kirchlichen Macht (katholische Kathedrale, bis vor wenigen Jahren Bischofssitz). Das Bestreben der Venezianer zielte darauf ab, ihre Religion und damit die westliche Kultur auf den Kykladen durchzusetzen. Wir gelangen durch zwei ehemalige Burgtore in den Burgbezirk. Im Schutz der Befestigungsanlage entstanden im Laufe der Zeit pr\u00e4chtige Herrenh\u00e4user. In einigen Geb\u00e4uden sind heute Museen untergebracht. Wieder au\u00dferhalb des Burgviertels laufen wir zu dem Metropolis Museum mit Ausgrabungen von Geb\u00e4uderesten aus der fr\u00fchen Siedlungszeit um 1600 v. Chr. Hier bin ich mir nicht sicher, denn das Museum, dessen Anlage auf mich einen sehr modernen Eindruck macht, ist geschlossen.<\/p>\n<p style=\"text-align: justify;\">Wir verlassen die Stadt \u00fcber einen Damm zur einstigen Insel Pal\u00e1tia. Hier steht als einziges Relikt des unvollendeten Apollon-Tempels das m\u00e4chtige Tor aus Naxos-Marmor, die <strong>Portara<\/strong>. Es geh\u00f6rt zu einem nur noch in wenigen Fundamenten erhaltenen archaischen Tempel, der um 530 v. Chr. begonnen, jedoch nie vollendet worden ist. Der Tempel war dem Gott Apollon geweiht und soll an dem Platz gestanden haben, an dem der Held Theseus seine Ariadne auf Naxos zur\u00fccklie\u00df und diese sich mit Dionysos tr\u00f6stete. Diese mythologische Liebesgeschichte fand auf der kleinen Insel Palatia statt. Die Portara gilt heute als das Wahrzeichen von Naxos. Von hier lohnenswerter Blick auf die Stadt und das Meer.<\/p>\n<p style=\"text-align: justify;\">Auf einer Bank unterhalb der Mole vertr\u00f6dele ich die letzte Stunde am Wasser und bedauere, keine Bade\u00adsachen eingepackt zu haben. Auf diese M\u00f6glichkeit zum Schwimmen fehlte ein Hinweis. Ab 14.30 Uhr Warten auf unsere F\u00e4hre. Dabei entdecke ich neben dem Hafenbecken f\u00fcr die Schnellf\u00e4hren in der Marina die im Reisef\u00fchrer gezeigte kleine Insel und das auf ihr befindliche Kirchlein. 15.45 Uhr legt versp\u00e4tet die F\u00e4hre zur Nachbarinsel <strong>Paros <\/strong>ab, es windet auf Deck. 17 Uhr gehen wir in <strong>Parikia<\/strong> an Land. Immer am Meer entlang erreichen wir unser Hotel. Nach Zimmerbezug laufe ich ein St\u00fcck auf der Uferstra\u00dfe zur\u00fcck. 19 Uhr Treff zum gemeinsamen Essen. Ich w\u00e4hle gef\u00fcllte Kalamares.<\/p>\nngg_shortcode_0_placeholder\n","protected":false},"excerpt":{"rendered":"<p>Mittwoch, 05. Oktober \u2013 von Naxos-Chora nach Paros Koffer gepackt, fertig zur Stadtbesichtigung der Inselhauptstadt Naxos-Chora. \u00dcber G\u00e4sschen Aufstieg zum Burgviertel. Das \u201eKastro\u201c von Naxos ist die einzige venezianische Burg au\u00dferhalb Italiens, die bis heute unzerst\u00f6rt geblieben ist. Sie gilt als eines der wenigen vollst\u00e4ndig erhaltenen Siedlungsensembles einer mittelalterlichen Stadt in Griechenland. Venezianer errichteten im &hellip; <a href=\"https:\/\/www.adrianwood.ch\/?page_id=10820\" class=\"more-link\">Continue reading <span class=\"screen-reader-text\">05 10 Naxos Chora<\/span> <span class=\"meta-nav\">&rarr;<\/span><\/a><\/p>\n","protected":false},"author":1,"featured_media":0,"parent":10491,"menu_order":4838,"comment_status":"closed","ping_status":"closed","template":"","meta":{"ngg_post_thumbnail":0,"footnotes":""},"class_list":["post-10820","page","type-page","status-publish","hentry"],"_links":{"self":[{"href":"https:\/\/www.adrianwood.ch\/index.php?rest_route=\/wp\/v2\/pages\/10820","targetHints":{"allow":["GET"]}}],"collection":[{"href":"https:\/\/www.adrianwood.ch\/index.php?rest_route=\/wp\/v2\/pages"}],"about":[{"href":"https:\/\/www.adrianwood.ch\/index.php?rest_route=\/wp\/v2\/types\/page"}],"author":[{"embeddable":true,"href":"https:\/\/www.adrianwood.ch\/index.php?rest_route=\/wp\/v2\/users\/1"}],"replies":[{"embeddable":true,"href":"https:\/\/www.adrianwood.ch\/index.php?rest_route=%2Fwp%2Fv2%2Fcomments&post=10820"}],"version-history":[{"count":3,"href":"https:\/\/www.adrianwood.ch\/index.php?rest_route=\/wp\/v2\/pages\/10820\/revisions"}],"predecessor-version":[{"id":10947,"href":"https:\/\/www.adrianwood.ch\/index.php?rest_route=\/wp\/v2\/pages\/10820\/revisions\/10947"}],"up":[{"embeddable":true,"href":"https:\/\/www.adrianwood.ch\/index.php?rest_route=\/wp\/v2\/pages\/10491"}],"wp:attachment":[{"href":"https:\/\/www.adrianwood.ch\/index.php?rest_route=%2Fwp%2Fv2%2Fmedia&parent=10820"}],"curies":[{"name":"wp","href":"https:\/\/api.w.org\/{rel}","templated":true}]}}