{"id":10963,"date":"2016-11-21T15:52:23","date_gmt":"2016-11-21T15:52:23","guid":{"rendered":"http:\/\/www.adrianwood.ch\/?page_id=10963"},"modified":"2016-11-27T12:16:30","modified_gmt":"2016-11-27T12:16:30","slug":"07-10-lefkes-marmor","status":"publish","type":"page","link":"https:\/\/www.adrianwood.ch\/?page_id=10963","title":{"rendered":"07 10 Lefkes Marmor"},"content":{"rendered":"<figure id=\"attachment_10964\" aria-describedby=\"caption-attachment-10964\" style=\"width: 730px\" class=\"wp-caption alignleft\"><a href=\"http:\/\/www.adrianwood.ch\/wp-content\/uploads\/2016\/11\/KYK_0850_r7.jpg\"><img loading=\"lazy\" decoding=\"async\" class=\"size-full wp-image-10964\" src=\"http:\/\/www.adrianwood.ch\/wp-content\/uploads\/2016\/11\/KYK_0850_r7.jpg\" alt=\"Blick auf Lefkes richtung Naxos\" height=\"487\" width=\"730\" srcset=\"https:\/\/www.adrianwood.ch\/wp-content\/uploads\/2016\/11\/KYK_0850_r7.jpg 730w, https:\/\/www.adrianwood.ch\/wp-content\/uploads\/2016\/11\/KYK_0850_r7-300x200.jpg 300w\" sizes=\"auto, (max-width: 730px) 100vw, 730px\" \/><\/a><figcaption id=\"caption-attachment-10964\" class=\"wp-caption-text\">Blick auf Lefkes richtung Naxos<\/figcaption><\/figure>\n<h2><strong>Freitag, 07. Oktober<\/strong> <strong>\u2013 Paros, Marmorsteinbruch, Lefkes, Prodromos<\/strong><\/h2>\n<p style=\"text-align: justify;\">10 Uhr Abfahrt am Busbahnhof auf einer Serpentinenstra\u00dfe ins Landinnere. Ausstieg bei <strong>Marathi<\/strong>. Auf ausgeschildertem Weg gelangen wir zu den alten Marmorsteinbr\u00fcchen. Seit dem 6. Jh. v. Chr. ist der Mar\u00admorabbau unweit des Dorfes Marathi nachgewiesen. Den in der Antike wegen seiner guten Bearbeitbarkeit und vor allem wegen der Lichtdurchl\u00e4ssigkeit begehrten Marmor gewann man im unterirdischen Abbau. Diese Eigenschaften sch\u00e4tzten Bildhauer vor allem f\u00fcr ihre Statuen. Ber\u00fchmt sind die \u201eVenus von Milo\u201c und die \u201eNike von Samothrake\u201c, beide aus Parischem Marmor. Die Lichtdurchl\u00e4ssigkeit f\u00fchrte auch zu einigen Dachdeckungen bekannter Tempel mit diesem Marmor, wodurch ein gewisses Ma\u00df an nat\u00fcrlichem Innenlicht gegeben war. Der in griechischer und r\u00f6mischer Zeit beliebte Parische Marmor sorgte bereits in der Antike f\u00fcr Wohlstand. Wir steigen hinunter zu einem Stolleneingang, ohne direkt hineinzugehen, obwohl die unterirdischen antiken Abbaustellen heute als Touristenattraktion dienen. Links vom Eingang ist ein hellenistisches Relief mit sch\u00f6nen Darstellungen teilweise gerettet worden, au\u00dferdem ist dort auch eine Inschrift aus alter Zeit zu sehen. Das Relief ist den Nymphen gewidmet, die in dieser Gegend verehrt wurden, daher der Name \u201eSteingrube der Nymphen\u201c.<\/p>\n<p style=\"text-align: justify;\">Ab hier wandern wir auf der anderen Bergseite, vorbei an einem offenen Marmorsteinbruch. Bald erreichen wir das Kloster <strong>Agios Minas<\/strong> = ein heute privat bewohntes Kloster. Der Konvent aus dem 17. Jh. liegt einsam auf einem Hochplateau. Liebevoll f\u00fchrt uns der Hausherr durch sein Reich. Idyllisch ist der kleine Innenhof mit Brunnen. Ger\u00fcchte besagen, dass es zum Hotel umgebaut werden soll! Ich nasche von einem Feigenbaum. Weiter geht es bergab\/bergauf, bis wir in das am Hang gelegene <strong>Lefkes<\/strong> hinuntersteigen. \u00dcber enge Gassen und steile Treppen schlendern wir durch eines der sch\u00f6nsten Kykladend\u00f6rfer vorbei an typischen wei\u00dfen Kubenh\u00e4usern. Im alten Dorfkern machen wir auf einem malerischen Platz Mittagspause. Bei einem kleinen Rundgang erkunde ich den sehr nat\u00fcrlich gebliebenen Ort. Ansonsten k\u00fchle ich meine von der Macchia zerkratzten Beine. \u00dcber eine historische Steinbr\u00fccke verlassen wir Lefkes und gelangen durch eine sch\u00f6ne Landschaft auf einem alten Wanderweg \u2013 wahrscheinlich handelt es sich um den ber\u00fchmten \u201eByzantinischen Weg?\u201c &#8211; runter bis nach <strong>Prodromos<\/strong>. P\u00fcnktlich kommt der Bus 17.15 Uhr. Auf der Vorbeifahrt k\u00f6nnen wir ein zweites Mal Lefkes \u00fcberschauen, insbesondere die etwas erh\u00f6ht stehende bombastische Hauptkirche, eine einschiffige Basilika aus parischem Marmor im Stil der Neorenaissance (1830). Der Abend verl\u00e4uft wie am Vortag: privates Abendessen in der \u201eschweizerischen\u201c Taverne, laue Nacht am Pool, Wind bewegt die Palmen.<\/p>\nngg_shortcode_0_placeholder\n","protected":false},"excerpt":{"rendered":"<p>Freitag, 07. Oktober \u2013 Paros, Marmorsteinbruch, Lefkes, Prodromos 10 Uhr Abfahrt am Busbahnhof auf einer Serpentinenstra\u00dfe ins Landinnere. Ausstieg bei Marathi. Auf ausgeschildertem Weg gelangen wir zu den alten Marmorsteinbr\u00fcchen. Seit dem 6. Jh. v. Chr. ist der Mar\u00admorabbau unweit des Dorfes Marathi nachgewiesen. Den in der Antike wegen seiner guten Bearbeitbarkeit und vor allem &hellip; <a href=\"https:\/\/www.adrianwood.ch\/?page_id=10963\" class=\"more-link\">Continue reading <span class=\"screen-reader-text\">07 10 Lefkes Marmor<\/span> <span class=\"meta-nav\">&rarr;<\/span><\/a><\/p>\n","protected":false},"author":1,"featured_media":0,"parent":10491,"menu_order":4840,"comment_status":"closed","ping_status":"closed","template":"","meta":{"ngg_post_thumbnail":0,"footnotes":""},"class_list":["post-10963","page","type-page","status-publish","hentry"],"_links":{"self":[{"href":"https:\/\/www.adrianwood.ch\/index.php?rest_route=\/wp\/v2\/pages\/10963","targetHints":{"allow":["GET"]}}],"collection":[{"href":"https:\/\/www.adrianwood.ch\/index.php?rest_route=\/wp\/v2\/pages"}],"about":[{"href":"https:\/\/www.adrianwood.ch\/index.php?rest_route=\/wp\/v2\/types\/page"}],"author":[{"embeddable":true,"href":"https:\/\/www.adrianwood.ch\/index.php?rest_route=\/wp\/v2\/users\/1"}],"replies":[{"embeddable":true,"href":"https:\/\/www.adrianwood.ch\/index.php?rest_route=%2Fwp%2Fv2%2Fcomments&post=10963"}],"version-history":[{"count":3,"href":"https:\/\/www.adrianwood.ch\/index.php?rest_route=\/wp\/v2\/pages\/10963\/revisions"}],"predecessor-version":[{"id":11083,"href":"https:\/\/www.adrianwood.ch\/index.php?rest_route=\/wp\/v2\/pages\/10963\/revisions\/11083"}],"up":[{"embeddable":true,"href":"https:\/\/www.adrianwood.ch\/index.php?rest_route=\/wp\/v2\/pages\/10491"}],"wp:attachment":[{"href":"https:\/\/www.adrianwood.ch\/index.php?rest_route=%2Fwp%2Fv2%2Fmedia&parent=10963"}],"curies":[{"name":"wp","href":"https:\/\/api.w.org\/{rel}","templated":true}]}}