{"id":11084,"date":"2016-11-30T11:09:50","date_gmt":"2016-11-30T11:09:50","guid":{"rendered":"http:\/\/www.adrianwood.ch\/?page_id=11084"},"modified":"2016-11-30T11:21:58","modified_gmt":"2016-11-30T11:21:58","slug":"11-10-alt-thera","status":"publish","type":"page","link":"https:\/\/www.adrianwood.ch\/?page_id=11084","title":{"rendered":"11 10 Alt Thera"},"content":{"rendered":"<figure id=\"attachment_11085\" aria-describedby=\"caption-attachment-11085\" style=\"width: 730px\" class=\"wp-caption alignleft\"><a href=\"http:\/\/www.adrianwood.ch\/wp-content\/uploads\/2016\/11\/KYK__1110_r7.jpg\"><img loading=\"lazy\" decoding=\"async\" class=\"size-full wp-image-11085\" src=\"http:\/\/www.adrianwood.ch\/wp-content\/uploads\/2016\/11\/KYK__1110_r7.jpg\" alt=\"Weinprobe\" height=\"487\" width=\"730\" srcset=\"https:\/\/www.adrianwood.ch\/wp-content\/uploads\/2016\/11\/KYK__1110_r7.jpg 730w, https:\/\/www.adrianwood.ch\/wp-content\/uploads\/2016\/11\/KYK__1110_r7-300x200.jpg 300w\" sizes=\"auto, (max-width: 730px) 100vw, 730px\" \/><\/a><figcaption id=\"caption-attachment-11085\" class=\"wp-caption-text\">Weinprobe<\/figcaption><\/figure>\n<h2><strong>Dienstag, 11. Oktober<\/strong><strong> &#8211;<\/strong><strong> Alt-Thera<\/strong><strong>,<\/strong><strong> Weinprobe<\/strong><\/h2>\n<p style=\"text-align: justify;\"><strong>Alt-Thera<\/strong> ist eine antike Stadt in exponierter Lage. Die St\u00e4tte liegt auf dem Grat des 360 m hohen Berges Mesa Vouno, der \u00fcber dem Meer auf drei Seiten steil abf\u00e4llt. Die Gr\u00fcndung der Stadt Alt-Thera ging von dorischen Kolonisten aus Sparta aus, die die strategisch g\u00fcnstige Position des Felsgrates erkannten. Sie wird nach dem mythischen Herrscher der Insel Theras benannt und war nachweislich vom 9. Jh. v. Chr. bis in sp\u00e4tr\u00f6mische Zeit bewohnt. Die Stadt wurde ab 1895 durch den deutschen Arch\u00e4ologen Friedrich Hiller von Gaertringen systematisch erforscht und bis 1904 ausgegraben. Der Aufbau der Stadt, ihre Stra\u00dfen, H\u00e4user und Figuren im Stein sind gut zu erkennen. Wohngebiete gruppieren sich um eine Agora. \u00dcberreste der Bau\u00adten, wie Apollontempel, das in den Hang gebaute Amphitheater, Basilika (dorische S\u00e4ulenhalle) stam\u00admen gr\u00f6\u00dftenteils aus hellenistischer und r\u00f6mischer Zeit. 726 wurde die Stadt bei einem kleinen Ausbruch des Vulkans von Santorin mit Bimsstein versch\u00fcttet und darauf aufgegeben.<\/p>\n<p style=\"text-align: justify;\">14.5o Uhr sammeln wir uns f\u00fcr den letzten Programmpunkt: Weinprobe. Au\u00dferhalb von Kamari erreichen wir nach einer l\u00e4ngeren Wegstrecke <strong>Mesa Gonia<\/strong>. Der Ort wurde bei dem Erdbeben 1956 vollkommen zerst\u00f6rt. Die Bewohner siedelten sich um in Richtung Strand, und so entstand Kamari = der j\u00fcngste Ort auf Santorin. Mesa Gonia verfiel zu einem Geisterdorf. In den letzten Jahren zogen wieder mehr Menschen nach Mesa Gonia und renovierten die zerst\u00f6rten H\u00e4user und H\u00f6hlenwohnungen. Wir werden in einem Weingut erwartet und verkosten auf einer Veranda das Angebot. Ich schaue zu und lausche den englischen Erkl\u00e4rungen: Auf Santorin gilt der Wein als wichtiges landwirtschaftliches Produkt. Bedingt durch die trockenen B\u00f6den kann man nur recht wenige Rebst\u00f6cke anbauen, die Pflanzen beziehen einen Gro\u00dfteil ihres Wassers aus der Luftfeuchtigkeit und dem morgendlichen Tau. Die Rebst\u00f6cke werden oft kranzf\u00f6rmig gezogen und bilden im Laufe der Zeit K\u00f6rbe, in denen die Trauben gesch\u00fctzt reifen. Angebaut werden \u00fcberwiegend wei\u00dfe Trauben. Nach einem Blick in die Lagerr\u00e4ume mache ich paar Schritte in eine enge Gasse allein in das Dorf. \u00dcberall Verfallserscheinungen, noch deutlich erkennbar Zug\u00e4nge zu H\u00f6hlenwohnungen, sehr sp\u00e4rlich ein Wiederaufbau.<\/p>\n<p style=\"text-align: justify;\">Zur\u00fcck im Hotel geniessen manche von uns noch die letzte Stunde im Liegestuhl am Hotelpool. Um 19 Uhr finden wir uns alle beim letzten gemeinsamen Abschiedsessen.<\/p>\nngg_shortcode_0_placeholder\n<p style=\"text-align: justify;\">\n","protected":false},"excerpt":{"rendered":"<p>Dienstag, 11. Oktober &#8211; Alt-Thera, Weinprobe Alt-Thera ist eine antike Stadt in exponierter Lage. Die St\u00e4tte liegt auf dem Grat des 360 m hohen Berges Mesa Vouno, der \u00fcber dem Meer auf drei Seiten steil abf\u00e4llt. Die Gr\u00fcndung der Stadt Alt-Thera ging von dorischen Kolonisten aus Sparta aus, die die strategisch g\u00fcnstige Position des Felsgrates &hellip; <a href=\"https:\/\/www.adrianwood.ch\/?page_id=11084\" class=\"more-link\">Continue reading <span class=\"screen-reader-text\">11 10 Alt Thera<\/span> <span class=\"meta-nav\">&rarr;<\/span><\/a><\/p>\n","protected":false},"author":1,"featured_media":0,"parent":10491,"menu_order":4844,"comment_status":"closed","ping_status":"closed","template":"","meta":{"ngg_post_thumbnail":0,"footnotes":""},"class_list":["post-11084","page","type-page","status-publish","hentry"],"_links":{"self":[{"href":"https:\/\/www.adrianwood.ch\/index.php?rest_route=\/wp\/v2\/pages\/11084","targetHints":{"allow":["GET"]}}],"collection":[{"href":"https:\/\/www.adrianwood.ch\/index.php?rest_route=\/wp\/v2\/pages"}],"about":[{"href":"https:\/\/www.adrianwood.ch\/index.php?rest_route=\/wp\/v2\/types\/page"}],"author":[{"embeddable":true,"href":"https:\/\/www.adrianwood.ch\/index.php?rest_route=\/wp\/v2\/users\/1"}],"replies":[{"embeddable":true,"href":"https:\/\/www.adrianwood.ch\/index.php?rest_route=%2Fwp%2Fv2%2Fcomments&post=11084"}],"version-history":[{"count":4,"href":"https:\/\/www.adrianwood.ch\/index.php?rest_route=\/wp\/v2\/pages\/11084\/revisions"}],"predecessor-version":[{"id":11118,"href":"https:\/\/www.adrianwood.ch\/index.php?rest_route=\/wp\/v2\/pages\/11084\/revisions\/11118"}],"up":[{"embeddable":true,"href":"https:\/\/www.adrianwood.ch\/index.php?rest_route=\/wp\/v2\/pages\/10491"}],"wp:attachment":[{"href":"https:\/\/www.adrianwood.ch\/index.php?rest_route=%2Fwp%2Fv2%2Fmedia&parent=11084"}],"curies":[{"name":"wp","href":"https:\/\/api.w.org\/{rel}","templated":true}]}}