{"id":1193,"date":"2011-03-23T08:32:51","date_gmt":"2011-03-23T07:32:51","guid":{"rendered":"http:\/\/adrianwood.ch\/?page_id=1193"},"modified":"2019-11-02T20:16:41","modified_gmt":"2019-11-02T20:16:41","slug":"2006-04-amalfi-coast","status":"publish","type":"page","link":"https:\/\/www.adrianwood.ch\/?page_id=1193","title":{"rendered":"2006-04 Amalfi Coast"},"content":{"rendered":"<div>\n<table cellspacing=\"0\" cellpadding=\"0\" border=\"0\">\n<tbody>\n<tr>\n<td width=\"798\" valign=\"top\"><strong><img decoding=\"async\" class=\"ngg-singlepic ngg-none\" src=\"http:\/\/adrianwood.ch\/wp-content\/gallery\/amalfi01\/image001_r2.jpg\" alt=\"image001_r2\"><\/strong><\/td>\n<\/tr>\n<tr>\n<td width=\"798\" valign=\"top\">\n<h2><strong>Die klassische Italienreise<\/strong><\/h2>\n<p>Der Golf von Neapel war bereits im 18. und 19. Jh. das Sehnsuchtsziel der romantischen Bildungsreisenden, und noch immer zieht er jahraus, jahrein Heerscharen von Touristen aus aller Welt an. Vesuv, Pompeji, Capri samt Blauer Grotte, Ischia, Sorrento, Positano, Amalfi \u2013 alles klangvolle Namen, die bei jedem Italien-lieberhaber sofort ganz bestimmte Vorstellungen wecken: traumhafte K\u00fcsten, heisse Thermalquellen, aktiver Vulkanismus, die sp\u00fcrbare Gegenwart der Antike. Und dann nat\u00fcrlich Neapel, die wohl temperatvollste Metropole im S\u00fcden Italiens.<\/td>\n<\/tr>\n<tr>\n<td width=\"798\" valign=\"top\"><strong><img decoding=\"async\" class=\"ngg-singlepic ngg-none\" src=\"http:\/\/adrianwood.ch\/wp-content\/gallery\/amalfi01\/image003_r2.jpg\" alt=\"image003_r2\"><\/strong><\/td>\n<\/tr>\n<tr>\n<td width=\"798\" valign=\"top\">Im R\u00fccken des Golf di Napoli, abgeschirmt von der hohen Gebirgskette der Monti Lattari, zieht sich die Costeria Amalifitana von Positano bis Vietri sul Mare. Eine bet\u00f6rend sch\u00f6ne K\u00fcstenlandschaft mit dem aufregendsten Steilufer des gesamten Mittelmeers. Ungez\u00fcgelt st\u00fcrzen die schroffen Gebirgsausl\u00e4ufer ins Meer und tauchen nahezu senkrecht ab. Insgesamt ca. 40 km extreme Steilk\u00fcste, nur dort, wo Nischen im abweisenden Felsufer klaffen, entstanden Fischersiedlungen. Aus ihnen sind mittelerweile beliebte Ferienorte geworden, w\u00e4hrend die Bergd\u00f6rfer noch in relativer Abgeschiedenheit vor sich hin d\u00e4mmern. Vom Meer aus betrachtet ein atemberaubender Anblick: azurblau bis smaragdgr\u00fcn das Wasser; bizarr zerkl\u00fcftet das Ufer, Klippen wie Felsnadeln, steil aufragende graue Kalksteinw\u00e4nde, sattgr\u00fcne Macchia, bl\u00fchende Feigenkakteen und kr\u00e4ftige Pinien. Dann die K\u00fcstenorte in tiefen Felsnischen und Buchten mit stufenf\u00f6rmig gestapelten W\u00fcrfelh\u00e4usern und farbenfrohen Fassaden, dar\u00fcber lugen vereinzelt Villen aus dem dichten Gr\u00fcn, eine geradezu artistische Hangbebauung. Und ganz oben in den Bergen liegen abgeschiedene D\u00f6rfer wie Adlerhorste.Den s\u00fcdlichen Abschluss des Golfs bildet die Sorrentiner Halbinsel zwischen Castellammare di Stabia und der Punta Campanella. Angesichts des grossartigen K\u00fcstenverlaufs und der paradieschen Zitruskulturen f\u00fchlt man sich weit entfernt vom unwirtlichen Vorstadtchaos von Neapel. Die Stadt Sorrento erstreckt sich auf einem fruchtbaren Tuffsteinplateau, das abrupt und spektakul\u00e4r ins Meer abf\u00e4llt. Zugang zum Wasser gibt es nur an wenigen Stellen, wo steile Treppen und Tunnnelg\u00e4nge den beachtlichen H\u00f6henunterschied \u00fcberwinden. Oben auf der Steilkante posieren die herrschaftlichen Uferpalazzi, zumeist Villen aus dem 18. und 19. Jh., heute gr\u00f6sstenteils luxuri\u00f6se Hotelbetriebe.\u00dcber den Golfs ragt der m\u00e4chtige Vesuv auf, der die ganze Region sowohl als Kulisse wie auch schicksalhaft in Atem h\u00e4lt. Die weltber\u00fchmten Ausgrabungen in Pompeji und Herculaneum geh\u00f6ren zum festen Reiseziel der Region. Vor allem Urlauber, die nicht nur nach Badestr\u00e4nden suchen, sondern auch eindr\u00fcckliche Landschaften, Wanderm\u00f6glichkeiten und kulturelle Sehensw\u00fcrdigkeiten vorfinden wollen, werden am Golf von Neapel an der richtige Adresse sein.<\/p>\n<h3><a href=\"http:\/\/www.adrianwood.ch\/?page_id=6830\">Inhalt \/ Contents<\/a><\/h3>\n<p>ngg_shortcode_0_placeholder<\/td>\n<\/tr>\n<tr>\n<td width=\"798\" valign=\"top\"><img decoding=\"async\" class=\"ngg-singlepic ngg-none\" src=\"http:\/\/adrianwood.ch\/wp-content\/gallery\/amalfi01\/image005_r2.jpg\" alt=\"image005_r2\"><\/td>\n<\/tr>\n<\/tbody>\n<\/table>\n<p><strong><\/strong><\/p>\n<table width=\"281\" cellspacing=\"0\" cellpadding=\"0\" border=\"1\">\n<tbody>\n<tr>\n<td width=\"281\" valign=\"top\"><strong>Die Teilnehmer<\/strong><strong><\/strong><\/td>\n<\/tr>\n<tr>\n<td width=\"281\" valign=\"top\">Bachmann Franz<\/td>\n<\/tr>\n<tr>\n<td width=\"281\" valign=\"top\">Bachmann Rita<\/td>\n<\/tr>\n<tr>\n<td width=\"281\" valign=\"top\">Ceresoli Verena<\/td>\n<\/tr>\n<tr>\n<td width=\"281\" valign=\"top\">Deindl Brigitte<\/td>\n<\/tr>\n<tr>\n<td width=\"281\" valign=\"top\">Delloca Silvana<\/td>\n<\/tr>\n<tr>\n<td width=\"281\" valign=\"top\">Frei Helen<\/td>\n<\/tr>\n<tr>\n<td width=\"281\" valign=\"top\">Frei Ren\u00e9<\/td>\n<\/tr>\n<tr>\n<td width=\"281\" valign=\"top\">Frei-H\u00e4usler Marianne<\/td>\n<\/tr>\n<tr>\n<td width=\"281\" valign=\"top\">Gemperli Marie-Louise<\/td>\n<\/tr>\n<tr>\n<td width=\"281\" valign=\"top\">Gubler Veronika<\/td>\n<\/tr>\n<tr>\n<td width=\"281\" valign=\"top\">Halik Christine<\/td>\n<\/tr>\n<tr>\n<td width=\"281\" valign=\"top\">Kaufmann Fritz<\/td>\n<\/tr>\n<tr>\n<td width=\"281\" valign=\"top\">Kuhn Adelheid<\/td>\n<\/tr>\n<tr>\n<td width=\"281\" valign=\"top\">Lutz Marie Marlene<\/td>\n<\/tr>\n<tr>\n<td width=\"281\" valign=\"top\">Martini Rafaello<\/td>\n<\/tr>\n<tr>\n<td width=\"281\" valign=\"top\">Massart Daniel<\/td>\n<\/tr>\n<tr>\n<td width=\"281\" valign=\"top\">M\u00fcller Eric<\/td>\n<\/tr>\n<tr>\n<td width=\"281\" valign=\"top\">Neuenschwander Susanne<\/td>\n<\/tr>\n<tr>\n<td width=\"281\" valign=\"top\">Oosterbaan Marijke<\/td>\n<\/tr>\n<tr>\n<td width=\"281\" valign=\"top\">Operschall Bert<\/td>\n<\/tr>\n<tr>\n<td width=\"281\" valign=\"top\">Schaetti Philippe<\/td>\n<\/tr>\n<tr>\n<td width=\"281\" valign=\"top\">Scheffel Gisela<\/td>\n<\/tr>\n<tr>\n<td width=\"281\" valign=\"top\">Schweizer Alfred<\/td>\n<\/tr>\n<tr>\n<td width=\"281\" valign=\"top\">Schweizer Walpurga<\/td>\n<\/tr>\n<tr>\n<td width=\"281\" valign=\"top\">Schwendimann Edith<\/td>\n<\/tr>\n<tr>\n<td width=\"281\" valign=\"top\">Stampf Huguette<\/td>\n<\/tr>\n<tr>\n<td width=\"281\" valign=\"top\">Stampf Jean-Francois<\/td>\n<\/tr>\n<tr>\n<td width=\"281\" valign=\"top\">Traber Reiner<\/td>\n<\/tr>\n<tr>\n<td width=\"281\" valign=\"top\">Weissen Johann<\/td>\n<\/tr>\n<tr>\n<td width=\"281\" valign=\"top\">Wood Adrian<\/td>\n<\/tr>\n<tr>\n<td width=\"281\" valign=\"top\">Zirngibl Helga<\/td>\n<\/tr>\n<tr>\n<td width=\"281\" valign=\"top\">Zirngibl Ulrich<\/td>\n<\/tr>\n<\/tbody>\n<\/table>\n<p><strong><\/strong><\/p>\n<\/div>\n","protected":false},"excerpt":{"rendered":"<p>Die klassische Italienreise Der Golf von Neapel war bereits im 18. und 19. Jh. das Sehnsuchtsziel der romantischen Bildungsreisenden, und noch immer zieht er jahraus, jahrein Heerscharen von Touristen aus aller Welt an. Vesuv, Pompeji, Capri samt Blauer Grotte, Ischia, Sorrento, Positano, Amalfi \u2013 alles klangvolle Namen, die bei jedem Italien-lieberhaber sofort ganz bestimmte Vorstellungen &hellip; <a href=\"https:\/\/www.adrianwood.ch\/?page_id=1193\" class=\"more-link\">Continue reading <span class=\"screen-reader-text\">2006-04 Amalfi Coast<\/span> <span class=\"meta-nav\">&rarr;<\/span><\/a><\/p>\n","protected":false},"author":1,"featured_media":0,"parent":20738,"menu_order":224,"comment_status":"closed","ping_status":"closed","template":"","meta":{"ngg_post_thumbnail":0,"footnotes":""},"class_list":["post-1193","page","type-page","status-publish","hentry"],"_links":{"self":[{"href":"https:\/\/www.adrianwood.ch\/index.php?rest_route=\/wp\/v2\/pages\/1193","targetHints":{"allow":["GET"]}}],"collection":[{"href":"https:\/\/www.adrianwood.ch\/index.php?rest_route=\/wp\/v2\/pages"}],"about":[{"href":"https:\/\/www.adrianwood.ch\/index.php?rest_route=\/wp\/v2\/types\/page"}],"author":[{"embeddable":true,"href":"https:\/\/www.adrianwood.ch\/index.php?rest_route=\/wp\/v2\/users\/1"}],"replies":[{"embeddable":true,"href":"https:\/\/www.adrianwood.ch\/index.php?rest_route=%2Fwp%2Fv2%2Fcomments&post=1193"}],"version-history":[{"count":5,"href":"https:\/\/www.adrianwood.ch\/index.php?rest_route=\/wp\/v2\/pages\/1193\/revisions"}],"predecessor-version":[{"id":20744,"href":"https:\/\/www.adrianwood.ch\/index.php?rest_route=\/wp\/v2\/pages\/1193\/revisions\/20744"}],"up":[{"embeddable":true,"href":"https:\/\/www.adrianwood.ch\/index.php?rest_route=\/wp\/v2\/pages\/20738"}],"wp:attachment":[{"href":"https:\/\/www.adrianwood.ch\/index.php?rest_route=%2Fwp%2Fv2%2Fmedia&parent=1193"}],"curies":[{"name":"wp","href":"https:\/\/api.w.org\/{rel}","templated":true}]}}