{"id":12022,"date":"2017-04-20T08:38:48","date_gmt":"2017-04-20T08:38:48","guid":{"rendered":"http:\/\/www.adrianwood.ch\/?page_id=12022"},"modified":"2017-09-11T12:26:08","modified_gmt":"2017-09-11T12:26:08","slug":"12022-2","status":"publish","type":"page","link":"https:\/\/www.adrianwood.ch\/?page_id=12022","title":{"rendered":"2017-03 Aettenberg"},"content":{"rendered":"<figure id=\"attachment_12023\" aria-describedby=\"caption-attachment-12023\" style=\"width: 730px\" class=\"wp-caption alignleft\"><a href=\"http:\/\/www.adrianwood.ch\/wp-content\/uploads\/2017\/04\/AET_0120-2.jpg\"><img loading=\"lazy\" decoding=\"async\" class=\"size-full wp-image-12023\" src=\"http:\/\/www.adrianwood.ch\/wp-content\/uploads\/2017\/04\/AET_0120-2.jpg\" alt=\"\" width=\"730\" height=\"377\" srcset=\"https:\/\/www.adrianwood.ch\/wp-content\/uploads\/2017\/04\/AET_0120-2.jpg 730w, https:\/\/www.adrianwood.ch\/wp-content\/uploads\/2017\/04\/AET_0120-2-300x155.jpg 300w\" sizes=\"auto, (max-width: 730px) 100vw, 730px\" \/><\/a><figcaption id=\"caption-attachment-12023\" class=\"wp-caption-text\">oberhalb von Schwarzsee Kanton Freiburg<\/figcaption><\/figure>\n<p><strong>12.3.2017 &#8211; Schneeschuhtour auf den \u00c4ttenberg, Schwarzsee FR<\/strong><\/p>\n<p>Die sch\u00f6ne Lage des Restaurants beim Schwarzsee l\u00e4dt zur Einkehr ein! So machen wir uns mit einem Kaffee fit f\u00fcr den etwas m\u00fchsamen Aufstieg auf der Strasse, dann Bergweg und steile apere Weiden hinauf nach Mittler H\u00fcrli 1272m. Nach einer Stunde gibt es eine Trinkpause. Der Aufstieg macht warm. Weiter geht es \u00fcber die gr\u00fcnbraunen Wiesen und dann durch den Wald. Wir sehen hier keine rosa Stecken mehr. Aber unser Leiter kennt den Weg. Endlich stehen wir auf einem Schneefeld und wir k\u00f6nnen unsere Schneeschuhe endlich anziehen. Gleich geht es hinauf in den Berggwald und schon stehen wir vor einer sog. Schl\u00fcsselstelle. Es braucht etwas Geschick mit den breiten Schneeschuhen seitlich einen schmalen, verwurzeltzen Bergweg hinaufzukommen. Von da an wandern wir \u00fcber Schneefelder bis zu einer Alph\u00fctte, wo wir unsere Mittagsrast halten. Von dort zieht sich eine Spur den Hang hinauf auf eine Anh\u00f6he, die einem Pass gleicht. Hier sind wir auf dem Hohberg 1485m. Der Hohberg ist ein pr\u00e4chtiger Aussichtspunkt mit Sicht hin\u00fcber zu den Bergen: Hanen 2019m, Widdersgrind 2104m, Galitenflue, M\u00e4re 2087m, Schibe 2151m, Schafarnisch 2107m, Chuearnisch 1826m, Widdergalm 2174m.<\/p>\n<p>Vom Hohberg zieht sich der Weg hin\u00fcber gegen den \u00c4ttenberg. Wir sehen hier wieder die rosa Stecken, denen wir aber mangels Schnee nicht folgen k\u00f6nnen. Wir m\u00fcssen einen Weg \u00fcber die Schneefelder finden. Dieses letzte Teilst\u00fcck ist nicht steil aber es erscheint mir etwas m\u00fchsam, da die Sonne auf unsere R\u00fccken hinunterbrennt und wir ordentlich ins Schwitzen kommen. Der \u00c4ttenberg 1614m hat keinen eigentlichen Gipfel. Wir sitzen auf einer leichten Anh\u00f6he und ruhen aus und bewundern das Panorama.<br \/>\nDer R\u00fcckweg f\u00fchrt in etwa der selben Richtung hinunter zur Alpstrasse nach M\u00f6sli. Eine M\u00f6glichkeit w\u00e4re gewesen, denselben Weg den wir gekommen sind, zur\u00fcckzugehen, was viel Zeit gekostet h\u00e4tte.<br \/>\nSo oder so m\u00fcssen wir \u00fcber 600 Meter hinuntersteigen. Es wird dann beschlossen, nach M\u00f6sli zu gehen, obwohl dort kein Bier auf der Terrasse zum See winkt. Zuerst k\u00f6nnen wir mit den Schneeschuhen auf der Strasse gehen, dann bietet sich eine Schneeschuhspur \u00fcber die Weiden an und letzten Endes gehen wir auf der aperen Strasse hinunter ins Tal zur Haltestelle M\u00f6sli, wo wir noch lange auf den Bus warten m\u00fcssten.<\/p>\n<p>So gehen wir auf der Strasse nach Kaspera, wo einige von uns bleiben. Die Unentwegten marschieren weiter nach Gypsera, um doch noch zu einem Bier zu kommen. Diese Tour w\u00fcrde ich gerne einmal bei besseren Schneeverh\u00e4ltnissen machen.<\/p>\n<p>Laut Schweizmobil: Distanz: 11.62km; Aufstieg: 629m; Abstieg: 644m; Wanderzeit: 3h 46min Sommer!! <a href=\"https:\/\/map.wanderland.ch\/?lang=de&amp;route=all&amp;bgLayer=pk&amp;resolution=5&amp;X=589974&amp;Y=169995&amp;layers=Wanderland&amp;trackId=3318356\">Karte Schweizmobil:<\/a> unsere Route verlief evt. etwas anderes<\/p>\n<p>Marianne Frei<\/p>\nngg_shortcode_0_placeholder\n","protected":false},"excerpt":{"rendered":"<p>12.3.2017 &#8211; Schneeschuhtour auf den \u00c4ttenberg, Schwarzsee FR Die sch\u00f6ne Lage des Restaurants beim Schwarzsee l\u00e4dt zur Einkehr ein! So machen wir uns mit einem Kaffee fit f\u00fcr den etwas m\u00fchsamen Aufstieg auf der Strasse, dann Bergweg und steile apere Weiden hinauf nach Mittler H\u00fcrli 1272m. Nach einer Stunde gibt es eine Trinkpause. Der Aufstieg &hellip; <a href=\"https:\/\/www.adrianwood.ch\/?page_id=12022\" class=\"more-link\">Continue reading <span class=\"screen-reader-text\">2017-03 Aettenberg<\/span> <span class=\"meta-nav\">&rarr;<\/span><\/a><\/p>\n","protected":false},"author":1,"featured_media":0,"parent":129,"menu_order":1251,"comment_status":"closed","ping_status":"closed","template":"","meta":{"ngg_post_thumbnail":0,"footnotes":""},"class_list":["post-12022","page","type-page","status-publish","hentry"],"_links":{"self":[{"href":"https:\/\/www.adrianwood.ch\/index.php?rest_route=\/wp\/v2\/pages\/12022","targetHints":{"allow":["GET"]}}],"collection":[{"href":"https:\/\/www.adrianwood.ch\/index.php?rest_route=\/wp\/v2\/pages"}],"about":[{"href":"https:\/\/www.adrianwood.ch\/index.php?rest_route=\/wp\/v2\/types\/page"}],"author":[{"embeddable":true,"href":"https:\/\/www.adrianwood.ch\/index.php?rest_route=\/wp\/v2\/users\/1"}],"replies":[{"embeddable":true,"href":"https:\/\/www.adrianwood.ch\/index.php?rest_route=%2Fwp%2Fv2%2Fcomments&post=12022"}],"version-history":[{"count":6,"href":"https:\/\/www.adrianwood.ch\/index.php?rest_route=\/wp\/v2\/pages\/12022\/revisions"}],"predecessor-version":[{"id":12052,"href":"https:\/\/www.adrianwood.ch\/index.php?rest_route=\/wp\/v2\/pages\/12022\/revisions\/12052"}],"up":[{"embeddable":true,"href":"https:\/\/www.adrianwood.ch\/index.php?rest_route=\/wp\/v2\/pages\/129"}],"wp:attachment":[{"href":"https:\/\/www.adrianwood.ch\/index.php?rest_route=%2Fwp%2Fv2%2Fmedia&parent=12022"}],"curies":[{"name":"wp","href":"https:\/\/api.w.org\/{rel}","templated":true}]}}