{"id":12060,"date":"2017-07-01T15:48:36","date_gmt":"2017-07-01T15:48:36","guid":{"rendered":"http:\/\/www.adrianwood.ch\/?page_id=12060"},"modified":"2017-07-03T08:22:48","modified_gmt":"2017-07-03T08:22:48","slug":"einfuhrung","status":"publish","type":"page","link":"https:\/\/www.adrianwood.ch\/?page_id=12060","title":{"rendered":"Einf\u00fchrung"},"content":{"rendered":"<div class=\"pmdi_content_wrapper\">\n<p class=\"Normal-P\" style=\"margin-bottom: 6pt; text-align: justify; text-justify: inter-ideograph; direction: ltr; unicode-bidi: normal;\"><span class=\"Normal-H\"><span style=\"font-family: Times New Roman; font-weight: bold;\">Einf\u00fchrung und Zusammenfassung<\/span><\/span><\/p>\n<table class=\"TableGrid-T\" style=\"border-collapse: collapse;\" cellspacing=\"0\">\n<tbody>\n<tr class=\"-R\">\n<td class=\"-C\" style=\"width: 492.7pt; border: none windowtext 0pt;\" colspan=\"2\">\n<p class=\"Normal-P\" style=\"margin-bottom: 6pt; text-align: justify; text-justify: inter-ideograph; direction: ltr; unicode-bidi: normal;\"><span class=\"Normal-H\"><span style=\"font-family: Times New Roman;\">Diese Reise war unser dritter Besuch der Kanarischen Inseln. In 2005 waren wir auf La Palma und in 2014 gingen wir schon mit Marion und J\u00f6rg als Wanderf\u00fchrern auf ihre Heimat Inseln Teneriffa. Dieses Mal ging es nach Gran Canaria und Lanzarote, die mehr als touristische Badeinseln als Wanderinseln bekannt sind. Zu Unrecht finde ich, weil beide Inseln dem Wanderer viel zu bieten haben. Sie sind nicht so gross und vielf\u00e4ltig als Teneriffa, aber die Kombination von 8 Tagen auf Gran Canaria und 6 Tagen auf Lanzarote hat ein sehr interessantes und variantenreiches Programm erm\u00f6glicht.<\/span><\/span><\/p>\n<\/td>\n<\/tr>\n<tr class=\"-R\">\n<td class=\"-C\" style=\"width: 492.7pt; border: none windowtext 0pt;\" colspan=\"2\">\n<p class=\"Normal-P\" style=\"margin-bottom: 6pt; text-align: justify; text-justify: inter-ideograph; direction: ltr; unicode-bidi: normal;\"><span class=\"Normal-H\"><span style=\"font-family: Times New Roman;\">Ich hatte beide Inseln in den Jahren vorher besucht: Gran Canaria in 2015 mit einer von <\/span><span style=\"font-family: Times New Roman;\">Marion\u2019s<\/span><span style=\"font-family: Times New Roman;\"> Wandergruppen und Lanzarote in 2016 auf eigene Faust aber doch mit einem Wanderf\u00fchrer an drei Tagen. So konnte ich fast alle Wanderungen im voraus kennen lernen, obwohl wir nicht immer genau den gleichen Teil gelaufen sind, zum Beispiel bei der Klippenwanderungen <\/span><span style=\"font-family: Times New Roman;\">Risco<\/span><span style=\"font-family: Times New Roman;\"> de <\/span><span style=\"font-family: Times New Roman;\">Femara<\/span><span style=\"font-family: Times New Roman;\"> auf Lanzarote. Auch dort, nach der La <\/span><span style=\"font-family: Times New Roman;\">Geria<\/span><span style=\"font-family: Times New Roman;\"> Weingebiet Wanderung, haben wir eine andere Bodega besucht, aber doch den gleichen grossen grauen Vogel, Deutsch &#8211;<\/span><span style=\"font-family: Times New Roman;\">Raub W\u00fcrger, Englisch &#8211; Great Grey <\/span><span style=\"font-family: Times New Roman;\">Shrike<\/span><span style=\"font-family: Times New Roman;\">, gesehen. Dieses Mal konnte ich ein Bild von einem machen. <\/span><\/span><\/p>\n<\/td>\n<\/tr>\n<tr class=\"-R\">\n<td class=\"-C\" style=\"width: 492.7pt; border: none windowtext 0pt;\" colspan=\"2\">\n<p class=\"Normal-P\" style=\"margin-bottom: 6pt; text-align: justify; text-justify: inter-ideograph; direction: ltr; unicode-bidi: normal;\"><span class=\"Normal-H\"><span style=\"font-family: Times New Roman;\"><img loading=\"lazy\" decoding=\"async\" class=\"\" src=\"http:\/\/www.adrianwood.ch\/wp-content\/uploads\/2017\/07\/1498924042_image1.jpg\" data-link=\"\" width=\"746\" height=\"498\"><\/span><\/span><\/p>\n<\/td>\n<\/tr>\n<tr class=\"-R\">\n<td class=\"-C\" style=\"width: 492.7pt; border: none windowtext 0pt;\" colspan=\"2\">\n<p class=\"Normal-P\" style=\"margin-bottom: 6pt; text-align: justify; text-justify: inter-ideograph; direction: ltr; unicode-bidi: normal;\"><span class=\"Normal-H\"><span style=\"font-family: Times New Roman;\">Gran Canaria ist eine kegelf\u00f6rmige Insel mit Bergen, die im zentralen Teil fast 2000m erreichen<\/span><span style=\"font-family: Times New Roman;\">, gekr\u00f6nt von sein Wahrzeichen den Roque de <\/span><span style=\"font-family: Times New Roman;\">Nublo<\/span><span style=\"font-family: Times New Roman;\">. Diese H\u00f6he reicht, um die Feuchtigkeit der Passat Winde einzufangen und erlaubt das Wachstum einer \u00fcppigen Vegetation. Anderseits ist es an der K\u00fcste sehr karg und trocken mit einer w\u00fcstenhaften Vegetation. Hier, besonders im S\u00fcden findet man die sch\u00f6nen Sandstr\u00e4nde und die dazu geh\u00f6renden Bettenburgen. <\/span><span style=\"font-family: Times New Roman;\">Anderseits <\/span><span style=\"font-family: Times New Roman;\">reicht<\/span><span style=\"font-family: Times New Roman;\"> d<\/span><span style=\"font-family: Times New Roman;\">ie h\u00f6chste Erhebung auf Lanzarote kaum \u00fcber 600m und die ganze Insel ist <\/span><span style=\"font-family: Times New Roman;\">deswegen <\/span><span style=\"font-family: Times New Roman;\">trocken und nur sp\u00e4rlich bewachsen. Die Landschaft ist gepr\u00e4gt vom Vulkanismus und grosse Teile liegen unter relativ neuen (18.Jahrhundert) Lavafl\u00fcssen, die <\/span><span style=\"font-family: Times New Roman;\">an <\/span><span style=\"font-family: Times New Roman;\">manche Orten<\/span><span style=\"font-family: Times New Roman;\"> sehr eindr\u00fcckliche Formen bilden.<\/span><\/span><\/p>\n<p class=\"Normal-P\" style=\"margin-bottom: 6pt; text-align: justify; text-justify: inter-ideograph; direction: ltr; unicode-bidi: normal;\"><span class=\"Normal-H\"><span style=\"font-family: Times New Roman;\">Wir konnten mit EasyJet direkt von Basel nach Gran Canaria und auch direkt von Lanzarote zur\u00fcck nach Basel fliegen. Zwischen den Inseln ging es mit einer lokalen <\/span><span style=\"font-family: Times New Roman;\">Flugline<\/span><span style=\"font-family: Times New Roman;\">. Zuerst hatte ich die Abreise an einem Samstag geplant, aber wegen den ung\u00fcnstigen Flugzeiten habe ich es, relative kurzfristig nachdem schon alle Anmeldungen eingetroffen waren, auf Mittwoch ge\u00e4ndert. Daf\u00fcr mussten wir am Abreisetag schon sehr fr\u00fch aus den Federn steigen. Mehr als in fr\u00fcheren Jahre kamen einige Anmeldungen von Mitgliedern der Naturfreunde die sehr willkommen waren.<\/span><\/span><\/p>\n<\/td>\n<\/tr>\n<tr class=\"-R\">\n<td class=\"-C\" style=\"width: 245.75pt; border: none windowtext 0pt;\">\n<p class=\"Normal-P\" style=\"margin-bottom: 6pt; text-align: justify; text-justify: inter-ideograph; direction: ltr; unicode-bidi: normal;\"><span class=\"Normal-H\"><span style=\"font-family: Times New Roman;\"><img loading=\"lazy\" decoding=\"async\" class=\"\" src=\"http:\/\/www.adrianwood.ch\/wp-content\/uploads\/2017\/07\/1498924042_image2.jpg\" data-link=\"\" width=\"349\" height=\"233\"><\/span><\/span><\/p>\n<\/td>\n<td class=\"-C\" style=\"width: 246.95pt; border: none windowtext 0pt;\">\n<p class=\"Normal-P\" style=\"margin-bottom: 6pt; text-align: justify; text-justify: inter-ideograph; direction: ltr; unicode-bidi: normal;\"><span class=\"Normal-H\"><span style=\"font-family: Times New Roman;\"><img loading=\"lazy\" decoding=\"async\" class=\"\" src=\"http:\/\/www.adrianwood.ch\/wp-content\/uploads\/2017\/07\/1498924042_image3.jpg\" data-link=\"\" width=\"349\" height=\"232\"><\/span><\/span><\/p>\n<\/td>\n<\/tr>\n<tr class=\"-R\">\n<td class=\"-C\" style=\"width: 492.7pt; border: none windowtext 0pt;\" colspan=\"2\">\n<p class=\"Normal-P\" style=\"margin-bottom: 6pt; text-align: justify; text-justify: inter-ideograph; direction: ltr; unicode-bidi: normal;\"><span class=\"Normal-H\"><span style=\"font-family: Times New Roman;\">Unser erstes Hotel auf Gran Canaria in San <\/span><span style=\"font-family: Times New Roman;\">Bartoleme<\/span><span style=\"font-family: Times New Roman;\"> lag sch\u00f6n in den Bergen auf 700m H\u00f6he und war von <\/span><span style=\"font-family: Times New Roman;\">\u00fcberschaulicher<\/span><span style=\"font-family: Times New Roman;\"> Gr\u00f6sse, hat aber trotzdem ein <\/span><span style=\"font-family: Times New Roman;\">Wellneszone<\/span><span style=\"font-family: Times New Roman;\"> und einen Aussen Pool <\/span><span style=\"font-family: Times New Roman;\">besitz<\/span><span style=\"font-family: Times New Roman;\">t. Leider wurden wir von durchzogenem Wetter begr\u00fcsst und haben unsere Erkundung der Ortschaft bei Regen gemacht. Das Wetter besserte sich f\u00fcr die anschliessende Wanderung, aber w\u00e4hrend den n\u00e4chsten Tagen waren die Berggipfeln immer noch in Wolken geh\u00fcllt. Wir mussten das Programm umstellen und zuerst die Wanderungen mehr im K\u00fcstenn\u00e4he durchf\u00fchren und die Bergwanderungen sp\u00e4ter, w\u00e4hrend wir schon unten an der K\u00fcste wohnten, nachholen. Das war eigentlich kein Problem ausser, dass es l\u00e4ngere Busfahrten bedingt hat. Unser Hotel in San Augustin an der K\u00fcste war schon <\/span><span style=\"font-family: Times New Roman;\">ein Bettenburg<\/span><span style=\"font-family: Times New Roman;\"> mit einer riesigen Wellnesszone und mehreren Aussen Pools, aber nicht schlecht gemacht.<\/span><\/span><\/p>\n<\/td>\n<\/tr>\n<tr class=\"-R\">\n<td class=\"-C\" style=\"width: 245.75pt; border: none windowtext 0pt;\">\n<p class=\"Normal-P\" style=\"margin-bottom: 6pt; text-align: justify; text-justify: inter-ideograph; direction: ltr; unicode-bidi: normal;\"><span class=\"Normal-H\"><span style=\"font-family: Times New Roman;\"><img loading=\"lazy\" decoding=\"async\" class=\"\" src=\"http:\/\/www.adrianwood.ch\/wp-content\/uploads\/2017\/07\/1498924042_image4.jpg\" data-link=\"\" width=\"349\" height=\"233\"><\/span><\/span><\/p>\n<\/td>\n<td class=\"-C\" style=\"width: 246.95pt; border: none windowtext 0pt;\">\n<p class=\"Normal-P\" style=\"margin-bottom: 6pt; text-align: justify; text-justify: inter-ideograph; direction: ltr; unicode-bidi: normal;\"><span class=\"Normal-H\"><span style=\"font-family: Times New Roman;\"><img loading=\"lazy\" decoding=\"async\" class=\"\" src=\"http:\/\/www.adrianwood.ch\/wp-content\/uploads\/2017\/07\/1498924042_image5.jpg\" data-link=\"\" width=\"349\" height=\"232\"><\/span><\/span><\/p>\n<\/td>\n<\/tr>\n<tr class=\"-R\">\n<td class=\"-C\" style=\"width: 492.7pt; border: none windowtext 0pt;\" colspan=\"2\">\n<p class=\"Normal-P\" style=\"margin-bottom: 6pt; text-align: justify; text-justify: inter-ideograph; direction: ltr; unicode-bidi: normal;\"><span class=\"Normal-H\"><span style=\"font-family: Times New Roman;\">Auf Lanzarote hatten wir keine solchen <\/span><span style=\"font-family: Times New Roman;\">Wetterprobleme<\/span><span style=\"font-family: Times New Roman;\">. Es gab die ganze Zeit einen strahlend blauen Himmel, obwohl die Sicht nicht immer so klar war wie ich es ein Jahr fr\u00fcher erlebt hatte. Unser vier-und-halb Stern Hotel liess nichts zu w\u00fcnschen \u00fcbrig, ausser vielleicht Ruhe und Einsamkeit. Erstaunlich, dass manche Leute scheinbar ihr ganze Ferienzeit innerhalb <\/span><span style=\"font-family: Times New Roman;\">solche Ressortanlagen<\/span><span style=\"font-family: Times New Roman;\"> verbringen. Gut war, dass das riesige Buffetangebot zum Teil draussen vorbereitet wurde und man auch neben der Poollandschaft sitzen konnte \u2013 auch beim Fr\u00fchst\u00fcck. Wenn man den halbversteckten hinteren Ausgang gefunden hatte, kam man direkt zu einem sch\u00f6nen Strand mit sehr viel Platz.<\/span><\/span><\/p>\n<\/td>\n<\/tr>\n<tr class=\"-R\">\n<td class=\"-C\" style=\"width: 245.75pt; border: none windowtext 0pt;\">\n<p class=\"Normal-P\" style=\"margin-bottom: 6pt; text-align: justify; text-justify: inter-ideograph; direction: ltr; unicode-bidi: normal;\"><span class=\"Normal-H\"><span style=\"font-family: Times New Roman;\"><img loading=\"lazy\" decoding=\"async\" class=\"\" src=\"http:\/\/www.adrianwood.ch\/wp-content\/uploads\/2017\/07\/1498924042_image6.jpg\" data-link=\"\" width=\"349\" height=\"233\"><\/span><\/span><\/p>\n<\/td>\n<td class=\"-C\" style=\"width: 246.95pt; border: none windowtext 0pt;\">\n<p class=\"Normal-P\" style=\"margin-bottom: 6pt; text-align: justify; text-justify: inter-ideograph; direction: ltr; unicode-bidi: normal;\"><span class=\"Normal-H\"><span style=\"font-family: Times New Roman;\"><img loading=\"lazy\" decoding=\"async\" class=\"\" src=\"http:\/\/www.adrianwood.ch\/wp-content\/uploads\/2017\/07\/1498924042_image7.jpg\" data-link=\"\" width=\"349\" height=\"232\"><\/span><\/span><\/p>\n<\/td>\n<\/tr>\n<tr class=\"-R\">\n<td class=\"-C\" style=\"width: 245.75pt; border: none windowtext 0pt;\"><\/td>\n<td class=\"-C\" style=\"width: 246.95pt; border: none windowtext 0pt;\"><\/td>\n<\/tr>\n<tr class=\"-R\">\n<td class=\"-C\" style=\"width: 492.7pt; border: none windowtext 0pt;\" colspan=\"2\">\n<p class=\"Normal-P\" style=\"margin-bottom: 6pt; text-align: justify; text-justify: inter-ideograph; direction: ltr; unicode-bidi: normal;\"><span class=\"Normal-H\"><span style=\"font-family: Times New Roman;\">Wir hatten ein ziemlich volles Programm mit zwei freien Tagen, abgesehen vom Transfertag zwischen den zwei Inseln. Das Abendessen hat jeden Tag am Hotelbuffet stattgefunden, aber wir hatten doch einige sp\u00e4te Mittagessen oder Weinproben in kleinen lokalen Restaurants oder Bodegas. Einmal habe ich f\u00fcr mich einen ganzen Fisch bestellt direkt am Meer sitzend in El <\/span><span style=\"font-family: Times New Roman;\">Golfo<\/span><span style=\"font-family: Times New Roman;\">, eine Ortschaft, die ich im Vorjahr nicht erreicht hatte. Der Fisch war wirklich ausgezeichnet.<\/span><\/span><\/p>\n<\/td>\n<\/tr>\n<tr class=\"-R\">\n<td class=\"-C\" style=\"width: 245.75pt; border: none windowtext 0pt;\">\n<p class=\"Normal-P\" style=\"margin-bottom: 6pt; text-align: justify; text-justify: inter-ideograph; direction: ltr; unicode-bidi: normal;\"><span class=\"Normal-H\"><span style=\"font-family: Times New Roman;\"><img loading=\"lazy\" decoding=\"async\" class=\"\" src=\"http:\/\/www.adrianwood.ch\/wp-content\/uploads\/2017\/07\/1498924042_image8.jpg\" data-link=\"\" width=\"349\" height=\"233\"><\/span><\/span><\/p>\n<\/td>\n<td class=\"-C\" style=\"width: 246.95pt; border: none windowtext 0pt;\">\n<p class=\"Normal-P\" style=\"margin-bottom: 6pt; text-align: justify; text-justify: inter-ideograph; direction: ltr; unicode-bidi: normal;\"><span class=\"Normal-H\"><span style=\"font-family: Times New Roman;\"><img loading=\"lazy\" decoding=\"async\" class=\"\" src=\"http:\/\/www.adrianwood.ch\/wp-content\/uploads\/2017\/07\/1498924042_image9.jpg\" data-link=\"\" width=\"349\" height=\"232\"><\/span><\/span><\/p>\n<\/td>\n<\/tr>\n<tr class=\"-R\">\n<td class=\"-C\" style=\"width: 492.7pt; border: none windowtext 0pt;\" colspan=\"2\">\n<p class=\"Normal-P\" style=\"margin-bottom: 6pt; text-align: justify; text-justify: inter-ideograph; direction: ltr; unicode-bidi: normal;\"><span class=\"Normal-H\"><span style=\"font-family: Times New Roman;\">Auf Gran Canaria haben die meisten Teilnehmer die Sandd\u00fcnen und Str\u00e4nde von Maspalomas besucht und auf Lanzarote habe ich am letzten Tag einen Ausflug auf die kleine Nebeninsel La <\/span><span style=\"font-family: Times New Roman;\">Graciosa<\/span><span style=\"font-family: Times New Roman;\"> angeboten. Zur meiner <\/span><span style=\"font-family: Times New Roman;\">Ueberraschung<\/span><span style=\"font-family: Times New Roman;\"> sind nur acht Personen mitgekommen. Wir hatten einen sch\u00f6nen ruhigen Tag auf der autofreien Insel &#8211; mein Lieblings Platz von Lanzarote. Den ber\u00fchmten <\/span><span style=\"font-family: Times New Roman;\">Papagayo<\/span><span style=\"font-family: Times New Roman;\"> Strand im S\u00fcden, den ich am Tag vorher mit dem Mietauto schnell besucht habe, ist bei weitem nicht so sch\u00f6n und sowieso etwas \u00fcberlaufen.<\/span><\/span><\/p>\n<\/td>\n<\/tr>\n<tr class=\"-R\">\n<td class=\"-C\" style=\"width: 245.75pt; border: none windowtext 0pt;\">\n<p class=\"Normal-P\" style=\"margin-bottom: 6pt; text-align: justify; text-justify: inter-ideograph; direction: ltr; unicode-bidi: normal;\"><span class=\"Normal-H\"><span style=\"font-family: Times New Roman;\"><img loading=\"lazy\" decoding=\"async\" class=\"\" src=\"http:\/\/www.adrianwood.ch\/wp-content\/uploads\/2017\/07\/1498924042_image10.jpg\" data-link=\"\" width=\"350\" height=\"234\"><\/span><\/span><\/p>\n<\/td>\n<td class=\"-C\" style=\"width: 246.95pt; border: none windowtext 0pt;\">\n<p class=\"Normal-P\" style=\"margin-bottom: 6pt; text-align: justify; text-justify: inter-ideograph; direction: ltr; unicode-bidi: normal;\"><span class=\"Normal-H\"><span style=\"font-family: Times New Roman;\"><img loading=\"lazy\" decoding=\"async\" class=\"\" src=\"http:\/\/www.adrianwood.ch\/wp-content\/uploads\/2017\/07\/1498924042_image11.jpg\" data-link=\"\" width=\"349\" height=\"232\"><\/span><\/span><\/p>\n<\/td>\n<\/tr>\n<tr class=\"-R\">\n<td class=\"-C\" style=\"width: 492.7pt; border: none windowtext 0pt;\" colspan=\"2\">\n<p class=\"Normal-P\" style=\"margin-bottom: 6pt; text-align: justify; text-justify: inter-ideograph; direction: ltr; unicode-bidi: normal;\"><span class=\"Normal-H\"><span style=\"font-family: Times New Roman;\">Kultur gab es wenig, ausser <\/span><span style=\"font-family: Times New Roman;\">die Erkundung<\/span><span style=\"font-family: Times New Roman;\"> der Werke von Cesar Manrique auf Lanzarote: <\/span><span style=\"font-family: Times New Roman;\">Jameos<\/span><span style=\"font-family: Times New Roman;\"> del Agua und sein Haus in <\/span><span style=\"font-family: Times New Roman;\">Haria<\/span><span style=\"font-family: Times New Roman;\">, das von einem Teil der Gruppe besucht wurde. Hie und da auf Gran Canaria sahen wir Resten von den H\u00f6hlen und Behausungen der Ureinwohner, wovon nicht viel <\/span><span style=\"font-family: Times New Roman;\">\u00fcbrig<\/span><span style=\"font-family: Times New Roman;\">geblieben ist.<\/span><\/span><\/p>\n<p class=\"Normal-P\" style=\"margin-bottom: 6pt; text-align: justify; text-justify: inter-ideograph; direction: ltr; unicode-bidi: normal;\"><span class=\"Normal-H\"><span style=\"font-family: Times New Roman;\">Ich glaube ich kann sagen, dass die Wanderferien wieder gut gelaufen sind und von allen genossen wurden. Es gab zwei Verletzungs-\/Krankheits-bedingte Ausf\u00e4lle, die aber nichts sehr ernsthaft waren. Leider konnte ein angemeldeter Teilnehmer die Reise gar nicht antreten, aber <\/span><span style=\"font-family: Times New Roman;\">es ging ihm bald wieder besser.<\/span><\/span><\/p>\n<p class=\"Normal-P\" style=\"margin-bottom: 6pt; text-align: justify; text-justify: inter-ideograph; direction: ltr; unicode-bidi: normal;\"><span class=\"Normal-H\"><span style=\"font-family: Times New Roman;\">Ich bedanke mich bei den Stammkunden f\u00fcr ihre Treue, bei den Neulingen f\u00fcr ihren Mut und bei allen f\u00fcr ihr Vertrauen und Geduld. Danke an alle Berichtsschreibenden und besonders an Hanspeter Sauter f\u00fcr die GPS Aufzeichnungen. Hoffentlich sehen wir uns noch mehrmals auf zuk\u00fcnftigen Wanderferien. Ich w\u00fcnsche Euch allen ein sch\u00f6nes Jahr und vor allem gute Gesundheit.<\/span><\/span><\/p>\n<p class=\"Normal-P\" style=\"margin-bottom: 6pt; text-align: justify; text-justify: inter-ideograph; direction: ltr; unicode-bidi: normal;\"><span class=\"Normal-H\"><span style=\"font-family: Times New Roman;\">Adrian<\/span><\/span><\/p>\n<\/td>\n<\/tr>\n<tr class=\"-R\">\n<td class=\"-C\" style=\"width: 492.7pt; border: none windowtext 0pt;\" colspan=\"2\">\n<p class=\"Normal-P\" style=\"margin-bottom: 6pt; text-align: justify; text-justify: inter-ideograph; direction: ltr; unicode-bidi: normal;\"><span class=\"Normal-H\"><span style=\"font-family: Times New Roman;\"><img loading=\"lazy\" decoding=\"async\" class=\"\" src=\"http:\/\/www.adrianwood.ch\/wp-content\/uploads\/2017\/07\/1498924042_image12.jpg\" data-link=\"\" width=\"747\" height=\"335\"><\/span><\/span><\/p>\n<\/td>\n<\/tr>\n<p><!-- [if !supportMisalignedColumns]--><\/tbody>\n<\/table>\n<\/div>\n","protected":false},"excerpt":{"rendered":"<p>Einf\u00fchrung und Zusammenfassung Diese Reise war unser dritter Besuch der Kanarischen Inseln. In 2005 waren wir auf La Palma und in 2014 gingen wir schon mit Marion und J\u00f6rg als Wanderf\u00fchrern auf ihre Heimat Inseln Teneriffa. Dieses Mal ging es nach Gran Canaria und Lanzarote, die mehr als touristische Badeinseln als Wanderinseln bekannt sind. Zu &hellip; <a href=\"https:\/\/www.adrianwood.ch\/?page_id=12060\" class=\"more-link\">Continue reading <span class=\"screen-reader-text\">Einf\u00fchrung<\/span> <span class=\"meta-nav\">&rarr;<\/span><\/a><\/p>\n","protected":false},"author":1,"featured_media":0,"parent":12056,"menu_order":2562,"comment_status":"closed","ping_status":"closed","template":"","meta":{"ngg_post_thumbnail":0,"footnotes":""},"class_list":["post-12060","page","type-page","status-publish","hentry"],"_links":{"self":[{"href":"https:\/\/www.adrianwood.ch\/index.php?rest_route=\/wp\/v2\/pages\/12060","targetHints":{"allow":["GET"]}}],"collection":[{"href":"https:\/\/www.adrianwood.ch\/index.php?rest_route=\/wp\/v2\/pages"}],"about":[{"href":"https:\/\/www.adrianwood.ch\/index.php?rest_route=\/wp\/v2\/types\/page"}],"author":[{"embeddable":true,"href":"https:\/\/www.adrianwood.ch\/index.php?rest_route=\/wp\/v2\/users\/1"}],"replies":[{"embeddable":true,"href":"https:\/\/www.adrianwood.ch\/index.php?rest_route=%2Fwp%2Fv2%2Fcomments&post=12060"}],"version-history":[{"count":9,"href":"https:\/\/www.adrianwood.ch\/index.php?rest_route=\/wp\/v2\/pages\/12060\/revisions"}],"predecessor-version":[{"id":12404,"href":"https:\/\/www.adrianwood.ch\/index.php?rest_route=\/wp\/v2\/pages\/12060\/revisions\/12404"}],"up":[{"embeddable":true,"href":"https:\/\/www.adrianwood.ch\/index.php?rest_route=\/wp\/v2\/pages\/12056"}],"wp:attachment":[{"href":"https:\/\/www.adrianwood.ch\/index.php?rest_route=%2Fwp%2Fv2%2Fmedia&parent=12060"}],"curies":[{"name":"wp","href":"https:\/\/api.w.org\/{rel}","templated":true}]}}