{"id":12081,"date":"2017-07-02T09:23:56","date_gmt":"2017-07-02T09:23:56","guid":{"rendered":"http:\/\/www.adrianwood.ch\/?page_id=12081"},"modified":"2017-07-02T09:38:59","modified_gmt":"2017-07-02T09:38:59","slug":"gran-canaria","status":"publish","type":"page","link":"https:\/\/www.adrianwood.ch\/?page_id=12081","title":{"rendered":"Gran Canaria"},"content":{"rendered":"<div class=\"pmdi_content_wrapper\">\n<p class=\"Standard-P\" style=\"margin-bottom: 6pt; text-align: justify; text-justify: inter-ideograph; direction: ltr; unicode-bidi: normal;\"><a href=\"http:\/\/www.adrianwood.ch\/wp-content\/uploads\/2017\/07\/GCL_0254_r7.jpg\"><img loading=\"lazy\" decoding=\"async\" class=\"size-full wp-image-12082\" src=\"http:\/\/www.adrianwood.ch\/wp-content\/uploads\/2017\/07\/GCL_0254_r7.jpg\" alt=\"\" width=\"730\" height=\"487\" srcset=\"https:\/\/www.adrianwood.ch\/wp-content\/uploads\/2017\/07\/GCL_0254_r7.jpg 730w, https:\/\/www.adrianwood.ch\/wp-content\/uploads\/2017\/07\/GCL_0254_r7-300x200.jpg 300w\" sizes=\"auto, (max-width: 730px) 100vw, 730px\" \/><\/a><\/p>\n<p>Sicht auf Roque Nublo und Bentaiga von Antenara<\/p>\n<p class=\"Normal-P\" style=\"direction: ltr; unicode-bidi: normal;\"><span class=\"Normal-H\"><span style=\"font-weight: bold; font-size: 14pt;\">26.April \u2013 03.Mai <\/span><span style=\"font-weight: bold; font-size: 14pt;\">2017<\/span><span style=\"font-weight: bold; font-size: 14pt;\">, <\/span><span style=\"font-weight: bold; font-size: 14pt;\">Gran Canaria, <\/span><span style=\"font-weight: bold; font-size: 14pt;\">Reiseprogramm und Bilder<\/span><\/span><\/p>\nngg_shortcode_0_placeholder\n<p class=\"Standard-P\" style=\"margin-bottom: 6pt; text-align: justify; text-justify: inter-ideograph; direction: ltr; unicode-bidi: normal;\"><span class=\"Standard-H\"><span style=\"font-weight: bold;\">1. Tag, <\/span><span style=\"font-weight: bold;\">Mi<\/span><span style=\"font-weight: bold;\">. 2<\/span><span style=\"font-weight: bold;\">6<\/span><span style=\"font-weight: bold;\">.04. <\/span>Anreise, Hinflug nach Gran Canaria. Begr\u00fc\u00dfung im Hotel durch \u201cDer Wanderstab\u201d Information zum Ablauf der Wanderwoche (\u00dc in Las Tirajanas). Gemeinsames Abendessen im Hotel. <\/span><\/p>\n<p class=\"Standard-P\" style=\"margin-bottom: 6pt; text-align: justify; text-justify: inter-ideograph; direction: ltr; unicode-bidi: normal;\"><span class=\"Standard-H\"><span style=\"font-weight: bold;\">2. Tag, <\/span><span style=\"font-weight: bold;\">D<\/span><span style=\"font-weight: bold;\">o. 2<\/span><span style=\"font-weight: bold;\">7<\/span><span style=\"font-weight: bold;\">.04. Im Tal von Santa Bartholome de Tirajana<\/span><span style=\"font-weight: bold;\">nach Santa Lucia und Ansite<\/span><\/span><\/p>\n<p class=\"Standard-P\" style=\"margin-bottom: 0pt; text-align: justify; text-justify: inter-ideograph; direction: ltr; unicode-bidi: normal;\"><span class=\"Standard-H\">Auf 100 m \/Ab 280 m &#8211; Gehzeit 2,5 &#8211; 3 h &#8211; * leicht <\/span><\/p>\n<p class=\"Standard-P\" style=\"margin-bottom: 6pt; text-align: justify; text-justify: inter-ideograph; direction: ltr; unicode-bidi: normal;\"><span class=\"Standard-H\">Den ersten Wandertag beginnen wir im blumenreichen Tal von Santa Lucia und seinen traditionellen \u00d6lm\u00fchlen. In Santa Lucia folgen wir dem alten Camino auf den Spuren der Ureinwohner Gran Canarias. Unser Ziel ist die Felsfestung Ansite, die den Tamaranen als letzte Zufluchts- und Wohnst\u00e4tte z. Zt. der spanische Eroberung diente. Im Anschluss lassen wir den Tag in einer urigen Bar gem\u00fctlich ausklingen<\/span><\/p>\n<p class=\"Standard-P\" style=\"margin-bottom: 6pt; text-align: justify; text-justify: inter-ideograph; direction: ltr; unicode-bidi: normal;\"><span class=\"Standard-H\"><span style=\"font-weight: bold;\">3. Tag, <\/span><span style=\"font-weight: bold;\">Fr<\/span><span style=\"font-weight: bold;\">. 2<\/span><span style=\"font-weight: bold;\">8<\/span><span style=\"font-weight: bold;\">.04. Panoramareicher Kammweg zum H\u00f6hlendorf Artenara<\/span><\/span><\/p>\n<p class=\"Standard-P\" style=\"margin-bottom: 0pt; text-align: justify; text-justify: inter-ideograph; direction: ltr; unicode-bidi: normal;\"><span class=\"Standard-H\">Auf 200 m \/Ab 390 m &#8211; Gehzeit 3,5 Std. -** mittel <\/span><\/p>\n<p class=\"Standard-P\" style=\"margin-bottom: 6pt; text-align: justify; text-justify: inter-ideograph; direction: ltr; unicode-bidi: normal;\"><span class=\"Standard-H\">Vom alten Wegkreuz Tejeda wandern wir entlang der Wetterscheide mit grandiosen Aussichten auf das zentrale Hochgebirge mit den markanten Felsen Roque Nublo und Roque Bentaiga nach Artenara. Wir passieren die \u201cCuevas de Caballeros\u201d (H\u00f6hlen der Herren), die den Altkanariern als Wohnst\u00e4tte mit nat\u00fcrlichen Aussichtsterrassen dienten. Unsere Wanderung beenden wir im h\u00fcbschen und abgeschiedenen Bergdorf Artenara mit einer gem\u00fctlichen Einkehr.<\/span><\/p>\n<p class=\"Standard-P\" style=\"margin-bottom: 6pt; text-align: justify; text-justify: inter-ideograph; direction: ltr; unicode-bidi: normal;\"><span class=\"Standard-H\"><span style=\"font-weight: bold;\">4. Tag, <\/span><span style=\"font-weight: bold;\">Sa<\/span><span style=\"font-weight: bold;\">. 2<\/span><span style=\"font-weight: bold;\">9<\/span><span style=\"font-weight: bold;\">.04. Zum Wahrzeichen der Insel, Roque Nublo<\/span><\/span><\/p>\n<p class=\"Standard-P\" style=\"margin-bottom: 0pt; text-align: justify; text-justify: inter-ideograph; direction: ltr; unicode-bidi: normal;\"><span class=\"Standard-H\">Auf 280 m \/ Ab 300 m &#8211; Gehzeit ca. 3,5 &#8211; 4 Std. ** mittel <\/span><\/p>\n<p class=\"Standard-P\" style=\"margin-bottom: 6pt; text-align: justify; text-justify: inter-ideograph; direction: ltr; unicode-bidi: normal;\"><span class=\"Standard-H\">Unsere Wanderung f\u00fchrt uns zum \u201cRoque Nublo\u201d, den Wolkenfels im Inselzentrum. Ein schmaler Steinpfad bringt uns zum Felssockel und seinen altkanarischen Kultpl\u00e4tzen hinauf. Als urspr\u00fcnglicher Vulkanschlot ist er durch Erosion gepr\u00e4gt und ragt gut 65 m steil vor uns auf. Wir genie\u00dfen die grandiosen Ausblicke auf die bizarre Berglandschaft Gran Canarias und durchwandern das Tal von Asserado.<\/span><\/p>\n<p class=\"Standard-P\" style=\"margin-bottom: 6pt; text-align: justify; text-justify: inter-ideograph; direction: ltr; unicode-bidi: normal;\"><span class=\"Standard-H\"><span style=\"font-weight: bold;\">5.Tag, <\/span><span style=\"font-weight: bold;\">So<\/span><span style=\"font-weight: bold;\">. <\/span><span style=\"font-weight: bold;\">30<\/span><span style=\"font-weight: bold;\">.04<\/span>. <span style=\"font-weight: bold;\">Aussichtsreicher Abstieg durch den Natternkopfwald b<\/span><span style=\"font-weight: bold;\">ei<\/span><span style=\"font-weight: bold;\"> Valsequillo<\/span><\/span><\/p>\n<p class=\"Standard-P\" style=\"margin-bottom: 0pt; text-align: justify; text-justify: inter-ideograph; direction: ltr; unicode-bidi: normal;\"><span class=\"Standard-H\">Auf 100 m \/Ab 480 m Gehzeit 3 -3,5 Std. *leicht -** mittel<\/span><\/p>\n<p class=\"Standard-P\" style=\"margin-bottom: 6pt; text-align: justify; text-justify: inter-ideograph; direction: ltr; unicode-bidi: normal;\"><span class=\"Standard-H\">Der eindrucksvolle Krater Los Marteles liegt auf einer H\u00f6he von 650 m. Nachdem wir ihn durchquert haben, f\u00fchrt uns ein geschwungener Felsenpfad durch den prachtvollen, blau bl\u00fchenden Natternkopfwald ins Tal von Valsequillo und seinen traditionellen K\u00e4sereien. An den sch\u00f6nsten Aussichtspl\u00e4tzen verweilen wir und genie\u00dfen die phantastische Aussicht auf die sanft h\u00fcgelige Landschaft des Roque Grande. Unsere Wanderung endet in Tenteniguada in einer lokalen K\u00e4serei, in der wir den einheimischen K\u00e4se probieren k\u00f6nnen. Bezug des neuen Quartiers in San Augustin, Hotel Gloria Palace. <\/span><\/p>\n<p class=\"Standard-P\" style=\"margin-bottom: 6pt; text-align: justify; text-justify: inter-ideograph; direction: ltr; unicode-bidi: normal;\"><span class=\"Standard-H\"><span style=\"font-weight: bold;\">6.Tag, <\/span><span style=\"font-weight: bold;\">M<\/span><span style=\"font-weight: bold;\">o. <\/span><span style=\"font-weight: bold;\">01<\/span><span style=\"font-weight: bold;\">.0<\/span><span style=\"font-weight: bold;\">5<\/span><span style=\"font-weight: bold;\">. freier Tag, fakultativ: Ausflug zur D\u00fcnenlandschaft von Maspalomas und seinem \u00d6kosystem<\/span><\/span><\/p>\n<p class=\"Standard-P\" style=\"margin-bottom: 6pt; text-align: justify; text-justify: inter-ideograph; direction: ltr; unicode-bidi: normal;\"><span class=\"Standard-H\"><span style=\"font-weight: bold;\">7.Tag, <\/span><span style=\"font-weight: bold;\">Di<\/span><span style=\"font-weight: bold;\">. <\/span><span style=\"font-weight: bold;\">02.05<\/span><span style=\"font-weight: bold;\">. Rund um den Vulkankrater Bandama<\/span><\/span><\/p>\n<p class=\"Standard-P\" style=\"margin-bottom: 0pt; text-align: justify; text-justify: inter-ideograph; direction: ltr; unicode-bidi: normal;\"><span class=\"Standard-H\">Auf 280 m \/Ab 280 m &#8211; Gehzeit ca. 3,5 Std. *leicht -** mittel<\/span><\/p>\n<p class=\"Standard-P\" style=\"margin-bottom: 6pt; text-align: justify; text-justify: inter-ideograph; direction: ltr; unicode-bidi: normal;\"><span class=\"Standard-H\">Die \u00f6stliche Region rund um den Vulkankrater Bandama nahe dem Ort Santa Brigida geh\u00f6rt zu den bekanntesten Weinanbaugebieten der Insel. Zun\u00e4chst steigen wir \u00fcber Lavaasche zu den Feldterrassen und der Finca in den Kessel hinab, bevor wir den Kraterrand erwandern. Im Anschluss besuchen wir die Casa del Vino; dort erwartet uns eine inseltypische Weinverkostung mit verschiedenen kulinarischen K\u00f6stlichkeiten.<\/span><\/p>\n<p class=\"Standard-P\" style=\"margin-bottom: 6pt; text-align: justify; text-justify: inter-ideograph; direction: ltr; unicode-bidi: normal;\"><span class=\"Standard-H\"><span style=\"font-weight: bold;\">8.Tag<\/span><span style=\"font-weight: bold;\">,<\/span><span style=\"font-weight: bold;\">Mi<\/span><span style=\"font-weight: bold;\">. <\/span><span style=\"font-weight: bold;\">03.05<\/span><span style=\"font-weight: bold;\">. Wanderung im Tal von Mogan mit anschl. Bootsfahrt von Puerto de Mogan<\/span><\/span><\/p>\n<p class=\"Standard-P\" style=\"margin-bottom: 0pt; text-align: justify; text-justify: inter-ideograph; direction: ltr; unicode-bidi: normal;\"><span class=\"Standard-H\">Wanderzeit ca. 3 Std. Std. \/Auf 280 m \/ Ab 320 m<\/span><\/p>\n<p class=\"Standard-P\" style=\"margin-bottom: 6pt; text-align: justify; text-justify: inter-ideograph; direction: ltr; unicode-bidi: normal;\"><span class=\"Standard-H\">Heute wandern wir \u00fcber den alten Kreuzweg auf die Monta\u1fc6a de Veneguera. Von hier oben genie\u00dfen wir die tolle Aussicht auf das Bergdorf Mogan und die Bergette des S\u00fcdwestens. Danach fahren wir nach Puerto de Mogan, ins \u201eVenedig\u201c von Gran Canaria. Von Puerto de Mogan geht es mit einem boote an der K\u00fcste entlang in den Hafen nach Arguineguin.<\/span><\/p>\n<p class=\"Standard-P\" style=\"margin-bottom: 6pt; text-align: justify; text-justify: inter-ideograph; direction: ltr; unicode-bidi: normal;\">\n<\/div>\n","protected":false},"excerpt":{"rendered":"<p>Sicht auf Roque Nublo und Bentaiga von Antenara 26.April \u2013 03.Mai 2017, Gran Canaria, Reiseprogramm und Bilder &#8221; order_by=&#8221;sortorder&#8221; order_direction=&#8221;ASC&#8221; returns=&#8221;included&#8221; maximum_entity_count=&#8221;500&#8243;] 1. Tag, Mi. 26.04. Anreise, Hinflug nach Gran Canaria. Begr\u00fc\u00dfung im Hotel durch \u201cDer Wanderstab\u201d Information zum Ablauf der Wanderwoche (\u00dc in Las Tirajanas). Gemeinsames Abendessen im Hotel. 2. Tag, Do. 27.04. Im &hellip; <a href=\"https:\/\/www.adrianwood.ch\/?page_id=12081\" class=\"more-link\">Continue reading <span class=\"screen-reader-text\">Gran Canaria<\/span> <span class=\"meta-nav\">&rarr;<\/span><\/a><\/p>\n","protected":false},"author":1,"featured_media":0,"parent":12056,"menu_order":2563,"comment_status":"closed","ping_status":"closed","template":"","meta":{"ngg_post_thumbnail":0,"footnotes":""},"class_list":["post-12081","page","type-page","status-publish","hentry"],"_links":{"self":[{"href":"https:\/\/www.adrianwood.ch\/index.php?rest_route=\/wp\/v2\/pages\/12081","targetHints":{"allow":["GET"]}}],"collection":[{"href":"https:\/\/www.adrianwood.ch\/index.php?rest_route=\/wp\/v2\/pages"}],"about":[{"href":"https:\/\/www.adrianwood.ch\/index.php?rest_route=\/wp\/v2\/types\/page"}],"author":[{"embeddable":true,"href":"https:\/\/www.adrianwood.ch\/index.php?rest_route=\/wp\/v2\/users\/1"}],"replies":[{"embeddable":true,"href":"https:\/\/www.adrianwood.ch\/index.php?rest_route=%2Fwp%2Fv2%2Fcomments&post=12081"}],"version-history":[{"count":4,"href":"https:\/\/www.adrianwood.ch\/index.php?rest_route=\/wp\/v2\/pages\/12081\/revisions"}],"predecessor-version":[{"id":12159,"href":"https:\/\/www.adrianwood.ch\/index.php?rest_route=\/wp\/v2\/pages\/12081\/revisions\/12159"}],"up":[{"embeddable":true,"href":"https:\/\/www.adrianwood.ch\/index.php?rest_route=\/wp\/v2\/pages\/12056"}],"wp:attachment":[{"href":"https:\/\/www.adrianwood.ch\/index.php?rest_route=%2Fwp%2Fv2%2Fmedia&parent=12081"}],"curies":[{"name":"wp","href":"https:\/\/api.w.org\/{rel}","templated":true}]}}