{"id":12160,"date":"2017-07-02T09:44:02","date_gmt":"2017-07-02T09:44:02","guid":{"rendered":"http:\/\/www.adrianwood.ch\/?page_id=12160"},"modified":"2017-07-02T10:21:57","modified_gmt":"2017-07-02T10:21:57","slug":"04-27-santa-lucia","status":"publish","type":"page","link":"https:\/\/www.adrianwood.ch\/?page_id=12160","title":{"rendered":"04-27 Santa Lucia"},"content":{"rendered":"<div class=\"pmdi_content_wrapper\">\n<p class=\"Normal-P\" style=\"margin-bottom: 6pt; text-align: justify; text-justify: inter-ideograph; direction: ltr; unicode-bidi: normal;\"><span class=\"Normal-H\"><span style=\"font-family: Times New Roman; font-weight: bold;\">Donnerstag, <\/span><span style=\"font-family: Times New Roman; font-weight: bold;\">27.<\/span><span style=\"font-family: Times New Roman; font-weight: bold;\">April <\/span><span style=\"font-family: Times New Roman; font-weight: bold;\">2017<\/span><span style=\"font-family: Times New Roman; font-weight: bold;\">, <\/span><span style=\"font-family: Times New Roman; font-weight: bold;\">Im Tal von <\/span><span style=\"font-family: Times New Roman; font-weight: bold;\">San Bartolom\u00e9 de <\/span><span style=\"font-family: Times New Roman; font-weight: bold;\">Tirajanas <\/span><span style=\"font-family: Times New Roman; font-weight: bold;\">nach <\/span><span style=\"font-family: Times New Roman; font-weight: bold;\">Santa Lucia<\/span><span style=\"font-family: Times New Roman; font-weight: bold;\"> und Ansite<\/span><\/span><\/p>\n<table class=\"TableGrid-T\" style=\"border-collapse: collapse;\" cellspacing=\"0\">\n<tbody>\n<tr class=\"-R\">\n<td class=\"-C\" style=\"width: 481.4pt; border: none windowtext 0pt;\" colspan=\"2\">\n<p class=\"paragraph-P\" style=\"margin-bottom: 6pt; text-align: justify; text-justify: inter-ideograph; vertical-align: baseline; direction: ltr; unicode-bidi: normal;\"><span class=\"paragraph-H\"><span class=\"normaltextrun-H\" style=\"; font-size: 11pt;\">Frisch gest\u00e4rkt mit einem guten Fr\u00fchst\u00fcck vom tollen Fr\u00fchst\u00fccksb\u00fcffet im Hotel Las <\/span><span class=\"normaltextrun-H\" style=\"; font-size: 11pt;\">Tirajanas<\/span><span class=\"normaltextrun-H\" style=\"; font-size: 11pt;\"> wollen wir uns um 09:15 zur 1. Wanderung aufmachen. Das Wetter macht aber leider noch Kapriolen, es windet und regnet und ist ziemlich k\u00fchl. Nach einigem Abwarten, gehen wir dann um ca. 10Uhr doch los, unter der F\u00fchrung von J\u00f6rg und Marion, unseren Wanderleitern. Da es immer noch leicht regnet, haben die meisten einen Regenschutz angezogen. Am 1. Wandertag ist eine leichte Wanderung mit ca. 2.5 bis 3h Wanderzeit angek\u00fcndigt. Das Ziel, das Fortaleza von <\/span><span class=\"spellingerror-H\" style=\"; font-size: 11pt;\">Ansite<\/span><span class=\"spellingerror-H\" style=\"; font-size: 11pt;\"> w\u00e4re <\/span><span class=\"normaltextrun-H\" style=\"; font-size: 11pt;\">vom Hotel aus zu sehen, wenn man nach S\u00fcden, Richtung Mas Palomas schaut. In Anbetracht des Wetters und Unkenntnis der Geographie ist di<\/span><span class=\"normaltextrun-H\" style=\"; font-size: 11pt;\">es den Meisten noch nicht klar.<\/span><\/span><\/p>\n<\/td>\n<\/tr>\n<tr class=\"-R\">\n<td class=\"-C\" style=\"width: 239.95pt; border: none windowtext 0pt;\">\n<p class=\"paragraph-P\" style=\"margin-bottom: 6pt; text-align: justify; text-justify: inter-ideograph; vertical-align: baseline; direction: ltr; unicode-bidi: normal;\"><span class=\"paragraph-H\"><span style=\"; font-size: 11pt;\"><img loading=\"lazy\" decoding=\"async\" class=\"\" src=\"http:\/\/www.adrianwood.ch\/wp-content\/uploads\/2017\/07\/1498988611_image1.jpeg\" data-link=\"\" width=\"349\" height=\"233\"><\/span><\/span><\/p>\n<\/td>\n<td class=\"-C\" style=\"width: 241.45pt; border: none windowtext 0pt;\">\n<p class=\"paragraph-P\" style=\"margin-bottom: 6pt; text-align: justify; text-justify: inter-ideograph; vertical-align: baseline; direction: ltr; unicode-bidi: normal;\"><span class=\"paragraph-H\"><span style=\"; font-size: 11pt;\"><img loading=\"lazy\" decoding=\"async\" class=\"\" src=\"http:\/\/www.adrianwood.ch\/wp-content\/uploads\/2017\/07\/1498988611_image2.jpeg\" data-link=\"\" width=\"349\" height=\"234\"><\/span><\/span><\/p>\n<\/td>\n<\/tr>\n<tr class=\"-R\">\n<td class=\"-C\" style=\"width: 481.4pt; border: none windowtext 0pt;\" colspan=\"2\">\n<p class=\"paragraph-P\" style=\"margin-bottom: 6pt; text-align: justify; text-justify: inter-ideograph; vertical-align: baseline; direction: ltr; unicode-bidi: normal;\"><span class=\"paragraph-H\"><span class=\"normaltextrun-H\" style=\"; font-size: 11pt;\">Es geht \u00fcber steile <\/span><span class=\"normaltextrun-H\" style=\"; font-size: 11pt;\">Str\u00e4sschen<\/span><span class=\"normaltextrun-H\" style=\"; font-size: 11pt;\"> hinunter durchs Dorf San Bartolom\u00e9 de <\/span><span class=\"normaltextrun-H\" style=\"; font-size: 11pt;\">Tirajanas<\/span><span class=\"normaltextrun-H\" style=\"; font-size: 11pt;\"> (fr\u00fcher Tunte genannt). Diese sind mit Basalt-Steinen belegt, welche im Regen glitschig werden k\u00f6nnen. Obwohl die Wanderleiter zu Beginn eine Warnung durchgegeben hatten, passiert es dann doch, zwei Frauen st\u00fcrzen, was zum Gl\u00fcck glimpflich abl\u00e4uft. Wir gelangen zum ehemaligen \u00f6ffentlichen Waschplatz. Das Wasser konnte durch Rinnen in eine Reihe von Waschtr\u00f6gen aus Stein geleitet werden. Hier wurde gewaschen und die neuesten Informationen ausgetauscht. Danach kommen wir an der Hacienda de Molina vorbei, fr\u00fcher eine M\u00fchle, heute ein kleines Hotel. Weiter gelangen wir zur Kirche, welche dem Heiligen Santiago gewidmet ist und 1922 gebaut wurde. Ein alter Turm stammt aus dem 15Jh. <\/span><\/span><\/p>\n<\/td>\n<\/tr>\n<tr class=\"-R\">\n<td class=\"-C\" style=\"width: 239.95pt; border: none windowtext 0pt;\">\n<p class=\"paragraph-P\" style=\"margin-bottom: 6pt; text-align: justify; text-justify: inter-ideograph; vertical-align: baseline; direction: ltr; unicode-bidi: normal;\"><span class=\"paragraph-H\"><span style=\"; font-size: 11pt;\"><img loading=\"lazy\" decoding=\"async\" class=\"\" src=\"http:\/\/www.adrianwood.ch\/wp-content\/uploads\/2017\/07\/1498988611_image3.jpeg\" data-link=\"\" width=\"349\" height=\"233\"><\/span><\/span><\/p>\n<\/td>\n<td class=\"-C\" style=\"width: 241.45pt; border: none windowtext 0pt;\">\n<p class=\"paragraph-P\" style=\"margin-bottom: 6pt; text-align: justify; text-justify: inter-ideograph; vertical-align: baseline; direction: ltr; unicode-bidi: normal;\"><span class=\"paragraph-H\"><span style=\"; font-size: 11pt;\"><img loading=\"lazy\" decoding=\"async\" class=\"\" src=\"http:\/\/www.adrianwood.ch\/wp-content\/uploads\/2017\/07\/1498988611_image4.jpeg\" data-link=\"\" width=\"349\" height=\"232\"><\/span><\/span><\/p>\n<\/td>\n<\/tr>\n<tr class=\"-R\">\n<td class=\"-C\" style=\"width: 481.4pt; border: none windowtext 0pt;\" colspan=\"2\">\n<p class=\"paragraph-P\" style=\"margin-bottom: 6pt; text-align: justify; text-justify: inter-ideograph; vertical-align: baseline; direction: ltr; unicode-bidi: normal;\"><span class=\"paragraph-H\"><span class=\"normaltextrun-H\" style=\"; font-size: 11pt;\">Auf dem Dorfplatz sieht man australische Silbereichen. Dann geht es einen steilen Weg hinunter, welcher auf beiden Seiten viele Pflanzen und Blumen aufweist, welche ausgiebig fotografiert werden. Man findet z.B. wilden Tabak, Kanaren-<\/span><span class=\"normaltextrun-H\" style=\"; font-size: 11pt;\">W<\/span><span class=\"spellingerror-H\" style=\"; font-size: 11pt;\">olfsmilch (<\/span><span style=\"; font-size: 11pt;\">die Kanaren-Wolfsmilch tr\u00e4gt die botanische Bezeichnung Euphorbia <\/span><span style=\"; font-size: 11pt;\">canariensis<\/span><span style=\"; font-size: 11pt;\"> und geh\u00f6rt zu der Familie der Wolfsmilchgew\u00e4chse. Die Kakteenart ist endemisch auf den Kanarischen Inseln beheimatet und geh\u00f6rt dort zu den charakteristischen Sukkulenten)<\/span><span class=\"normaltextrun-H\" style=\"; font-size: 11pt;\">, <\/span><span class=\"spellingerror-H\" style=\"; font-size: 11pt;\">Kanaren<\/span><span class=\"spellingerror-H\" style=\"; font-size: 11pt;\">absint<\/span><span class=\"normaltextrun-H\" style=\"; font-size: 11pt;\">, Mispeln, <\/span><span class=\"spellingerror-H\" style=\"; font-size: 11pt;\">Lorbeerbaum (dieser soll mit Guacamole, <\/span><span class=\"spellingerror-H\" style=\"; font-size: 11pt;\">Ficus<\/span><span class=\"spellingerror-H\" style=\"; font-size: 11pt;\"> und Avocados verwandt sein<\/span><span class=\"normaltextrun-H\" style=\"; font-size: 11pt;\">). <\/span><\/span><\/p>\n<p class=\"paragraph-P\" style=\"margin-bottom: 6pt; text-align: justify; text-justify: inter-ideograph; vertical-align: baseline; direction: ltr; unicode-bidi: normal;\"><span class=\"paragraph-H\"><span class=\"normaltextrun-H\" style=\"; font-size: 11pt;\">Weiter kommen wir an einem Berg vorbei, welcher H\u00f6hlen der Ureinwohner aufweist. Die Insel <\/span><span class=\"normaltextrun-H\" style=\"; font-size: 11pt;\">wurde schon vor Chr. Besiedelt.<\/span><\/span><\/p>\n<p class=\"paragraph-P\" style=\"margin-bottom: 6pt; text-align: justify; text-justify: inter-ideograph; vertical-align: baseline; direction: ltr; unicode-bidi: normal;\"><span class=\"paragraph-H\"><span class=\"normaltextrun-H\" style=\"; font-size: 11pt;\">Nun gelangen wir zum Dorf <\/span><span class=\"normaltextrun-H\" style=\"; font-size: 11pt;\">Sta<\/span><span class=\"normaltextrun-H\" style=\"; font-size: 11pt;\">. Lucia, welches ein sch\u00f6n gestaltetes Dorfzentrum aufweist, mit vielen B\u00e4umen und Blumen. Wir machen Pause in einem Pub.<\/span><\/span><\/p>\n<\/td>\n<\/tr>\n<tr class=\"-R\">\n<td class=\"-C\" style=\"width: 239.95pt; border: none windowtext 0pt;\">\n<p class=\"paragraph-P\" style=\"margin-bottom: 6pt; text-align: justify; text-justify: inter-ideograph; vertical-align: baseline; direction: ltr; unicode-bidi: normal;\"><span class=\"paragraph-H\"><span style=\"; font-size: 11pt;\"><img loading=\"lazy\" decoding=\"async\" class=\"\" src=\"http:\/\/www.adrianwood.ch\/wp-content\/uploads\/2017\/07\/1498988611_image5.jpeg\" data-link=\"\" width=\"349\" height=\"233\"><\/span><\/span><\/p>\n<\/td>\n<td class=\"-C\" style=\"width: 241.45pt; border: none windowtext 0pt;\">\n<p class=\"paragraph-P\" style=\"margin-bottom: 6pt; text-align: justify; text-justify: inter-ideograph; vertical-align: baseline; direction: ltr; unicode-bidi: normal;\"><span class=\"paragraph-H\"><span style=\"; font-size: 11pt;\"><img loading=\"lazy\" decoding=\"async\" class=\"\" src=\"http:\/\/www.adrianwood.ch\/wp-content\/uploads\/2017\/07\/1498988611_image6.jpeg\" data-link=\"\" width=\"349\" height=\"234\"><\/span><\/span><\/p>\n<\/td>\n<\/tr>\n<tr class=\"-R\">\n<td class=\"-C\" style=\"width: 481.4pt; border: none windowtext 0pt;\" colspan=\"2\">\n<p class=\"paragraph-P\" style=\"margin-bottom: 6pt; text-align: justify; text-justify: inter-ideograph; vertical-align: baseline; direction: ltr; unicode-bidi: normal;\"><span class=\"paragraph-H\"><span class=\"normaltextrun-H\" style=\"; font-size: 11pt;\">Danach geht es weiter, durch eine trockene Ebene. In der Zwischenzeit ist es w\u00e4rmer geworden. Nach ca. 4h gelangen wir zum Fortaleza <\/span><span class=\"normaltextrun-H\" style=\"; font-size: 11pt;\">Ansite<\/span><span class=\"normaltextrun-H\" style=\"; font-size: 11pt;\">, welches von einer imposanten H\u00f6hle durch den Berg gepr\u00e4gt ist. Wir gehen hoch, durch die H\u00f6hle und gelangen auf der anderen Seite wieder zum Ausgangspunkt zur\u00fcck, wo wir rasten.<\/span><\/span><\/p>\n<\/td>\n<\/tr>\n<tr class=\"-R\">\n<td class=\"-C\" style=\"width: 239.95pt; border: none windowtext 0pt;\">\n<p class=\"paragraph-P\" style=\"margin-bottom: 6pt; text-align: justify; text-justify: inter-ideograph; vertical-align: baseline; direction: ltr; unicode-bidi: normal;\"><span class=\"paragraph-H\"><span style=\"; font-size: 11pt;\"><img loading=\"lazy\" decoding=\"async\" class=\"\" src=\"http:\/\/www.adrianwood.ch\/wp-content\/uploads\/2017\/07\/1498988611_image7.jpeg\" data-link=\"\" width=\"349\" height=\"233\"><\/span><\/span><\/p>\n<\/td>\n<td class=\"-C\" style=\"width: 241.45pt; border: none windowtext 0pt;\">\n<p class=\"paragraph-P\" style=\"margin-bottom: 6pt; text-align: justify; text-justify: inter-ideograph; vertical-align: baseline; direction: ltr; unicode-bidi: normal;\"><span class=\"paragraph-H\"><span style=\"; font-size: 11pt;\"><img loading=\"lazy\" decoding=\"async\" class=\"\" src=\"http:\/\/www.adrianwood.ch\/wp-content\/uploads\/2017\/07\/1498988611_image8.jpeg\" data-link=\"\" width=\"349\" height=\"232\"><\/span><\/span><\/p>\n<\/td>\n<\/tr>\n<tr class=\"-R\">\n<td class=\"-C\" style=\"width: 481.4pt; border: none windowtext 0pt;\" colspan=\"2\">\n<p class=\"paragraph-P\" style=\"margin-bottom: 6pt; text-align: justify; text-justify: inter-ideograph; vertical-align: baseline; direction: ltr; unicode-bidi: normal;\"><span class=\"paragraph-H\"><span class=\"normaltextrun-H\" style=\"; font-size: 11pt;\">Anschliessend<\/span><span class=\"normaltextrun-H\" style=\"; font-size: 11pt;\"> gelangen wir nach ca. 1\/2h Marsch Richtung <\/span><span class=\"normaltextrun-H\" style=\"; font-size: 11pt;\">Sta<\/span><span class=\"normaltextrun-H\" style=\"; font-size: 11pt;\">. <\/span><span class=\"normaltextrun-H\" style=\"; font-size: 11pt;\">Lucia, zum Restaurant \u201aEl <\/span><span class=\"normaltextrun-H\" style=\"; font-size: 11pt;\">Apendre<\/span><span class=\"normaltextrun-H\" style=\"; font-size: 11pt;\">\u2018. Hier gibt es <\/span><span class=\"normaltextrun-H\" style=\"; font-size: 11pt;\">einem feinen <\/span><span class=\"normaltextrun-H\" style=\"; font-size: 11pt;\">Ap\u00e9ro<\/span><span class=\"normaltextrun-H\" style=\"; font-size: 11pt;\"> mit <\/span><span class=\"normaltextrun-H\" style=\"; font-size: 11pt;\">Bruscetta<\/span><span class=\"normaltextrun-H\" style=\"; font-size: 11pt;\">, <\/span><span class=\"normaltextrun-H\" style=\"; font-size: 11pt;\">Roba<\/span><span class=\"normaltextrun-H\" style=\"; font-size: 11pt;\">Vieja<\/span><span class=\"normaltextrun-H\" style=\"; font-size: 11pt;\">, Oliven und Wein. <\/span><\/span><\/p>\n<p class=\"paragraph-P\" style=\"margin-bottom: 6pt; text-align: justify; text-justify: inter-ideograph; vertical-align: baseline; direction: ltr; unicode-bidi: normal;\"><span class=\"paragraph-H\"><span class=\"normaltextrun-H\" style=\"; font-size: 11pt;\">Sp\u00e4ter geht es per Bus zur\u00fcck ins Hotel.<\/span><\/span><\/p>\n<p class=\"paragraph-P\" style=\"margin-bottom: 6pt; text-align: justify; text-justify: inter-ideograph; vertical-align: baseline; direction: ltr; unicode-bidi: normal;\"><span class=\"paragraph-H\">Remo<\/span><\/p>\n<\/td>\n<\/tr>\n<tr class=\"-R\">\n<td class=\"-C\" style=\"width: 481.4pt; border: none windowtext 0pt;\" colspan=\"2\">\n<p class=\"paragraph-P\" style=\"margin-bottom: 6pt; text-align: justify; text-justify: inter-ideograph; vertical-align: baseline; direction: ltr; unicode-bidi: normal;\"><span class=\"paragraph-H\"><span style=\"; font-size: 11pt;\"><img loading=\"lazy\" decoding=\"async\" class=\"\" src=\"http:\/\/www.adrianwood.ch\/wp-content\/uploads\/2017\/07\/1498988611_image9.jpeg\" data-link=\"\" width=\"746\" height=\"413\"><\/span><\/span><\/p>\n<\/td>\n<\/tr>\n<p><!-- [if !supportMisalignedColumns]--><\/tbody>\n<\/table>\n<\/div>\n","protected":false},"excerpt":{"rendered":"<p>Donnerstag, 27.April 2017, Im Tal von San Bartolom\u00e9 de Tirajanas nach Santa Lucia und Ansite Frisch gest\u00e4rkt mit einem guten Fr\u00fchst\u00fcck vom tollen Fr\u00fchst\u00fccksb\u00fcffet im Hotel Las Tirajanas wollen wir uns um 09:15 zur 1. Wanderung aufmachen. Das Wetter macht aber leider noch Kapriolen, es windet und regnet und ist ziemlich k\u00fchl. Nach einigem Abwarten, &hellip; <a href=\"https:\/\/www.adrianwood.ch\/?page_id=12160\" class=\"more-link\">Continue reading <span class=\"screen-reader-text\">04-27 Santa Lucia<\/span> <span class=\"meta-nav\">&rarr;<\/span><\/a><\/p>\n","protected":false},"author":1,"featured_media":0,"parent":12056,"menu_order":2564,"comment_status":"closed","ping_status":"closed","template":"","meta":{"ngg_post_thumbnail":0,"footnotes":""},"class_list":["post-12160","page","type-page","status-publish","hentry"],"_links":{"self":[{"href":"https:\/\/www.adrianwood.ch\/index.php?rest_route=\/wp\/v2\/pages\/12160","targetHints":{"allow":["GET"]}}],"collection":[{"href":"https:\/\/www.adrianwood.ch\/index.php?rest_route=\/wp\/v2\/pages"}],"about":[{"href":"https:\/\/www.adrianwood.ch\/index.php?rest_route=\/wp\/v2\/types\/page"}],"author":[{"embeddable":true,"href":"https:\/\/www.adrianwood.ch\/index.php?rest_route=\/wp\/v2\/users\/1"}],"replies":[{"embeddable":true,"href":"https:\/\/www.adrianwood.ch\/index.php?rest_route=%2Fwp%2Fv2%2Fcomments&post=12160"}],"version-history":[{"count":4,"href":"https:\/\/www.adrianwood.ch\/index.php?rest_route=\/wp\/v2\/pages\/12160\/revisions"}],"predecessor-version":[{"id":14108,"href":"https:\/\/www.adrianwood.ch\/index.php?rest_route=\/wp\/v2\/pages\/12160\/revisions\/14108"}],"up":[{"embeddable":true,"href":"https:\/\/www.adrianwood.ch\/index.php?rest_route=\/wp\/v2\/pages\/12056"}],"wp:attachment":[{"href":"https:\/\/www.adrianwood.ch\/index.php?rest_route=%2Fwp%2Fv2%2Fmedia&parent=12160"}],"curies":[{"name":"wp","href":"https:\/\/api.w.org\/{rel}","templated":true}]}}