{"id":12174,"date":"2017-07-02T10:28:27","date_gmt":"2017-07-02T10:28:27","guid":{"rendered":"http:\/\/www.adrianwood.ch\/?page_id=12174"},"modified":"2017-07-02T10:31:02","modified_gmt":"2017-07-02T10:31:02","slug":"04-28-bandama","status":"publish","type":"page","link":"https:\/\/www.adrianwood.ch\/?page_id=12174","title":{"rendered":"04-28 Bandama"},"content":{"rendered":"<div class=\"pmdi_content_wrapper\">\n<p class=\"Normal-P\" style=\"margin-bottom: 6pt; text-align: justify; text-justify: inter-ideograph; direction: ltr; unicode-bidi: normal;\"><span class=\"Normal-H\"><span style=\"font-family: Times New Roman; font-weight: bold;\">Freitag, <\/span><span style=\"font-family: Times New Roman; font-weight: bold;\">28. April 2017, <\/span><span style=\"font-family: Times New Roman; font-weight: bold;\">Rund um den Vulkankrater <\/span><span style=\"font-family: Times New Roman; font-weight: bold;\">Bandama<\/span><\/span><\/p>\n<p class=\"Normal-P\" style=\"text-align: justify; text-justify: inter-ideograph; direction: ltr; unicode-bidi: normal;\">\n<table class=\"TableGrid-T\" style=\"border-collapse: collapse;\" cellspacing=\"0\">\n<tbody>\n<tr class=\"-R\">\n<td class=\"-C\" style=\"width: 481.9pt; border: none windowtext 0pt;\" colspan=\"2\">\n<p class=\"Normal-P\" style=\"margin-bottom: 6pt; text-align: justify; text-justify: inter-ideograph; direction: ltr; unicode-bidi: normal;\"><span class=\"Normal-H\"><span style=\"font-family: Times New Roman;\">Normalerweise herrscht auf den <\/span><span style=\"font-family: Times New Roman;\">K<\/span><span style=\"font-family: Times New Roman;\">anarischen Inseln Nordostpassat, am 28. April jedoch wehte der Wind aus S\u00fcden, was gravierende Folgen f\u00fcr unsere geplante Wanderung im Gebiet des Roque <\/span><span style=\"font-family: Times New Roman;\">Nublo<\/span><span style=\"font-family: Times New Roman;\"> hatte. Die Berge waren in Wolken und es regnete leicht. Da eine schnelle Besserung der Verh\u00e4ltnisse nicht zu erwarten war, beschlossen unsere ortskundigen Wanderleiter J\u00f6rg und Marion, die Tour um den Roque <\/span><span style=\"font-family: Times New Roman;\">Nublo<\/span><span style=\"font-family: Times New Roman;\"> auf einen sonnigen Tag zu verschieben und zum Vulkankrater <\/span><span style=\"font-family: Times New Roman;\">Bandama<\/span><span style=\"font-family: Times New Roman;\"> zu fahren, der im Nordosten der Insel liegt und besseres Wetter haben sollte<\/span><span style=\"font-family: Times New Roman;\">.<\/span><\/span><\/p>\n<\/td>\n<\/tr>\n<tr class=\"-R\">\n<td class=\"-C\" style=\"width: 237.9pt; border: none windowtext 0pt;\">\n<p class=\"Normal-P\" style=\"margin-bottom: 6pt; text-align: justify; text-justify: inter-ideograph; direction: ltr; unicode-bidi: normal;\"><span class=\"Normal-H\"><span style=\"font-family: Times New Roman;\"><img loading=\"lazy\" decoding=\"async\" class=\"\" src=\"http:\/\/www.adrianwood.ch\/wp-content\/uploads\/2017\/07\/1498991296_image1.jpeg\" data-link=\"\" width=\"349\" height=\"232\"><\/span><\/span><\/p>\n<\/td>\n<td class=\"-C\" style=\"width: 244pt; border: none windowtext 0pt;\">\n<p class=\"Normal-P\" style=\"margin-bottom: 6pt; text-align: justify; text-justify: inter-ideograph; direction: ltr; unicode-bidi: normal;\"><span class=\"Normal-H\"><span style=\"font-family: Times New Roman;\"><img loading=\"lazy\" decoding=\"async\" class=\"\" src=\"http:\/\/www.adrianwood.ch\/wp-content\/uploads\/2017\/07\/1498991296_image2.jpeg\" data-link=\"\" width=\"349\" height=\"233\"><\/span><\/span><\/p>\n<\/td>\n<\/tr>\n<tr class=\"-R\">\n<td class=\"-C\" style=\"width: 481.9pt; border: none windowtext 0pt;\" colspan=\"2\">\n<p class=\"Normal-P\" style=\"margin-bottom: 6pt; text-align: justify; text-justify: inter-ideograph; direction: ltr; unicode-bidi: normal;\"><span class=\"Normal-H\"><span style=\"font-family: Times New Roman;\">War schon die Anfahrt zum Roque <\/span><span style=\"font-family: Times New Roman;\">Nublo<\/span><span style=\"font-family: Times New Roman;\"> gepr\u00e4gt von Kurven reichen Bergstrassen, die unserem Busfahrer alles an Fahrk\u00f6nnen abverlangten, so folgte eine nicht weniger schwierige Durchquerung der gebirgigen Insel bis hinunter zum Meer. Via Santa Lucia, <\/span><span style=\"font-family: Times New Roman;\">Carrizal<\/span><span style=\"font-family: Times New Roman;\">, \u00fcber ein St\u00fcck K\u00fcstenautobahn ging es \u00fcber <\/span><span style=\"font-family: Times New Roman;\">Telde<\/span><span style=\"font-family: Times New Roman;\">zum Pico de <\/span><span style=\"font-family: Times New Roman;\">Bandama<\/span><span style=\"font-family: Times New Roman;\"> (577m<\/span><span style=\"font-family: Times New Roman;\">) mit sch\u00f6ner Aussicht in den Krater des <\/span><span style=\"font-family: Times New Roman;\">Bandama<\/span><span style=\"font-family: Times New Roman;\"> und die weitere Umgebung. Da die Sonne schien, nahmen wir die Umrundung der Caldera des <\/span><span style=\"font-family: Times New Roman;\">Bandama<\/span><span style=\"font-family: Times New Roman;\"> auf dem Kraterrand unter die F\u00fcsse und gelangten nach einem kurzen Schauer und einem nicht anstrengenden Marsch zum Golfclub <\/span><span style=\"font-family: Times New Roman;\">Banda<\/span><span style=\"font-family: Times New Roman;\">m<\/span><span style=\"font-family: Times New Roman;\">a<\/span><span style=\"font-family: Times New Roman;\"> mit <\/span><span style=\"font-family: Times New Roman;\">Hotelterrasse.<\/span><\/span><\/p>\n<\/td>\n<\/tr>\n<tr class=\"-R\">\n<td class=\"-C\" style=\"width: 237.9pt; border: none windowtext 0pt;\">\n<p class=\"Normal-P\" style=\"margin-bottom: 6pt; text-align: justify; text-justify: inter-ideograph; direction: ltr; unicode-bidi: normal;\"><span class=\"Normal-H\"><span style=\"font-family: Times New Roman;\"><img loading=\"lazy\" decoding=\"async\" class=\"\" src=\"http:\/\/www.adrianwood.ch\/wp-content\/uploads\/2017\/07\/1498991296_image3.jpeg\" data-link=\"\" width=\"349\" height=\"232\"><\/span><\/span><\/p>\n<\/td>\n<td class=\"-C\" style=\"width: 244pt; border: none windowtext 0pt;\">\n<p class=\"Normal-P\" style=\"margin-bottom: 6pt; text-align: justify; text-justify: inter-ideograph; direction: ltr; unicode-bidi: normal;\"><span class=\"Normal-H\"><span style=\"font-family: Times New Roman;\"><img loading=\"lazy\" decoding=\"async\" class=\"\" src=\"http:\/\/www.adrianwood.ch\/wp-content\/uploads\/2017\/07\/1498991296_image4.jpeg\" data-link=\"\" width=\"349\" height=\"233\"><\/span><\/span><\/p>\n<\/td>\n<\/tr>\n<tr class=\"-R\">\n<td class=\"-C\" style=\"width: 481.9pt; border: none windowtext 0pt;\" colspan=\"2\">\n<p class=\"Normal-P\" style=\"margin-bottom: 6pt; text-align: justify; text-justify: inter-ideograph; direction: ltr; unicode-bidi: normal;\"><span class=\"Normal-H\"><span style=\"font-family: Times New Roman;\">Niemand hatte Lust in die Caldera abzusteigen, der danach notwendige Wiederaufstieg und die Hitze schreckten wohl ab. Auch das nahe Hotel mit Terrasse, auf der wir uns st\u00e4rkten und den Durst mit k\u00fchlen Getr\u00e4nken still<\/span><span style=\"font-family: Times New Roman;\">en konnten, zog uns magisch an.<\/span><\/span><\/p>\n<p class=\"Normal-P\" style=\"margin-bottom: 6pt; text-align: justify; text-justify: inter-ideograph; direction: ltr; unicode-bidi: normal;\"><span class=\"Normal-H\"><span style=\"font-family: Times New Roman;\">Ein kurzer Abstieg zur Strasse, an der uns der Bus abholte, und eine weitere Fahrt nach Santa Brigida brachten uns zu einem Weingut, in dem wir den ausgezeichneten lokalen Malvasia, der mit etwas Muskateller versetzt war, und den heimischen Rotwein Mon da <\/span><span style=\"font-family: Times New Roman;\">L\u00f3n<\/span><span style=\"font-family: Times New Roman;\"> zusammen mit Oliven, Brot und K\u00e4se <\/span><span style=\"font-family: Times New Roman;\">genossen.Der<\/span><span style=\"font-family: Times New Roman;\"> Bus brachte uns \u00fcber 28 km gewundene Bergstrassen zur\u00fcck zum Hotel Las <\/span><span style=\"font-family: Times New Roman;\">Tirajanas<\/span><span style=\"font-family: Times New Roman;\">, wo uns das Abend Buffet als echte Herausforderung erwartete. So hatten wir durch das geschickte Agieren unserer Wanderleiter trotz anf\u00e4nglich wenig guter Wetter Bedingungen einen optimalen Wander- und Erlebnistag.<\/span><span style=\"font-family: Times New Roman;\">Michael<\/span><\/span><\/p>\n<\/td>\n<\/tr>\n<tr class=\"-R\">\n<td class=\"-C\" style=\"width: 237.9pt; border: none windowtext 0pt;\">\n<p class=\"Normal-P\" style=\"margin-bottom: 6pt; text-align: justify; text-justify: inter-ideograph; direction: ltr; unicode-bidi: normal;\"><span class=\"Normal-H\"><span style=\"font-family: Times New Roman;\"><img loading=\"lazy\" decoding=\"async\" class=\"\" src=\"http:\/\/www.adrianwood.ch\/wp-content\/uploads\/2017\/07\/1498991296_image5.jpeg\" data-link=\"\" width=\"349\" height=\"232\"><\/span><\/span><\/p>\n<\/td>\n<td class=\"-C\" style=\"width: 244pt; border: none windowtext 0pt;\">\n<p class=\"Normal-P\" style=\"margin-bottom: 6pt; text-align: justify; text-justify: inter-ideograph; direction: ltr; unicode-bidi: normal;\"><span class=\"Normal-H\"><span style=\"font-family: Times New Roman;\"><img loading=\"lazy\" decoding=\"async\" class=\"\" src=\"http:\/\/www.adrianwood.ch\/wp-content\/uploads\/2017\/07\/1498991296_image6.jpeg\" data-link=\"\" width=\"349\" height=\"183\"><\/span><\/span><\/p>\n<\/td>\n<\/tr>\n<p><!-- [if !supportMisalignedColumns]--><\/tbody>\n<\/table>\n<\/div>\n","protected":false},"excerpt":{"rendered":"<p>Freitag, 28. April 2017, Rund um den Vulkankrater Bandama Normalerweise herrscht auf den Kanarischen Inseln Nordostpassat, am 28. April jedoch wehte der Wind aus S\u00fcden, was gravierende Folgen f\u00fcr unsere geplante Wanderung im Gebiet des Roque Nublo hatte. Die Berge waren in Wolken und es regnete leicht. Da eine schnelle Besserung der Verh\u00e4ltnisse nicht zu &hellip; <a href=\"https:\/\/www.adrianwood.ch\/?page_id=12174\" class=\"more-link\">Continue reading <span class=\"screen-reader-text\">04-28 Bandama<\/span> <span class=\"meta-nav\">&rarr;<\/span><\/a><\/p>\n","protected":false},"author":1,"featured_media":0,"parent":12056,"menu_order":2565,"comment_status":"closed","ping_status":"closed","template":"","meta":{"ngg_post_thumbnail":0,"footnotes":""},"class_list":["post-12174","page","type-page","status-publish","hentry"],"_links":{"self":[{"href":"https:\/\/www.adrianwood.ch\/index.php?rest_route=\/wp\/v2\/pages\/12174","targetHints":{"allow":["GET"]}}],"collection":[{"href":"https:\/\/www.adrianwood.ch\/index.php?rest_route=\/wp\/v2\/pages"}],"about":[{"href":"https:\/\/www.adrianwood.ch\/index.php?rest_route=\/wp\/v2\/types\/page"}],"author":[{"embeddable":true,"href":"https:\/\/www.adrianwood.ch\/index.php?rest_route=\/wp\/v2\/users\/1"}],"replies":[{"embeddable":true,"href":"https:\/\/www.adrianwood.ch\/index.php?rest_route=%2Fwp%2Fv2%2Fcomments&post=12174"}],"version-history":[{"count":3,"href":"https:\/\/www.adrianwood.ch\/index.php?rest_route=\/wp\/v2\/pages\/12174\/revisions"}],"predecessor-version":[{"id":12182,"href":"https:\/\/www.adrianwood.ch\/index.php?rest_route=\/wp\/v2\/pages\/12174\/revisions\/12182"}],"up":[{"embeddable":true,"href":"https:\/\/www.adrianwood.ch\/index.php?rest_route=\/wp\/v2\/pages\/12056"}],"wp:attachment":[{"href":"https:\/\/www.adrianwood.ch\/index.php?rest_route=%2Fwp%2Fv2%2Fmedia&parent=12174"}],"curies":[{"name":"wp","href":"https:\/\/api.w.org\/{rel}","templated":true}]}}