{"id":12199,"date":"2017-07-02T10:47:13","date_gmt":"2017-07-02T10:47:13","guid":{"rendered":"http:\/\/www.adrianwood.ch\/?page_id=12199"},"modified":"2017-07-02T12:39:50","modified_gmt":"2017-07-02T12:39:50","slug":"04-30-mogan","status":"publish","type":"page","link":"https:\/\/www.adrianwood.ch\/?page_id=12199","title":{"rendered":"04-30 Mogan"},"content":{"rendered":"<div class=\"pmdi_content_wrapper\">\n<p class=\"Normal-P\" style=\"margin-bottom: 6pt; text-align: justify; text-justify: inter-ideograph; direction: ltr; unicode-bidi: normal; text-autospace: none;\"><span class=\"Normal-H\"><span style=\"; font-weight: bold; font-size: 11pt;\">Sonntag, <\/span><span style=\"; font-weight: bold; font-size: 11pt;\">30.<\/span><span style=\"; font-weight: bold; font-size: 11pt;\">April <\/span><span style=\"; font-weight: bold; font-size: 11pt;\">2017<\/span><span style=\"; font-weight: bold; font-size: 11pt;\">, <\/span><span style=\"font-weight: bold; font-size: 11pt;\">Wanderung im Tal von <\/span><span style=\"font-weight: bold; font-size: 11pt;\">Mogan<\/span><span style=\"font-weight: bold; font-size: 11pt;\"> mit anschl. Bootsfahrt von Puerto de <\/span><span style=\"font-weight: bold; font-size: 11pt;\">Mogan<\/span><\/span><\/p>\n<p class=\"Normal-P\" style=\"margin-bottom: 6pt; text-align: justify; text-justify: inter-ideograph; direction: ltr; unicode-bidi: normal;\">\n<table class=\"TableGrid-T\" style=\"border-collapse: collapse;\" cellspacing=\"0\">\n<tbody>\n<tr class=\"-R\">\n<td class=\"-C\" style=\"width: 481.1pt; border: none windowtext 0pt;\" colspan=\"2\">\n<p class=\"Normal-P\" style=\"margin-bottom: 6pt; text-align: justify; text-justify: inter-ideograph; direction: ltr; unicode-bidi: normal; text-autospace: none;\"><span class=\"Normal-H\"><span style=\"; font-size: 11pt;\">Heute ist ein Transfertag. Wir wechseln von San <\/span><span style=\"; font-size: 11pt;\">Bartolome<\/span><span style=\"; font-size: 11pt;\"> de <\/span><span style=\"; font-size: 11pt;\">Tirajana<\/span><span style=\"; font-size: 11pt;\"> im Landesinnern nach San <\/span><span style=\"; font-size: 11pt;\">Augustin,an<\/span><span style=\"; font-size: 11pt;\"> der K\u00fcste. Unsere Abfahrt verz\u00f6gert sich fast 45 Minuten. Aber dann sind wir unterwegs auf der Bergstrasse, die wir am ersten Tag hinaufgefahren sind.<\/span><span style=\"; font-size: 11pt;\">Wir fahren hinunter zur Playa de <\/span><span style=\"; font-size: 11pt;\">Mog\u00e1n<\/span><span style=\"; font-size: 11pt;\"> und von dort hinauf in den <\/span><span style=\"; font-size: 11pt;\">Barranco<\/span><span style=\"; font-size: 11pt;\"> de <\/span><span style=\"; font-size: 11pt;\">Mog\u00e1n<\/span><span style=\"; font-size: 11pt;\">, ein Tal, das als eines der fruchtbarsten und landschaftlich reizvollsten T\u00e4ler von Gran Canaria gilt. Die Fahrt dauert recht lange und es wird entsprechend heiss im Bus. Um 11.00 h erreichen wir dann die Sehensw\u00fcrdigkeit, die unsere Reiseleiter uns nicht vorenthalten m\u00f6chten: die in vielen Farbschattierungen leuchtende Felswand Fuente de los Azulejos oder kurz <\/span><span style=\"; font-style: italic; font-size: 11pt;\">Los Azulejos<\/span><span style=\"; font-size: 11pt;\"> de Veneguera. <\/span><\/span><\/p>\n<\/td>\n<\/tr>\n<tr class=\"-R\">\n<td class=\"-C\" style=\"width: 239.8pt; border: none windowtext 0pt;\">\n<p class=\"Normal-P\" style=\"margin-bottom: 6pt; text-align: justify; text-justify: inter-ideograph; direction: ltr; unicode-bidi: normal; text-autospace: none;\"><span class=\"Normal-H\"><span style=\"; font-size: 11pt;\"><img loading=\"lazy\" decoding=\"async\" class=\"\" src=\"http:\/\/www.adrianwood.ch\/wp-content\/uploads\/2017\/07\/1498992407_image1.jpg\" data-link=\"\" width=\"349\" height=\"233\"><\/span><\/span><\/p>\n<\/td>\n<td class=\"-C\" style=\"width: 241.3pt; border: none windowtext 0pt;\">\n<p class=\"Normal-P\" style=\"margin-bottom: 6pt; text-align: justify; text-justify: inter-ideograph; direction: ltr; unicode-bidi: normal; text-autospace: none;\"><span class=\"Normal-H\"><span style=\"; font-size: 11pt;\"><img loading=\"lazy\" decoding=\"async\" class=\"\" src=\"http:\/\/www.adrianwood.ch\/wp-content\/uploads\/2017\/07\/1498992407_image2.jpg\" data-link=\"\" width=\"349\" height=\"234\"><\/span><\/span><\/p>\n<\/td>\n<\/tr>\n<tr class=\"-R\">\n<td class=\"-C\" style=\"width: 481.1pt; border: none windowtext 0pt;\" colspan=\"2\">\n<p class=\"Normal-P\" style=\"margin-bottom: 6pt; text-align: justify; text-justify: inter-ideograph; direction: ltr; unicode-bidi: normal; text-autospace: none;\"><span class=\"Normal-H\"><span style=\"; font-size: 11pt;\">Es sind gro\u00dfe Formationen des in verschiedensten Farben schillernden Vulkangesteins. R\u00f6tliche, T\u00fcrkise und gelbliche Farben wechseln sich im Vulkangestein mit dunklen und violetten Schichten ab und wirken wie ein Mosaik. Die Entstehung der Farbkonstellationen ist auf die unterschiedlichen Einlagerungen im Vulkangestein und die Aufwerfung diverser Arten von Gesteinen zur\u00fcckzuf\u00fchren. Die blau-gr\u00fcnen Felsen enthalten laut Reiseleiter J\u00f6rg Kaolin, das zur Porzellanherstellung verwendet <\/span><span style=\"; font-size: 11pt;\">wird.Die<\/span><span style=\"; font-size: 11pt;\"> Begeisterung \u00fcber dieses Naturwunder ist gross und es werden entsprechend viele Fotos gemacht.<\/span><\/span><\/p>\n<\/td>\n<\/tr>\n<tr class=\"-R\">\n<td class=\"-C\" style=\"width: 239.8pt; border: none windowtext 0pt;\">\n<p class=\"Normal-P\" style=\"margin-bottom: 6pt; text-align: justify; text-justify: inter-ideograph; direction: ltr; unicode-bidi: normal; text-autospace: none;\"><span class=\"Normal-H\"><span style=\"; font-size: 11pt;\"><img loading=\"lazy\" decoding=\"async\" class=\"\" src=\"http:\/\/www.adrianwood.ch\/wp-content\/uploads\/2017\/07\/1498992407_image3.jpg\" data-link=\"\" width=\"349\" height=\"233\"><\/span><\/span><\/p>\n<\/td>\n<td class=\"-C\" style=\"width: 241.3pt; border: none windowtext 0pt;\">\n<p class=\"Normal-P\" style=\"margin-bottom: 6pt; text-align: justify; text-justify: inter-ideograph; direction: ltr; unicode-bidi: normal; text-autospace: none;\"><span class=\"Normal-H\"><span style=\"; font-size: 11pt;\"><img loading=\"lazy\" decoding=\"async\" class=\"\" src=\"http:\/\/www.adrianwood.ch\/wp-content\/uploads\/2017\/07\/1498992407_image4.jpg\" data-link=\"\" width=\"349\" height=\"234\"><\/span><\/span><\/p>\n<\/td>\n<\/tr>\n<tr class=\"-R\">\n<td class=\"-C\" style=\"width: 481.1pt; border: none windowtext 0pt;\" colspan=\"2\">\n<p class=\"Normal-P\" style=\"margin-bottom: 6pt; text-align: justify; text-justify: inter-ideograph; direction: ltr; unicode-bidi: normal; text-autospace: none;\"><span class=\"Normal-H\"><span style=\"; font-size: 11pt;\">Da wir sp\u00e4t dran sind, wird die geplante Wanderung abgek\u00fcrzt und beginnt so in <\/span><span style=\"; font-size: 11pt;\">Veneguera<\/span><span style=\"; font-size: 11pt;\">, wo wir erst um 12.00h ablaufen k\u00f6nnen. <\/span><span style=\"; font-size: 11pt;\">Zuerst wandern wir an \u00fcppigen G\u00e4rten und an Feldern vorbei<\/span><span style=\"; font-size: 11pt;\">und <\/span><span style=\"; font-size: 11pt;\">befinden uns <\/span><\/span><\/p>\n<\/td>\n<\/tr>\n<tr class=\"-R\">\n<td class=\"-C\" style=\"width: 239.8pt; border: none windowtext 0pt;\">\n<p class=\"Normal-P\" style=\"margin-bottom: 6pt; text-align: justify; text-justify: inter-ideograph; direction: ltr; unicode-bidi: normal; text-autospace: none;\"><span class=\"Normal-H\"><span style=\"; font-size: 11pt;\"><img loading=\"lazy\" decoding=\"async\" class=\"\" src=\"http:\/\/www.adrianwood.ch\/wp-content\/uploads\/2017\/07\/1498992407_image5.jpg\" data-link=\"\" width=\"349\" height=\"233\"><\/span><\/span><\/p>\n<\/td>\n<td class=\"-C\" style=\"width: 241.3pt; border: none windowtext 0pt;\">\n<p class=\"Normal-P\" style=\"margin-bottom: 6pt; text-align: justify; text-justify: inter-ideograph; direction: ltr; unicode-bidi: normal; text-autospace: none;\"><span class=\"Normal-H\"><span style=\"; font-size: 11pt;\"><img loading=\"lazy\" decoding=\"async\" class=\"\" src=\"http:\/\/www.adrianwood.ch\/wp-content\/uploads\/2017\/07\/1498992407_image6.jpg\" data-link=\"\" width=\"349\" height=\"234\"><\/span><\/span><\/p>\n<\/td>\n<\/tr>\n<tr class=\"-R\">\n<td class=\"-C\" style=\"width: 481.1pt; border: none windowtext 0pt;\" colspan=\"2\">\n<p class=\"Normal-P\" style=\"margin-bottom: 6pt; text-align: justify; text-justify: inter-ideograph; direction: ltr; unicode-bidi: normal; text-autospace: none;\"><span class=\"Normal-H\"><span style=\"; font-size: 11pt;\">dann bald in der \u201e<\/span><span style=\"; font-size: 11pt;\">Wildnis\u201c.<\/span><span style=\"; font-size: 11pt;\">Auf einem abwechslungsreichen Weg steigen wir auf den Cruz de<\/span><span style=\"; font-size: 11pt;\">Mog\u00e1n<\/span><span style=\"; font-size: 11pt;\"> 548m, wo <\/span><span style=\"; font-size: 11pt;\">wir eine versp\u00e4tete Mittagspause machen k\u00f6nnen. Auf einem eher rutschigen Weg geht es dann bergab ins Dorf <\/span><span style=\"; font-size: 11pt;\">Mog\u00e1n<\/span><span style=\"; font-size: 11pt;\">, wo der Bus uns erwartet.<\/span><\/span><\/p>\n<p class=\"Normal-P\" style=\"margin-bottom: 6pt; text-align: justify; text-justify: inter-ideograph; direction: ltr; unicode-bidi: normal; text-autospace: none;\"><span class=\"Normal-H\"><span style=\"; font-size: 11pt;\">Wir fahren hinunter nach Puerto Mog\u00e1n und haben kurz Zeit, durch den Ort zu schlendern und die zwei Br\u00fccken zu anschauen, die dem Ort den Namen \u201eklei<\/span><span style=\"; font-size: 11pt;\">nes Venedig von Gran Canaria\u201c geben<\/span><span style=\"; font-size: 11pt;\">. Am Qu<\/span><span style=\"; font-size: 11pt;\">ai wartet das Schiff, die Glass B<\/span><span style=\"; font-size: 11pt;\">ottom Ferry auf uns, die uns auf der Fahrt der K\u00fcste entlang nach <\/span><span style=\"; font-size: 11pt;\">Arguineguin<\/span><span style=\"; font-size: 11pt;\"> bringt. Auf dieser Fahrt sehen wir die Ausw\u00fcchse des Tourismus. Eine Hotelburg nach der anderen scheint an die Felsen geklebt zu sein<\/span><span style=\"; font-size: 11pt;\">! Wie<\/span><span style=\"; font-size: 11pt;\"> kann man hier nur Ferien machen! <\/span><span style=\"; font-size: 11pt;\">Die <\/span><span style=\"; font-size: 11pt;\">Str<\/span><span style=\"; font-size: 11pt;\">\u00e4<\/span><span style=\"; font-size: 11pt;\">nd<\/span><span style=\"; font-size: 11pt;\">e<\/span><span style=\"; font-size: 11pt;\"> hier scheinen gar nichts Besonderes zu sein! Aber die Mitteleurop\u00e4er wollen doch nur W\u00e4rme und Sonnenschein!<\/span><\/span><\/p>\n<\/td>\n<\/tr>\n<tr class=\"-R\">\n<td class=\"-C\" style=\"width: 239.8pt; border: none windowtext 0pt;\">\n<p class=\"Normal-P\" style=\"margin-bottom: 6pt; text-align: justify; text-justify: inter-ideograph; direction: ltr; unicode-bidi: normal; text-autospace: none;\"><span class=\"Normal-H\"><span style=\"; font-size: 11pt;\"><img loading=\"lazy\" decoding=\"async\" class=\"\" src=\"http:\/\/www.adrianwood.ch\/wp-content\/uploads\/2017\/07\/1498992407_image7.jpg\" data-link=\"\" width=\"349\" height=\"233\"><\/span><\/span><\/p>\n<\/td>\n<td class=\"-C\" style=\"width: 241.3pt; border: none windowtext 0pt;\">\n<p class=\"Normal-P\" style=\"margin-bottom: 6pt; text-align: justify; text-justify: inter-ideograph; direction: ltr; unicode-bidi: normal; text-autospace: none;\"><span class=\"Normal-H\"><span style=\"; font-size: 11pt;\"><img loading=\"lazy\" decoding=\"async\" class=\"\" src=\"http:\/\/www.adrianwood.ch\/wp-content\/uploads\/2017\/07\/1498992407_image8.jpg\" data-link=\"\" width=\"349\" height=\"234\"><\/span><\/span><\/p>\n<\/td>\n<\/tr>\n<tr class=\"-R\">\n<td class=\"-C\" style=\"width: 481.1pt; border: none windowtext 0pt;\" colspan=\"2\">\n<p class=\"Normal-P\" style=\"margin-bottom: 6pt; text-align: justify; text-justify: inter-ideograph; direction: ltr; unicode-bidi: normal; text-autospace: none;\"><span class=\"Normal-H\"><span style=\"; font-size: 11pt;\">Unser Hotel, das Hotel Gloria im Tourismusort San Augustin ist <\/span><span style=\"; font-size: 11pt;\">auch eine Bettenburg<\/span><span style=\"; font-size: 11pt;\">! Aber die fast runde Anlage mi<\/span><span style=\"; font-size: 11pt;\">t <\/span><span style=\"; font-size: 11pt;\">ihren Swimmingpools ist recht gut gemacht. Wir beziehen die sch\u00f6n eingerichteten Zimmer. Nach dem gemeinsamen Abendessen, in einem riesigen Speisesaal, wo es wieder ein Riesenbuffet gibt,<\/span><span style=\"; font-size: 11pt;\">zeigen uns Marion und J\u00f6rg den Weg hinunter zum Strand, wo es auch einen Mercado hat. Von hier aus gehen die Leute verschiedene Wege.<\/span><\/span><\/p>\n<p class=\"Normal-P\" style=\"margin-bottom: 6pt; text-align: justify; text-justify: inter-ideograph; direction: ltr; unicode-bidi: normal; text-autospace: none;\"><span class=\"Normal-H\"><span style=\"; font-size: 11pt;\">Die kurze Orientierung war n\u00f6tig, denn morgen haben wir einen freien Tag. Sicher wollen alle ins D\u00fcnengebiet von Maspalomas gehen.<\/span><\/span><\/p>\n<p class=\"Normal-P\" style=\"margin-bottom: 6pt; text-align: justify; text-justify: inter-ideograph; direction: ltr; unicode-bidi: normal; text-autospace: none;\"><span class=\"Normal-H\"><span style=\"; font-size: 11pt;\">Auch dieser Tag war erlebnisreich und auch abwechslungsreich.<\/span><span style=\"; font-size: 11pt;\">Wir sind gespannt, was alles wir noch zu sehen bekommen.<\/span><\/span><\/p>\n<p class=\"Normal-P\" style=\"margin-bottom: 6pt; text-align: justify; text-justify: inter-ideograph; direction: ltr; unicode-bidi: normal; text-autospace: none;\"><span class=\"Normal-H\"><span style=\"; font-size: 11pt;\">Marianne<\/span><\/span><\/p>\n<\/td>\n<\/tr>\n<tr class=\"-R\">\n<td class=\"-C\" style=\"width: 239.8pt; border: none windowtext 0pt;\">\n<p class=\"Normal-P\" style=\"margin-bottom: 6pt; text-align: justify; text-justify: inter-ideograph; direction: ltr; unicode-bidi: normal; text-autospace: none;\"><span class=\"Normal-H\"><span style=\"; font-size: 11pt;\"><img loading=\"lazy\" decoding=\"async\" class=\"\" src=\"http:\/\/www.adrianwood.ch\/wp-content\/uploads\/2017\/07\/1498992407_image9.jpg\" data-link=\"\" width=\"349\" height=\"233\"><\/span><\/span><\/p>\n<\/td>\n<\/tr>\n<tr class=\"-R\">\n<td class=\"-C\" style=\"width: 481.1pt; border: none windowtext 0pt;\" colspan=\"2\">\n<p class=\"Normal-P\" style=\"margin-bottom: 6pt; text-align: justify; text-justify: inter-ideograph; direction: ltr; unicode-bidi: normal; text-autospace: none;\"><span class=\"Normal-H\"><span style=\"; font-size: 11pt;\"><img loading=\"lazy\" decoding=\"async\" class=\"\" src=\"http:\/\/www.adrianwood.ch\/wp-content\/uploads\/2017\/07\/1498992407_image10.jpg\" data-link=\"\" width=\"746\" height=\"403\"><\/span><\/span><\/p>\n<\/td>\n<\/tr>\n<p><!-- [if !supportMisalignedColumns]--><\/tbody>\n<\/table>\n<\/div>\n","protected":false},"excerpt":{"rendered":"<p>Sonntag, 30.April 2017, Wanderung im Tal von Mogan mit anschl. Bootsfahrt von Puerto de Mogan Heute ist ein Transfertag. Wir wechseln von San Bartolome de Tirajana im Landesinnern nach San Augustin,an der K\u00fcste. Unsere Abfahrt verz\u00f6gert sich fast 45 Minuten. Aber dann sind wir unterwegs auf der Bergstrasse, die wir am ersten Tag hinaufgefahren sind.Wir &hellip; <a href=\"https:\/\/www.adrianwood.ch\/?page_id=12199\" class=\"more-link\">Continue reading <span class=\"screen-reader-text\">04-30 Mogan<\/span> <span class=\"meta-nav\">&rarr;<\/span><\/a><\/p>\n","protected":false},"author":1,"featured_media":0,"parent":12056,"menu_order":2567,"comment_status":"closed","ping_status":"closed","template":"","meta":{"ngg_post_thumbnail":0,"footnotes":""},"class_list":["post-12199","page","type-page","status-publish","hentry"],"_links":{"self":[{"href":"https:\/\/www.adrianwood.ch\/index.php?rest_route=\/wp\/v2\/pages\/12199","targetHints":{"allow":["GET"]}}],"collection":[{"href":"https:\/\/www.adrianwood.ch\/index.php?rest_route=\/wp\/v2\/pages"}],"about":[{"href":"https:\/\/www.adrianwood.ch\/index.php?rest_route=\/wp\/v2\/types\/page"}],"author":[{"embeddable":true,"href":"https:\/\/www.adrianwood.ch\/index.php?rest_route=\/wp\/v2\/users\/1"}],"replies":[{"embeddable":true,"href":"https:\/\/www.adrianwood.ch\/index.php?rest_route=%2Fwp%2Fv2%2Fcomments&post=12199"}],"version-history":[{"count":3,"href":"https:\/\/www.adrianwood.ch\/index.php?rest_route=\/wp\/v2\/pages\/12199\/revisions"}],"predecessor-version":[{"id":12211,"href":"https:\/\/www.adrianwood.ch\/index.php?rest_route=\/wp\/v2\/pages\/12199\/revisions\/12211"}],"up":[{"embeddable":true,"href":"https:\/\/www.adrianwood.ch\/index.php?rest_route=\/wp\/v2\/pages\/12056"}],"wp:attachment":[{"href":"https:\/\/www.adrianwood.ch\/index.php?rest_route=%2Fwp%2Fv2%2Fmedia&parent=12199"}],"curies":[{"name":"wp","href":"https:\/\/api.w.org\/{rel}","templated":true}]}}