{"id":12368,"date":"2017-07-02T19:57:29","date_gmt":"2017-07-02T19:57:29","guid":{"rendered":"http:\/\/www.adrianwood.ch\/?page_id=12368"},"modified":"2017-07-03T08:10:56","modified_gmt":"2017-07-03T08:10:56","slug":"05-06-timanfaya","status":"publish","type":"page","link":"https:\/\/www.adrianwood.ch\/?page_id=12368","title":{"rendered":"05-06 Timanfaya"},"content":{"rendered":"<div class=\"pmdi_content_wrapper\">\n<p class=\"Normal-P\" style=\"margin-bottom: 6pt; text-align: justify; text-justify: inter-ideograph; direction: ltr; unicode-bidi: normal;\"><span class=\"Normal-H\"><span style=\"font-family: Times New Roman; font-weight: bold; font-size: 11pt;\">Samstag 6. Mai 2017<\/span><span style=\"font-family: Times New Roman; font-weight: bold; font-size: 11pt;\">, <\/span><span style=\"font-family: Times New Roman; font-weight: bold; font-size: 11pt;\">Rund um die Montana del los <\/span><span style=\"font-family: Times New Roman; font-weight: bold; font-size: 11pt;\">Cuervos<\/span><span style=\"font-family: Times New Roman; font-weight: bold; font-size: 11pt;\"> und Besuch des Nationalparks<\/span><span style=\"font-family: Times New Roman; font-weight: bold; font-size: 11pt;\">Timanfaya<\/span><\/span><\/p>\n<p class=\"Normal-P\" style=\"margin-bottom: 6pt; text-align: justify; text-justify: inter-ideograph; direction: ltr; unicode-bidi: normal; text-autospace: none;\">\n<table class=\"TableGrid-T\" style=\"border-collapse: collapse;\" cellspacing=\"0\">\n<tbody>\n<tr class=\"-R\">\n<td class=\"-C\" style=\"width: 481.1pt; border: none windowtext 0pt;\" colspan=\"2\">\n<p class=\"Normal-P\" style=\"margin-bottom: 6pt; text-align: justify; text-justify: inter-ideograph; direction: ltr; unicode-bidi: normal;\"><span class=\"Normal-H\"><span style=\"font-family: Times New Roman; font-size: 11pt;\">W<\/span><span style=\"font-family: Times New Roman; font-size: 11pt;\">anderzeit ca.3<\/span><span style=\"font-family: Times New Roman; font-size: 11pt;\">Std.\/auf 20m\/a<\/span><span style=\"font-family: Times New Roman; font-size: 11pt;\">b 20m<\/span><\/span><\/p>\n<p class=\"Normal-P\" style=\"margin-bottom: 6pt; text-align: justify; text-justify: inter-ideograph; direction: ltr; unicode-bidi: normal;\"><span class=\"Normal-H\"><span style=\"font-family: Times New Roman; font-size: 11pt;\">Unsere zweite Wanderung auf Lanzarote findet ohne Marion und Sylvia statt. <\/span><span style=\"font-family: Times New Roman; font-size: 11pt;\">Beide fehlen krankheitshalber. <\/span><span style=\"font-family: Times New Roman; font-size: 11pt;\">J\u00f6rg hofft, er werde nicht ungeduldig, ist er <\/span><span style=\"font-family: Times New Roman; font-size: 11pt;\">doch heute alleine f\u00fcr unsere nicht immer disziplinierte Gruppe zust\u00e4ndig, verantwortlich.<\/span><\/span><\/p>\n<p class=\"Normal-P\" style=\"margin-bottom: 6pt; text-align: justify; text-justify: inter-ideograph; direction: ltr; unicode-bidi: normal;\"><span class=\"Normal-H\"><span style=\"font-family: Times New Roman; font-size: 11pt;\">P\u00fcnktlich um 9.15h fahren wir los. <\/span><span style=\"font-family: Times New Roman; font-size: 11pt;\">Rassige, sch\u00f6ne Musik begleitet unsere Fahrt ins Inselzentrum. Vorbei an unz\u00e4hligen Bungalows und Ferienanlagen. Nat\u00fcrlich nur einst\u00f6ckig und ohne einzige Reklame. <\/span><span style=\"font-family: Times New Roman; font-size: 11pt;\">C\u00e9sar Manrique <\/span><span style=\"font-family: Times New Roman; font-size: 11pt;\">freuds<\/span><span style=\"font-family: Times New Roman; font-size: 11pt;\">! <\/span><span style=\"font-family: Times New Roman; font-size: 11pt;\">Gepflegte Lavasteinmauerg\u00e4rtchen mit Reben bepflanzt s\u00e4umen die <\/span><span style=\"font-family: Times New Roman; font-size: 11pt;\">Strasse<\/span><span style=\"font-family: Times New Roman; font-size: 11pt;\">.<\/span><\/span><\/p>\n<\/td>\n<\/tr>\n<tr class=\"-R\">\n<td class=\"-C\" style=\"width: 240.55pt; border: none windowtext 0pt;\">\n<p class=\"Normal-P\" style=\"margin-bottom: 6pt; text-align: justify; text-justify: inter-ideograph; direction: ltr; unicode-bidi: normal;\"><span class=\"Normal-H\"><span style=\"font-family: Times New Roman; font-size: 11pt;\"><img loading=\"lazy\" decoding=\"async\" class=\"\" src=\"http:\/\/www.adrianwood.ch\/wp-content\/uploads\/2017\/07\/1499068657_image1.jpg\" data-link=\"\" width=\"349\" height=\"232\"><\/span><\/span><\/p>\n<\/td>\n<td class=\"-C\" style=\"width: 240.55pt; border: none windowtext 0pt;\">\n<p class=\"Normal-P\" style=\"margin-bottom: 6pt; text-align: justify; text-justify: inter-ideograph; direction: ltr; unicode-bidi: normal;\"><span class=\"Normal-H\"><span style=\"font-family: Times New Roman; font-size: 11pt;\"><img loading=\"lazy\" decoding=\"async\" class=\"\" src=\"http:\/\/www.adrianwood.ch\/wp-content\/uploads\/2017\/07\/1499068657_image2.jpg\" data-link=\"\" width=\"349\" height=\"232\"><\/span><\/span><\/p>\n<\/td>\n<\/tr>\n<tr class=\"-R\">\n<td class=\"-C\" style=\"width: 481.1pt; border: none windowtext 0pt;\" colspan=\"2\">\n<p class=\"Normal-P\" style=\"margin-bottom: 6pt; text-align: justify; text-justify: inter-ideograph; direction: ltr; unicode-bidi: normal;\"><span class=\"Normal-H\"><span style=\"font-family: Times New Roman; font-size: 11pt;\">Angekommen, h\u00f6ren wir<\/span><span style=\"font-family: Times New Roman; font-size: 11pt;\"> \u201e<\/span><span style=\"font-family: Times New Roman; font-size: 11pt;\">AUF GEHT\u2019S\u201c! <\/span><span style=\"font-family: Times New Roman; font-size: 11pt;\">Vooorsichtiges <\/span><span style=\"font-family: Times New Roman; font-size: 11pt;\">Strassen\u00fcberqueren<\/span><span style=\"font-family: Times New Roman; font-size: 11pt;\"> und hopp sind wir auf dem <\/span><span style=\"font-family: Times New Roman; font-weight: bold; font-size: 11pt;\">\u201eCamino Montana <\/span><span style=\"font-family: Times New Roman; font-weight: bold; font-size: 11pt;\">Negro<\/span><span style=\"font-family: Times New Roman; font-weight: bold; font-size: 11pt;\">\u201c<\/span><span style=\"font-family: Times New Roman; font-weight: bold; font-size: 11pt;\">.<\/span><\/span><\/p>\n<p class=\"Normal-P\" style=\"margin-bottom: 6pt; text-align: justify; text-justify: inter-ideograph; direction: ltr; unicode-bidi: normal;\"><span class=\"Normal-H\"><span style=\"font-family: Times New Roman; font-size: 11pt;\">Tote Erde rundum seit 1736 dem grossen Erdbeben und doch entdecken wir kleine Anzeichen von Leben. Flechten und kleine Sukkulente sind untr\u00fcgliche Anzeichen, Wegbereiter f\u00fcr neues Leben.<\/span><span style=\"font-family: Times New Roman; font-size: 11pt;\">Einzelne Palmen sind Indiz f\u00fcr fr\u00fchere Behausungen. <\/span><span style=\"font-family: Times New Roman; font-size: 11pt;\">Binzengew\u00e4chse<\/span><span style=\"font-family: Times New Roman; font-size: 11pt;\"> Anzeichen f\u00fcr feuchte Standorte. <\/span><span style=\"font-family: Times New Roman; font-size: 11pt;\">Die Natur steht unter permanenter Beobachtung von Parkw\u00e4chtern deren Resultate stetig von Wissenschaftlern ausgewertet werden.<\/span><span style=\"font-family: Times New Roman; color: #343434; font-size: 11pt;\">Moose und gelbe Flechten sind ab und an zu sehen. In der Winterregenzeit entstehen sogar bunte Farbtupfer zwischen den Felsspalten.<\/span><\/span><\/p>\n<\/td>\n<\/tr>\n<tr class=\"-R\">\n<td class=\"-C\" style=\"width: 240.55pt; border: none windowtext 0pt;\">\n<p class=\"Normal-P\" style=\"margin-bottom: 6pt; text-align: justify; text-justify: inter-ideograph; direction: ltr; unicode-bidi: normal;\"><span class=\"Normal-H\"><span style=\"font-family: Times New Roman; font-size: 11pt;\"><img loading=\"lazy\" decoding=\"async\" class=\"\" src=\"http:\/\/www.adrianwood.ch\/wp-content\/uploads\/2017\/07\/1499068657_image3.jpg\" data-link=\"\" width=\"349\" height=\"232\"><\/span><\/span><\/p>\n<\/td>\n<td class=\"-C\" style=\"width: 240.55pt; border: none windowtext 0pt;\">\n<p class=\"Normal-P\" style=\"margin-bottom: 6pt; text-align: justify; text-justify: inter-ideograph; direction: ltr; unicode-bidi: normal;\"><span class=\"Normal-H\"><span style=\"font-family: Times New Roman; font-size: 11pt;\"><img loading=\"lazy\" decoding=\"async\" class=\"\" src=\"http:\/\/www.adrianwood.ch\/wp-content\/uploads\/2017\/07\/1499068657_image4.jpg\" data-link=\"\" width=\"349\" height=\"232\"><\/span><\/span><\/p>\n<\/td>\n<\/tr>\n<tr class=\"-R\">\n<td class=\"-C\" style=\"width: 481.1pt; border: none windowtext 0pt;\" colspan=\"2\">\n<p class=\"Normal-P\" style=\"margin-bottom: 6pt; text-align: justify; text-justify: inter-ideograph; direction: ltr; unicode-bidi: normal;\"><span class=\"Normal-H\"><span style=\"font-family: Times New Roman; font-size: 11pt;\">Zum zweiten M<\/span><span style=\"font-family: Times New Roman; font-size: 11pt;\">al \u00fcberqueren wir die <\/span><span style=\"font-family: Times New Roman; font-size: 11pt;\">Strasse<\/span><span style=\"font-family: Times New Roman; font-size: 11pt;\"> \u201e<\/span><span style=\"font-family: Times New Roman; font-size: 11pt;\">der Insider merkst\u201c mit J\u00f6rg eine <\/span><span style=\"font-family: Times New Roman; font-size: 11pt;\">gr\u00f6ssere<\/span><span style=\"font-family: Times New Roman; font-size: 11pt;\"> Sache<\/span><span style=\"font-family: Times New Roman; font-size: 11pt;\">&#8230;&#8230;&#8230;hihi.<\/span><\/span><\/p>\n<p class=\"Normal-P\" style=\"margin-bottom: 6pt; text-align: justify; text-justify: inter-ideograph; direction: ltr; unicode-bidi: normal;\"><span class=\"Normal-H\"><span style=\"font-family: Times New Roman; font-size: 11pt;\">Ein einsamer Mountainbiker, einige Wanderer, wie wir, sind unterwegs in diesem dem Nationalpark, vorgelagerten Gebiet. Wir steuern auf die Montana del los Cuevos zu, die wir umrunden. Dank zahlreichen Informationstafeln, die wir fleissig fotografieren, k\u00f6nnen wir uns zuhause einem vertieften Vulkan \u2013 Studium widmen!<\/span><\/span><\/p>\n<\/td>\n<\/tr>\n<tr class=\"-R\">\n<td class=\"-C\" style=\"width: 240.55pt; border: none windowtext 0pt;\">\n<p class=\"Normal-P\" style=\"margin-bottom: 6pt; text-align: justify; text-justify: inter-ideograph; direction: ltr; unicode-bidi: normal;\"><span class=\"Normal-H\"><span style=\"font-family: Times New Roman; font-size: 11pt;\"><img loading=\"lazy\" decoding=\"async\" class=\"\" src=\"http:\/\/www.adrianwood.ch\/wp-content\/uploads\/2017\/07\/1499068657_image5.jpg\" data-link=\"\" width=\"349\" height=\"232\"><\/span><\/span><\/p>\n<\/td>\n<td class=\"-C\" style=\"width: 240.55pt; border: none windowtext 0pt;\">\n<p class=\"Normal-P\" style=\"margin-bottom: 6pt; text-align: justify; text-justify: inter-ideograph; direction: ltr; unicode-bidi: normal;\"><span class=\"Normal-H\"><span style=\"font-family: Times New Roman; font-size: 11pt;\"><img loading=\"lazy\" decoding=\"async\" class=\"\" src=\"http:\/\/www.adrianwood.ch\/wp-content\/uploads\/2017\/07\/1499068657_image6.jpg\" data-link=\"\" width=\"349\" height=\"232\"><\/span><\/span><\/p>\n<\/td>\n<\/tr>\n<tr class=\"-R\">\n<td class=\"-C\" style=\"width: 481.1pt; border: none windowtext 0pt;\" colspan=\"2\">\n<p class=\"Normal-P\" style=\"margin-bottom: 6pt; text-align: justify; text-justify: inter-ideograph; direction: ltr; unicode-bidi: normal; text-autospace: none;\"><span class=\"Normal-H\"><span style=\"font-family: Times New Roman; color: #343434; font-size: 11pt;\">Die zum Naturschutzgebiet erkl\u00e4rten <\/span><span style=\"font-family: Times New Roman; font-weight: bold; color: #343434; font-size: 11pt;\">&#8220;Monta\u00f1as del Fuego&#8221;<\/span><span style=\"font-family: Times New Roman; color: #343434; font-size: 11pt;\"> waren das Zentrum einer vulkanischen Katastrophe die nur 280 Jahre zur\u00fcck liegt. \u00dcber sechs Jahre hinweg, von 1730 bis 1736, brachen die Berge auf, gl\u00fchende fl\u00fcssige Lava quoll aus dem Inneren der Erde heraus und verw\u00fcstete ganze D\u00f6rfer und verschlang das fruchtbare Land der Bauern im S\u00fcden der Insel. <\/span><span style=\"font-family: Times New Roman; font-weight: bold; font-size: 11pt;\">Was damals geschah, geht aus den Aufzeichnungen des Pfarrers Don Andr\u00e9s L<\/span><span style=\"font-family: Times New Roman; font-weight: bold; font-size: 11pt;\">orenzo <\/span><span style=\"font-family: Times New Roman; font-weight: bold; font-size: 11pt;\">Curbelo<\/span><span style=\"font-family: Times New Roman; font-weight: bold; font-size: 11pt;\"> aus <\/span><span style=\"font-family: Times New Roman; font-weight: bold; font-size: 11pt;\">Yaiza<\/span><span style=\"font-family: Times New Roman; font-weight: bold; font-size: 11pt;\"> hervor:<\/span><\/span><\/p>\n<p class=\"Normal-P\" style=\"margin-bottom: 6pt; text-align: justify; text-justify: inter-ideograph; direction: ltr; unicode-bidi: normal; text-autospace: none;\"><span class=\"Normal-H\"><span style=\"font-family: Times New Roman; font-style: italic; color: #343434; font-size: 11pt;\">&#8220;<\/span><span style=\"font-family: Times New Roman; font-style: italic; color: #343434; font-size: 11pt;\">Man meint, die kochende Magma sei gerade eben aus der Erde gezischt und scharfkantig, sich nochmals aufb\u00e4umend, erloschen. Hier sp\u00fcrt man hautnah, wie unbedeutend der Mensch ist und welche Kraft die Natur im Inneren der Erde hat! Ja, man meint das Gef\u00fchl zu haben, als k\u00f6nnte jeder der Vulkane in ein paar Minuten wieder ausbrechen&#8230;<\/span><span style=\"font-family: Times New Roman; font-style: italic; color: #343434; font-size: 11pt;\">&#8220;<\/span><\/span><\/p>\n<p class=\"Normal-P\" style=\"margin-bottom: 6pt; text-align: justify; text-justify: inter-ideograph; direction: ltr; unicode-bidi: normal; text-autospace: none;\"><span class=\"Normal-H\"><span style=\"font-family: Times New Roman; color: #1a1a1a; font-size: 11pt;\">Die Vulkane, die den Timanfaya-Nationalpark bilden, geh\u00f6ren zur so genannten <\/span><span style=\"font-family: Times New Roman; font-weight: bold; color: #1a1a1a; font-size: 11pt;\">Hawaii-Gruppe. <\/span><\/span><\/p>\n<\/td>\n<\/tr>\n<tr class=\"-R\">\n<td class=\"-C\" style=\"width: 240.55pt; border: none windowtext 0pt;\">\n<p class=\"Normal-P\" style=\"margin-bottom: 6pt; text-align: justify; text-justify: inter-ideograph; direction: ltr; unicode-bidi: normal;\"><span class=\"Normal-H\"><span style=\"font-family: Times New Roman; font-size: 11pt;\"><img loading=\"lazy\" decoding=\"async\" class=\"\" src=\"http:\/\/www.adrianwood.ch\/wp-content\/uploads\/2017\/07\/1499068657_image7.jpg\" data-link=\"\" width=\"349\" height=\"232\"><\/span><\/span><\/p>\n<\/td>\n<td class=\"-C\" style=\"width: 240.55pt; border: none windowtext 0pt;\">\n<p class=\"Normal-P\" style=\"margin-bottom: 6pt; text-align: justify; text-justify: inter-ideograph; direction: ltr; unicode-bidi: normal;\"><span class=\"Normal-H\"><span style=\"font-family: Times New Roman; font-size: 11pt;\"><img loading=\"lazy\" decoding=\"async\" class=\"\" src=\"http:\/\/www.adrianwood.ch\/wp-content\/uploads\/2017\/07\/1499068657_image8.jpg\" data-link=\"\" width=\"349\" height=\"232\"><\/span><\/span><\/p>\n<\/td>\n<\/tr>\n<tr class=\"-R\">\n<td class=\"-C\" style=\"width: 481.1pt; border: none windowtext 0pt;\" colspan=\"2\">\n<p class=\"Normal-P\" style=\"margin-bottom: 6pt; text-align: justify; text-justify: inter-ideograph; direction: ltr; unicode-bidi: normal; text-autospace: none;\"><span class=\"Normal-H\"><span style=\"font-family: Times New Roman; color: #1a1a1a; font-size: 11pt;\">Nebst Flechten und kleinen <\/span><a href=\"https:\/\/de.wikipedia.org\/wiki\/Sukkulente\" target=\"\">Sukkulente<\/a><span style=\"font-family: Times New Roman; color: #1a1a1a; font-size: 11pt;\"> entdecken wir viele niedrige dornige Str\u00e4ucher namens <\/span><a href=\"https:\/\/de.wikipedia.org\/wiki\/Launaea_arborescens\" target=\"\">Aulaga Majorera<\/a><span style=\"font-family: Times New Roman; font-size: 11pt;\">.<\/span><span style=\"font-family: Times New Roman; color: #1a1a1a; font-size: 11pt;\"> Dieser Strauch wird von der Parkverwaltung verwendet, um die hohe Temperatur des Erdbodens im Bereich des <\/span><span style=\"font-family: Times New Roman; font-weight: bold; color: #1a1a1a; font-size: 11pt;\">Islote de Hilario<\/span><span style=\"font-family: Times New Roman; color: #1a1a1a; font-size: 11pt;\"> zu demonstrieren. Das in ein Loch im Boden gestopfte trockene Ge\u00e4st geht sofort in Flammen auf. Bei einer weiteren beeindruckenden Demonstration wird Wasser in ein senkrecht im Boden eingelassenes Rohr gegossen. Da die Temperatur wenige Meter unter der Erdoberfl\u00e4che \u00fcber 400\u00b0C betr\u00e4gt, entsteht eine explosionsartig emporschie\u00dfende Dampffont\u00e4ne.<\/span><\/span><\/p>\n<\/td>\n<\/tr>\n<tr class=\"-R\">\n<td class=\"-C\" style=\"width: 240.55pt; border: none windowtext 0pt;\">\n<p class=\"Normal-P\" style=\"margin-bottom: 6pt; text-align: justify; text-justify: inter-ideograph; direction: ltr; unicode-bidi: normal;\"><span class=\"Normal-H\"><span style=\"font-family: Times New Roman; font-size: 11pt;\"><img loading=\"lazy\" decoding=\"async\" class=\"\" src=\"http:\/\/www.adrianwood.ch\/wp-content\/uploads\/2017\/07\/1499068657_image9.jpg\" data-link=\"\" width=\"349\" height=\"232\"><\/span><\/span><\/p>\n<\/td>\n<td class=\"-C\" style=\"width: 240.55pt; border: none windowtext 0pt;\">\n<p class=\"Normal-P\" style=\"margin-bottom: 6pt; text-align: justify; text-justify: inter-ideograph; direction: ltr; unicode-bidi: normal;\"><span class=\"Normal-H\"><span style=\"font-family: Times New Roman; font-size: 11pt;\"><img loading=\"lazy\" decoding=\"async\" class=\"\" src=\"http:\/\/www.adrianwood.ch\/wp-content\/uploads\/2017\/07\/1499068657_image10.jpg\" data-link=\"\" width=\"349\" height=\"232\"><\/span><\/span><\/p>\n<\/td>\n<\/tr>\n<tr class=\"-R\">\n<td class=\"-C\" style=\"width: 481.1pt; border: none windowtext 0pt;\" colspan=\"2\">\n<p class=\"Normal-P\" style=\"margin-bottom: 6pt; text-align: justify; text-justify: inter-ideograph; direction: ltr; unicode-bidi: normal; text-autospace: none;\"><span class=\"Normal-H\"><span style=\"font-family: Times New Roman; font-size: 11pt;\">Unser sympathischer Chauffeur <\/span><span style=\"font-family: Times New Roman; font-weight: bold; font-size: 11pt;\">Romeo<\/span><span style=\"font-family: Times New Roman; font-size: 11pt;\"> f\u00e4hrt uns anschliessend <\/span><span style=\"font-family: Times New Roman; color: #343434; font-size: 11pt;\">auf schmalen abenteuerlichen Stra\u00dfen durch <\/span><span style=\"font-family: Times New Roman; color: #343434; font-size: 11pt;\">den atemberaubenden Naturpark &#8211; und es wird ganz ruhig, wenn alle durch die Fenster in offene Krater, auf riesige Aschefelder, in gigantische Lavah\u00f6hlen und auf bizarr erkaltete Felsformationen und offene Felsm\u00fcnder blicken. <\/span><span style=\"font-family: Times New Roman; color: #1a1a1a; font-size: 11pt;\">Von dem 350 Meter hoch gelegenen <\/span><span style=\"font-family: Times New Roman; font-weight: bold; color: #1a1a1a; font-size: 11pt;\">Monta\u00f1a Rajada<\/span><span style=\"font-family: Times New Roman; color: #1a1a1a; font-size: 11pt;\"> erh\u00e4lt man einen \u00dcberblick \u00fcber den gr\u00f6\u00dften T<\/span><span style=\"font-family: Times New Roman; color: #1a1a1a; font-size: 11pt;\">eil des <\/span><span style=\"font-family: Times New Roman; color: #1a1a1a; font-size: 11pt;\">Timanfaya-Nationalparks.<\/span><\/span><\/p>\n<p class=\"Normal-P\" style=\"margin-bottom: 6pt; text-align: justify; text-justify: inter-ideograph; direction: ltr; unicode-bidi: normal; text-autospace: none;\"><span class=\"Normal-H\"><span style=\"font-family: Times New Roman; font-weight: bold; color: #1a1a1a; font-size: 11pt;\">El <\/span><span style=\"font-family: Times New Roman; font-weight: bold; color: #1a1a1a; font-size: 11pt;\">Golfo<\/span><span style=\"font-family: Times New Roman; color: #1a1a1a; font-size: 11pt;\"> unser n\u00e4chstes Ziel, eine Bucht im S\u00fcd Westen der Insel! Wild sch\u00e4umender Atlantik. Eine Stunde Aufenthalt, f\u00fcr Grottenbesuch, Badeplausch oder Restaurantbesuch! <\/span><span style=\"font-family: Times New Roman; color: #1a1a1a; font-size: 11pt;\">Als erstmalige Mitreisende fragen wir uns noch immer, wann f\u00e4ngt eine Stunde an und wie lange dauert eine Stunde? <\/span><\/span><\/p>\n<p class=\"Normal-P\" style=\"margin-bottom: 6pt; text-align: justify; text-justify: inter-ideograph; direction: ltr; unicode-bidi: normal; text-autospace: none;\"><span class=\"Normal-H\"><span style=\"font-family: Times New Roman; color: #1a1a1a; font-size: 11pt;\">Danke, J\u00f6rg und Adrian, dies war ein weiterer Tag mit vielen H\u00f6hepunkten, die unvergesslich bleiben&#8230;&#8230;&#8230; und wir nicht einfach so abhacken!<\/span><\/span><\/p>\n<p class=\"Normal-P\" style=\"margin-bottom: 6pt; text-align: justify; text-justify: inter-ideograph; direction: ltr; unicode-bidi: normal;\"><span class=\"Normal-H\"><span style=\"font-family: Times New Roman; color: #1a1a1a; font-size: 11pt;\">Esther und Albert<\/span><\/span><\/p>\n<\/td>\n<\/tr>\n<tr class=\"-R\">\n<td class=\"-C\" style=\"width: 481.1pt; border: none windowtext 0pt;\" colspan=\"2\">\n<p class=\"Normal-P\" style=\"margin-bottom: 6pt; text-align: justify; text-justify: inter-ideograph; direction: ltr; unicode-bidi: normal; text-autospace: none;\"><span class=\"Normal-H\"><span style=\"font-family: Times New Roman; font-size: 11pt;\"><img loading=\"lazy\" decoding=\"async\" class=\"\" src=\"http:\/\/www.adrianwood.ch\/wp-content\/uploads\/2017\/07\/1499068657_image11.jpg\" data-link=\"\" width=\"747\" height=\"518\"><\/span><\/span><\/p>\n<\/td>\n<\/tr>\n<tr class=\"-R\">\n<td class=\"-C\" style=\"width: 481.1pt; border: none windowtext 0pt;\" colspan=\"2\">\n<p class=\"Normal-P\" style=\"margin-bottom: 6pt; text-align: justify; text-justify: inter-ideograph; direction: ltr; unicode-bidi: normal; text-autospace: none;\"><span class=\"Normal-H\"><span style=\"font-family: Times New Roman; font-size: 11pt;\"><img loading=\"lazy\" decoding=\"async\" class=\"\" src=\"http:\/\/www.adrianwood.ch\/wp-content\/uploads\/2017\/07\/1499068657_image12.jpg\" data-link=\"\" width=\"748\" height=\"393\"><\/span><\/span><\/p>\n<\/td>\n<\/tr>\n<tr class=\"-R\">\n<td class=\"-C\" style=\"width: 481.1pt; border: none windowtext 0pt;\" colspan=\"2\">\n<p class=\"Normal-P\" style=\"margin-bottom: 6pt; text-align: justify; text-justify: inter-ideograph; direction: ltr; unicode-bidi: normal;\"><span class=\"Normal-H\"><span style=\"font-family: Times New Roman; font-size: 11pt;\"><img loading=\"lazy\" decoding=\"async\" class=\"\" src=\"http:\/\/www.adrianwood.ch\/wp-content\/uploads\/2017\/07\/1499068657_image13.jpg\" data-link=\"\" width=\"748\" height=\"393\"><\/span><\/span><\/p>\n<\/td>\n<\/tr>\n<tr class=\"-R\">\n<td class=\"-C\" style=\"width: 481.1pt; border: none windowtext 0pt;\" colspan=\"2\">\n<p class=\"Normal-P\" style=\"margin-bottom: 6pt; text-align: justify; text-justify: inter-ideograph; direction: ltr; unicode-bidi: normal;\"><span class=\"Normal-H\"><span style=\"font-family: Times New Roman; font-size: 11pt;\"><img loading=\"lazy\" decoding=\"async\" class=\"\" src=\"http:\/\/www.adrianwood.ch\/wp-content\/uploads\/2017\/07\/1499068657_image14.jpg\" data-link=\"\" width=\"751\" height=\"396\"><\/span><\/span><\/p>\n<\/td>\n<\/tr>\n<p><!-- [if !supportMisalignedColumns]--><\/tbody>\n<\/table>\n<\/div>\n","protected":false},"excerpt":{"rendered":"<p>Samstag 6. Mai 2017, Rund um die Montana del los Cuervos und Besuch des NationalparksTimanfaya Wanderzeit ca.3Std.\/auf 20m\/ab 20m Unsere zweite Wanderung auf Lanzarote findet ohne Marion und Sylvia statt. Beide fehlen krankheitshalber. J\u00f6rg hofft, er werde nicht ungeduldig, ist er doch heute alleine f\u00fcr unsere nicht immer disziplinierte Gruppe zust\u00e4ndig, verantwortlich. P\u00fcnktlich um 9.15h &hellip; <a href=\"https:\/\/www.adrianwood.ch\/?page_id=12368\" class=\"more-link\">Continue reading <span class=\"screen-reader-text\">05-06 Timanfaya<\/span> <span class=\"meta-nav\">&rarr;<\/span><\/a><\/p>\n","protected":false},"author":1,"featured_media":0,"parent":12056,"menu_order":2574,"comment_status":"closed","ping_status":"closed","template":"","meta":{"ngg_post_thumbnail":0,"footnotes":""},"class_list":["post-12368","page","type-page","status-publish","hentry"],"_links":{"self":[{"href":"https:\/\/www.adrianwood.ch\/index.php?rest_route=\/wp\/v2\/pages\/12368","targetHints":{"allow":["GET"]}}],"collection":[{"href":"https:\/\/www.adrianwood.ch\/index.php?rest_route=\/wp\/v2\/pages"}],"about":[{"href":"https:\/\/www.adrianwood.ch\/index.php?rest_route=\/wp\/v2\/types\/page"}],"author":[{"embeddable":true,"href":"https:\/\/www.adrianwood.ch\/index.php?rest_route=\/wp\/v2\/users\/1"}],"replies":[{"embeddable":true,"href":"https:\/\/www.adrianwood.ch\/index.php?rest_route=%2Fwp%2Fv2%2Fcomments&post=12368"}],"version-history":[{"count":6,"href":"https:\/\/www.adrianwood.ch\/index.php?rest_route=\/wp\/v2\/pages\/12368\/revisions"}],"predecessor-version":[{"id":12400,"href":"https:\/\/www.adrianwood.ch\/index.php?rest_route=\/wp\/v2\/pages\/12368\/revisions\/12400"}],"up":[{"embeddable":true,"href":"https:\/\/www.adrianwood.ch\/index.php?rest_route=\/wp\/v2\/pages\/12056"}],"wp:attachment":[{"href":"https:\/\/www.adrianwood.ch\/index.php?rest_route=%2Fwp%2Fv2%2Fmedia&parent=12368"}],"curies":[{"name":"wp","href":"https:\/\/api.w.org\/{rel}","templated":true}]}}