{"id":12419,"date":"2017-07-03T08:38:15","date_gmt":"2017-07-03T08:38:15","guid":{"rendered":"http:\/\/www.adrianwood.ch\/?page_id=12419"},"modified":"2017-07-03T08:44:34","modified_gmt":"2017-07-03T08:44:34","slug":"05-08-la-geria","status":"publish","type":"page","link":"https:\/\/www.adrianwood.ch\/?page_id=12419","title":{"rendered":"05-08 La Geria"},"content":{"rendered":"<div class=\"pmdi_content_wrapper\">\n<p class=\"Normal-P\" style=\"margin-bottom: 6pt; text-align: justify; text-justify: inter-ideograph; direction: ltr; unicode-bidi: normal;\"><span class=\"Normal-H\"><span style=\"font-family: Times New Roman; font-weight: bold;\">Montag, <\/span><span style=\"font-family: Times New Roman; font-weight: bold;\">8. Mai 2017<\/span><span style=\"font-family: Times New Roman; font-weight: bold;\">, <\/span><span style=\"font-family: Times New Roman; font-weight: bold;\">Durch das <\/span><span style=\"font-family: Times New Roman; font-weight: bold;\">Weinbaugebiet La <\/span><span style=\"font-family: Times New Roman; font-weight: bold;\">Geria<\/span><span style=\"font-family: Times New Roman; font-weight: bold;\"> auf Lanzarote<\/span><\/span><\/p>\n<p class=\"Normal-P\" style=\"margin-bottom: 6pt; text-align: justify; text-justify: inter-ideograph; direction: ltr; unicode-bidi: normal; margin-right: -28.35pt;\">\n<table class=\"TableGrid-T\" style=\"border-collapse: collapse;\" cellspacing=\"0\">\n<tbody>\n<tr class=\"-R\">\n<td class=\"-C\" style=\"width: 481.4pt; border: none windowtext 0pt;\" colspan=\"2\">\n<p class=\"Normal-P\" style=\"margin-bottom: 6pt; text-align: justify; text-justify: inter-ideograph; direction: ltr; unicode-bidi: normal;\"><span class=\"Normal-H\"><span style=\"font-family: Times New Roman;\">Der heutige Tag bringt uns mit Bus in das Weinbaugebiet La <\/span><span style=\"font-family: Times New Roman;\">Geria<\/span><span style=\"font-family: Times New Roman;\">, das im Zentrum der Insel gelegen mit 2000 ha Anbaufl\u00e4che und 18 Weinbaubetrieben das gr\u00f6sste der Insel ist. Es gibt noch zus\u00e4tzliche Winzer, die Wein in kleinen Mengen f\u00fcr den Eigenbedarf produzieren. Haupts\u00e4chlich werden Malvasia <\/span><span style=\"font-family: Times New Roman;\">Volcanica<\/span><span style=\"font-family: Times New Roman;\">, <\/span><span style=\"font-family: Times New Roman;\">List\u00e1n<\/span><span style=\"font-family: Times New Roman;\">blanco<\/span><span style=\"font-family: Times New Roman;\"> und <\/span><span style=\"font-family: Times New Roman;\">negro<\/span><span style=\"font-family: Times New Roman;\">, sowie <\/span><span style=\"font-family: Times New Roman;\">Muscatel<\/span><span style=\"font-family: Times New Roman;\"> angebaut. Da nach den Vulkanausbr\u00fcchen des 18. und 19. Jahrhunderts der klassische Ackerbau mit der Erzeugung von R\u00fcben, Kartoffeln und Getreide nicht mehr m\u00f6glich war, das gesamte Land lag unter einer meterhohen Schicht aus Vulkanasche und Lavagranulat, das unfruchtbar ist, wurde die Gegend zum mal <\/span><span style=\"font-family: Times New Roman;\">pais<\/span><span style=\"font-family: Times New Roman;\">, zu schlechtem Land erkl\u00e4<\/span><span style=\"font-family: Times New Roman;\">rt und gr\u00f6sstenteils verlassen.<\/span><\/span><\/p>\n<\/td>\n<\/tr>\n<tr class=\"-R\">\n<td class=\"-C\" style=\"width: 240.35pt; border: none windowtext 0pt;\">\n<p class=\"Normal-P\" style=\"margin-bottom: 6pt; text-align: justify; text-justify: inter-ideograph; direction: ltr; unicode-bidi: normal;\"><span class=\"Normal-H\"><span style=\"font-family: Times New Roman;\"><img loading=\"lazy\" decoding=\"async\" class=\"\" src=\"http:\/\/www.adrianwood.ch\/wp-content\/uploads\/2017\/07\/1499071321_image1.jpeg\" data-link=\"\" width=\"349\" height=\"233\"><\/span><\/span><\/p>\n<\/td>\n<td class=\"-C\" style=\"width: 241.05pt; border: none windowtext 0pt;\">\n<p class=\"Normal-P\" style=\"margin-bottom: 6pt; text-align: justify; text-justify: inter-ideograph; direction: ltr; unicode-bidi: normal;\"><span class=\"Normal-H\"><span style=\"font-family: Times New Roman;\"><img loading=\"lazy\" decoding=\"async\" class=\"\" src=\"http:\/\/www.adrianwood.ch\/wp-content\/uploads\/2017\/07\/1499071321_image2.jpeg\" data-link=\"\" width=\"349\" height=\"232\"><\/span><\/span><\/p>\n<\/td>\n<\/tr>\n<tr class=\"-R\">\n<td class=\"-C\" style=\"width: 481.4pt; border: none windowtext 0pt;\" colspan=\"2\">\n<p class=\"Normal-P\" style=\"margin-bottom: 6pt; text-align: justify; text-justify: inter-ideograph; direction: ltr; unicode-bidi: normal;\"><span class=\"Normal-H\"><span style=\"font-family: Times New Roman;\">Die bleibenden Bauern erfanden eine Technik, mit der sie ohne Bew\u00e4sserung, denn Wasser ist knapp auf Lanzarote, Wein produzieren konnten, sie schufen den Trockenfeldbau. Zun\u00e4chst wurden Asche und Lavagranulat v\u00f6llig entfernt bis man auf die darunterliegende Lava stiess, danach transportierte man Mutterboden heran und brachte diesen auf der Lavaschlacke aus. In diesen Mutterboden, der wenige Meter dick ist, pflanzte man die Reben und f\u00fcllte die Asche und das Granulat so dar\u00fcber, dass die Rebe oder Reben am Grund eines <\/span><span style=\"font-family: Times New Roman;\">ca<\/span><span style=\"font-family: Times New Roman;\"> 3 m tiefen Trichters wuchsen. Die Gr\u00f6sse des Trichters entscheidet, wie viele Reben in ihm wachsen k\u00f6nnen. Am Ende kr\u00f6nte man den Trichter mit einem M\u00e4uerchen aus Lavagestein, das nach S\u00fcden hin <\/span><span style=\"font-family: Times New Roman;\">offen<\/span><span style=\"font-family: Times New Roman;\">blieb<\/span><span style=\"font-family: Times New Roman;\"> und eine gewisse Winddurchl\u00e4ssigkeit besitzt, um die Reben zwar zu bel\u00fcften,<\/span><span style=\"font-family: Times New Roman;\"> aber den meisten <\/span><span style=\"font-family: Times New Roman;\">Wind abzuhalten.<\/span><\/span><\/p>\n<p class=\"Normal-P\" style=\"margin-bottom: 6pt; text-align: justify; text-justify: inter-ideograph; direction: ltr; unicode-bidi: normal;\"><span class=\"Normal-H\"><span style=\"font-family: Times New Roman;\">Das Lavagranulat mit der Asche ist hygroskopisch, das heisst es nimmt Feuchtigkeit aus der Umgebungsluft auf, die dann kondensiert und nach unte<\/span><span style=\"font-family: Times New Roman;\"> in die Mutterbodenschicht geleitet wird, da das Granulat selbst kein Wasser speichern kann. Im Mutterboden kann dann die Rebe an das ben\u00f6tigte Wasser gelangen, weshalb die Wurzeln der Pflanze nicht wie normal nach unten wachsen, sondern horizontal im Mutterboden verankert sind. Man kann sich leicht vorstellen wie aufw\u00e4ndig Anlage und Pflege der Weinkulturen sind. Trotz der Trockenheit sahen wir, dass die Reben mit Schwefel u<\/span><span style=\"font-family: Times New Roman;\">nd Blaukupfer behandelt wurden.<\/span><\/span><\/p>\n<p class=\"Normal-P\" style=\"margin-bottom: 6pt; text-align: justify; text-justify: inter-ideograph; direction: ltr; unicode-bidi: normal;\"><span class=\"Normal-H\"><span style=\"font-family: Times New Roman;\">Die Malvasia Traube reift schnell und wird schon im Juli geerntet, die anderen Trauben folgen im September. Bei der <\/span><span style=\"font-family: Times New Roman;\">List\u00e1n<\/span><span style=\"font-family: Times New Roman;\">negro<\/span><span style=\"font-family: Times New Roman;\"> Traube handelt es sich um eine Burgunder Traube, die Verarbeitung wird deshalb mit der Burgunder G\u00e4rung durchgef\u00fchrt, bei der man den Traubensaft zun\u00e4chst mit Schale und K\u00e4mmen zusammen fermentieren l\u00e4sst. Bei zunehmendem Gehalt an Alkohol l\u00f6st sich der in Wasser nicht <\/span><span style=\"font-family: Times New Roman;\">l\u00f6sliche Farbstoff<\/span><span style=\"font-family: Times New Roman;\"> aus der Schale und gibt sp\u00e4ter dem Wein seine unv<\/span><span style=\"font-family: Times New Roman;\">ergleichliche dunkelrote Farbe.<\/span><\/span><\/p>\n<\/td>\n<\/tr>\n<tr class=\"-R\">\n<td class=\"-C\" style=\"width: 481.4pt; border: none windowtext 0pt;\" colspan=\"2\">\n<p class=\"Normal-P\" style=\"margin-bottom: 6pt; text-align: justify; text-justify: inter-ideograph; direction: ltr; unicode-bidi: normal;\"><span class=\"Normal-H\"><span style=\"font-family: Times New Roman;\"><img loading=\"lazy\" decoding=\"async\" class=\"\" src=\"http:\/\/www.adrianwood.ch\/wp-content\/uploads\/2017\/07\/1499071321_image3.jpg\" data-link=\"\" width=\"749\" height=\"295\"><\/span><\/span><\/p>\n<\/td>\n<\/tr>\n<tr class=\"-R\">\n<td class=\"-C\" style=\"width: 240.35pt; border: none windowtext 0pt;\">\n<p class=\"Normal-P\" style=\"margin-bottom: 6pt; text-align: justify; text-justify: inter-ideograph; direction: ltr; unicode-bidi: normal;\"><span class=\"Normal-H\"><span style=\"font-family: Times New Roman;\"><img loading=\"lazy\" decoding=\"async\" class=\"\" src=\"http:\/\/www.adrianwood.ch\/wp-content\/uploads\/2017\/07\/1499071321_image4.jpeg\" data-link=\"\" width=\"349\" height=\"233\"><\/span><\/span><\/p>\n<\/td>\n<td class=\"-C\" style=\"width: 241.05pt; border: none windowtext 0pt;\">\n<p class=\"Normal-P\" style=\"margin-bottom: 6pt; text-align: justify; text-justify: inter-ideograph; direction: ltr; unicode-bidi: normal;\"><span class=\"Normal-H\"><span style=\"font-family: Times New Roman;\"><img loading=\"lazy\" decoding=\"async\" class=\"\" src=\"http:\/\/www.adrianwood.ch\/wp-content\/uploads\/2017\/07\/1499071321_image5.jpeg\" data-link=\"\" width=\"349\" height=\"232\"><\/span><\/span><\/p>\n<\/td>\n<\/tr>\n<tr class=\"-R\">\n<td class=\"-C\" style=\"width: 481.4pt; border: none windowtext 0pt;\" colspan=\"2\">\n<p class=\"Normal-P\" style=\"margin-bottom: 6pt; text-align: justify; text-justify: inter-ideograph; direction: ltr; unicode-bidi: normal;\"><span class=\"Normal-H\"><span style=\"font-family: Times New Roman;\">Wir besuchten die Bodega <\/span><span style=\"font-family: Times New Roman;\">Rubic\u00f3n<\/span><span style=\"font-family: Times New Roman;\">, probierten die Weine und wurden mit K\u00e4se, Brot und Zicklein mit Kartoffeln gut bewirtet. Vorher wanderten wir durch die <\/span><span style=\"font-family: Times New Roman;\">Rebanlagen<\/span><span style=\"font-family: Times New Roman;\"> zum Monta\u00f1a <\/span><span style=\"font-family: Times New Roman;\">Tinasoria<\/span><span style=\"font-family: Times New Roman;\">( 503<\/span><span style=\"font-family: Times New Roman;\"> m ), die sportlicheren bestiegen noch den Gipfel des Vulkans <\/span><span style=\"font-family: Times New Roman;\">Guardilama<\/span><span style=\"font-family: Times New Roman;\"> ( 603 m ) und kamen dann auch zum Rastplatz, der eine grossartige Rundumsicht \u00fcber das Weinbaugebiet und die es begrenzenden Vulkane bot. Beim Abstieg nach <\/span><span style=\"font-family: Times New Roman;\">Uga<\/span><span style=\"font-family: Times New Roman;\"> sahen wir ein P\u00e4rchen Raubw\u00fcrger. Nach einer kurzen Pause in <\/span><span style=\"font-family: Times New Roman;\">Uga<\/span><span style=\"font-family: Times New Roman;\"> brachte uns der Bus zum Weingut <\/span><span style=\"font-family: Times New Roman;\">Rubic\u00f3n<\/span><span style=\"font-family: Times New Roman;\"> mit den bereits erw\u00e4hnten K\u00f6stlichkeiten und danach zur\u00fcck zum Hotel, wo sich einige noch ein Bad im Meer g\u00f6nnten, bevor das Abend Buffet er\u00f6ffnet wurde. <\/span><span style=\"font-family: Times New Roman;\">Michael<\/span><\/span><\/p>\n<\/td>\n<\/tr>\n<tr class=\"-R\">\n<td class=\"-C\" style=\"width: 240.35pt; border: none windowtext 0pt;\">\n<p class=\"Normal-P\" style=\"margin-bottom: 6pt; text-align: justify; text-justify: inter-ideograph; direction: ltr; unicode-bidi: normal;\"><span class=\"Normal-H\"><span style=\"font-family: Times New Roman;\"><img loading=\"lazy\" decoding=\"async\" class=\"\" src=\"http:\/\/www.adrianwood.ch\/wp-content\/uploads\/2017\/07\/1499071321_image6.jpeg\" data-link=\"\" width=\"349\" height=\"233\"><\/span><\/span><\/p>\n<\/td>\n<td class=\"-C\" style=\"width: 241.05pt; border: none windowtext 0pt;\">\n<p class=\"Normal-P\" style=\"margin-bottom: 6pt; text-align: justify; text-justify: inter-ideograph; direction: ltr; unicode-bidi: normal;\"><span class=\"Normal-H\"><span style=\"font-family: Times New Roman;\"><img loading=\"lazy\" decoding=\"async\" class=\"\" src=\"http:\/\/www.adrianwood.ch\/wp-content\/uploads\/2017\/07\/1499071321_image7.jpeg\" data-link=\"\" width=\"349\" height=\"234\"><\/span><\/span><\/p>\n<\/td>\n<\/tr>\n<tr class=\"-R\">\n<td class=\"-C\" style=\"width: 240.35pt; border: none windowtext 0pt;\"><\/td>\n<td class=\"-C\" style=\"width: 241.05pt; border: none windowtext 0pt;\"><\/td>\n<\/tr>\n<tr class=\"-R\">\n<td class=\"-C\" style=\"width: 481.4pt; border: none windowtext 0pt;\" colspan=\"2\">\n<p class=\"Normal-P\" style=\"margin-bottom: 6pt; text-align: justify; text-justify: inter-ideograph; direction: ltr; unicode-bidi: normal;\"><span class=\"Normal-H\"><span style=\"font-family: Times New Roman;\"><img loading=\"lazy\" decoding=\"async\" class=\"\" src=\"http:\/\/www.adrianwood.ch\/wp-content\/uploads\/2017\/07\/1499071321_image8.jpeg\" data-link=\"\" width=\"746\" height=\"392\"><\/span><\/span><\/p>\n<\/td>\n<\/tr>\n<p><!-- [if !supportMisalignedColumns]--><\/tbody>\n<\/table>\n<\/div>\n","protected":false},"excerpt":{"rendered":"<p>Montag, 8. Mai 2017, Durch das Weinbaugebiet La Geria auf Lanzarote Der heutige Tag bringt uns mit Bus in das Weinbaugebiet La Geria, das im Zentrum der Insel gelegen mit 2000 ha Anbaufl\u00e4che und 18 Weinbaubetrieben das gr\u00f6sste der Insel ist. Es gibt noch zus\u00e4tzliche Winzer, die Wein in kleinen Mengen f\u00fcr den Eigenbedarf produzieren. &hellip; <a href=\"https:\/\/www.adrianwood.ch\/?page_id=12419\" class=\"more-link\">Continue reading <span class=\"screen-reader-text\">05-08 La Geria<\/span> <span class=\"meta-nav\">&rarr;<\/span><\/a><\/p>\n","protected":false},"author":1,"featured_media":0,"parent":12056,"menu_order":2576,"comment_status":"closed","ping_status":"closed","template":"","meta":{"ngg_post_thumbnail":0,"footnotes":""},"class_list":["post-12419","page","type-page","status-publish","hentry"],"_links":{"self":[{"href":"https:\/\/www.adrianwood.ch\/index.php?rest_route=\/wp\/v2\/pages\/12419","targetHints":{"allow":["GET"]}}],"collection":[{"href":"https:\/\/www.adrianwood.ch\/index.php?rest_route=\/wp\/v2\/pages"}],"about":[{"href":"https:\/\/www.adrianwood.ch\/index.php?rest_route=\/wp\/v2\/types\/page"}],"author":[{"embeddable":true,"href":"https:\/\/www.adrianwood.ch\/index.php?rest_route=\/wp\/v2\/users\/1"}],"replies":[{"embeddable":true,"href":"https:\/\/www.adrianwood.ch\/index.php?rest_route=%2Fwp%2Fv2%2Fcomments&post=12419"}],"version-history":[{"count":4,"href":"https:\/\/www.adrianwood.ch\/index.php?rest_route=\/wp\/v2\/pages\/12419\/revisions"}],"predecessor-version":[{"id":12432,"href":"https:\/\/www.adrianwood.ch\/index.php?rest_route=\/wp\/v2\/pages\/12419\/revisions\/12432"}],"up":[{"embeddable":true,"href":"https:\/\/www.adrianwood.ch\/index.php?rest_route=\/wp\/v2\/pages\/12056"}],"wp:attachment":[{"href":"https:\/\/www.adrianwood.ch\/index.php?rest_route=%2Fwp%2Fv2%2Fmedia&parent=12419"}],"curies":[{"name":"wp","href":"https:\/\/api.w.org\/{rel}","templated":true}]}}