{"id":12447,"date":"2017-07-03T12:31:01","date_gmt":"2017-07-03T12:31:01","guid":{"rendered":"http:\/\/www.adrianwood.ch\/?page_id=12447"},"modified":"2017-07-03T12:34:05","modified_gmt":"2017-07-03T12:34:05","slug":"05-09-la-graciosa","status":"publish","type":"page","link":"https:\/\/www.adrianwood.ch\/?page_id=12447","title":{"rendered":"05-09 La Graciosa"},"content":{"rendered":"<div class=\"pmdi_content_wrapper\">\n<p class=\"Normal-P\" style=\"margin-bottom: 6pt; text-align: justify; text-justify: inter-ideograph; direction: ltr; unicode-bidi: normal;\"><span class=\"Normal-H\"><span style=\"font-family: Times New Roman; font-weight: bold;\">Dienstag, 9.<\/span><span style=\"font-family: Times New Roman; font-weight: bold;\">Mai <\/span><span style=\"font-family: Times New Roman; font-weight: bold;\">2017<\/span><span style=\"font-family: Times New Roman; font-weight: bold;\">,<\/span><span style=\"font-family: Times New Roman; font-weight: bold;\"> Ausflug zur Insel \u201eLa <\/span><span style=\"font-family: Times New Roman; font-weight: bold;\">Graciosa<\/span><span style=\"font-family: Times New Roman; font-weight: bold;\">\u201c<\/span><\/span><\/p>\n<p class=\"Normal-P\" style=\"margin-bottom: 6pt; text-align: justify; text-justify: inter-ideograph; direction: ltr; unicode-bidi: normal;\">\n<table class=\"TableGrid-T\" style=\"border-collapse: collapse;\" cellspacing=\"0\">\n<tbody>\n<tr class=\"-R\">\n<td class=\"-C\" style=\"width: 481.4pt; border: none windowtext 0pt;\" colspan=\"2\">\n<p class=\"Normal-P\" style=\"margin-bottom: 6pt; text-align: justify; text-justify: inter-ideograph; direction: ltr; unicode-bidi: normal;\"><span class=\"Normal-H\"><span style=\"font-family: Times New Roman;\">An unserm freien Tag begeistert Adrian sieben weitere Personen zu einem Ausflug zur Insel La <\/span><span style=\"font-family: Times New Roman;\">Graciosa<\/span><span style=\"font-family: Times New Roman;\"> n\u00f6rdlich von Lanzarote<\/span><span style=\"font-family: Times New Roman;\">. Wie mieten zwei Kleinwagen, da diese g\u00fcnstiger sind, als ein Kleinbus. Die <\/span><span style=\"font-family: Times New Roman;\">Jokerkarten<\/span><span style=\"font-family: Times New Roman;\"> f\u00fcrs Autofahren f\u00e4llt auf die beiden, die den F\u00fchrerschein auch in den Ferien dabei haben (Adrian + Vreni). Um die F\u00e4hre von <\/span><span style=\"font-family: Times New Roman;\">Orzola<\/span><span style=\"font-family: Times New Roman;\"> nach Caleta del <\/span><span style=\"font-family: Times New Roman;\">Sebo<\/span><span style=\"font-family: Times New Roman;\"> um 10:00 Uhr zu erreichen m\u00fcssen wir unser Fr\u00fchst\u00fcck eine dreiviertel Stunde vorverschieben. <\/span><\/span><\/p>\n<\/td>\n<\/tr>\n<tr class=\"-R\">\n<td class=\"-C\" style=\"width: 239.95pt; border: none windowtext 0pt;\">\n<p class=\"Normal-P\" style=\"margin-bottom: 6pt; text-align: justify; text-justify: inter-ideograph; direction: ltr; unicode-bidi: normal;\"><span class=\"Normal-H\"><span style=\"font-family: Times New Roman;\"><img loading=\"lazy\" decoding=\"async\" class=\"\" src=\"http:\/\/www.adrianwood.ch\/wp-content\/uploads\/2017\/07\/1499085049_image1.jpeg\" data-link=\"\" width=\"349\" height=\"233\"><\/span><\/span><\/p>\n<\/td>\n<td class=\"-C\" style=\"width: 241.45pt; border: none windowtext 0pt;\">\n<p class=\"Normal-P\" style=\"margin-bottom: 6pt; text-align: justify; text-justify: inter-ideograph; direction: ltr; unicode-bidi: normal;\"><span class=\"Normal-H\"><span style=\"font-family: Times New Roman;\"><img loading=\"lazy\" decoding=\"async\" class=\"\" src=\"http:\/\/www.adrianwood.ch\/wp-content\/uploads\/2017\/07\/1499085049_image2.jpeg\" data-link=\"\" width=\"349\" height=\"232\"><\/span><\/span><\/p>\n<\/td>\n<\/tr>\n<tr class=\"-R\">\n<td class=\"-C\" style=\"width: 481.4pt; border: none windowtext 0pt;\" colspan=\"2\">\n<p class=\"Normal-P\" style=\"margin-bottom: 6pt; text-align: justify; text-justify: inter-ideograph; direction: ltr; unicode-bidi: normal;\"><span class=\"Normal-H\"><span style=\"font-family: Times New Roman;\">Wir fahren hintereinander, um den Weg zu finden. Trotz Zusatzschlaufe erreichen wir den Hafen kurz vor Abfahrt. W\u00e4hrend der Schiffs\u00fcberfahrt k\u00f6nnen wir noch einmal die Klippen-Wanderung des ersten Tages auf Lanzarote bestaunen. Auf La <\/span><span style=\"font-family: Times New Roman;\">Graciosa<\/span><span style=\"font-family: Times New Roman;\"> angekommen schlendern wir dem weissen Muschel-Sandstrand entlang zum Playa del Monta\u00f1a <\/span><span style=\"font-family: Times New Roman;\">Amarilla<\/span><span style=\"font-family: Times New Roman;\"> am s\u00fcdwestlichen Ende der Insel.<\/span><\/span><\/p>\n<\/td>\n<\/tr>\n<tr class=\"-R\">\n<td class=\"-C\" style=\"width: 239.95pt; border: none windowtext 0pt;\">\n<p class=\"Normal-P\" style=\"margin-bottom: 6pt; text-align: justify; text-justify: inter-ideograph; direction: ltr; unicode-bidi: normal;\"><span class=\"Normal-H\"><span style=\"font-family: Times New Roman;\"><img loading=\"lazy\" decoding=\"async\" class=\"\" src=\"http:\/\/www.adrianwood.ch\/wp-content\/uploads\/2017\/07\/1499085049_image3.jpeg\" data-link=\"\" width=\"349\" height=\"262\"><\/span><\/span><\/p>\n<\/td>\n<td class=\"-C\" style=\"width: 241.45pt; border: none windowtext 0pt;\">\n<p class=\"Normal-P\" style=\"margin-bottom: 6pt; text-align: justify; text-justify: inter-ideograph; direction: ltr; unicode-bidi: normal;\"><span class=\"Normal-H\"><span style=\"font-family: Times New Roman;\"><img loading=\"lazy\" decoding=\"async\" class=\"\" src=\"http:\/\/www.adrianwood.ch\/wp-content\/uploads\/2017\/07\/1499085049_image4.jpeg\" data-link=\"\" width=\"349\" height=\"262\"><\/span><\/span><\/p>\n<\/td>\n<\/tr>\n<tr class=\"-R\">\n<td class=\"-C\" style=\"width: 481.4pt; border: none windowtext 0pt;\" colspan=\"2\">\n<p class=\"Normal-P\" style=\"margin-bottom: 6pt; text-align: justify; text-justify: inter-ideograph; direction: ltr; unicode-bidi: normal;\"><span class=\"Normal-H\"><span style=\"font-family: Times New Roman;\">Welch eine \u00dcberraschung, eine Seite des schwarzen Vulkans hat gelbe Lava ausgespukt und man sieht gut die erstarrten Fliessspuren, die sich bis auf den Sandstrand ergossen haben. Ein Schild warnt vor Steinschlag, so m\u00fcssen wie wo anders f\u00fcr einen Schattenplatz am Strand besorgt sein, aber zuerst lockt das Wasser. Die Meeresbucht ist relativ ruhig, w\u00e4hrend um die Ecke grosse Wellen an der Felskante bersten. <\/span><\/span><\/p>\n<\/td>\n<\/tr>\n<tr class=\"-R\">\n<td class=\"-C\" style=\"width: 481.4pt; border: none windowtext 0pt;\" colspan=\"2\">\n<p class=\"Normal-P\" style=\"margin-bottom: 6pt; text-align: justify; text-justify: inter-ideograph; direction: ltr; unicode-bidi: normal;\"><span class=\"Normal-H\"><span style=\"font-family: Times New Roman;\"><img loading=\"lazy\" decoding=\"async\" class=\"\" src=\"http:\/\/www.adrianwood.ch\/wp-content\/uploads\/2017\/07\/1499085049_image5.jpeg\" data-link=\"\" width=\"747\" height=\"170\"><\/span><\/span><\/p>\n<\/td>\n<\/tr>\n<tr class=\"-R\">\n<td class=\"-C\" style=\"width: 481.4pt; border: none windowtext 0pt;\" colspan=\"2\">\n<p class=\"Normal-P\" style=\"margin-bottom: 6pt; text-align: justify; text-justify: inter-ideograph; direction: ltr; unicode-bidi: normal;\"><span class=\"Normal-H\"><span style=\"font-family: Times New Roman;\">Albi beschliesst den Vulkan alleine zu besteigen und nach einer halben Stunde winkt er von oben zur Badebucht hinunter. Wir verzehren unser Picknick unter den Regenschirmen, die jetzt als Sonnenschutz dienen. Weitere Personen, z.T. mit Mountainbike und Surfbrettern kommen an den Strand. Sogar ein Ausflugschiff macht einen Bogen in die Bucht, gl\u00fccklicherweise f\u00e4hrt es gleich wieder weg. Auch die Surfer nehmen nur ein Bad, die Bretter bleiben an Land. Um 14:30 Uhr wird es Zeit f\u00fcr den R\u00fcckmarsch.<\/span><\/span><\/p>\n<\/td>\n<\/tr>\n<tr class=\"-R\">\n<td class=\"-C\" style=\"width: 239.95pt; border: none windowtext 0pt;\">\n<p class=\"Normal-P\" style=\"margin-bottom: 6pt; text-align: justify; text-justify: inter-ideograph; direction: ltr; unicode-bidi: normal;\"><span class=\"Normal-H\"><span style=\"font-family: Times New Roman;\"><img loading=\"lazy\" decoding=\"async\" class=\"\" src=\"http:\/\/www.adrianwood.ch\/wp-content\/uploads\/2017\/07\/1499085049_image6.jpg\" data-link=\"\" width=\"348\" height=\"231\"><\/span><\/span><\/p>\n<\/td>\n<td class=\"-C\" style=\"width: 241.45pt; border: none windowtext 0pt;\">\n<p class=\"Normal-P\" style=\"margin-bottom: 6pt; text-align: justify; text-justify: inter-ideograph; direction: ltr; unicode-bidi: normal;\"><span class=\"Normal-H\"><span style=\"font-family: Times New Roman;\"><img loading=\"lazy\" decoding=\"async\" class=\"\" src=\"http:\/\/www.adrianwood.ch\/wp-content\/uploads\/2017\/07\/1499085049_image7.jpeg\" data-link=\"\" width=\"349\" height=\"234\"><\/span><\/span><\/p>\n<\/td>\n<\/tr>\n<tr class=\"-R\">\n<td class=\"-C\" style=\"width: 481.4pt; border: none windowtext 0pt;\" colspan=\"2\">\n<p class=\"Normal-P\" style=\"margin-bottom: 6pt; text-align: justify; text-justify: inter-ideograph; direction: ltr; unicode-bidi: normal;\"><span class=\"Normal-H\"><span style=\"font-family: Times New Roman;\">An der Playa la <\/span><span style=\"font-family: Times New Roman;\">Francesa<\/span><span style=\"font-family: Times New Roman;\"> hat das Ausflugschiff eine grosse Kinderschar abgesetzt mit Wasser<\/span><span style=\"font-family: Times New Roman;\">&#8211;<\/span><span style=\"font-family: Times New Roman;\">spielsachen. <\/span><\/span><\/p>\n<p class=\"Normal-P\" style=\"margin-bottom: 6pt; text-align: justify; text-justify: inter-ideograph; direction: ltr; unicode-bidi: normal;\"><span class=\"Normal-H\"><span style=\"font-family: Times New Roman;\">Auf dem Hinweg hatten wir Ebbe und wir konnten in direkte Linie laufen. Martin versucht nochmals den alten Weg \u00fcber die Klippen und pl\u00f6tzlich hat es nur noch Wasser. Um auf den trockenen Weg zu komme watet er durch 70 cm tiefes Wasser.<\/span><\/span><\/p>\n<p class=\"Normal-P\" style=\"margin-bottom: 6pt; text-align: justify; text-justify: inter-ideograph; direction: ltr; unicode-bidi: normal;\"><span class=\"Normal-H\"><span style=\"font-family: Times New Roman;\">Wir erreichen das Hafengebiet um 16:00 Uhr und genehmigen uns noch eine Kleinigkeit zum Essen und Trinken. Rasch vergeht die Zeit, das 17-Uhr Schiff tutet schon zur Abfahrt, gleich noch zahlen und dann subito zum Schiff.<\/span><span style=\"font-family: Times New Roman;\">Jetzt ist die Steilk\u00fcste von Lanzarote sonnenbeschie<\/span><span style=\"font-family: Times New Roman;\">nen.<\/span><\/span><\/p>\n<\/td>\n<\/tr>\n<tr class=\"-R\">\n<td class=\"-C\" style=\"width: 239.95pt; border: none windowtext 0pt;\">\n<p class=\"Normal-P\" style=\"margin-bottom: 6pt; text-align: justify; text-justify: inter-ideograph; direction: ltr; unicode-bidi: normal;\"><span class=\"Normal-H\"><span style=\"font-family: Times New Roman;\"><img loading=\"lazy\" decoding=\"async\" class=\"\" src=\"http:\/\/www.adrianwood.ch\/wp-content\/uploads\/2017\/07\/1499085049_image8.jpeg\" data-link=\"\" width=\"349\" height=\"233\"><\/span><\/span><\/p>\n<\/td>\n<td class=\"-C\" style=\"width: 241.45pt; border: none windowtext 0pt;\">\n<p class=\"Normal-P\" style=\"margin-bottom: 6pt; text-align: justify; text-justify: inter-ideograph; direction: ltr; unicode-bidi: normal;\"><span class=\"Normal-H\"><span style=\"font-family: Times New Roman;\"><img loading=\"lazy\" decoding=\"async\" class=\"\" src=\"http:\/\/www.adrianwood.ch\/wp-content\/uploads\/2017\/07\/1499085049_image9.jpeg\" data-link=\"\" width=\"349\" height=\"234\"><\/span><\/span><\/p>\n<\/td>\n<\/tr>\n<tr class=\"-R\">\n<td class=\"-C\" style=\"width: 481.4pt; border: none windowtext 0pt;\" colspan=\"2\">\n<p class=\"Normal-P\" style=\"margin-bottom: 6pt; text-align: justify; text-justify: inter-ideograph; direction: ltr; unicode-bidi: normal;\"><span class=\"Normal-H\"><span style=\"font-family: Times New Roman;\">Bei der R\u00fcckfahrt schlug Adrian einen Trinkhalt in <\/span><span style=\"font-family: Times New Roman;\">Arieta<\/span><span style=\"font-family: Times New Roman;\"> vor, aber das stellte sich als Missverst\u00e4ndnis heraus. Mit Navigationsger\u00e4t reiste das andere Auto ohne Halt direkt zum Hotel. Unsere Fahrgemeinschaft hat dennoch am dortigen Hafen in einer Bar etwas getrunken. Ein einsamer Fischer auf der Hafenmauer regt unsere Neugier an, was er wohl geangelt hat? Leider nichts. Die Weiterfahrt verlief problemlos bis zum Auftanken. Ein kleiner Abstecher nach Playa Honda durch die 30er Zone, dann wieder zur\u00fcck auf die Autobahn in Richtung <\/span><span style=\"font-family: Times New Roman;\">Arrecife<\/span><span style=\"font-family: Times New Roman;\">, um den Kreisel in Richtung Flughafen. Die Abfahrt nach Puerto del Carmen geht ungew\u00f6hnlicherweise auf der Schnellstrasse links ab und schon sind wir dran <\/span><span style=\"font-family: Times New Roman;\">vorbei gefahren<\/span><span style=\"font-family: Times New Roman;\">, d<\/span><span style=\"font-family: Times New Roman;\">a es eine Sicherheitslinie hat.<\/span><\/span><\/p>\n<\/td>\n<\/tr>\n<tr class=\"-R\">\n<td class=\"-C\" style=\"width: 239.95pt; border: none windowtext 0pt;\">\n<p class=\"Normal-P\" style=\"margin-bottom: 6pt; text-align: justify; text-justify: inter-ideograph; direction: ltr; unicode-bidi: normal;\"><span class=\"Normal-H\"><span style=\"font-family: Times New Roman;\"><img loading=\"lazy\" decoding=\"async\" class=\"\" src=\"http:\/\/www.adrianwood.ch\/wp-content\/uploads\/2017\/07\/1499085049_image10.jpeg\" data-link=\"\" width=\"349\" height=\"233\"><\/span><\/span><\/p>\n<\/td>\n<td class=\"-C\" style=\"width: 241.45pt; border: none windowtext 0pt;\">\n<p class=\"Normal-P\" style=\"margin-bottom: 6pt; text-align: justify; text-justify: inter-ideograph; direction: ltr; unicode-bidi: normal;\"><span class=\"Normal-H\"><span style=\"font-family: Times New Roman;\"><img loading=\"lazy\" decoding=\"async\" class=\"\" src=\"http:\/\/www.adrianwood.ch\/wp-content\/uploads\/2017\/07\/1499085049_image11.jpeg\" data-link=\"\" width=\"349\" height=\"234\"><\/span><\/span><\/p>\n<\/td>\n<\/tr>\n<tr class=\"-R\">\n<td class=\"-C\" style=\"width: 481.4pt; border: none windowtext 0pt;\" colspan=\"2\">\n<p class=\"Normal-P\" style=\"margin-bottom: 6pt; text-align: justify; text-justify: inter-ideograph; direction: ltr; unicode-bidi: normal;\"><span class=\"Normal-H\"><span style=\"font-family: Times New Roman;\">Wir nehmen die n\u00e4chste Abfahrt rechts und unter der Strasse durch, in die andere Richtung, an einer <\/span><span style=\"font-family: Times New Roman;\">Kart<\/span><span style=\"font-family: Times New Roman;\">-Rennpiste vorbei. Wir finden den Wegweiser nach Puerto del Carmen, jetzt nur noch an den Strand fahren und via K\u00fcstenstrasse zum Hotel. In diesem Ort ist sehr viel los, alles ist auf der Strasse, jede Menge Pubs, <\/span><span style=\"font-family: Times New Roman;\">Superm\u00e4rkte, Appartementh\u00e4user und Hotelk\u00e4sten. Das Beste von allem, auf der K\u00fcstenstrasse ist Einbahnverkehr, aber in die falsche Richtung. Wir fahren mehrmals steil bergauf und ebenso bergab. Nach dem ausgiebigen Sightseeing sind wir alle leicht genervt und fragen in einer Boutique nach dem richtigen Weg und wieder geht es bergauf und \u00fcber die Schnellstrasse, dann wieder runter zum Strand und endlich k\u00f6nnen wir links abbiegen. Da es schon dunkel geworden ist, k\u00f6nnen wir das blaue Seepferdchen auf unserem Hotelkomplex von weitem sehen. Jetzt nur noch einen Parkplatz finden, Nachtessen gehen, Autoschl\u00fcssel abgeben und einen Schlummertrunk nehmen.<\/span><\/span><\/p>\n<p class=\"Normal-P\" style=\"margin-bottom: 6pt; text-align: justify; text-justify: inter-ideograph; direction: ltr; unicode-bidi: normal;\"><span class=\"Normal-H\"><span style=\"font-family: Times New Roman;\">Das war ein abenteuerlicher Tag zum Abschluss diese Wanderreise. Vreni<\/span><\/span><\/p>\n<\/td>\n<\/tr>\n<tr class=\"-R\">\n<td class=\"-C\" style=\"width: 481.4pt; border: none windowtext 0pt;\" colspan=\"2\">\n<p class=\"Normal-P\" style=\"margin-bottom: 6pt; text-align: justify; text-justify: inter-ideograph; direction: ltr; unicode-bidi: normal;\"><span class=\"Normal-H\"><span style=\"font-family: Times New Roman;\"><img loading=\"lazy\" decoding=\"async\" class=\"\" src=\"http:\/\/www.adrianwood.ch\/wp-content\/uploads\/2017\/07\/1499085049_image12.png\" data-link=\"\" width=\"746\" height=\"356\"><\/span><\/span><\/p>\n<\/td>\n<\/tr>\n<p><!-- [if !supportMisalignedColumns]--><\/tbody>\n<\/table>\n<\/div>\n","protected":false},"excerpt":{"rendered":"<p>Dienstag, 9.Mai 2017, Ausflug zur Insel \u201eLa Graciosa\u201c An unserm freien Tag begeistert Adrian sieben weitere Personen zu einem Ausflug zur Insel La Graciosa n\u00f6rdlich von Lanzarote. Wie mieten zwei Kleinwagen, da diese g\u00fcnstiger sind, als ein Kleinbus. Die Jokerkarten f\u00fcrs Autofahren f\u00e4llt auf die beiden, die den F\u00fchrerschein auch in den Ferien dabei haben &hellip; <a href=\"https:\/\/www.adrianwood.ch\/?page_id=12447\" class=\"more-link\">Continue reading <span class=\"screen-reader-text\">05-09 La Graciosa<\/span> <span class=\"meta-nav\">&rarr;<\/span><\/a><\/p>\n","protected":false},"author":1,"featured_media":0,"parent":12056,"menu_order":2578,"comment_status":"closed","ping_status":"closed","template":"","meta":{"ngg_post_thumbnail":0,"footnotes":""},"class_list":["post-12447","page","type-page","status-publish","hentry"],"_links":{"self":[{"href":"https:\/\/www.adrianwood.ch\/index.php?rest_route=\/wp\/v2\/pages\/12447","targetHints":{"allow":["GET"]}}],"collection":[{"href":"https:\/\/www.adrianwood.ch\/index.php?rest_route=\/wp\/v2\/pages"}],"about":[{"href":"https:\/\/www.adrianwood.ch\/index.php?rest_route=\/wp\/v2\/types\/page"}],"author":[{"embeddable":true,"href":"https:\/\/www.adrianwood.ch\/index.php?rest_route=\/wp\/v2\/users\/1"}],"replies":[{"embeddable":true,"href":"https:\/\/www.adrianwood.ch\/index.php?rest_route=%2Fwp%2Fv2%2Fcomments&post=12447"}],"version-history":[{"count":3,"href":"https:\/\/www.adrianwood.ch\/index.php?rest_route=\/wp\/v2\/pages\/12447\/revisions"}],"predecessor-version":[{"id":12462,"href":"https:\/\/www.adrianwood.ch\/index.php?rest_route=\/wp\/v2\/pages\/12447\/revisions\/12462"}],"up":[{"embeddable":true,"href":"https:\/\/www.adrianwood.ch\/index.php?rest_route=\/wp\/v2\/pages\/12056"}],"wp:attachment":[{"href":"https:\/\/www.adrianwood.ch\/index.php?rest_route=%2Fwp%2Fv2%2Fmedia&parent=12447"}],"curies":[{"name":"wp","href":"https:\/\/api.w.org\/{rel}","templated":true}]}}