{"id":12561,"date":"2017-07-18T16:27:17","date_gmt":"2017-07-18T16:27:17","guid":{"rendered":"http:\/\/www.adrianwood.ch\/?page_id=12561"},"modified":"2017-07-18T17:10:34","modified_gmt":"2017-07-18T17:10:34","slug":"07-07-gspon","status":"publish","type":"page","link":"https:\/\/www.adrianwood.ch\/?page_id=12561","title":{"rendered":"07-07 Gspon"},"content":{"rendered":"<div class=\"pmdi_content_wrapper\">\n<p class=\"Normal-P\" style=\"margin-bottom: 6pt; text-align: justify; text-justify: inter-ideograph; direction: ltr; unicode-bidi: normal;\"><span class=\"Normal-H\"><span style=\"font-family: Calibri; font-weight: bold;\">Freitag, 7. Juli 2017<\/span><span style=\"font-family: Calibri; font-weight: bold;\">, <\/span><span style=\"font-family: Calibri; font-weight: bold;\">Visperterminen<\/span><span style=\"font-family: Calibri; font-weight: bold;\"> &#8211; <\/span><span style=\"font-family: Calibri; font-weight: bold;\">Gspon<\/span><\/span><\/p>\n<table class=\"TableGrid-T\" style=\"border-collapse: collapse;\" cellspacing=\"0\">\n<tbody>\n<tr class=\"-R\">\n<td class=\"-C\" style=\"width: 481.4pt; border: none windowtext 0pt;\" colspan=\"2\">\n<p class=\"Normal-P\" style=\"margin-bottom: 6pt; text-align: justify; text-justify: inter-ideograph; direction: ltr; unicode-bidi: normal;\"><span class=\"Normal-H\"><span style=\"font-family: Calibri;\">Um es vorweg zu nehmen: Adrian hatte einen guten Riecher, indem er die zur Wanderung angemeldeten Teilnehmer kurzfristig einen Tag fr\u00fcher als eigentlich geplant, also schon Freitag um 06.49 h auf die Passerelle, zum Reiseantritt aufbot. Wegen der Voraussage von unvermeidlichen Regeng\u00fcssen f\u00fcr Sonntag fasste er diesen Beschluss, auch wenn wegen dieser <\/span><span style=\"font-family: Calibri;\">Umdisposition<\/span><span style=\"font-family: Calibri;\"> nach vielen Telefonaten und Mails nur noch 10 anstatt 12 Teilnehmer sich beteiligen konnten. Da er keine Platzreservation vornehmen liess, fanden schlies<\/span><span style=\"font-family: Calibri;\">slich im Bahnhof Visp sich fast alle Beteiligten, die in Liestal oder Olten noch zugestiegen, bevor wir mit dem Postauto nach <\/span><span style=\"font-family: Calibri;\">Visperterminen<\/span><span style=\"font-family: Calibri;\"> hochfuhren, wo auch Vreni Gubler noch auf unsere Ankunft wartete. Allein unser Werner aus Bubendorf liess uns scheinbar im Stich, was wir mit versuchte<\/span><span style=\"font-family: Calibri;\"> Anrufen leider auch nicht kl\u00e4ren konnten.<\/span><\/span><\/p>\n<\/td>\n<\/tr>\n<tr class=\"-R\">\n<td class=\"-C\" style=\"width: 239.95pt; border: none windowtext 0pt;\">\n<p class=\"Normal-P\" style=\"margin-bottom: 6pt; text-align: justify; text-justify: inter-ideograph; direction: ltr; unicode-bidi: normal;\"><span class=\"Normal-H\"><span style=\"font-family: Calibri;\"><img loading=\"lazy\" decoding=\"async\" class=\"\" src=\"http:\/\/www.adrianwood.ch\/wp-content\/uploads\/2017\/07\/1500395185_image1.jpeg\" data-link=\"\" width=\"349\" height=\"233\"><\/span><\/span><\/p>\n<\/td>\n<td class=\"-C\" style=\"width: 241.45pt; border: none windowtext 0pt;\">\n<p class=\"Normal-P\" style=\"margin-bottom: 6pt; text-align: justify; text-justify: inter-ideograph; direction: ltr; unicode-bidi: normal;\"><span class=\"Normal-H\"><span style=\"font-family: Calibri;\"><img loading=\"lazy\" decoding=\"async\" class=\"\" src=\"http:\/\/www.adrianwood.ch\/wp-content\/uploads\/2017\/07\/1500395185_image2.jpeg\" data-link=\"\" width=\"349\" height=\"234\"><\/span><\/span><\/p>\n<\/td>\n<\/tr>\n<tr class=\"-R\">\n<td class=\"-C\" style=\"width: 481.4pt; border: none windowtext 0pt;\" colspan=\"2\">\n<p class=\"Normal-P\" style=\"margin-bottom: 6pt; text-align: justify; text-justify: inter-ideograph; direction: ltr; unicode-bidi: normal;\"><span class=\"Normal-H\"><span style=\"font-family: Calibri;\">So nahmen wir uns voller Tatendrang nach einer Kaffee- und Gipfelpause den zu Beginn sehr steilen Anstieg auf der Skipiste bis Stafel vor, bis wir dann gem\u00fctlicher bei stetigem Anstieg in einer grossen Schlaufe den <\/span><span style=\"font-family: Calibri;\">Gebidum<\/span><span style=\"font-family: Calibri;\"> von der Nordseite her erreichten, der auf 2317 m H\u00f6he von m\u00e4chtigen Funkmasten etwas verunstaltet sich pr\u00e4sentierte und auch keinen Schatten wegen fehlender B\u00e4ume oder Felsen f\u00fcr die geplante Mittagsrast anbot. Trotzdem genossen wir die verdiente Rast bei Sonnenschein und k\u00fchlendem Wind und in der Gewissheit, dass nun endlich auch ein Lebenszeichen von Werner uns erreicht hat. Auch er war inzwischen bei der Bergstation <\/span><span style=\"font-family: Calibri;\">Giw<\/span><span style=\"font-family: Calibri;\"> der Seilbahn angekommen und wird dank der kurzen, direkten Marschroute zum <\/span><span style=\"font-family: Calibri;\">Gibidumsee<\/span><span style=\"font-family: Calibri;\"> zu uns stossen. Fazit der Odyssee: sein Zustieg in den Zug in Liestal war versehentlich 1 Stunde sp\u00e4ter geplant!<\/span><\/span><\/p>\n<\/td>\n<\/tr>\n<tr class=\"-R\">\n<td class=\"-C\" style=\"width: 239.95pt; border: none windowtext 0pt;\">\n<p class=\"Normal-P\" style=\"margin-bottom: 6pt; text-align: justify; text-justify: inter-ideograph; direction: ltr; unicode-bidi: normal;\"><span class=\"Normal-H\"><span style=\"font-family: Calibri;\"><img loading=\"lazy\" decoding=\"async\" class=\"\" src=\"http:\/\/www.adrianwood.ch\/wp-content\/uploads\/2017\/07\/1500395185_image3.jpeg\" data-link=\"\" width=\"349\" height=\"233\"><\/span><\/span><\/p>\n<\/td>\n<td class=\"-C\" style=\"width: 241.45pt; border: none windowtext 0pt;\">\n<p class=\"Normal-P\" style=\"margin-bottom: 6pt; text-align: justify; text-justify: inter-ideograph; direction: ltr; unicode-bidi: normal;\"><span class=\"Normal-H\"><span style=\"font-family: Calibri;\"><img loading=\"lazy\" decoding=\"async\" class=\"\" src=\"http:\/\/www.adrianwood.ch\/wp-content\/uploads\/2017\/07\/1500395185_image4.jpeg\" data-link=\"\" width=\"349\" height=\"234\"><\/span><\/span><\/p>\n<\/td>\n<\/tr>\n<tr class=\"-R\">\n<td class=\"-C\" style=\"width: 481.4pt; border: none windowtext 0pt;\" colspan=\"2\">\n<p class=\"Normal-P\" style=\"margin-bottom: 6pt; text-align: justify; text-justify: inter-ideograph; direction: ltr; unicode-bidi: normal;\"><span class=\"Normal-H\"><span style=\"font-family: Calibri;\">Das k\u00fchle Bad im See genossen dann Adrian, Vreni und auch Evi, bis wir schliesslich gemeinsam auf dem abwechslungsreichen H\u00f6henweg via Sitestafel, <\/span><span style=\"font-family: Calibri;\">Silgrabe<\/span><span style=\"font-family: Calibri;\">, <\/span><span style=\"font-family: Calibri;\">S\u00e4dolti<\/span><span style=\"font-family: Calibri;\"> nach <\/span><span style=\"font-family: Calibri;\">Gspon<\/span><span style=\"font-family: Calibri;\"> wanderten. Immer wieder hatten wir einen Blick tief hinunter auf die im Tal verlaufende Strasse, auf welcher die Postautos vor un\u00fcbersichtlichen Stellen immer wieder mit ihrem schallenden \u201e<\/span><span style=\"font-family: Calibri;\">D\u00fc\u00fc\u00fc-d\u00e4\u00e4\u00e4\u00e4-dooo<\/span><span style=\"font-family: Calibri;\">\u201c auf sich aufmerksam machten. Das Hotel Alpenblick in <\/span><span style=\"font-family: Calibri;\">Gspon<\/span><span style=\"font-family: Calibri;\"> erreichten wir gegen 16 h, wo wir als erstes die Gartenterrasse nutzten und uns k\u00fchlende Getr\u00e4nke genehmigten. Einzelne hatten aber bereits Esslust und konsumierten entweder eine Aprikosenw\u00e4he oder einen Walliser Teller mit Hobelk\u00e4se und getrocknetem Fleisch, bevor es an die Zimmerverteilung und den Zimmerbezug ging. Nat\u00fcrlich war eine erfrischende Dusche der gr\u00f6sste Wunsch, den wir uns auch nach und nach dank einer Dusche pro Stockwerk erf\u00fcllen konnten!<\/span><\/span><\/p>\n<\/td>\n<\/tr>\n<tr class=\"-R\">\n<td class=\"-C\" style=\"width: 239.95pt; border: none windowtext 0pt;\">\n<p class=\"Normal-P\" style=\"margin-bottom: 6pt; text-align: justify; text-justify: inter-ideograph; direction: ltr; unicode-bidi: normal;\"><span class=\"Normal-H\"><span style=\"font-family: Calibri;\"><img loading=\"lazy\" decoding=\"async\" class=\"\" src=\"http:\/\/www.adrianwood.ch\/wp-content\/uploads\/2017\/07\/1500395185_image5.jpeg\" data-link=\"\" width=\"349\" height=\"233\"><\/span><\/span><\/p>\n<\/td>\n<td class=\"-C\" style=\"width: 241.45pt; border: none windowtext 0pt;\">\n<p class=\"Normal-P\" style=\"margin-bottom: 6pt; text-align: justify; text-justify: inter-ideograph; direction: ltr; unicode-bidi: normal;\"><span class=\"Normal-H\"><span style=\"font-family: Calibri;\"><img loading=\"lazy\" decoding=\"async\" class=\"\" src=\"http:\/\/www.adrianwood.ch\/wp-content\/uploads\/2017\/07\/1500395185_image6.jpeg\" data-link=\"\" width=\"349\" height=\"234\"><\/span><\/span><\/p>\n<\/td>\n<\/tr>\n<tr class=\"-R\">\n<td class=\"-C\" style=\"width: 481.4pt; border: none windowtext 0pt;\" colspan=\"2\">\n<p class=\"Normal-P\" style=\"margin-bottom: 6pt; text-align: justify; text-justify: inter-ideograph; direction: ltr; unicode-bidi: normal;\"><span class=\"Normal-H\"><span style=\"font-family: Calibri;\">Zum Nachtessen um 18.30 h trafen wir uns sp\u00e4ter im gem\u00fctlichen Gastraum, wo wir mit einem <\/span><span style=\"font-family: Calibri;\">amuse-bouche<\/span><span style=\"font-family: Calibri;\">, einer <\/span><span style=\"font-family: Calibri;\">R\u00fceblisuppe<\/span><span style=\"font-family: Calibri;\"> und einem sehr reichhaltigen <\/span><span style=\"font-family: Calibri;\">Siedfleischsalat<\/span><span style=\"font-family: Calibri;\"> verw\u00f6hnt wurden. Das Dessert h\u00e4tte eigentlich nur der Schreiber verdient, der als Einziger einen geleerten Teller zur\u00fcck liess. Aber die charmante Wirtin belohnte sp\u00e4ter auch alle \u00dcbrigen mit einer <\/span><span style=\"font-family: Calibri;\">Cr\u00e9ation<\/span><span style=\"font-family: Calibri;\"> namens \u201efalsches Spiegelei\u201c, was beim Verzehr sich als Toastbrot, \u00fcberdeckt mit einer zarten, schneeweissen <\/span><span style=\"font-family: Calibri;\">Citronen<\/span><span style=\"font-family: Calibri;\">-Cr\u00e8me und einer halben Aprikose entpuppte. Nach diesem Schlemmermenu wurde nat\u00fcrlich auch noch dem einheimischen Wein zugesagt, der auf Europas h\u00f6chster H\u00f6henlage offensichtlich kultiviert wird.<\/span><\/span><\/p>\n<\/td>\n<\/tr>\n<tr class=\"-R\">\n<td class=\"-C\" style=\"width: 239.95pt; border: none windowtext 0pt;\">\n<p class=\"Normal-P\" style=\"margin-bottom: 6pt; text-align: justify; text-justify: inter-ideograph; direction: ltr; unicode-bidi: normal;\"><span class=\"Normal-H\"><span style=\"font-family: Calibri;\"><img loading=\"lazy\" decoding=\"async\" class=\"\" src=\"http:\/\/www.adrianwood.ch\/wp-content\/uploads\/2017\/07\/1500395185_image7.jpeg\" data-link=\"\" width=\"349\" height=\"233\"><\/span><\/span><\/p>\n<\/td>\n<td class=\"-C\" style=\"width: 241.45pt; border: none windowtext 0pt;\">\n<p class=\"Normal-P\" style=\"margin-bottom: 6pt; text-align: justify; text-justify: inter-ideograph; direction: ltr; unicode-bidi: normal;\"><span class=\"Normal-H\"><span style=\"font-family: Calibri;\"><img loading=\"lazy\" decoding=\"async\" class=\"\" src=\"http:\/\/www.adrianwood.ch\/wp-content\/uploads\/2017\/07\/1500395185_image8.jpeg\" data-link=\"\" width=\"349\" height=\"234\"><\/span><\/span><\/p>\n<\/td>\n<\/tr>\n<tr class=\"-R\">\n<td class=\"-C\" style=\"width: 481.4pt; border: none windowtext 0pt;\" colspan=\"2\">\n<p class=\"Normal-P\" style=\"margin-bottom: 6pt; text-align: justify; text-justify: inter-ideograph; direction: ltr; unicode-bidi: normal;\"><span class=\"Normal-H\"><span style=\"font-family: Calibri;\">Sichtlich ersch\u00f6pft, aber von der herrlichen H\u00f6henluft und den Waldaromen ges\u00e4ttigt suchten wir sp\u00e4ter die einladenden Betten in den Zweierzimmern auf und versanken innert Minuten in einen erholsamen Tiefschlaf.<\/span><span style=\"font-family: Calibri;\">Peter Stalder<\/span><\/span><\/p>\n<p>ngg_shortcode_0_placeholder<\/td>\n<\/tr>\n<p><!-- [if !supportMisalignedColumns]--><\/tbody>\n<\/table>\n<\/div>\n","protected":false},"excerpt":{"rendered":"<p>Freitag, 7. Juli 2017, Visperterminen &#8211; Gspon Um es vorweg zu nehmen: Adrian hatte einen guten Riecher, indem er die zur Wanderung angemeldeten Teilnehmer kurzfristig einen Tag fr\u00fcher als eigentlich geplant, also schon Freitag um 06.49 h auf die Passerelle, zum Reiseantritt aufbot. Wegen der Voraussage von unvermeidlichen Regeng\u00fcssen f\u00fcr Sonntag fasste er diesen Beschluss, &hellip; <a href=\"https:\/\/www.adrianwood.ch\/?page_id=12561\" class=\"more-link\">Continue reading <span class=\"screen-reader-text\">07-07 Gspon<\/span> <span class=\"meta-nav\">&rarr;<\/span><\/a><\/p>\n","protected":false},"author":1,"featured_media":0,"parent":12551,"menu_order":1384,"comment_status":"closed","ping_status":"closed","template":"","meta":{"ngg_post_thumbnail":0,"footnotes":""},"class_list":["post-12561","page","type-page","status-publish","hentry"],"_links":{"self":[{"href":"https:\/\/www.adrianwood.ch\/index.php?rest_route=\/wp\/v2\/pages\/12561","targetHints":{"allow":["GET"]}}],"collection":[{"href":"https:\/\/www.adrianwood.ch\/index.php?rest_route=\/wp\/v2\/pages"}],"about":[{"href":"https:\/\/www.adrianwood.ch\/index.php?rest_route=\/wp\/v2\/types\/page"}],"author":[{"embeddable":true,"href":"https:\/\/www.adrianwood.ch\/index.php?rest_route=\/wp\/v2\/users\/1"}],"replies":[{"embeddable":true,"href":"https:\/\/www.adrianwood.ch\/index.php?rest_route=%2Fwp%2Fv2%2Fcomments&post=12561"}],"version-history":[{"count":5,"href":"https:\/\/www.adrianwood.ch\/index.php?rest_route=\/wp\/v2\/pages\/12561\/revisions"}],"predecessor-version":[{"id":12708,"href":"https:\/\/www.adrianwood.ch\/index.php?rest_route=\/wp\/v2\/pages\/12561\/revisions\/12708"}],"up":[{"embeddable":true,"href":"https:\/\/www.adrianwood.ch\/index.php?rest_route=\/wp\/v2\/pages\/12551"}],"wp:attachment":[{"href":"https:\/\/www.adrianwood.ch\/index.php?rest_route=%2Fwp%2Fv2%2Fmedia&parent=12561"}],"curies":[{"name":"wp","href":"https:\/\/api.w.org\/{rel}","templated":true}]}}