{"id":12572,"date":"2017-07-18T16:30:22","date_gmt":"2017-07-18T16:30:22","guid":{"rendered":"http:\/\/www.adrianwood.ch\/?page_id=12572"},"modified":"2017-07-18T17:14:09","modified_gmt":"2017-07-18T17:14:09","slug":"07-08-hohsaas","status":"publish","type":"page","link":"https:\/\/www.adrianwood.ch\/?page_id=12572","title":{"rendered":"07-08 Hohsaas"},"content":{"rendered":"<div class=\"pmdi_content_wrapper\">\n<p class=\"Normal-P\" style=\"margin-bottom: 6pt; text-align: justify; text-justify: inter-ideograph; direction: ltr; unicode-bidi: normal;\"><span class=\"Normal-H\"><span style=\"font-family: Calibri; font-weight: bold;\">Samstag, <\/span><span style=\"font-family: Calibri; font-weight: bold;\">8 Juli<\/span><span style=\"font-family: Calibri; font-weight: bold;\">, von <\/span><span style=\"font-family: Calibri; font-weight: bold;\">Gspon<\/span><span style=\"font-family: Calibri; font-weight: bold;\"> zur Kreuzboden Alp<\/span><\/span><\/p>\n<table class=\"TableGrid-T\" style=\"border-collapse: collapse;\" cellspacing=\"0\">\n<tbody>\n<tr class=\"-R\">\n<td class=\"-C\" style=\"width: 481.4pt; border: none windowtext 0pt;\" colspan=\"2\">\n<p class=\"Normal-P\" style=\"margin-bottom: 6pt; text-align: justify; text-justify: inter-ideograph; direction: ltr; unicode-bidi: normal;\"><span class=\"Normal-H\"><span style=\"font-family: Calibri;\">Am 2. Morgen, nach der \u00dcbernachtung im Hotel Alpenblick in <\/span><span style=\"font-family: Calibri;\">Gspon<\/span><span style=\"font-family: Calibri;\"> (1893m\u00fcM) kommt um 6Uhr langsam Leben auf. Di<\/span><span style=\"font-family: Calibri;\">e Leute steigen aus den Betten und machen Morgentoilette.<\/span><\/span><\/p>\n<p class=\"Normal-P\" style=\"margin-bottom: 6pt; text-align: justify; text-justify: inter-ideograph; direction: ltr; unicode-bidi: normal;\"><span class=\"Normal-H\"><span style=\"font-family: Calibri;\">Um 06:30 ist fr\u00fchst\u00fccken angesagt. Ein tolles Fr\u00fchst\u00fccksbuffet erwartet uns mit frischen <\/span><span style=\"font-family: Calibri;\">Gipfeli<\/span><span style=\"font-family: Calibri;\"> und <\/span><span style=\"font-family: Calibri;\">Vollkornbr\u00f6tli<\/span><span style=\"font-family: Calibri;\">, M\u00fcesli, Jogurt, Minuteneiern, K\u00e4se, usw. Dies macht nat\u00fcrlich Mut am fr\u00fchen Morgen. Gest\u00e4rkt machen wir uns auf 07:30 zum Abwandern bereit, um 07:40 geht es los.<\/span><\/span><\/p>\n<\/td>\n<\/tr>\n<tr class=\"-R\">\n<td class=\"-C\" style=\"width: 240.35pt; border: none windowtext 0pt;\">\n<p class=\"Normal-P\" style=\"margin-bottom: 6pt; text-align: justify; text-justify: inter-ideograph; direction: ltr; unicode-bidi: normal;\"><span class=\"Normal-H\"><span style=\"font-family: Calibri; font-weight: bold;\"><img loading=\"lazy\" decoding=\"async\" class=\"\" src=\"http:\/\/www.adrianwood.ch\/wp-content\/uploads\/2017\/07\/1500395395_image1.jpeg\" data-link=\"\" width=\"349\" height=\"233\"><\/span><\/span><\/p>\n<\/td>\n<td class=\"-C\" style=\"width: 241.05pt; border: none windowtext 0pt;\">\n<p class=\"Normal-P\" style=\"margin-bottom: 6pt; text-align: justify; text-justify: inter-ideograph; direction: ltr; unicode-bidi: normal;\"><span class=\"Normal-H\"><span style=\"font-family: Calibri; font-weight: bold;\"><img loading=\"lazy\" decoding=\"async\" class=\"\" src=\"http:\/\/www.adrianwood.ch\/wp-content\/uploads\/2017\/07\/1500395395_image2.jpeg\" data-link=\"\" width=\"347\" height=\"231\"><\/span><\/span><\/p>\n<\/td>\n<\/tr>\n<tr class=\"-R\">\n<td class=\"-C\" style=\"width: 481.4pt; border: none windowtext 0pt;\" colspan=\"2\">\n<p class=\"Normal-P\" style=\"margin-bottom: 6pt; text-align: justify; text-justify: inter-ideograph; direction: ltr; unicode-bidi: normal;\"><span class=\"Normal-H\"><span style=\"font-family: Calibri;\">Es herrscht eine sch\u00f6ne Morgenstimmung. Zuerst geht der Weg leicht hinunter durch das Dorf, dann gelangen wir auf einen breiten Weg, welcher sanft dem Nordhang des <\/span><span style=\"font-family: Calibri;\">Saastales<\/span><span style=\"font-family: Calibri;\"> entlang steigt. Eine vielf\u00e4ltige Pflanzenwelt mit sch\u00f6nen Blumen s\u00e4umt unseren Weg. Grosse, alte Lerchen mit tiefen Furchen in der Rinde und manchmal bizarren Formen sind hier ebenfalls h\u00e4ufig zu bestaunen.<\/span><\/span><\/p>\n<\/td>\n<\/tr>\n<tr class=\"-R\">\n<td class=\"-C\" style=\"width: 240.35pt; border: none windowtext 0pt;\">\n<p class=\"Normal-P\" style=\"margin-bottom: 6pt; text-align: justify; text-justify: inter-ideograph; direction: ltr; unicode-bidi: normal;\"><span class=\"Normal-H\"><span style=\"font-family: Calibri; font-weight: bold;\"><img loading=\"lazy\" decoding=\"async\" class=\"\" src=\"http:\/\/www.adrianwood.ch\/wp-content\/uploads\/2017\/07\/1500395395_image3.jpeg\" data-link=\"\" width=\"349\" height=\"233\"><\/span><\/span><\/p>\n<\/td>\n<td class=\"-C\" style=\"width: 241.05pt; border: none windowtext 0pt;\">\n<p class=\"Normal-P\" style=\"margin-bottom: 6pt; text-align: justify; text-justify: inter-ideograph; direction: ltr; unicode-bidi: normal;\"><span class=\"Normal-H\"><span style=\"font-family: Calibri; font-weight: bold;\"><img loading=\"lazy\" decoding=\"async\" class=\"\" src=\"http:\/\/www.adrianwood.ch\/wp-content\/uploads\/2017\/07\/1500395395_image4.jpeg\" data-link=\"\" width=\"349\" height=\"232\"><\/span><\/span><\/p>\n<\/td>\n<\/tr>\n<tr class=\"-R\">\n<td class=\"-C\" style=\"width: 481.4pt; border: none windowtext 0pt;\" colspan=\"2\">\n<p class=\"Normal-P\" style=\"margin-bottom: 6pt; text-align: justify; text-justify: inter-ideograph; direction: ltr; unicode-bidi: normal;\"><span class=\"Normal-H\"><span style=\"font-family: Calibri;\">Der Weg wird langsam schmaler und anspruchsvoller, wir \u00fcberqueren B\u00e4che, die den Hang herunter tosen. Nach ca. 5km kommen wir auf der Alp Schwarze Walde an, ca. 2200m\u00fcM. Von hier aus \u00f6ffnet sich eine sch\u00f6ne Sicht auf die Schneeberge, wie z.B. das <\/span><span style=\"font-family: Calibri;\">Allalinhorn<\/span><span style=\"font-family: Calibri;\">. <\/span><span style=\"font-family: Calibri;\">Um 10:30 erreichen wir die Alp <\/span><span style=\"font-family: Calibri;\">F\u00e4riga<\/span><span style=\"font-family: Calibri;\"> (was Zaun bedeutet), einer kleinen Alph\u00fctte, wo wir uns setzen k\u00f6nnen. 2 M\u00e4dchen kommen heraus und sp\u00e4ter kommt ihre Mutter dazu, wir wechseln ein paar lustige Worte.<\/span><\/span><\/p>\n<\/td>\n<\/tr>\n<tr class=\"-R\">\n<td class=\"-C\" style=\"width: 240.35pt; border: none windowtext 0pt;\">\n<p class=\"Normal-P\" style=\"margin-bottom: 6pt; text-align: justify; text-justify: inter-ideograph; direction: ltr; unicode-bidi: normal;\"><span class=\"Normal-H\"><span style=\"font-family: Calibri; font-weight: bold;\"><img loading=\"lazy\" decoding=\"async\" class=\"\" src=\"http:\/\/www.adrianwood.ch\/wp-content\/uploads\/2017\/07\/1500395395_image5.jpeg\" data-link=\"\" width=\"350\" height=\"234\"><\/span><\/span><\/p>\n<\/td>\n<td class=\"-C\" style=\"width: 241.05pt; border: none windowtext 0pt;\">\n<p class=\"Normal-P\" style=\"margin-bottom: 6pt; text-align: justify; text-justify: inter-ideograph; direction: ltr; unicode-bidi: normal;\"><span class=\"Normal-H\"><span style=\"font-family: Calibri; font-weight: bold;\"><img loading=\"lazy\" decoding=\"async\" class=\"\" src=\"http:\/\/www.adrianwood.ch\/wp-content\/uploads\/2017\/07\/1500395395_image6.jpeg\" data-link=\"\" width=\"349\" height=\"232\"><\/span><\/span><\/p>\n<\/td>\n<\/tr>\n<tr class=\"-R\">\n<td class=\"-C\" style=\"width: 481.4pt; border: none windowtext 0pt;\" colspan=\"2\">\n<p class=\"Normal-P\" style=\"margin-bottom: 6pt; text-align: justify; text-justify: inter-ideograph; direction: ltr; unicode-bidi: normal;\"><span class=\"Normal-H\"><span style=\"font-family: Calibri;\">Nach einer weiteren Stunde erreichen wir eine grosse Lichtung. Wir entscheiden uns eine Mittagsrast einzulegen. Ein Teil der Gruppe bleibt im Schatten eines grossen Felsblockes, der andere Teil geht bis zum Ende der Lichtung und setzt sich in den Schatten einer grossen Lerche. Unser Chef geniesst ein Sonnenbad auf einem grossen Steinblock. Es weht aber doch ab und zu ein k\u00fchler Wind.<\/span><\/span><\/p>\n<\/td>\n<\/tr>\n<tr class=\"-R\">\n<td class=\"-C\" style=\"width: 240.35pt; border: none windowtext 0pt;\">\n<p class=\"Normal-P\" style=\"margin-bottom: 6pt; text-align: justify; text-justify: inter-ideograph; direction: ltr; unicode-bidi: normal;\"><span class=\"Normal-H\"><span style=\"font-family: Calibri; font-weight: bold;\"><img loading=\"lazy\" decoding=\"async\" class=\"\" src=\"http:\/\/www.adrianwood.ch\/wp-content\/uploads\/2017\/07\/1500395395_image7.jpeg\" data-link=\"\" width=\"349\" height=\"233\"><\/span><\/span><\/p>\n<\/td>\n<td class=\"-C\" style=\"width: 241.05pt; border: none windowtext 0pt;\">\n<p class=\"Normal-P\" style=\"margin-bottom: 6pt; text-align: justify; text-justify: inter-ideograph; direction: ltr; unicode-bidi: normal;\"><span class=\"Normal-H\"><span style=\"font-family: Calibri; font-weight: bold;\"><img loading=\"lazy\" decoding=\"async\" class=\"\" src=\"http:\/\/www.adrianwood.ch\/wp-content\/uploads\/2017\/07\/1500395395_image8.jpeg\" data-link=\"\" width=\"349\" height=\"234\"><\/span><\/span><\/p>\n<\/td>\n<\/tr>\n<tr class=\"-R\">\n<td class=\"-C\" style=\"width: 481.4pt; border: none windowtext 0pt;\" colspan=\"2\">\n<p class=\"Normal-P\" style=\"margin-bottom: 6pt; text-align: justify; text-justify: inter-ideograph; direction: ltr; unicode-bidi: normal;\"><span class=\"Normal-H\"><span style=\"font-family: Calibri;\">Nach einer weiteren Stunde, so ca. 12:30 gehen wir weiter. Der Wald lichtet sich immer mehr und wir erreichen ein Hochplateau mit sch\u00f6ner Aussicht. Ein Wegweiser zeigt Halbzeit an (je 2.5h nach <\/span><span style=\"font-family: Calibri;\">G<\/span><span style=\"font-family: Calibri;\">spon<\/span><span style=\"font-family: Calibri;\"> und 2.5h nach Kreuzboden).<\/span><\/span><\/p>\n<p class=\"Normal-P\" style=\"margin-bottom: 6pt; text-align: justify; text-justify: inter-ideograph; direction: ltr; unicode-bidi: normal;\"><span class=\"Normal-H\"><span style=\"font-family: Calibri;\">Es geht nun weiter, etwas hinunter durch ein St\u00fcck Wald, danach erreichen wir die Hofer <\/span><span style=\"font-family: Calibri;\">Alpji<\/span><span style=\"font-family: Calibri;\">. Hier gibt es einen kleinen Restaurantbetrieb. Gerne setzen wir uns hin. Im Angebot ist auch ein Glas Milch aus dem eigenen Betrieb.<\/span><\/span><\/p>\n<\/td>\n<\/tr>\n<tr class=\"-R\">\n<td class=\"-C\" style=\"width: 240.35pt; border: none windowtext 0pt;\">\n<p class=\"Normal-P\" style=\"margin-bottom: 6pt; text-align: justify; text-justify: inter-ideograph; direction: ltr; unicode-bidi: normal;\"><span class=\"Normal-H\"><span style=\"font-family: Calibri; font-weight: bold;\"><img loading=\"lazy\" decoding=\"async\" class=\"\" src=\"http:\/\/www.adrianwood.ch\/wp-content\/uploads\/2017\/07\/1500395395_image9.jpeg\" data-link=\"\" width=\"349\" height=\"233\"><\/span><\/span><\/p>\n<\/td>\n<td class=\"-C\" style=\"width: 241.05pt; border: none windowtext 0pt;\">\n<p class=\"Normal-P\" style=\"margin-bottom: 6pt; text-align: justify; text-justify: inter-ideograph; direction: ltr; unicode-bidi: normal;\"><span class=\"Normal-H\"><span style=\"font-family: Calibri; font-weight: bold;\"><img loading=\"lazy\" decoding=\"async\" class=\"\" src=\"http:\/\/www.adrianwood.ch\/wp-content\/uploads\/2017\/07\/1500395395_image10.jpeg\" data-link=\"\" width=\"350\" height=\"233\"><\/span><\/span><\/p>\n<\/td>\n<\/tr>\n<tr class=\"-R\">\n<td class=\"-C\" style=\"width: 481.4pt; border: none windowtext 0pt;\" colspan=\"2\">\n<p class=\"Normal-P\" style=\"margin-bottom: 6pt; text-align: justify; text-justify: inter-ideograph; direction: ltr; unicode-bidi: normal;\"><span class=\"Normal-H\"><span style=\"font-family: Calibri;\">Nun kommt ein l\u00e4ngerer, schweisstreibender Aufstieg bis auf 2450m\u00fcM. In einer kurzen Pause warten wir, bis alle wieder aufgeschlossen haben. Das Gel\u00e4nde schwieriger, es besteht aus Felsbrocken die wohl in einem fr\u00fcheren Hangrutsch wild durcheinander gew\u00fcrfelt wurden. Der Weg ist sehr uneben und man muss fast ein bisschen Akrobatik betreiben, um \u00fcber diese Steine zu gelangen. Langsam ein bisschen geschafft, erreichen wir um 15Uhr, nach 7h20Min insgesamt den Kreuzboden auf 2397m\u00fcM. Hier st\u00fcrmen wir sofort das Bergrestaurant mit Getr\u00e4nken, Kuchen, \u201eein grosses Bier\u201c ist ebenfalls sehr gefragt.<\/span><\/span><\/p>\n<\/td>\n<\/tr>\n<tr class=\"-R\">\n<td class=\"-C\" style=\"width: 240.35pt; border: none windowtext 0pt;\">\n<p class=\"Normal-P\" style=\"margin-bottom: 6pt; text-align: justify; text-justify: inter-ideograph; direction: ltr; unicode-bidi: normal;\"><span class=\"Normal-H\"><span style=\"font-family: Calibri; font-weight: bold;\"><img loading=\"lazy\" decoding=\"async\" class=\"\" src=\"http:\/\/www.adrianwood.ch\/wp-content\/uploads\/2017\/07\/1500395395_image11.jpeg\" data-link=\"\" width=\"349\" height=\"233\"><\/span><\/span><\/p>\n<\/td>\n<td class=\"-C\" style=\"width: 241.05pt; border: none windowtext 0pt;\">\n<p class=\"Normal-P\" style=\"margin-bottom: 6pt; text-align: justify; text-justify: inter-ideograph; direction: ltr; unicode-bidi: normal;\"><span class=\"Normal-H\"><span style=\"font-family: Calibri; font-weight: bold;\"><img loading=\"lazy\" decoding=\"async\" class=\"\" src=\"http:\/\/www.adrianwood.ch\/wp-content\/uploads\/2017\/07\/1500395395_image12.jpeg\" data-link=\"\" width=\"349\" height=\"232\"><\/span><\/span><\/p>\n<\/td>\n<\/tr>\n<tr class=\"-R\">\n<td class=\"-C\" style=\"width: 481.4pt; border: none windowtext 0pt;\" colspan=\"2\">\n<p class=\"Normal-P\" style=\"margin-bottom: 6pt; text-align: justify; text-justify: inter-ideograph; direction: ltr; unicode-bidi: normal;\"><span class=\"Normal-H\"><span style=\"font-family: Calibri;\">Um 16:45 treffen wir uns vor der Seilbahn um in einer Gondel den Aufstieg zum <\/span><span style=\"font-family: Calibri;\">Hohsaas<\/span><span style=\"font-family: Calibri;\"> (3100m\u00fcM) zu \u00fcberwinden. Hier beziehen wir in der Unterkunft die Zimmer (Es gibt nur 6-er Zimmer).<\/span><\/span><\/p>\n<p class=\"Normal-P\" style=\"margin-bottom: 6pt; text-align: justify; text-justify: inter-ideograph; direction: ltr; unicode-bidi: normal;\"><span class=\"Normal-H\"><span style=\"font-family: Calibri;\">Im grossen <\/span><span style=\"font-family: Calibri;\">Esssaal<\/span><span style=\"font-family: Calibri;\"> im Parterre des Geb\u00e4udes finden sich alle langsam ein. Als Abendprogramm verfolgen wir 2 Toureng\u00e4nger, welche noch abends um 18Uhr zuoberst beim Weissmies gehen und wir fragen uns, wie diese noch vor Einbruch der Dunkelheit <\/span><span style=\"font-family: Calibri;\">herunter kommen<\/span><span style=\"font-family: Calibri;\"> wollen? Immer schauen wir wieder mit <\/span><span style=\"font-family: Calibri;\">Evi\u2019s<\/span><span style=\"font-family: Calibri;\"> Feldstecher hinauf. <\/span><\/span><\/p>\n<p class=\"Normal-P\" style=\"margin-bottom: 6pt; text-align: justify; text-justify: inter-ideograph; direction: ltr; unicode-bidi: normal;\"><span class=\"Normal-H\"><span style=\"font-family: Calibri;\">Es wird ein feines Nachtessen (geschnetzeltes Rindfleisch, Gem\u00fcse und Reis) aufgetragen. Gleichzeitig spielt Federer in Wimbledon. Die beiden Bergsteiger kommen vom Weissmies \u00fcber den Driftgletscher langsam herunter und sind um ca. 20:45 unten.<\/span><\/span><\/p>\n<p class=\"Normal-P\" style=\"margin-bottom: 6pt; text-align: justify; text-justify: inter-ideograph; direction: ltr; unicode-bidi: normal;\"><span class=\"Normal-H\"><span style=\"font-family: Calibri;\">Wir verziehen uns um 22Uhr ins Bett.<\/span><\/span><\/p>\n<p class=\"Normal-P\" style=\"margin-bottom: 6pt; text-align: justify; text-justify: inter-ideograph; direction: ltr; unicode-bidi: normal;\"><span class=\"Normal-H\"><span style=\"font-family: Calibri;\">Remo<\/span><\/span><\/p>\n<p>ngg_shortcode_0_placeholder<\/td>\n<\/tr>\n<tr class=\"-R\">\n<td class=\"-C\" style=\"width: 240.35pt; border: none windowtext 0pt;\"><\/td>\n<td class=\"-C\" style=\"width: 241.05pt; border: none windowtext 0pt;\"><\/td>\n<\/tr>\n<p><!-- [if !supportMisalignedColumns]--><\/tbody>\n<\/table>\n<\/div>\n","protected":false},"excerpt":{"rendered":"<p>Samstag, 8 Juli, von Gspon zur Kreuzboden Alp Am 2. Morgen, nach der \u00dcbernachtung im Hotel Alpenblick in Gspon (1893m\u00fcM) kommt um 6Uhr langsam Leben auf. Die Leute steigen aus den Betten und machen Morgentoilette. Um 06:30 ist fr\u00fchst\u00fccken angesagt. Ein tolles Fr\u00fchst\u00fccksbuffet erwartet uns mit frischen Gipfeli und Vollkornbr\u00f6tli, M\u00fcesli, Jogurt, Minuteneiern, K\u00e4se, usw. &hellip; <a href=\"https:\/\/www.adrianwood.ch\/?page_id=12572\" class=\"more-link\">Continue reading <span class=\"screen-reader-text\">07-08 Hohsaas<\/span> <span class=\"meta-nav\">&rarr;<\/span><\/a><\/p>\n","protected":false},"author":1,"featured_media":0,"parent":12551,"menu_order":1385,"comment_status":"closed","ping_status":"closed","template":"","meta":{"ngg_post_thumbnail":0,"footnotes":""},"class_list":["post-12572","page","type-page","status-publish","hentry"],"_links":{"self":[{"href":"https:\/\/www.adrianwood.ch\/index.php?rest_route=\/wp\/v2\/pages\/12572","targetHints":{"allow":["GET"]}}],"collection":[{"href":"https:\/\/www.adrianwood.ch\/index.php?rest_route=\/wp\/v2\/pages"}],"about":[{"href":"https:\/\/www.adrianwood.ch\/index.php?rest_route=\/wp\/v2\/types\/page"}],"author":[{"embeddable":true,"href":"https:\/\/www.adrianwood.ch\/index.php?rest_route=\/wp\/v2\/users\/1"}],"replies":[{"embeddable":true,"href":"https:\/\/www.adrianwood.ch\/index.php?rest_route=%2Fwp%2Fv2%2Fcomments&post=12572"}],"version-history":[{"count":5,"href":"https:\/\/www.adrianwood.ch\/index.php?rest_route=\/wp\/v2\/pages\/12572\/revisions"}],"predecessor-version":[{"id":12710,"href":"https:\/\/www.adrianwood.ch\/index.php?rest_route=\/wp\/v2\/pages\/12572\/revisions\/12710"}],"up":[{"embeddable":true,"href":"https:\/\/www.adrianwood.ch\/index.php?rest_route=\/wp\/v2\/pages\/12551"}],"wp:attachment":[{"href":"https:\/\/www.adrianwood.ch\/index.php?rest_route=%2Fwp%2Fv2%2Fmedia&parent=12572"}],"curies":[{"name":"wp","href":"https:\/\/api.w.org\/{rel}","templated":true}]}}