{"id":12588,"date":"2017-07-18T16:32:48","date_gmt":"2017-07-18T16:32:48","guid":{"rendered":"http:\/\/www.adrianwood.ch\/?page_id=12588"},"modified":"2017-07-18T17:08:37","modified_gmt":"2017-07-18T17:08:37","slug":"07-09-saas-almagell","status":"publish","type":"page","link":"https:\/\/www.adrianwood.ch\/?page_id=12588","title":{"rendered":"07-09 Saas Almagell"},"content":{"rendered":"<div class=\"pmdi_content_wrapper\">\n<p class=\"Normal-P\" style=\"margin-bottom: 6pt; text-align: justify; text-justify: inter-ideograph; direction: ltr; unicode-bidi: normal;\"><span class=\"Normal-H\"><span style=\"font-family: Calibri; font-weight: bold;\">Sonntag<\/span><span style=\"font-family: Calibri; font-weight: bold;\">, <\/span><span style=\"font-family: Calibri; font-weight: bold;\">9.<\/span><span style=\"font-family: Calibri; font-weight: bold;\">Juli <\/span><span style=\"font-family: Calibri; font-weight: bold;\">2017,<\/span><span style=\"font-family: Calibri; font-weight: bold;\">Hohs<\/span><span style=\"font-family: Calibri; font-weight: bold;\">aa<\/span><span style=\"font-family: Calibri; font-weight: bold;\"> H\u00fctte \u2013 Kreuzboden \u2013 Blumenpfad nach <\/span><span style=\"font-family: Calibri; font-weight: bold;\">Almagelleralp<\/span><span style=\"font-family: Calibri; font-weight: bold;\"> \u2013 Saas <\/span><span style=\"font-family: Calibri; font-weight: bold;\">Almagell<\/span><\/span><\/p>\n<table class=\"TableGrid-T\" style=\"border-collapse: collapse;\" cellspacing=\"0\">\n<tbody>\n<tr class=\"-R\">\n<td class=\"-C\" style=\"width: 492.7pt; border: none windowtext 0pt;\" colspan=\"2\">\n<p class=\"Normal-P\" style=\"margin-bottom: 6pt; text-align: justify; text-justify: inter-ideograph; direction: ltr; unicode-bidi: normal;\"><span class=\"Normal-H\"><span style=\"font-family: Calibri;\"><img loading=\"lazy\" decoding=\"async\" class=\"\" src=\"http:\/\/www.adrianwood.ch\/wp-content\/uploads\/2017\/07\/1500397413_image1.jpeg\" data-link=\"\" width=\"738\" height=\"126\"><\/span><\/span><\/p>\n<\/td>\n<\/tr>\n<tr class=\"-R\">\n<td class=\"-C\" style=\"width: 245.65pt; border: none windowtext 0pt;\">\n<p class=\"Normal-P\" style=\"margin-bottom: 6pt; text-align: justify; text-justify: inter-ideograph; direction: ltr; unicode-bidi: normal;\"><span class=\"Normal-H\"><span style=\"font-family: Calibri;\"><img loading=\"lazy\" decoding=\"async\" class=\"\" src=\"http:\/\/www.adrianwood.ch\/wp-content\/uploads\/2017\/07\/1500397413_image2.jpeg\" data-link=\"\" width=\"349\" height=\"233\"><\/span><\/span><\/p>\n<\/td>\n<td class=\"-C\" style=\"width: 247.05pt; border: none windowtext 0pt;\">\n<p class=\"Normal-P\" style=\"margin-bottom: 6pt; text-align: justify; text-justify: inter-ideograph; direction: ltr; unicode-bidi: normal;\"><span class=\"Normal-H\"><span style=\"font-family: Calibri;\"><img loading=\"lazy\" decoding=\"async\" class=\"\" src=\"http:\/\/www.adrianwood.ch\/wp-content\/uploads\/2017\/07\/1500397413_image3.jpeg\" data-link=\"\" width=\"349\" height=\"234\"><\/span><\/span><\/p>\n<\/td>\n<\/tr>\n<tr class=\"-R\">\n<td class=\"-C\" style=\"width: 492.7pt; border: none windowtext 0pt;\" colspan=\"2\">\n<p class=\"Normal-P\" style=\"margin-bottom: 6pt; text-align: justify; text-justify: inter-ideograph; direction: ltr; unicode-bidi: normal;\"><span class=\"Normal-H\"><span style=\"font-family: Calibri;\">Im Vergleich zum Vortag, fiel das Fr\u00fchst\u00fcck etwas bescheidener aus, daf\u00fcr war die Aussicht der tollen Hohsaas H\u00fctte (3146m) ph\u00e4nomenal. Um 8.00 Uhr bestiegen wir die Seilbahn zur Mittelstation Kreuzboden (2400m). Ab hier f\u00fchrt der H\u00f6henweg zun\u00e4chst dem Blumenpfad entlang. Dieser ist mit Tafeln zu den einzelnen Bergblumen best\u00fcckt, nur die jeweiligen Blumen sind meistens nicht dort wo die Tafeln stehen. Nach dem Motto, wer sucht der findet! Auf der H\u00f6he Saas Fee verl\u00e4uft der Blumenpfad bergab Richtung Saas Grund. Wir blieben auf dem H\u00f6henweg oberhalb des Saas-Tals Richtung <\/span><span style=\"font-family: Calibri;\">Almagelleralp<\/span><span style=\"font-family: Calibri;\">.<\/span><\/span><\/p>\n<\/td>\n<\/tr>\n<tr class=\"-R\">\n<td class=\"-C\" style=\"width: 492.7pt; border: none windowtext 0pt;\" colspan=\"2\">\n<p class=\"Normal-P\" style=\"margin-bottom: 6pt; text-align: justify; text-justify: inter-ideograph; direction: ltr; unicode-bidi: normal;\"><span class=\"Normal-H\"><span style=\"font-family: Calibri;\"><img loading=\"lazy\" decoding=\"async\" class=\"\" src=\"http:\/\/www.adrianwood.ch\/wp-content\/uploads\/2017\/07\/1500397413_image4.jpeg\" data-link=\"\" width=\"740\" height=\"102\"><\/span><\/span><\/p>\n<\/td>\n<\/tr>\n<tr class=\"-R\">\n<td class=\"-C\" style=\"width: 245.65pt; border: none windowtext 0pt;\">\n<p class=\"Normal-P\" style=\"margin-bottom: 6pt; text-align: justify; text-justify: inter-ideograph; direction: ltr; unicode-bidi: normal;\"><span class=\"Normal-H\"><span style=\"font-family: Calibri;\"><img loading=\"lazy\" decoding=\"async\" class=\"\" src=\"http:\/\/www.adrianwood.ch\/wp-content\/uploads\/2017\/07\/1500397413_image5.jpeg\" data-link=\"\" width=\"349\" height=\"233\"><\/span><\/span><\/p>\n<\/td>\n<td class=\"-C\" style=\"width: 247.05pt; border: none windowtext 0pt;\">\n<p class=\"Normal-P\" style=\"margin-bottom: 6pt; text-align: justify; text-justify: inter-ideograph; direction: ltr; unicode-bidi: normal;\"><span class=\"Normal-H\"><span style=\"font-family: Calibri;\"><img loading=\"lazy\" decoding=\"async\" class=\"\" src=\"http:\/\/www.adrianwood.ch\/wp-content\/uploads\/2017\/07\/1500397413_image6.jpeg\" data-link=\"\" width=\"349\" height=\"234\"><\/span><\/span><\/p>\n<\/td>\n<\/tr>\n<tr class=\"-R\">\n<td class=\"-C\" style=\"width: 492.7pt; border: none windowtext 0pt;\" colspan=\"2\">\n<p class=\"Normal-P\" style=\"margin-bottom: 6pt; text-align: justify; text-justify: inter-ideograph; direction: ltr; unicode-bidi: normal;\"><span class=\"Normal-H\"><span style=\"font-family: Calibri;\">Die Alpenflora war pr\u00e4chtig, nur Polo Hofers Alpenrosen waren gr\u00f6ssten Teils schon verbl\u00fcht. Adrian hat von den Edelweissen geschw\u00e4rmt, die er bei den Lawinenverbauungen das letzte Jahr gesehen h\u00e4tte. Gottlob waren sie auch dieses Jahr wieder in voller Bl\u00fcte. Adrian hat f\u00fcr ein paar Fotos Leib und Leben riskiert. Leider fing es an zu regnen und der steinige Weg wurde doch etwas rutschig. Beim Abstieg zur <\/span><span style=\"font-family: Calibri;\">Almagelleralp<\/span><span style=\"font-family: Calibri;\"> wurde der Regen kr\u00e4ftiger und wir waren froh, dass wir im Trockenen unser Mittagessen einnehmen konnten. Der Renner war K\u00e4seschnitt mit Spiegelei.<\/span><\/span><\/p>\n<\/td>\n<\/tr>\n<tr class=\"-R\">\n<td class=\"-C\" style=\"width: 245.65pt; border: none windowtext 0pt;\">\n<p class=\"Normal-P\" style=\"margin-bottom: 6pt; text-align: justify; text-justify: inter-ideograph; direction: ltr; unicode-bidi: normal;\"><span class=\"Normal-H\"><span style=\"font-family: Calibri;\"><img loading=\"lazy\" decoding=\"async\" class=\"\" src=\"http:\/\/www.adrianwood.ch\/wp-content\/uploads\/2017\/07\/1500397413_image7.jpeg\" data-link=\"\" width=\"348\" height=\"231\"><\/span><\/span><\/p>\n<\/td>\n<td class=\"-C\" style=\"width: 247.05pt; border: none windowtext 0pt;\">\n<p class=\"Normal-P\" style=\"margin-bottom: 6pt; text-align: justify; text-justify: inter-ideograph; direction: ltr; unicode-bidi: normal;\"><span class=\"Normal-H\"><span style=\"font-family: Calibri;\"><img loading=\"lazy\" decoding=\"async\" class=\"\" src=\"http:\/\/www.adrianwood.ch\/wp-content\/uploads\/2017\/07\/1500397413_image8.jpeg\" data-link=\"\" width=\"349\" height=\"232\"><\/span><\/span><\/p>\n<\/td>\n<\/tr>\n<tr class=\"-R\">\n<td class=\"-C\" style=\"width: 245.65pt; border: none windowtext 0pt;\">\n<p class=\"Normal-P\" style=\"margin-bottom: 6pt; text-align: justify; text-justify: inter-ideograph; direction: ltr; unicode-bidi: normal;\"><span class=\"Normal-H\"><span style=\"font-family: Calibri;\"><img loading=\"lazy\" decoding=\"async\" class=\"\" src=\"http:\/\/www.adrianwood.ch\/wp-content\/uploads\/2017\/07\/1500397413_image9.jpeg\" data-link=\"\" width=\"349\" height=\"233\"><\/span><\/span><\/p>\n<\/td>\n<td class=\"-C\" style=\"width: 247.05pt; border: none windowtext 0pt;\">\n<p class=\"Normal-P\" style=\"margin-bottom: 6pt; text-align: justify; text-justify: inter-ideograph; direction: ltr; unicode-bidi: normal;\"><span class=\"Normal-H\"><span style=\"font-family: Calibri;\"><img loading=\"lazy\" decoding=\"async\" class=\"\" src=\"http:\/\/www.adrianwood.ch\/wp-content\/uploads\/2017\/07\/1500397413_image10.jpeg\" data-link=\"\" width=\"349\" height=\"234\"><\/span><\/span><\/p>\n<\/td>\n<\/tr>\n<tr class=\"-R\">\n<td class=\"-C\" style=\"width: 492.7pt; border: none windowtext 0pt;\" colspan=\"2\">\n<p class=\"Normal-P\" style=\"margin-bottom: 6pt; text-align: justify; text-justify: inter-ideograph; direction: ltr; unicode-bidi: normal;\"><span class=\"Normal-H\"><span style=\"font-family: Calibri;\">Kurz nach 12.30 Uhr hatte sich das Wetter wieder beruhigt, so dass wir den Abstieg nach Saas <\/span><span style=\"font-family: Calibri;\">Almagell<\/span><span style=\"font-family: Calibri;\"> ohne Regenausr\u00fcstung absolvieren konnten. Leider war dann der Erlebnisweg tabu, da die H\u00e4ngebr\u00fccken mit Stahlseilen und Wegstrecke mit Eisenstiften zu glitschig w\u00e4ren nach einem Regenschauer. So stiegen wir direkt zum Dorfplatz Richtung Saas <\/span><span style=\"font-family: Calibri;\">Almagell<\/span><span style=\"font-family: Calibri;\"> ab. Gegen 14.00 Uhr erreichten wir unser Ziel und hatten noch Zeit f\u00fcr einen <\/span><span style=\"font-family: Calibri;\">Beizenbesuch<\/span><span style=\"font-family: Calibri;\">. Um 14.42 Uhr fuhr das Postau<\/span><span style=\"font-family: Calibri;\">to Richtung Saas Grund wo wir umsteigen mussten ins n\u00e4chste Postauto Richtung Visp. In Bern hatte der Zug Richtung Basel etwas Versp\u00e4tung, so dass kurz nach 18.00 Uhr unsere 3 t\u00e4gige Wanderung ein Ende fand. Es waren 3 tolle Tage mit einem eindr\u00fccklichen Panorama auf die achtzehn 4000er Gipfel und Petrus war uns mit dem Wetter auch wohlgesinnt. Danke Adrian f\u00fcr die 3 eindr\u00fccklichen Wanderungen.<\/span><\/span><\/p>\n<p class=\"Normal-P\" style=\"margin-bottom: 6pt; text-align: justify; text-justify: inter-ideograph; direction: ltr; unicode-bidi: normal;\"><span class=\"Normal-H\"><span style=\"font-family: Calibri;\">Peter Sutter<\/span><\/span><\/p>\n<p>ngg_shortcode_0_placeholder<\/td>\n<\/tr>\n<p><!-- [if !supportMisalignedColumns]--><\/tbody>\n<\/table>\n<\/div>\n","protected":false},"excerpt":{"rendered":"<p>Sonntag, 9.Juli 2017,Hohsaa H\u00fctte \u2013 Kreuzboden \u2013 Blumenpfad nach Almagelleralp \u2013 Saas Almagell Im Vergleich zum Vortag, fiel das Fr\u00fchst\u00fcck etwas bescheidener aus, daf\u00fcr war die Aussicht der tollen Hohsaas H\u00fctte (3146m) ph\u00e4nomenal. Um 8.00 Uhr bestiegen wir die Seilbahn zur Mittelstation Kreuzboden (2400m). Ab hier f\u00fchrt der H\u00f6henweg zun\u00e4chst dem Blumenpfad entlang. Dieser ist &hellip; <a href=\"https:\/\/www.adrianwood.ch\/?page_id=12588\" class=\"more-link\">Continue reading <span class=\"screen-reader-text\">07-09 Saas Almagell<\/span> <span class=\"meta-nav\">&rarr;<\/span><\/a><\/p>\n","protected":false},"author":1,"featured_media":0,"parent":12551,"menu_order":1386,"comment_status":"closed","ping_status":"closed","template":"","meta":{"ngg_post_thumbnail":0,"footnotes":""},"class_list":["post-12588","page","type-page","status-publish","hentry"],"_links":{"self":[{"href":"https:\/\/www.adrianwood.ch\/index.php?rest_route=\/wp\/v2\/pages\/12588","targetHints":{"allow":["GET"]}}],"collection":[{"href":"https:\/\/www.adrianwood.ch\/index.php?rest_route=\/wp\/v2\/pages"}],"about":[{"href":"https:\/\/www.adrianwood.ch\/index.php?rest_route=\/wp\/v2\/types\/page"}],"author":[{"embeddable":true,"href":"https:\/\/www.adrianwood.ch\/index.php?rest_route=\/wp\/v2\/users\/1"}],"replies":[{"embeddable":true,"href":"https:\/\/www.adrianwood.ch\/index.php?rest_route=%2Fwp%2Fv2%2Fcomments&post=12588"}],"version-history":[{"count":8,"href":"https:\/\/www.adrianwood.ch\/index.php?rest_route=\/wp\/v2\/pages\/12588\/revisions"}],"predecessor-version":[{"id":12600,"href":"https:\/\/www.adrianwood.ch\/index.php?rest_route=\/wp\/v2\/pages\/12588\/revisions\/12600"}],"up":[{"embeddable":true,"href":"https:\/\/www.adrianwood.ch\/index.php?rest_route=\/wp\/v2\/pages\/12551"}],"wp:attachment":[{"href":"https:\/\/www.adrianwood.ch\/index.php?rest_route=%2Fwp%2Fv2%2Fmedia&parent=12588"}],"curies":[{"name":"wp","href":"https:\/\/api.w.org\/{rel}","templated":true}]}}