{"id":12722,"date":"2017-08-06T14:54:19","date_gmt":"2017-08-06T14:54:19","guid":{"rendered":"http:\/\/www.adrianwood.ch\/?page_id=12722"},"modified":"2017-08-06T15:35:59","modified_gmt":"2017-08-06T15:35:59","slug":"12722-2","status":"publish","type":"page","link":"https:\/\/www.adrianwood.ch\/?page_id=12722","title":{"rendered":"05 22 Piraeus -Tholaria"},"content":{"rendered":"<div class=\"pmdi_content_wrapper\">\n<figure id=\"attachment_12723\" aria-describedby=\"caption-attachment-12723\" style=\"width: 730px\" class=\"wp-caption alignleft\"><a href=\"http:\/\/www.adrianwood.ch\/wp-content\/uploads\/2017\/08\/KYK_1211.jpg\"><img loading=\"lazy\" decoding=\"async\" class=\"size-full wp-image-12723\" src=\"http:\/\/www.adrianwood.ch\/wp-content\/uploads\/2017\/08\/KYK_1211.jpg\" alt=\"\" width=\"730\" height=\"487\" srcset=\"https:\/\/www.adrianwood.ch\/wp-content\/uploads\/2017\/08\/KYK_1211.jpg 730w, https:\/\/www.adrianwood.ch\/wp-content\/uploads\/2017\/08\/KYK_1211-300x200.jpg 300w\" sizes=\"auto, (max-width: 730px) 100vw, 730px\" \/><\/a><figcaption id=\"caption-attachment-12723\" class=\"wp-caption-text\">im Piraeus Hafen<\/figcaption><\/figure>\n<h2 class=\"Normal-P\" style=\"text-align: justify; text-justify: inter-ideograph; direction: ltr; unicode-bidi: normal;\"><span class=\"Normal-H\"><span style=\"font-size: 11pt;\">22. Mai<\/span><span style=\"font-weight: bold; font-size: 11pt;\">: <\/span><span style=\"font-size: 11pt;\">Pir\u00e4us \u2013 <\/span><span style=\"font-size: 11pt;\">Tholaria<\/span><\/span><\/h2>\n<p class=\"Normal-P\" style=\"text-align: justify; text-justify: inter-ideograph; direction: ltr; unicode-bidi: normal;\"><span class=\"Normal-H\"><span style=\"font-size: 11pt;\">Nach einem guten Flug verlassen wir ca. 17.30 h Pir\u00e4us mit einer F\u00e4hre der Blue Star Linie Richtung <\/span><span style=\"font-size: 11pt;\">Amorgos<\/span><span style=\"font-size: 11pt;\">, wo wir um ca. 2.00 h in der Fr\u00fche in <\/span><span style=\"font-size: 11pt;\">Aegiali<\/span><span style=\"font-size: 11pt;\"> nach Land gingen und zum Hotel <\/span><span style=\"font-size: 11pt;\">Viglia<\/span><span style=\"font-size: 11pt;\"> nach <\/span><span style=\"font-size: 11pt;\">Tholaria<\/span><span style=\"font-size: 11pt;\"> gefahren wurden. <\/span><span style=\"font-size: 11pt;\">Tholaria<\/span><span style=\"font-size: 11pt;\"> ist ein herziges Bergd\u00f6rfchen mit vielen Treppen-gassen und einer grossen Kirche. Vom Hotel aus haben wir eine wundersch\u00f6ne Sicht auf die Bucht von <\/span><span style=\"font-size: 11pt;\">Aegiali<\/span><span style=\"font-size: 11pt;\">.<\/span><\/span><\/p>\n<p class=\"Normal-P\" style=\"direction: ltr; unicode-bidi: normal;\">\nngg_shortcode_0_placeholder\n<\/div>\n","protected":false},"excerpt":{"rendered":"<p>22. Mai: Pir\u00e4us \u2013 Tholaria Nach einem guten Flug verlassen wir ca. 17.30 h Pir\u00e4us mit einer F\u00e4hre der Blue Star Linie Richtung Amorgos, wo wir um ca. 2.00 h in der Fr\u00fche in Aegiali nach Land gingen und zum Hotel Viglia nach Tholaria gefahren wurden. Tholaria ist ein herziges Bergd\u00f6rfchen mit vielen Treppen-gassen und &hellip; <a href=\"https:\/\/www.adrianwood.ch\/?page_id=12722\" class=\"more-link\">Continue reading <span class=\"screen-reader-text\">05 22 Piraeus -Tholaria<\/span> <span class=\"meta-nav\">&rarr;<\/span><\/a><\/p>\n","protected":false},"author":1,"featured_media":0,"parent":12718,"menu_order":4851,"comment_status":"closed","ping_status":"closed","template":"","meta":{"ngg_post_thumbnail":0,"footnotes":""},"class_list":["post-12722","page","type-page","status-publish","hentry"],"_links":{"self":[{"href":"https:\/\/www.adrianwood.ch\/index.php?rest_route=\/wp\/v2\/pages\/12722","targetHints":{"allow":["GET"]}}],"collection":[{"href":"https:\/\/www.adrianwood.ch\/index.php?rest_route=\/wp\/v2\/pages"}],"about":[{"href":"https:\/\/www.adrianwood.ch\/index.php?rest_route=\/wp\/v2\/types\/page"}],"author":[{"embeddable":true,"href":"https:\/\/www.adrianwood.ch\/index.php?rest_route=\/wp\/v2\/users\/1"}],"replies":[{"embeddable":true,"href":"https:\/\/www.adrianwood.ch\/index.php?rest_route=%2Fwp%2Fv2%2Fcomments&post=12722"}],"version-history":[{"count":4,"href":"https:\/\/www.adrianwood.ch\/index.php?rest_route=\/wp\/v2\/pages\/12722\/revisions"}],"predecessor-version":[{"id":12758,"href":"https:\/\/www.adrianwood.ch\/index.php?rest_route=\/wp\/v2\/pages\/12722\/revisions\/12758"}],"up":[{"embeddable":true,"href":"https:\/\/www.adrianwood.ch\/index.php?rest_route=\/wp\/v2\/pages\/12718"}],"wp:attachment":[{"href":"https:\/\/www.adrianwood.ch\/index.php?rest_route=%2Fwp%2Fv2%2Fmedia&parent=12722"}],"curies":[{"name":"wp","href":"https:\/\/api.w.org\/{rel}","templated":true}]}}