{"id":1273,"date":"2011-07-20T11:56:43","date_gmt":"2011-07-20T10:56:43","guid":{"rendered":"http:\/\/adrianwood.ch\/?page_id=1273"},"modified":"2011-07-20T11:56:43","modified_gmt":"2011-07-20T10:56:43","slug":"einfuhrung","status":"publish","type":"page","link":"https:\/\/www.adrianwood.ch\/?page_id=1273","title":{"rendered":"Einf\u00fchrung"},"content":{"rendered":"<p><strong><span style=\"font-size: small;\">Vorbereitung und Zusammenfassung<\/span><\/strong><\/p>\n<table border=\"0\" cellspacing=\"0\" cellpadding=\"0\">\n<tbody>\n<tr>\n<td colspan=\"2\" valign=\"top\" width=\"820\">\n<p style=\"text-align: justify;\">Nach 2 Mal in Grossbritannien war es wieder Zeit f\u00fcr Wanderferien in einer w\u00e4rmeren Gegend mit Badem\u00f6glichkeiten. Wir hatten schon viele der sch\u00f6nsten Wandergebiete im Mittelmeerraum besucht und ein neuer Vorschlag von Wolfgang kam mir gelegen. Es war Kroatien, \u2013 eine Wanderkreuzfahrt entlang der Dalmatischen K\u00fcste, von Insel zu Insel. Das bietet sicher viele Badem\u00f6glichkeiten, aber sind die Wanderungen anspruchsvoll genug? Ein Studium der wenigen verf\u00fcgbaren Wanderf\u00fchrer zeigte, dass Kroatien mehrere, doch meist kleine, Nationalparks besitzt und eine Kombination mit einer Woche auf dem Festland gen\u00fcgend lohnende Wanderm\u00f6glichkeiten bieten k\u00f6nnte.<\/p>\n<\/td>\n<\/tr>\n<tr>\n<td valign=\"top\" width=\"410\">\u00a0<img decoding=\"async\" class=\"ngg-singlepic ngg-none\" src=\"http:\/\/adrianwood.ch\/wp-content\/gallery\/croatia01\/image001_r4.jpg\" alt=\"image001_r4\" \/><\/td>\n<td valign=\"top\" width=\"410\">\n<p style=\"text-align: justify;\">Direktfl\u00fcge aus der Schweiz an die K\u00fcste Dalmatiens gibt es nur nach Split in Mitteldalmatien, so dass die Wahl auf eine Wanderkreuzfahrt ab Trogir, gefolgt von Besuchen im Paklenica Nationalpark und der Cetinaschlucht bei Omis, fiel. Wie immer, musste ich alles selber ausprobieren und habe eine Wander-kreuzfahrt auf dem kleinen Schiff &#8216;Zelenbor&#8217; in der ersten Oktoberwoche 2010 mit Riva Tours gebucht. Mein Bruder, Peter, war bereit, mich in der letzten Septemberwoche auf den Wanderungen zu begleiten. Wir fingen in Omis an und haben zuerst die Cetina Schlucht ausgekundschaftet, aber keine geeignete Wanderung entdeckt. Am zweiten Tag hatten wir trotz anf\u00e4nglichem Regen mehr Gl\u00fcck mit der Besteigung der Kula, was sich als sehr sch\u00f6n zeigte.<\/p>\n<\/td>\n<\/tr>\n<tr>\n<td valign=\"top\" width=\"410\">\u00a0<img decoding=\"async\" class=\"ngg-singlepic ngg-none\" src=\"http:\/\/adrianwood.ch\/wp-content\/gallery\/croatia01\/image003_r4.jpg\" alt=\"image003_r4\" \/><\/td>\n<td valign=\"top\" width=\"410\">\u00a0<img decoding=\"async\" class=\"ngg-singlepic ngg-none\" src=\"http:\/\/adrianwood.ch\/wp-content\/gallery\/croatia01\/image005_r4.jpg\" alt=\"image005_r4\" \/><\/td>\n<\/tr>\n<tr>\n<td style=\"text-align: justify;\" valign=\"top\" width=\"410\">Im Paklenica Gebiet war der Besitzer der Hotel Rajna sehr hilfreich und konnte uns bei der Auswahl der Wanderungen beraten. Nach drei Tagen dort hatten wir gen\u00fcgend M\u00f6glichkeiten mit verschiedenen Schwierigkeitsgrade kennen gelernt.Auf dem Schiff hatte die kleine Gruppe von sieben Personen einen jungen Student als Wanderleiter. Er kannte sich gut aus und die Wanderungen waren landschaftlich sch\u00f6n, wenn nicht immer besonders aufregend. Aber, obwohl das Schiff zw\u00f6lf Personen Platz bietet und ich eine Kabine f\u00fcr mich haben konnte, wurde mir schnell klar, dass ein solches Schiff f\u00fcr unsere Gruppe nicht in Frage kam.<\/td>\n<td valign=\"top\" width=\"410\">\u00a0<img decoding=\"async\" class=\"ngg-singlepic ngg-left\" src=\"http:\/\/adrianwood.ch\/wp-content\/gallery\/croatia01\/image007_r4.jpg\" alt=\"image007_r4\" \/><\/td>\n<\/tr>\n<tr>\n<td style=\"text-align: justify;\" colspan=\"2\" valign=\"top\" width=\"820\">Die Kajutenbetten waren sehr eng aneinander wiel der Kopfraum \u00fcber den Betten beschr\u00e4nkt war und es gab sehr wenig Stauraum. Zur\u00fcck in Trogir habe ich fast alle Riva Schiffe, die dort stationiert sind, besichtigt, bis ich schliesslich bei dem gr\u00f6ssten, modernsten und am besten ausgestatteten Schiff, der &#8216;Columbo&#8217;, gelandet bin. Das war der Schiff f\u00fcr uns! Es blieb nur die Frage, ob es genug Teilnehmer geben w\u00fcrde, um es f\u00fcr uns erschwinglich zu machen. Ich musste alles sehr schnell organisieren weil die Schiffe, will man sie ganz chartern, bereits schon im Oktober gebucht werden m\u00fcssen.<\/td>\n<\/tr>\n<tr>\n<td style=\"text-align: justify;\" valign=\"top\" width=\"410\">\u00a0<img decoding=\"async\" class=\"ngg-singlepic ngg-left\" src=\"http:\/\/adrianwood.ch\/wp-content\/gallery\/croatia01\/image009_r4.jpg\" alt=\"image009_r4\" \/><\/td>\n<td valign=\"top\" width=\"410\">\u00a0<img decoding=\"async\" class=\"ngg-singlepic ngg-left\" src=\"http:\/\/adrianwood.ch\/wp-content\/gallery\/croatia01\/image011_r4.jpg\" alt=\"image011_r4\" \/><\/td>\n<\/tr>\n<tr>\n<td valign=\"top\" width=\"410\">\u00a0<img decoding=\"async\" class=\"ngg-singlepic ngg-none\" src=\"http:\/\/adrianwood.ch\/wp-content\/gallery\/croatia01\/image013_r4.jpg\" alt=\"image013_r4\" \/><\/td>\n<td style=\"text-align: justify;\" valign=\"top\" width=\"410\">Die Idee einer Wanderkreuzfahrt ist gleich auf grosses Interesse gestossen und ich hatte bald die n\u00f6tigen 30 Teilnehmer. Es stand die Durchf\u00fchrung nichts mehr in Wege.Unsere &#8216;Columbo&#8217; startete ausnahmsweise an einem Freitag, so dass wir mit Croatia Airlines ab Z\u00fcrich anstatt mit Easy-Jet ab Basel fliegen mussten.Wir waren sowieso schnell in Trogir, das nur 7 km von Split Flughafen liegt. Wir konnten gleich an Bord der sch\u00f6nen &#8216;Columbo&#8217; gehen und wurden freundlich begr\u00fcsst von Kapit\u00e4n Arsen, der die Kabinenverteilung speditiv erledigt hat. Nach einem einfachem Mittagessen auf dem Schiff legten wir los zu unserem ersten Ziel, Split.<\/td>\n<\/tr>\n<tr>\n<td valign=\"top\" width=\"410\">\u00a0<img decoding=\"async\" class=\"ngg-singlepic ngg-none\" src=\"http:\/\/adrianwood.ch\/wp-content\/gallery\/croatia01\/image015_r4.jpg\" alt=\"image015_r4\" \/><\/td>\n<td valign=\"top\" width=\"410\">\u00a0<img decoding=\"async\" class=\"ngg-singlepic ngg-none\" src=\"http:\/\/adrianwood.ch\/wp-content\/gallery\/croatia01\/image017_r4.jpg\" alt=\"image017_r4\" \/><\/td>\n<\/tr>\n<tr>\n<td style=\"text-align: justify;\" colspan=\"2\" valign=\"top\" width=\"820\">Dort hatten wir zwei Stunden Zeit um die interesssante historische Stadt zu erkunden. Sie wurde im dritten Jahrhundert vom r\u00f6mischen Kaiser Diokletian gegr\u00fcndet. Er hatte sich hier in seinem bescheidenen Anwesen im Masse von 200 m mal 240 m und fast 25 m hohen Mauern zur Ruhe gesetzt. Heute ist viel davon erhalten, aber ein grosser Teil der Altstadt ist auf und in die Ruinen gebaut.<\/td>\n<\/tr>\n<tr>\n<td style=\"text-align: justify;\" valign=\"top\" width=\"410\">\u00a0<img decoding=\"async\" class=\"ngg-singlepic ngg-none\" src=\"http:\/\/adrianwood.ch\/wp-content\/gallery\/croatia01\/image019_r4.jpg\" alt=\"image019_r4\" \/><\/td>\n<td valign=\"top\" width=\"410\">\u00a0<img decoding=\"async\" class=\"ngg-singlepic ngg-none\" src=\"http:\/\/adrianwood.ch\/wp-content\/gallery\/croatia01\/image021_r4.jpg\" alt=\"image021_r4\" \/><\/td>\n<\/tr>\n<tr>\n<td style=\"text-align: justify;\" colspan=\"2\" valign=\"top\" width=\"820\">Diese Architekturmischung gibt Split eine einmalige Erscheinung. Die Cathedrale besteht aus dem oktagonalen Mausoleum von Diokletian zusammen mit einem mittalterlichem Glockenturm. Nach diesem kurzem Besuch fuhren wir um 18.00 weiter nach Bol auf der Insel Brac, welche wir erst bei Einbruch der Dunkelheit erreichten.<\/td>\n<\/tr>\n<tr>\n<td colspan=\"2\" valign=\"top\" width=\"820\"><\/td>\n<\/tr>\n<tr>\n<td style=\"text-align: justify;\" valign=\"top\" width=\"410\">Am n\u00e4chstem Tag gab es sch\u00f6nstes Wetter f\u00fcr unsere erste Wanderung. Es ging gleich auf den h\u00f6chsten Berg der Kroatischen Inseln, Vidova Gora, 778 m. Alle haben den Gipfel problemlos erreicht, manche viel schneller als andere. Bei der Mittagspause genossen wir ein sch\u00f6ne Sicht auf die Inseln Mitteldalmatiens, die wir in den n\u00e4chsten Tagen besuchen w\u00fcrden. Als zus\u00e4tzlichen Leckerbissen hat Kapit\u00e4n Arsen ein Badehalt beim ber\u00fchmten Strand, Zlatni Rat, spontan angeboten und die meisten von uns haben sofort Gebrauch davon gemacht. Anschliessend fuhren wir nach Starigrad auf der Insel Hvar, wo wir \u00fcbernachteten.<\/td>\n<td valign=\"top\" width=\"410\">\u00a0<img decoding=\"async\" class=\"ngg-singlepic ngg-none\" src=\"http:\/\/adrianwood.ch\/wp-content\/gallery\/croatia01\/image023_r4.jpg\" alt=\"image023_r4\" \/><\/td>\n<\/tr>\n<tr>\n<td valign=\"top\" width=\"410\">\u00a0<img decoding=\"async\" class=\"ngg-singlepic ngg-none\" src=\"http:\/\/adrianwood.ch\/wp-content\/gallery\/croatia01\/image025_r4.jpg\" alt=\"image025_r4\" \/><\/td>\n<td style=\"text-align: justify;\" valign=\"top\" width=\"410\">Um 8.45 standen die drei bestellten Minibusse bereit f\u00fcr unser fahrt nach Velo Grablje, einem halb verlassenen Dorf im Inneren der Insel. Die Wanderung von dort durch Olivenhaine und ein kleine Schlucht brachte uns nach Milna, wo trotz anderen Badenden keiner von uns ins Wasser ging. Das Wetter war nicht mehr so sch\u00f6n wie am Vortag, aber ein kleine Gruppe hat doch sp\u00e4ter in einer anderen Bucht auf dem K\u00fcstenweg nach Hvar Stadt gebadet. Als die Letzten in Havar eingetroffen sind, hat es schon geregnet und der Kapit\u00e4n erkl\u00e4rte, dass der prognostizierte Borja Wind unser Fahrt nach Korcula am n\u00e4chsten Morgen erschweren w\u00fcrde.<\/td>\n<\/tr>\n<tr>\n<td style=\"text-align: justify;\" valign=\"top\" width=\"410\">Die geplante Abfahrt um 6.00 fand doch statt, aber nach ca. einer Stunde kehrten wir wegen zu hohen Wellen zur\u00fcck nach Hvar. Der n\u00e4chste Versuch wurde f\u00fcr 14.00 vorgeschlagen und es gab Zeit f\u00fcr eine Burgbesichtigung bei Regen. Leider ist einer der Teilnehmer bei den nassen Verh\u00e4ltnissen an der Schiffskante ausgerutscht, als er vom Nebenschiff \u00fcbertreten wollte. Er hat seinen Kopf \u00fcber dem Auge schwer angeschlagen und musste ins Spital gebracht werden, wo die Wund gen\u00e4ht wurde. Der zweite Versuch weiter zu fahren war erfolgreich und wir erreichten die Stadt Korcula ohne weiteren Schaden am fr\u00fchem Abend.<\/td>\n<td valign=\"top\" width=\"410\">\u00a0<img decoding=\"async\" class=\"ngg-singlepic ngg-none\" src=\"http:\/\/adrianwood.ch\/wp-content\/gallery\/croatia01\/image027_r4.jpg\" alt=\"image027_r4\" \/><\/td>\n<\/tr>\n<tr>\n<td valign=\"top\" width=\"410\">\u00a0<img decoding=\"async\" class=\"ngg-singlepic ngg-none\" src=\"http:\/\/adrianwood.ch\/wp-content\/gallery\/croatia01\/image029_r4.jpg\" alt=\"image029_r4\" \/><\/td>\n<td style=\"text-align: justify;\" valign=\"top\" width=\"410\">Die Wanderung auf Korcula traten wir bei immer noch durchzogenem Wetter umgekehrt zum planm\u00e4ssigen Richtung an. Auf kleinen Fahrwegen und durch ein Gebiet mit grossen Bl\u00f6cken und Grotten liefern wir nach dem Dorf Pupnat wo wir ein Mittagessen in der Konoba Mate bestellt hatten. Das feine Essen mit Wein und lokalen Schn\u00e4psen sorgte f\u00fcr eine heitere Stimmung.<\/td>\n<\/tr>\n<tr>\n<td style=\"text-align: justify;\" valign=\"top\" width=\"410\">Nach nur kurzer Fahrt an n\u00e4chstem strahlenden Morgen gingen wir in Orebic auf der Halbinsel Peljesac von Bord. Ein Spaziergang entlang der sch\u00f6nen Promenade und ein schattiger Aufstieg im Wald brachte uns zum Franziskanerkloster wo wir den Kapit\u00e4nsfriedhof und das Schifffahrtsmuseum besuchten. Das Mittagessen fand wieder in einer Konoba, mit herrliche Aussicht \u00fcber dem Meer nach Korcula, statt. Es folgte eine lange aber sehr sch\u00f6ne Fahrt entlang der K\u00fcste nach Makarska und ein Kapit\u00e4nsdinner mit Musik und Gesang\u00a0 vervoll-st\u00e4ndigte den Tag.<\/td>\n<td valign=\"top\" width=\"410\">\u00a0<img decoding=\"async\" class=\"ngg-singlepic ngg-none\" src=\"http:\/\/adrianwood.ch\/wp-content\/gallery\/croatia01\/image031_r4.jpg\" alt=\"image031_r4\" \/><\/td>\n<\/tr>\n<tr>\n<td valign=\"top\" width=\"410\">\u00a0<img decoding=\"async\" class=\"ngg-singlepic ngg-none\" src=\"http:\/\/adrianwood.ch\/wp-content\/gallery\/croatia01\/image033_r4.jpg\" alt=\"image033_r4\" \/><\/td>\n<td style=\"text-align: justify;\" valign=\"top\" width=\"410\">Die letzte Wanderung vom Schiff aus fand ausnahmsweise auf dem Festland statt. Zuerst ging es in schwindelerregender Fahrt mit Minibussen auf den h\u00f6chsten Berg des Biokovo Nationalparks, der Sveti Jura, 1762m. Nachdem wir die wundersch\u00f6ne Aussicht auf die Inseln und nach Bosnien-Herzegovina genossen hatten, liefen wir hinunter zum Vozac, 1421m, wo man eine noch bessere Aussicht auf Makarska und die umliegende K\u00fcste bekommt. Es blieb nur noch die letzte lange Fahrt zur\u00fcck nach Trogir, die wir erst nach Sonnenuntergang erreichten.<\/td>\n<\/tr>\n<tr>\n<td style=\"text-align: justify;\" colspan=\"2\" valign=\"top\" width=\"820\">Geplant war noch eine Wanderung auf der Insel Solta, aber wegen dem Regentag in Havar musste das ganze Programm um einen Tag verschoben werden und diese Wanderung fiel aus. Es war f\u00fcr mich letztes Jahr sowieso die am wenigsten interessante Wanderung.<\/td>\n<\/tr>\n<tr>\n<td valign=\"top\" width=\"410\">\u00a0<img decoding=\"async\" class=\"ngg-singlepic ngg-none\" src=\"http:\/\/adrianwood.ch\/wp-content\/gallery\/croatia01\/image035_r4.jpg\" alt=\"image035_r4\" \/><\/td>\n<td style=\"text-align: justify;\" valign=\"top\" width=\"410\">Wir hatten noch eine ganze Woche auf dem Festland vor uns, zuerst im Paklenica National Park, dann in Omis, am Ausgang der Cetinaschlucht. Wir konnten w\u00e4hrend der ganzen Woche sch\u00f6nstes Wetter geniessen und alle Wanderungen planm\u00e4ssig durchf\u00fchren. Die Hinreise nach Starigrad Paklenica wurde unterbrochen von Stadtbesuchen in Sibenik und Zadar, zwei lohnenswerte Ziele. Dort f\u00fchrt der Hotelbesitzer, Marin, eine Art Reiseb\u00fcro mit einer Flotte von f\u00fcnf Land Rover, die uns zu unseren Wanderungen gebracht haben. In der N\u00e4he des Hotels hatte er auch einen sch\u00f6nen Rustico wo zw\u00f6lf Personen untergebracht wurden.<\/td>\n<\/tr>\n<tr>\n<td style=\"text-align: justify;\" valign=\"top\" width=\"410\">Die erste Wanderung f\u00fchrte uns an \u201aWinnetou\u2018 und anderen Felsen vorbei zur Felswand der Boijn Kuk und \u00fcber leichte Kletterfelsen, die alle problemlos meisterten, zur Hochebene, Veliko Rujno, wo wir vom Land Rover abgeholt wurden. Dann stand der Velika Paklenica (grosse Schlucht) auf dem Programm. Der untere Weg ist stark \u201atouristisch\u2018 ausgebaut, aber man kann sch\u00f6ne Abstecher in der H\u00f6he machen und neun Personen sind bis auf den Gipfel vom Crni Vrh, 1118 m, gelaufen.Am dritten Tag wollten sieben Personen den viel anspruchsvolleren Mala Paklenica (kleine Schlucht)<\/td>\n<td valign=\"top\" width=\"410\">\u00a0<img decoding=\"async\" class=\"ngg-singlepic ngg-none\" src=\"http:\/\/adrianwood.ch\/wp-content\/gallery\/croatia01\/image037_r4.jpg\" alt=\"image037_r4\" \/><\/td>\n<\/tr>\n<tr>\n<td style=\"text-align: justify;\" colspan=\"2\" valign=\"top\" width=\"820\">durchlaufen, aber die meisten Teilnehmer haben sich f\u00fcr eine ganzt\u00e4gige Jeep Safari in die umliegenden Berge entschieden. Das war wirklich sehr beeindruckend mit fantastischem Ausblick, einer kurzen Wanderung zu Wildpferden, vorz\u00fcglicher Verpflegung und einer Badem\u00f6glichkeit im Fluss.<\/td>\n<\/tr>\n<tr>\n<td valign=\"top\" width=\"410\">\u00a0<img decoding=\"async\" class=\"ngg-singlepic ngg-none\" src=\"http:\/\/adrianwood.ch\/wp-content\/gallery\/croatia01\/image039_r4.jpg\" alt=\"image039_r4\" \/><\/td>\n<td style=\"text-align: justify;\" valign=\"top\" width=\"410\">Zum Baden im Fluss kamen wir auch am n\u00e4chsten Tag im Krka Wasserfall National Park auf dem Weg zum Hotel Villa Dvor in Omis, wo wir noch zwei Wanderungen im Programm hatten. Den Weg auf den Kula, 863 m, musste ich ohne Karte finden weil die Karte, die ich letztes Jahr vom Hotel ausgeliehen hatte, nicht mehr auffindbar war. Es ist trotzdem gut gelaufen und mir wurde mehrmals gesagt, dass es eine sehr sch\u00f6ne und abwechslungsreiche Wanderung war. Einige Teilnehmer haben die felsige Gipfelpartie ausgelassen, aber eine tolle Aussicht \u00fcbers Meer bekommt man sowieso.<\/td>\n<\/tr>\n<tr>\n<td style=\"text-align: justify;\" valign=\"top\" width=\"410\">F\u00fcr die allerletzte Wanderung hatte ich eine Profi-Wanderleiterin angestellt in der Erwartung, entlang der Cetinaschlucht zu wandern. Es stellte sich heraus, dass es keine solche Wanderweg gibt und wir wanderten grossenteils auf kleinen Strassen oberhalb der Schlucht. Der H\u00f6hepunkt war aber die Ueberquerung des Flusses mit einem Schlauchboot, was f\u00fcr Riverrafting von acht Mitgliedern der Gruppe genutzt wurde. Bei dem herrschenden heissen Wetter w\u00e4re Riverrafting f\u00fcr alle die bessere Variante gewesen.<\/td>\n<td valign=\"top\" width=\"410\">\u00a0<img decoding=\"async\" class=\"ngg-singlepic ngg-none\" src=\"http:\/\/adrianwood.ch\/wp-content\/gallery\/croatia01\/image041_r4.jpg\" alt=\"image041_r4\" \/><\/td>\n<\/tr>\n<tr>\n<td valign=\"top\" width=\"410\">\u00a0<img decoding=\"async\" class=\"ngg-singlepic ngg-none\" src=\"http:\/\/adrianwood.ch\/wp-content\/gallery\/croatia01\/image043_r4.jpg\" alt=\"image043_r4\" \/><\/td>\n<td style=\"text-align: justify;\" valign=\"top\" width=\"410\">Wegen des fr\u00fchen Abflugs nach Hause musste die letzte Uebernachtung in einem Hotel in Trogir stattfinden. Wir nutzten die Gelegenheit f\u00fcr ein letztes gemeinsames Abendessen, um unsere zwei tollen Ferienwochen abzurunden. Mir wurde ein Geschenk \u00fcberreicht, wof\u00fcr ich mich herzlich bedanke. Sp\u00e4ter hat Hans auf seiner Gitarre gespielt und manche Leute haben sogar getanzt.Ich danke allen Teilnehmern auch f\u00fcr ihrere Kameradschaft und freue mich, dass alles so gut gelaufen ist.<\/td>\n<\/tr>\n<tr>\n<td colspan=\"2\" valign=\"top\" width=\"820\">\n<p style=\"text-align: justify;\">Zum Schluss erlaube ich mir einige Worte zwei Teilnehmerinnen zu zitieren:<\/p>\n<p style=\"text-align: justify;\"><em>\u201aIch m\u00f6chte mich doch noch kurz melden, um Dir zu sagen, wie gut mir die Kroatien-Ferien gefallen haben. Du hast alles wie immer super organisiert. Die Kombination Schiff und Wandern war nat\u00fcrlich etwas Besonderes. Ich habe die Ruhe auf dem Meer, die Weite, das Licht und die Brise voll genossen. Sch\u00f6n, dass auch das Baden m\u00f6glich war und wir dieses Mal so viele sch\u00f6ne mittelalterliche Orte erkunden durften. Auch die Gruppe hat bestens harmoniert.\u2018<\/em><\/p>\n<p style=\"text-align: justify;\"><em>\u201ader Alltag hat auch mich wieder fest im Griff, doch ist es mir ein Bed\u00fcrfnis, dir f\u00fcr all das, was du der Wandergruppe an Gutem getan hast, von Herzen zu danken. Ich bewundere deine Gelassenheit in manchen Situationen -beim Einchecken, ob am Flughafen oder in den Hotels, u.a.m- und deine Hartn\u00e4ckigkeit -Aussichtspunkt \u00fcber dem Canyon-, das sind Momente, die mir speziell in Erinnerung sind, da ich zuf\u00e4llig dabei war.<\/em><\/p>\n<p style=\"text-align: justify;\"><em>Also, es hat m\u00e4chtig Freude gemacht, als Mitglied deiner Truppe dabei zu sein. Als\u00a0wir vier Personen im Bus nach Dubrovnik sassen, hielt der Bus just am Zebrastreifen an, den du mit deiner ganzen Horde \u00fcberquertest. Ich klopfte gegen die Fensterscheibe, um der Gruppe ein freundliches Winken zu geben, doch in dem Strassenl\u00e4rm h\u00f6rte es niemand von euch. Warum ich die Situation erw\u00e4hne ist dies: Du schrittst voraus, alleine, und alle gingen schwatzend, h\u00fcbsch in Zweierreihen, weil es der schmale Weg so forderte, hinter dir her, einer fr\u00f6hlichen Bande auf einem &#8216;Ganzt\u00e4tigen&#8217; gleich,\u00a0ein gar lustiges Bild, das ich leider nicht festhalten konnte.\u2018<\/em><\/p>\n<p style=\"text-align: justify;\">Adrian<\/p>\n<\/td>\n<\/tr>\n<\/tbody>\n<\/table>\n<p style=\"text-align: justify;\"><em><span style=\"font-size: small;\">\u00a0<\/span><\/em><\/p>\n","protected":false},"excerpt":{"rendered":"<p>Vorbereitung und Zusammenfassung Nach 2 Mal in Grossbritannien war es wieder Zeit f\u00fcr Wanderferien in einer w\u00e4rmeren Gegend mit Badem\u00f6glichkeiten. Wir hatten schon viele der sch\u00f6nsten Wandergebiete im Mittelmeerraum besucht und ein neuer Vorschlag von Wolfgang kam mir gelegen. Es war Kroatien, \u2013 eine Wanderkreuzfahrt entlang der Dalmatischen K\u00fcste, von Insel zu Insel. Das bietet &hellip; <a href=\"https:\/\/www.adrianwood.ch\/?page_id=1273\" class=\"more-link\">Continue reading <span class=\"screen-reader-text\">Einf\u00fchrung<\/span> <span class=\"meta-nav\">&rarr;<\/span><\/a><\/p>\n","protected":false},"author":1,"featured_media":0,"parent":1262,"menu_order":2382,"comment_status":"closed","ping_status":"closed","template":"","meta":{"ngg_post_thumbnail":0,"footnotes":""},"class_list":["post-1273","page","type-page","status-publish","hentry"],"_links":{"self":[{"href":"https:\/\/www.adrianwood.ch\/index.php?rest_route=\/wp\/v2\/pages\/1273","targetHints":{"allow":["GET"]}}],"collection":[{"href":"https:\/\/www.adrianwood.ch\/index.php?rest_route=\/wp\/v2\/pages"}],"about":[{"href":"https:\/\/www.adrianwood.ch\/index.php?rest_route=\/wp\/v2\/types\/page"}],"author":[{"embeddable":true,"href":"https:\/\/www.adrianwood.ch\/index.php?rest_route=\/wp\/v2\/users\/1"}],"replies":[{"embeddable":true,"href":"https:\/\/www.adrianwood.ch\/index.php?rest_route=%2Fwp%2Fv2%2Fcomments&post=1273"}],"version-history":[{"count":0,"href":"https:\/\/www.adrianwood.ch\/index.php?rest_route=\/wp\/v2\/pages\/1273\/revisions"}],"up":[{"embeddable":true,"href":"https:\/\/www.adrianwood.ch\/index.php?rest_route=\/wp\/v2\/pages\/1262"}],"wp:attachment":[{"href":"https:\/\/www.adrianwood.ch\/index.php?rest_route=%2Fwp%2Fv2%2Fmedia&parent=1273"}],"curies":[{"name":"wp","href":"https:\/\/api.w.org\/{rel}","templated":true}]}}