{"id":1284,"date":"2011-07-24T11:13:00","date_gmt":"2011-07-24T10:13:00","guid":{"rendered":"http:\/\/adrianwood.ch\/?page_id=1284"},"modified":"2011-07-24T11:13:00","modified_gmt":"2011-07-24T10:13:00","slug":"wanderkreuzfahrt","status":"publish","type":"page","link":"https:\/\/www.adrianwood.ch\/?page_id=1284","title":{"rendered":"Wanderkreuzfahrt"},"content":{"rendered":"<h2><a href=\"http:\/\/adrianwood.ch\/club-holidays\/2011-05-croatia\/wanderkreuzfahrt\/col_0095_r\/\" rel=\"attachment wp-att-1285\"><img loading=\"lazy\" decoding=\"async\" class=\"alignleft size-full wp-image-1285\" title=\"COL_0095_r\" src=\"http:\/\/adrianwood.ch\/wp-content\/uploads\/2011\/07\/COL_0095_r.jpg\" alt=\"Strarigrad, Insel Hvar\" width=\"720\" height=\"478\" \/><\/a><\/h2>\n<h1><\/h1>\n<h1><strong><span style=\"font-family: Times New Roman;\">Wanderkreuzfahrt\u00a0in der\u00a0Dalmatischen Inseln &#8211; <\/span><\/strong><span style=\"font-family: Times New Roman;\"><strong>Programm und Bilder<\/strong><\/span><\/h1>\n<p style=\"text-align: justify;\"><span style=\"font-family: Times New Roman;\"><strong>13.Mai: <\/strong>Flug Z\u00fcrich \u2013 Split, Transfer nach Trogir. Von 11:30 bis 13:00 Uhr Einschiffung im Hafen von Trogir, Begr\u00fc\u00dfung und Kennenlernen der Crew und Mitreisenden. Kurz darauf hei\u00dft es \u201eLeinen los\u201c und wir fahren nach <strong>Split<\/strong>. Spaziergang durch die Altstadt und Besichtigung des 1700 Jahre alten Palastes des r\u00f6mischen Kaisers Diokletian. Anschliessend laufen wir aus in Richtung der Insel Bra\u010d.<\/span><\/p>\n<p style=\"text-align: justify;\"><span style=\"font-family: Times New Roman;\"><strong>14.Mai: <\/strong>Unsere heutige Wandertour beginnt im Hafen von Bol. Es geht st\u00e4ndig bergauf, bis wir den h\u00f6chsten Berg aller Adriainseln erreichen \u2013 die <strong>Vidova Gora<\/strong> (778 m). Von hier aus haben wir einen einmaligen Ausblick \u00fcber das Meer auf die Inseln \u0160olta, Hvar und Kor\u010dula, die Halbinsel Pelje\u0161ac, sowie die Gebirgsmassive Kozjak, Mosor und Biokovo auf dem Festland. Tief unter uns erstreckt sich der Strand \u201eZlatni Rat\u201c ins Meer. Nach dem Abstieg nach Bol kehren wir auf unser Schiff zur\u00fcck, das uns nach StariGrad auf der Insel Hvar bringt.<\/span><\/p>\n<p style=\"text-align: justify;\"><em><span style=\"font-family: Times New Roman;\">Wanderzeit ca. 5:00 Stunden, Auf- und Abstieg \u00a0jeweils 777 m<\/span><\/em><\/p>\n<p style=\"text-align: justify;\"><span style=\"font-family: Times New Roman;\"><strong>15.Mai: <\/strong>Mit dem Minibus oder zu Fuss geht es nach Velo Grablje, einem pittoresken Dorf in 320 m H\u00f6he. Von hier f\u00fchrt unsere Wanderung \u00fcber einen angenehmen Weg bergab \u00fcber Malo Grablje nach Milna. Nach einer Pause in Milna setzen wir unseren Weg am Meer entlang fort zur <strong>Stadt Hvar<\/strong>, dem Hauptort der gleichnamigen Insel. Am Nachmittag Besichtigung der Stadt und der Zitadelle aus dem 16. Jahrhundert, die hoch \u00fcber der Stadt liegt. \u00dcbernachtung im Hafen von Hvar oder in einer Bucht in der N\u00e4he.<\/span><\/p>\n<p style=\"text-align: justify;\"><em><span style=\"font-family: Times New Roman;\">Wanderzeit ca. 3:30 oder 5:00 Stunden, Auf- und Abstieg \u00a0jeweils 320 m<\/span><\/em><\/p>\n<p style=\"text-align: justify;\"><span style=\"font-family: Times New Roman;\"><strong>16.Mai: <\/strong>Nach dem Fr\u00fchst\u00fcck nehmen wir Kurs auf die Insel Kor\u010dula. Wir verlassen unser Schiff in der Bucht Kne\u017ea und wandern leicht bergauf, \u00fcber einen Weg, der teilweise durch einen \u201eTunnel\u201c mediterraner Pflanzen f\u00fchrt, zum Dorf Pupnat, wo wir eine typische Konoba (l\u00e4ndliches Restaurant) besuchen. Von hier aus geht es langsam wieder bergab und durch ein Gebiet, das von einem einzigartigen Geflecht aus Felsen, H\u00f6hlen, Grotten und \u00fcppiger Vegetation gekennzeichnet ist. \u00dcber die D\u00f6rfer Brdo und \u017drnovica kommen wir nach <strong>Kor\u010dula<\/strong>, wo unser Schiff bereits festgemacht hat. Den Rest des Tages verbringen wir mit der Besichtigung der Geburtsstadt des ber\u00fchmten Seefahrers und Entdeckers Marco Polo. \u00dcbernachtung im Hafen von Kor\u010dula.<\/span><\/p>\n<p style=\"text-align: justify;\"><em><span style=\"font-family: Times New Roman;\">Wanderzeit ca. 5:00 bis 6:00 Stunden, Auf- und Abstieg \u00a0jeweils 410 m, Abk\u00fcrzung mit Taxi m\u00f6glich<\/span><\/em><\/p>\n<p style=\"text-align: justify;\"><span style=\"font-family: Times New Roman;\"><strong>17.Mai: <\/strong>Nach nur kurzer Fahrt legen wir in Orebi\u0107 auf der Halbinsel Pelje\u0161ac an. Von hier aus wandern wir zum Kloster der \u201eJungfrau der Engel\u201c, in dem wir das kleine Seefahrtsmuseum besichtigen k\u00f6nnen. Weiter geht es am Hang des Berges Sv.Ilija entlang, durch das verlassene Dorf \u010cukovac nach Ku\u010di\u0161te, wo uns unser Schiff wieder erwartet. Wir fahren an der Halbinsel Pelje\u0161ac vorbei zur <strong>Makarska<\/strong> Riviera, an der wir in einem der H\u00e4fen auch \u00fcbernachten.<\/span><\/p>\n<p style=\"text-align: justify;\"><em><span style=\"font-family: Times New Roman;\">Wanderzeit ca. 3:00 Stunden, Auf- und Abstieg \u00a0jeweils 180 m<\/span><\/em><\/p>\n<p style=\"text-align: justify;\"><span style=\"font-family: Times New Roman;\"><strong>18.Mai: <\/strong>Mit Kleinbussen fahren wir zum h\u00f6chsten Gipfel des Naturparks Biokovo, dem <strong>Sv.Jure (1762 m)<\/strong>. Von hier bietet sich uns ein fantastischer Ausblick \u00fcber den Biokovo, auf zahlreiche Orte von Sinj bis Vrgorac und die zentralbosnischen Gebirge. Wir wandern durch den mittleren Teil des Biokovo-Massivs zum Gipfel Vo\u017eac (1421 m). Von hier aus sehen wir fast das gesamte Mittel- und S\u00fcddalmatien \u2013 die K\u00fcstenorte von Trogir bis Plo\u010de, alle Inseln vom Rogoznica- Archipel bis Mljet, nat\u00fcrlich auch alle Inseln, die wir \u201eerwandert\u201c haben. Anschlie\u00dfend fahren wir wieder zur\u00fcck zum Schiff, das uns zur Insel bringt. Am sp\u00e4ten Nachmittag legen wir im Hafen von Stomorska an, wo wir auch \u00fcbernachten.<\/span><\/p>\n<p style=\"text-align: justify;\"><em><span style=\"font-family: Times New Roman;\">Wanderzeit ca. 4:00 Stunden, Auf- und Abstieg \u00a0jeweils 120 m<\/span><\/em><\/p>\n<p style=\"text-align: justify;\"><span style=\"font-family: Times New Roman;\"><strong>19.Mai: <\/strong>Von Stomorska aus wandern wir zum zentralen Teil der Insel <strong>\u0160olta<\/strong>, \u00fcber Gornje Selo (\u201eOberes Dorf\u201c) und durch Weinberge und Olivenhaine zur Bucht Mala Maslinica in der N\u00e4he des Ortes Ne\u010dujam. Weiter geht es leicht bergauf nach Grohote und wieder bergab nach Roga\u010d zu unserem Motorsegler. Am sp\u00e4ten Nachmittag kehren wir zur\u00fcck nach <strong>Trogir<\/strong>. Besichtigung des historischen Stadtkerns, der als Ganzes das bedeutendste Kunstdenkmal Trogirs darstellt. Es gibt hier kaum ein Haus, das nicht ein besonderes Stilmerkmal, ein Wappen oder eine Inschrift hat. Erhalten sind zahlreiche Palais und H\u00e4user, die meisten stammen aus dem 13. Jhd., sowie etwa zehn Kirchen.<\/span><\/p>\n<p style=\"text-align: justify;\"><em><span style=\"font-family: Times New Roman;\">Wanderzeit ca. 3:30 Stunden, Auf- und Abstieg \u00a0jeweils 220 m<\/span><\/em><\/p>\n<p style=\"text-align: justify;\">\u00a0ngg_shortcode_0_placeholder<\/p>\n","protected":false},"excerpt":{"rendered":"<p>Wanderkreuzfahrt\u00a0in der\u00a0Dalmatischen Inseln &#8211; Programm und Bilder 13.Mai: Flug Z\u00fcrich \u2013 Split, Transfer nach Trogir. Von 11:30 bis 13:00 Uhr Einschiffung im Hafen von Trogir, Begr\u00fc\u00dfung und Kennenlernen der Crew und Mitreisenden. Kurz darauf hei\u00dft es \u201eLeinen los\u201c und wir fahren nach Split. Spaziergang durch die Altstadt und Besichtigung des 1700 Jahre alten Palastes des &hellip; <a href=\"https:\/\/www.adrianwood.ch\/?page_id=1284\" class=\"more-link\">Continue reading <span class=\"screen-reader-text\">Wanderkreuzfahrt<\/span> <span class=\"meta-nav\">&rarr;<\/span><\/a><\/p>\n","protected":false},"author":1,"featured_media":0,"parent":1262,"menu_order":2384,"comment_status":"closed","ping_status":"closed","template":"","meta":{"ngg_post_thumbnail":0,"footnotes":""},"class_list":["post-1284","page","type-page","status-publish","hentry"],"_links":{"self":[{"href":"https:\/\/www.adrianwood.ch\/index.php?rest_route=\/wp\/v2\/pages\/1284","targetHints":{"allow":["GET"]}}],"collection":[{"href":"https:\/\/www.adrianwood.ch\/index.php?rest_route=\/wp\/v2\/pages"}],"about":[{"href":"https:\/\/www.adrianwood.ch\/index.php?rest_route=\/wp\/v2\/types\/page"}],"author":[{"embeddable":true,"href":"https:\/\/www.adrianwood.ch\/index.php?rest_route=\/wp\/v2\/users\/1"}],"replies":[{"embeddable":true,"href":"https:\/\/www.adrianwood.ch\/index.php?rest_route=%2Fwp%2Fv2%2Fcomments&post=1284"}],"version-history":[{"count":0,"href":"https:\/\/www.adrianwood.ch\/index.php?rest_route=\/wp\/v2\/pages\/1284\/revisions"}],"up":[{"embeddable":true,"href":"https:\/\/www.adrianwood.ch\/index.php?rest_route=\/wp\/v2\/pages\/1262"}],"wp:attachment":[{"href":"https:\/\/www.adrianwood.ch\/index.php?rest_route=%2Fwp%2Fv2%2Fmedia&parent=1284"}],"curies":[{"name":"wp","href":"https:\/\/api.w.org\/{rel}","templated":true}]}}