{"id":1293,"date":"2011-07-24T11:27:37","date_gmt":"2011-07-24T10:27:37","guid":{"rendered":"http:\/\/adrianwood.ch\/?page_id=1293"},"modified":"2011-07-24T11:27:37","modified_gmt":"2011-07-24T10:27:37","slug":"05-14-vidova-gora","status":"publish","type":"page","link":"https:\/\/www.adrianwood.ch\/?page_id=1293","title":{"rendered":"05-14 Vidova Gora"},"content":{"rendered":"<h2><span style=\"font-size: small;\"><span style=\"font-family: Times New Roman;\"><strong>14. Mai, Wanderung auf Vidova Gora (778 m), Insel Bra\u010d<\/strong><strong>, Bol<\/strong><\/span><\/span><\/h2>\n<table border=\"0\" cellspacing=\"0\" cellpadding=\"0\">\n<tbody>\n<tr>\n<td style=\"text-align: justify;\" colspan=\"2\" valign=\"top\" width=\"821\"><span style=\"font-family: Times New Roman;\">Unser Kapit\u00e4n Arsen hat offenbar unseren Motorsegler COLUMBO gestern Abend gut in Bol auf der Insel Bra\u010d vertaut, denn ich habe in unserer komfortablen Zweierkoje, die ich mit Hans K. Peter teile, bestens geschlafen. Nach einem reichlichen Fr\u00fchst\u00fcck und Einkauf von Verpflegung im lokalen KONZUM starten alle um 8.30 Uhr am Hafen bei blauem Himmel zu unserer heutigen Bergwanderung, die uns 777 m Auf- und Abstieg abverlangen wird.<\/span><\/td>\n<\/tr>\n<tr>\n<td style=\"text-align: justify;\" valign=\"top\" width=\"411\"><span style=\"font-family: Times New Roman;\">Durch die G\u00e4sschen des h\u00fcbschen Bol geht es hinauf, vorbei an bl\u00fchenden Olivenb\u00e4umen bis zum Einstieg in den eigentlichen Weg, der uns durch ein breites und heisses Tal in die H\u00f6he f\u00fchrt. In 255 m H\u00f6he machen wir den ersten wohlverdienten Halt. Schon weit ist der Ausblick ins Tal und die benachbarten Inseln. Pl\u00f6tzlich schreckt Peter Sutter auf: nicht wegen einer Schlange, sondern weil ihn der H.K. Peter beim \u00d6ffnen seiner \u00fcberhitzten Mineralwasserflasche mit einer Douche abserviert.\u00a0<\/span><span style=\"font-family: Times New Roman;\"><span style=\"font-family: Times New Roman;\">Dann geht es weiter durch die macchiaartige Landschschaft voll herrlicher Blumen. In Wegschleifen werden viele H\u00f6henmeter \u00fcberwunden, was schweisstreibend ist und einige zu einem Zwischenhalt unter den wenigen schattenspendenden B\u00e4umen zwingt. An bizzarren H\u00f6hlenformationen vorbei erreichen wir das Plateau um 11 Uhr und machen eine Rast. Nun geht es kaum noch ansteigend auf das Ziel zu, das wir schon von weitem mit seinen Antennenmasten sehen.<\/span><\/span><\/td>\n<td style=\"text-align: justify;\" valign=\"top\" width=\"410\">\u00a0<img decoding=\"async\" class=\"ngg-singlepic ngg-none\" src=\"http:\/\/adrianwood.ch\/wp-content\/gallery\/croatia04\/image001_r4.jpg\" alt=\"image001_r4\" \/><\/td>\n<\/tr>\n<tr>\n<td valign=\"top\" width=\"411\">\u00a0<img decoding=\"async\" class=\"ngg-singlepic ngg-none\" src=\"http:\/\/adrianwood.ch\/wp-content\/gallery\/croatia04\/image003_r4.jpg\" alt=\"image003_r4\" \/><\/td>\n<td valign=\"top\" width=\"410\"><span style=\"font-family: Times New Roman;\">\u00a0<img decoding=\"async\" class=\"ngg-singlepic ngg-none\" src=\"http:\/\/adrianwood.ch\/wp-content\/gallery\/croatia04\/image005_r4.jpg\" alt=\"image005_r4\" \/><\/span><\/td>\n<\/tr>\n<tr>\n<td valign=\"top\" width=\"411\">\u00a0<img decoding=\"async\" class=\"ngg-singlepic ngg-none\" src=\"http:\/\/adrianwood.ch\/wp-content\/gallery\/croatia04\/image007_r4.jpg\" alt=\"image007_r4\" \/><\/td>\n<td valign=\"top\" width=\"410\">\u00a0<img decoding=\"async\" class=\"ngg-singlepic ngg-none\" src=\"http:\/\/adrianwood.ch\/wp-content\/gallery\/croatia04\/image009_r4.jpg\" alt=\"image009_r4\" \/><\/td>\n<\/tr>\n<tr>\n<td style=\"text-align: justify;\" valign=\"top\" width=\"411\"><span style=\"font-family: Times New Roman;\">Um 12 Uhr erreichen wir den Gipfel <strong>Vidova Gora<\/strong> (778 m). Es ist der h\u00f6chste Berg aller Adriainseln. Die Aussicht aufs Meer und die Inseln \u0160olta, Hvar und Kor\u010dula, die Halbinsel Pelje\u0161ac, sowie die Gebirgsmassive Kozjak, Mosor und Biokovo auf dem Festland ist atemberaubend. Tief unter uns sehen wir Bol und es erstreckt sich der Strand \u201eZlatni Rat\u201c ins Meer. Eine Einkehrm\u00f6glichkeit im Gasthaus besteht nicht, denn es ist von einer heiteren einheimi-schen Gruppe und Musikanten voll besetzt. Dem Schreibenden gelingt es doch noch eine Flasche K-Bier zu ergattern. Daf\u00fcr bleibt uns genug Zeit um zu fotografieren! <span style=\"font-family: Times New Roman;\">Ewas unter dem Gipfel machen wir im Schatten von F\u00f6hren Mittagsrast bevor wir um 13 Uhr in kleineren Gruppen den R\u00fcckweg antreten, der weniger anstrengend ist. Um 15 Uhr verlassen wir Bol und unser Schiff ankert vor den Zlatni Rad. <\/span><span style=\"font-family: Times New Roman;\">Ist das ein Schwarm von Delphinen? <span style=\"font-family: Times New Roman;\">Nein: vom Heck aus wagen die meisten von uns einen Sprung ins Wasser und schwimmen bis zum \u201egoldenen Strand\u201c. Es ist eine herrliche Erfrischung!<\/span><\/span><\/span><\/td>\n<td valign=\"top\" width=\"410\">\u00a0<img decoding=\"async\" class=\"ngg-singlepic ngg-none\" src=\"http:\/\/adrianwood.ch\/wp-content\/gallery\/croatia04\/image011_r4.jpg\" alt=\"image011_r4\" \/><\/td>\n<\/tr>\n<tr>\n<td valign=\"top\" width=\"411\"><\/td>\n<td valign=\"top\" width=\"410\"><\/td>\n<\/tr>\n<tr>\n<td valign=\"top\" width=\"411\">\u00a0<img decoding=\"async\" class=\"ngg-singlepic ngg-none\" src=\"http:\/\/adrianwood.ch\/wp-content\/gallery\/croatia04\/image013_r4.jpg\" alt=\"image013_r4\" \/><\/td>\n<td valign=\"top\" width=\"410\">\u00a0<img decoding=\"async\" class=\"ngg-singlepic ngg-none\" src=\"http:\/\/adrianwood.ch\/wp-content\/gallery\/croatia04\/image015_r4.jpg\" alt=\"image015_r4\" \/><\/td>\n<\/tr>\n<tr>\n<td style=\"text-align: justify;\" valign=\"top\" width=\"411\">\u00a0<span style=\"font-family: Times New Roman;\"><span style=\"font-family: Times New Roman;\">Um 16 Uhr fahren wir weiter und erleben eine ruhige \u00dcberfahrt beim nachmitt\u00e4glichen Sonnenbaden auf dem Deck um nach anderthalb Stunden den Hafen von Stari Grad auf der Insel Hvar anzusteuern.<\/span><span style=\"font-family: Times New Roman;\">Ein Bummel im h\u00fcbschen St\u00e4dtchen mit vielen H\u00e4usern und Kirchen im eleganten venezianischen Stil gibt uns einen ersten Eindruck von unserem neuen Liegeplatz. Hans K. Peter verschwindet in einen Coiffeur-Salon und l\u00e4sst sich Bart und Kopfhaar schneiden. <\/span>Ein von der Schiffsk\u00fcche zubereitetes Nachtessen mit Schweinssteak, Kartoffeln und Erbsen, umrahmt mit Tischwein oder Bier sowie Dessert schmeckt, so glaube ich, allen gut nach dem heutigen ersten Wandertag in Kroatien. Nachher bummeln noch einige durch das abendliche Stari Grad mit seinem sch\u00f6nen palmenbes\u00e4umten Hauptplatz. <span style=\"font-family: Times New Roman;\">So finden sich Anne, Adrian, Hans, der Schreibende und Brigitte im lauschigen \u201eRestorant Antico\u201c zu einem gem\u00fctlichen Drink zusammen. Den Abend beschliessen einige von uns auf dem Deck des COLUMBO mit Singen und Musik: hier Hans an der Gitarre, die er vor kurzem aus USA mitbrachte.<\/span><span style=\"font-family: Times New Roman;\"> Philippe<\/span><\/span><\/td>\n<td valign=\"top\" width=\"410\">\u00a0<img decoding=\"async\" class=\"ngg-singlepic ngg-none\" src=\"http:\/\/adrianwood.ch\/wp-content\/gallery\/croatia04\/image017_r4.jpg\" alt=\"image017_r4\" \/><\/td>\n<\/tr>\n<tr>\n<td colspan=\"2\" valign=\"top\" width=\"821\"><\/td>\n<\/tr>\n<tr>\n<td valign=\"top\" width=\"411\">\u00a0<img decoding=\"async\" class=\"ngg-singlepic ngg-none\" src=\"http:\/\/adrianwood.ch\/wp-content\/gallery\/croatia04\/image019_r4.jpg\" alt=\"image019_r4\" \/><\/td>\n<td valign=\"top\" width=\"410\">\u00a0<img decoding=\"async\" class=\"ngg-singlepic ngg-none\" src=\"http:\/\/adrianwood.ch\/wp-content\/gallery\/croatia04\/image021_r4.jpg\" alt=\"image021_r4\" \/><\/td>\n<\/tr>\n<tr>\n<td style=\"text-align: justify;\" colspan=\"2\" valign=\"top\" width=\"821\"><\/td>\n<\/tr>\n<tr>\n<td colspan=\"2\" valign=\"top\" width=\"821\">\u00a0<img decoding=\"async\" class=\"ngg-singlepic ngg-none\" src=\"http:\/\/adrianwood.ch\/wp-content\/gallery\/croatia04\/image023.jpg\" alt=\"image023\" \/><\/td>\n<\/tr>\n<tr>\n<td style=\"text-align: justify;\" colspan=\"2\" valign=\"top\" width=\"821\">\u00a0<img decoding=\"async\" class=\"ngg-singlepic ngg-none\" src=\"http:\/\/adrianwood.ch\/wp-content\/gallery\/croatia04\/image025_r2.jpg\" alt=\"image025_r2\" \/><\/td>\n<\/tr>\n<\/tbody>\n<\/table>\n","protected":false},"excerpt":{"rendered":"<p>14. Mai, Wanderung auf Vidova Gora (778 m), Insel Bra\u010d, Bol Unser Kapit\u00e4n Arsen hat offenbar unseren Motorsegler COLUMBO gestern Abend gut in Bol auf der Insel Bra\u010d vertaut, denn ich habe in unserer komfortablen Zweierkoje, die ich mit Hans K. Peter teile, bestens geschlafen. Nach einem reichlichen Fr\u00fchst\u00fcck und Einkauf von Verpflegung im lokalen &hellip; <a href=\"https:\/\/www.adrianwood.ch\/?page_id=1293\" class=\"more-link\">Continue reading <span class=\"screen-reader-text\">05-14 Vidova Gora<\/span> <span class=\"meta-nav\">&rarr;<\/span><\/a><\/p>\n","protected":false},"author":1,"featured_media":0,"parent":1262,"menu_order":2385,"comment_status":"closed","ping_status":"closed","template":"","meta":{"ngg_post_thumbnail":0,"footnotes":""},"class_list":["post-1293","page","type-page","status-publish","hentry"],"_links":{"self":[{"href":"https:\/\/www.adrianwood.ch\/index.php?rest_route=\/wp\/v2\/pages\/1293","targetHints":{"allow":["GET"]}}],"collection":[{"href":"https:\/\/www.adrianwood.ch\/index.php?rest_route=\/wp\/v2\/pages"}],"about":[{"href":"https:\/\/www.adrianwood.ch\/index.php?rest_route=\/wp\/v2\/types\/page"}],"author":[{"embeddable":true,"href":"https:\/\/www.adrianwood.ch\/index.php?rest_route=\/wp\/v2\/users\/1"}],"replies":[{"embeddable":true,"href":"https:\/\/www.adrianwood.ch\/index.php?rest_route=%2Fwp%2Fv2%2Fcomments&post=1293"}],"version-history":[{"count":0,"href":"https:\/\/www.adrianwood.ch\/index.php?rest_route=\/wp\/v2\/pages\/1293\/revisions"}],"up":[{"embeddable":true,"href":"https:\/\/www.adrianwood.ch\/index.php?rest_route=\/wp\/v2\/pages\/1262"}],"wp:attachment":[{"href":"https:\/\/www.adrianwood.ch\/index.php?rest_route=%2Fwp%2Fv2%2Fmedia&parent=1293"}],"curies":[{"name":"wp","href":"https:\/\/api.w.org\/{rel}","templated":true}]}}