{"id":1301,"date":"2011-07-24T14:12:33","date_gmt":"2011-07-24T13:12:33","guid":{"rendered":"http:\/\/adrianwood.ch\/?page_id=1301"},"modified":"2011-07-24T14:12:33","modified_gmt":"2011-07-24T13:12:33","slug":"05-15-starigrad-hvar","status":"publish","type":"page","link":"https:\/\/www.adrianwood.ch\/?page_id=1301","title":{"rendered":"05-15 Starigrad-Hvar"},"content":{"rendered":"<p><strong><span style=\"font-size: small;\">15.Mai, Wanderung von Starigrad nach Hvar Stadt<\/span><\/strong><\/p>\n<table border=\"0\" cellspacing=\"0\" cellpadding=\"0\">\n<tbody>\n<tr>\n<td style=\"text-align: justify;\" colspan=\"2\" valign=\"top\" width=\"816\">Heute morgen: strahlender Sonnenschein. Einem sch\u00f6nen Wandertag sollte nichts im Wege stehen. Gegen\u00fcber gestern sollte es aber statt hinauf hinunter gehen. Kleinbusse sollten uns zuerst in die H\u00f6he bringen. Schon um 09:00 (Der Bus kam noch fr\u00fcher) waren wir bereit zur Abfahrt. Wir verteilten uns auf die drei Busse und fuhren los.<\/td>\n<\/tr>\n<tr>\n<td valign=\"top\" width=\"409\">\u00a0<img decoding=\"async\" class=\"ngg-singlepic ngg-none\" src=\"http:\/\/adrianwood.ch\/wp-content\/gallery\/croatia06\/image001_r4.jpg\" alt=\"image001_r4\" \/><\/td>\n<td valign=\"top\" width=\"407\">\u00a0<img decoding=\"async\" class=\"ngg-singlepic ngg-none\" src=\"http:\/\/adrianwood.ch\/wp-content\/gallery\/croatia06\/image002_r4.jpg\" alt=\"image002_r4\" \/><\/td>\n<\/tr>\n<tr>\n<td style=\"text-align: justify;\" colspan=\"2\" valign=\"top\" width=\"816\">Eine kurvenreiche Bergstrasse f\u00fchrt uns hinauf. Wir sehen von hier die Insel Brac mit dem h\u00f6chsten Punkt Vidova Gora (778m) den wir gestern bestiegen hatten. Nun sind wir auf Insel Hvar und passieren eine Art Pass. Oberhalb dem Dorf <strong><em>Velo Grablje<\/em><\/strong>(was soviel wie grosses Dorf heisst) steigen wir aus. Eine wundervolle Aussicht l\u00e4dt zum Fotohalt. Eng schmiegen sich rote D\u00e4cher in die Bergflanke.Es ist wie ein kleines Dorf in unseren Alpen. Statt gr\u00fcnen Bergweiden hat es aber hier die trockenen B\u00f6den mit Hecken aus Ginster, Oliven, Stachelb\u00fcschen\u00a0 und Steinen.<\/td>\n<\/tr>\n<tr>\n<td valign=\"top\" width=\"409\">\u00a0<img decoding=\"async\" class=\"ngg-singlepic ngg-none\" src=\"http:\/\/adrianwood.ch\/wp-content\/gallery\/croatia06\/image003_r4.jpg\" alt=\"image003_r4\" \/><\/td>\n<td valign=\"top\" width=\"407\">\u00a0<img decoding=\"async\" class=\"ngg-singlepic ngg-none\" src=\"http:\/\/adrianwood.ch\/wp-content\/gallery\/croatia06\/image004_r4.jpg\" alt=\"image004_r4\" \/><\/td>\n<\/tr>\n<tr>\n<td style=\"text-align: justify;\" colspan=\"2\" valign=\"top\" width=\"816\">Es ist 10:00 Uhr und wir wandern los. Bald sind wir unten im Dorf. Da es Sonntag ist gibt\u2019s einige Einwohner vor der Kirche, die uns freundlich begr\u00fcssen. Auch wir haben schon ein wenig Kroatisch gelernt und gr\u00fcssen zur\u00fcck mit \u201eDobriutro\u201c (Guten Morgen) Wir treten ein in die Kirche.Es ist eine lichter Raum mit schichten Holzb\u00e4nken. Liebevoll gestaltete Dekorationen und sauber gekalkte W\u00e4nde. Diese Einwohner pflegen ganz offenbar diesen Raum und benutzen ihn auch regelm\u00e4ssig.<\/td>\n<\/tr>\n<tr>\n<td valign=\"top\" width=\"409\">\u00a0<img decoding=\"async\" class=\"ngg-singlepic ngg-none\" src=\"http:\/\/adrianwood.ch\/wp-content\/gallery\/croatia06\/image005_r4.jpg\" alt=\"image005_r4\" \/><\/td>\n<td valign=\"top\" width=\"407\">\u00a0<img decoding=\"async\" class=\"ngg-singlepic ngg-none\" src=\"http:\/\/adrianwood.ch\/wp-content\/gallery\/croatia06\/image006_r4.jpg\" alt=\"image006_r4\" \/><\/td>\n<\/tr>\n<tr>\n<td style=\"text-align: justify;\" colspan=\"2\" valign=\"top\" width=\"816\">Wir folgen dem Tal und gelangen gar bald zum Meer. Dort gibt es ein kleines Dorf mit einem Strand. Wir sitzen in die N\u00e4he vom Meer (gebadet wird noch nicht &#8211; nur Adrian holt sich nasse F\u00fcsse) und einige gehen ins \u201eMilina\u201c um Bier zu trinken.\u00a0 Zum Mittagessen ist es noch zu fr\u00fch. Darum geht\u2019s bald weiter.<\/td>\n<\/tr>\n<tr>\n<td valign=\"top\" width=\"409\">\u00a0<img decoding=\"async\" class=\"ngg-singlepic ngg-none\" src=\"http:\/\/adrianwood.ch\/wp-content\/gallery\/croatia06\/image007_r4.jpg\" alt=\"image007_r4\" \/><\/td>\n<td valign=\"top\" width=\"407\">\u00a0<img decoding=\"async\" class=\"ngg-singlepic ngg-none\" src=\"http:\/\/adrianwood.ch\/wp-content\/gallery\/croatia06\/image008_r4.jpg\" alt=\"image008_r4\" \/><\/td>\n<\/tr>\n<tr>\n<td style=\"text-align: justify;\" colspan=\"2\" valign=\"top\" width=\"816\">Wir folgen der K\u00fcste. Leider sind die Wege etwas seltsam markiert (hin und wieder rote und blaue Punkte auf Steinen &#8211; keine Schilder) So verlaufen wir uns denn auch ins Innere der Insel. Im rechten Moment greift Adrian ein und bl\u00e4st zum R\u00fcckzug. Wir gelangen wieder zum Strand. Von dort geht\u2019s dann hin und wieder \u00fcber die scharfkantigen Felsen hinauf und hinunter. Es ist Mittagszeit geworden.\u00a0 Wir essen was aus dem Rucksack und freuen uns schon auf den n\u00e4chsten Halt wo gebadet wird\u2026..<\/td>\n<\/tr>\n<tr>\n<td valign=\"top\" width=\"409\">\u00a0<img decoding=\"async\" class=\"ngg-singlepic ngg-none\" src=\"http:\/\/adrianwood.ch\/wp-content\/gallery\/croatia06\/image009_r4.jpg\" alt=\"image009_r4\" \/><\/td>\n<td valign=\"top\" width=\"407\">\u00a0<img decoding=\"async\" class=\"ngg-singlepic ngg-none\" src=\"http:\/\/adrianwood.ch\/wp-content\/gallery\/croatia06\/image010_r4.jpg\" alt=\"image010_r4\" \/><\/td>\n<\/tr>\n<tr>\n<td style=\"text-align: justify;\" colspan=\"2\" valign=\"top\" width=\"816\">Der Wolfgang legt sich ganz m\u00e4chtig ins Zeug und wir andern benetzen uns auch an dem herrlichen klaren Wasser. Adrian und ich verbleiben etwas l\u00e4nger an dieser sensationellen Bucht. Ich kann meine Hosen trocknen, die nass geworden sind.<\/td>\n<\/tr>\n<tr>\n<td valign=\"top\" width=\"409\">\u00a0<img decoding=\"async\" class=\"ngg-singlepic ngg-none\" src=\"http:\/\/adrianwood.ch\/wp-content\/gallery\/croatia06\/image011_r4.jpg\" alt=\"image011_r4\" \/><\/td>\n<td valign=\"top\" width=\"407\">\u00a0<img decoding=\"async\" class=\"ngg-singlepic ngg-none\" src=\"http:\/\/adrianwood.ch\/wp-content\/gallery\/croatia06\/image012_r4.jpg\" alt=\"image012_r4\" \/><\/td>\n<\/tr>\n<tr>\n<td style=\"text-align: justify;\" colspan=\"2\" valign=\"top\" width=\"816\">W\u00e4hrend die andern schon bald in Hvar rumflanieren geniessen wir noch eine Einkehr in einer Strandkonoba. F\u00fcr 90 Kuna (Fr 18.-) kriegen wir hier ein grosses Bier, Thunfischsandwich,\u00a0 Oktopussalat und auch noch einheimischen Wein &#8211; einfach herrlich. Wir steigen senkrecht vom Strand in die H\u00f6he und kommen in die Peripherie von Hvar. Wir steigen nach unten bis zum Meer und suchen unser Schiff. Nach ca 1km Uferpromenade steht es dann vor uns mit seinen zwei unverkennbaren Masten. Wir kommen grade richtig auf 19:00 zum Nachtessen.Ein sch\u00f6ner Tag ging zu Ende!\u00a0\u00a0\u00a0\u00a0\u00a0\u00a0\u00a0\u00a0\u00a0\u00a0\u00a0\u00a0 HansTipp f\u00fcr Konoba : near Makarska 10 Min Tucepi name Konoba \u201eRanc\u201c Tipp kommt Ivan (unser Kellner)<\/td>\n<\/tr>\n<tr>\n<td colspan=\"2\" valign=\"top\" width=\"816\"><\/td>\n<\/tr>\n<tr>\n<td colspan=\"2\" valign=\"top\" width=\"816\"><\/td>\n<\/tr>\n<\/tbody>\n<\/table>\n<p><span style=\"font-size: small;\"><img decoding=\"async\" class=\"ngg-singlepic ngg-none\" src=\"http:\/\/adrianwood.ch\/wp-content\/gallery\/croatia06\/image013_r.jpg\" alt=\"image013_r\" \/><\/span><\/p>\n<p><span style=\"font-size: small;\">\u00a0<img decoding=\"async\" class=\"ngg-singlepic ngg-none\" src=\"http:\/\/adrianwood.ch\/wp-content\/gallery\/croatia06\/image014_r.jpg\" alt=\"image014_r\" \/><\/span><\/p>\n","protected":false},"excerpt":{"rendered":"<p>15.Mai, Wanderung von Starigrad nach Hvar Stadt Heute morgen: strahlender Sonnenschein. Einem sch\u00f6nen Wandertag sollte nichts im Wege stehen. Gegen\u00fcber gestern sollte es aber statt hinauf hinunter gehen. Kleinbusse sollten uns zuerst in die H\u00f6he bringen. Schon um 09:00 (Der Bus kam noch fr\u00fcher) waren wir bereit zur Abfahrt. Wir verteilten uns auf die drei &hellip; <a href=\"https:\/\/www.adrianwood.ch\/?page_id=1301\" class=\"more-link\">Continue reading <span class=\"screen-reader-text\">05-15 Starigrad-Hvar<\/span> <span class=\"meta-nav\">&rarr;<\/span><\/a><\/p>\n","protected":false},"author":1,"featured_media":0,"parent":1262,"menu_order":2386,"comment_status":"closed","ping_status":"closed","template":"","meta":{"ngg_post_thumbnail":0,"footnotes":""},"class_list":["post-1301","page","type-page","status-publish","hentry"],"_links":{"self":[{"href":"https:\/\/www.adrianwood.ch\/index.php?rest_route=\/wp\/v2\/pages\/1301","targetHints":{"allow":["GET"]}}],"collection":[{"href":"https:\/\/www.adrianwood.ch\/index.php?rest_route=\/wp\/v2\/pages"}],"about":[{"href":"https:\/\/www.adrianwood.ch\/index.php?rest_route=\/wp\/v2\/types\/page"}],"author":[{"embeddable":true,"href":"https:\/\/www.adrianwood.ch\/index.php?rest_route=\/wp\/v2\/users\/1"}],"replies":[{"embeddable":true,"href":"https:\/\/www.adrianwood.ch\/index.php?rest_route=%2Fwp%2Fv2%2Fcomments&post=1301"}],"version-history":[{"count":0,"href":"https:\/\/www.adrianwood.ch\/index.php?rest_route=\/wp\/v2\/pages\/1301\/revisions"}],"up":[{"embeddable":true,"href":"https:\/\/www.adrianwood.ch\/index.php?rest_route=\/wp\/v2\/pages\/1262"}],"wp:attachment":[{"href":"https:\/\/www.adrianwood.ch\/index.php?rest_route=%2Fwp%2Fv2%2Fmedia&parent=1301"}],"curies":[{"name":"wp","href":"https:\/\/api.w.org\/{rel}","templated":true}]}}