{"id":13042,"date":"2017-08-07T09:29:12","date_gmt":"2017-08-07T09:29:12","guid":{"rendered":"http:\/\/www.adrianwood.ch\/?page_id=13042"},"modified":"2017-08-07T09:36:33","modified_gmt":"2017-08-07T09:36:33","slug":"05-25-potamos","status":"publish","type":"page","link":"https:\/\/www.adrianwood.ch\/?page_id=13042","title":{"rendered":"05 25 Potamos"},"content":{"rendered":"<div class=\"pmdi_content_wrapper\">\n<figure id=\"attachment_13043\" aria-describedby=\"caption-attachment-13043\" style=\"width: 730px\" class=\"wp-caption alignleft\"><a href=\"http:\/\/www.adrianwood.ch\/wp-content\/uploads\/2017\/08\/KYK_1506.jpg\"><img loading=\"lazy\" decoding=\"async\" class=\"size-full wp-image-13043\" src=\"http:\/\/www.adrianwood.ch\/wp-content\/uploads\/2017\/08\/KYK_1506.jpg\" alt=\"\" width=\"730\" height=\"487\" srcset=\"https:\/\/www.adrianwood.ch\/wp-content\/uploads\/2017\/08\/KYK_1506.jpg 730w, https:\/\/www.adrianwood.ch\/wp-content\/uploads\/2017\/08\/KYK_1506-300x200.jpg 300w\" sizes=\"auto, (max-width: 730px) 100vw, 730px\" \/><\/a><figcaption id=\"caption-attachment-13043\" class=\"wp-caption-text\">Kirche bei Potamos<\/figcaption><\/figure>\n<h2 class=\"Normal-P\" style=\"text-align: justify; text-justify: inter-ideograph; direction: ltr; unicode-bidi: normal;\"><span class=\"Normal-H\"><span style=\"font-size: 11pt;\">25. Mai: Auffahrt Fest, <\/span><span style=\"font-size: 11pt;\">Potamos<\/span><span style=\"font-size: 11pt;\"> &#8211; <\/span><span style=\"font-size: 11pt;\">Tholaria<\/span><\/span><\/h2>\n<p class=\"Normal-P\" style=\"text-align: justify; text-justify: inter-ideograph; direction: ltr; unicode-bidi: normal;\"><span class=\"Normal-H\"><span style=\"font-size: 11pt;\">Heute ist Auffahrt, das Christliche Fest f\u00e4llt dieses Jahr zusammen mit dem Griechisch-Orthodoxen. Wir sind vom Abt des grossen Klosters eingeladen, am Dorffest in der Auferstehungskirche in Kato <\/span><span style=\"font-size: 11pt;\">Potamos<\/span><span style=\"font-size: 11pt;\"> teilzunehmen. Der festliche Teil in der Kirche dauert mehrere Stunden, es ist ein Kommen und Gehen, aber alle Menschen sind sch\u00f6n gekleidet. Am Ende des Gottesdienstes gibt es eine kurze Prozession mit Pfarrer und h\u00f6heren Pr\u00e4laten, es wird gesegneter Wein und viel gesegnetes Brot verteilt. Dann d\u00fcrfen wir zum Essen gehen, das heute gratis an alle verteilt wird (eine saure Kuttelsuppe und die Spezialit\u00e4t von <\/span><span style=\"font-size: 11pt;\">Amorgos<\/span><span style=\"font-size: 11pt;\"> (<\/span><span style=\"font-size: 11pt;\">Patatato<\/span><span style=\"font-size: 11pt;\"> = Ziegenfleisch-Eintopf). Anschliessend wandern wir auf die andere Seite der Bucht, wo wir wiederum ein erfrischendes Bad im Meer geniessen, bevor wir den Aufstieg nach <\/span><span style=\"font-size: 11pt;\">Tholaria<\/span><span style=\"font-size: 11pt;\"> in Angriff nehmen.<\/span><\/span><\/p>\nngg_shortcode_0_placeholder\n<figure id=\"attachment_13044\" aria-describedby=\"caption-attachment-13044\" style=\"width: 730px\" class=\"wp-caption alignleft\"><a href=\"http:\/\/www.adrianwood.ch\/wp-content\/uploads\/2017\/08\/KYK_1254.jpg\"><img loading=\"lazy\" decoding=\"async\" class=\"size-full wp-image-13044\" src=\"http:\/\/www.adrianwood.ch\/wp-content\/uploads\/2017\/08\/KYK_1254.jpg\" alt=\"\" width=\"730\" height=\"487\" srcset=\"https:\/\/www.adrianwood.ch\/wp-content\/uploads\/2017\/08\/KYK_1254.jpg 730w, https:\/\/www.adrianwood.ch\/wp-content\/uploads\/2017\/08\/KYK_1254-300x200.jpg 300w\" sizes=\"auto, (max-width: 730px) 100vw, 730px\" \/><\/a><figcaption id=\"caption-attachment-13044\" class=\"wp-caption-text\">Potamos in der Ferne \u00fcber den Bucht von Aigiali<\/figcaption><\/figure>\n<\/div>\n","protected":false},"excerpt":{"rendered":"<p>25. Mai: Auffahrt Fest, Potamos &#8211; Tholaria Heute ist Auffahrt, das Christliche Fest f\u00e4llt dieses Jahr zusammen mit dem Griechisch-Orthodoxen. Wir sind vom Abt des grossen Klosters eingeladen, am Dorffest in der Auferstehungskirche in Kato Potamos teilzunehmen. Der festliche Teil in der Kirche dauert mehrere Stunden, es ist ein Kommen und Gehen, aber alle Menschen &hellip; <a href=\"https:\/\/www.adrianwood.ch\/?page_id=13042\" class=\"more-link\">Continue reading <span class=\"screen-reader-text\">05 25 Potamos<\/span> <span class=\"meta-nav\">&rarr;<\/span><\/a><\/p>\n","protected":false},"author":1,"featured_media":0,"parent":12718,"menu_order":4854,"comment_status":"closed","ping_status":"closed","template":"","meta":{"ngg_post_thumbnail":0,"footnotes":""},"class_list":["post-13042","page","type-page","status-publish","hentry"],"_links":{"self":[{"href":"https:\/\/www.adrianwood.ch\/index.php?rest_route=\/wp\/v2\/pages\/13042","targetHints":{"allow":["GET"]}}],"collection":[{"href":"https:\/\/www.adrianwood.ch\/index.php?rest_route=\/wp\/v2\/pages"}],"about":[{"href":"https:\/\/www.adrianwood.ch\/index.php?rest_route=\/wp\/v2\/types\/page"}],"author":[{"embeddable":true,"href":"https:\/\/www.adrianwood.ch\/index.php?rest_route=\/wp\/v2\/users\/1"}],"replies":[{"embeddable":true,"href":"https:\/\/www.adrianwood.ch\/index.php?rest_route=%2Fwp%2Fv2%2Fcomments&post=13042"}],"version-history":[{"count":2,"href":"https:\/\/www.adrianwood.ch\/index.php?rest_route=\/wp\/v2\/pages\/13042\/revisions"}],"predecessor-version":[{"id":13051,"href":"https:\/\/www.adrianwood.ch\/index.php?rest_route=\/wp\/v2\/pages\/13042\/revisions\/13051"}],"up":[{"embeddable":true,"href":"https:\/\/www.adrianwood.ch\/index.php?rest_route=\/wp\/v2\/pages\/12718"}],"wp:attachment":[{"href":"https:\/\/www.adrianwood.ch\/index.php?rest_route=%2Fwp%2Fv2%2Fmedia&parent=13042"}],"curies":[{"name":"wp","href":"https:\/\/api.w.org\/{rel}","templated":true}]}}