{"id":13048,"date":"2017-08-07T09:35:31","date_gmt":"2017-08-07T09:35:31","guid":{"rendered":"http:\/\/www.adrianwood.ch\/?page_id=13048"},"modified":"2017-08-09T07:39:10","modified_gmt":"2017-08-09T07:39:10","slug":"05-26-agios-theologos","status":"publish","type":"page","link":"https:\/\/www.adrianwood.ch\/?page_id=13048","title":{"rendered":"05 26 Agios Theologos"},"content":{"rendered":"<div class=\"pmdi_content_wrapper\">\n<figure id=\"attachment_13060\" aria-describedby=\"caption-attachment-13060\" style=\"width: 730px\" class=\"wp-caption alignleft\"><a href=\"http:\/\/www.adrianwood.ch\/wp-content\/uploads\/2017\/08\/KYK_1719.jpg\"><img loading=\"lazy\" decoding=\"async\" class=\"size-full wp-image-13060\" src=\"http:\/\/www.adrianwood.ch\/wp-content\/uploads\/2017\/08\/KYK_1719.jpg\" alt=\"\" width=\"730\" height=\"487\" srcset=\"https:\/\/www.adrianwood.ch\/wp-content\/uploads\/2017\/08\/KYK_1719.jpg 730w, https:\/\/www.adrianwood.ch\/wp-content\/uploads\/2017\/08\/KYK_1719-300x200.jpg 300w\" sizes=\"auto, (max-width: 730px) 100vw, 730px\" \/><\/a><figcaption id=\"caption-attachment-13060\" class=\"wp-caption-text\">Hoch zum Esel<\/figcaption><\/figure>\n<h2 class=\"Normal-P\" style=\"text-align: justify; text-justify: inter-ideograph; direction: ltr; unicode-bidi: normal;\"><span class=\"Normal-H\"><span style=\"font-size: 11pt;\">26. Mai: <\/span><span style=\"font-size: 11pt;\">Tholaria<\/span><span style=\"font-size: 11pt;\"> &#8211; Agios Theologos <\/span><span style=\"font-size: 11pt;\">&#8211; <\/span><span style=\"font-size: 11pt;\">Langhada<\/span><\/span><\/h2>\n<p class=\"Normal-P\" style=\"text-align: justify; text-justify: inter-ideograph; direction: ltr; unicode-bidi: normal;\"><span class=\"Normal-H\"><span style=\"font-size: 11pt;\">Die dritte Wanderung f\u00fchrt uns von <\/span><span style=\"font-size: 11pt;\">Tholaria<\/span><span style=\"font-size: 11pt;\"> \u00fcber Agios Theologos, <\/span><span style=\"font-size: 11pt;\">Langhada<\/span><span style=\"font-size: 11pt;\"> nach <\/span><span style=\"font-size: 11pt;\">Aegiali<\/span><span style=\"font-size: 11pt;\">. Heute ist es etwas bew\u00f6lkt. Kurz nach dem Start erwartet uns eine \u00dcberraschung: zwei mit Holzsattel versehene Eselinnen warten auf die Mutigen, die eine kurze Strecke reiten m\u00f6chten. Es ist schon ein spezielles Gef\u00fchl, auf diese fragilen Hufe zu vertrauen. Die beiden Esel sind aber sehr brav, machen h\u00f6chsten einige Halte um ein paar Halme zu erhaschen. Danach geht es richtig los zu Fuss nach <\/span><span style=\"font-size: 11pt;\">Epanochoriani<\/span><span style=\"font-size: 11pt;\">, einer kleinen Kirche, welche der Mutter Gottes geweiht ist. Von dort steigen wir einen Stufen- und Schotterweg hinauf, der mit EU-Gelder subventioniert wurde. Das Ziel ist das Wallfahrtskloster Agios Theologos, das von einem Kapit\u00e4n gestiftet wurde und schon lange nicht mehr bewohnt ist. Es ist sehr windig und wolkenbehangen, so dass wir bald weiter wandern nach <\/span><span style=\"font-size: 11pt;\">Langhada<\/span><span style=\"font-size: 11pt;\">, wo wir beim ehemaligen Filmemacher und Maler <\/span><span style=\"font-size: 11pt;\">Pano<\/span><span style=\"font-size: 11pt;\">Maroulis<\/span><span style=\"font-size: 11pt;\"> halten. Er ist heute Imker und produziert seit zehn Jahren einen vorz\u00fcglichen Honig, der sogar griechisch biologisch zertifiziert ist. Ein Teil der Gruppe besucht noch eine kleine Felsenkapelle, von einer alten Frau gestiftet, die noch jeden Tag \u2013 mit \u00fcber 80 Jahren \u2013 dort hinauf pilgert, um das Ewige Licht anzuz\u00fcnden. Von dort hat man eine wundersch\u00f6ne Sicht. Das heutige Abendessen findet in einer Taverne in <\/span><span style=\"font-size: 11pt;\">Tholaria<\/span><span style=\"font-size: 11pt;\"> statt, wo Musik und Griechische T\u00e4nze geboten werden <\/span><span style=\"font-size: 11pt;\">(einige haben sogar mitgetanzt).<\/span><\/span><\/p>\nngg_shortcode_0_placeholder\n<figure id=\"attachment_13271\" aria-describedby=\"caption-attachment-13271\" style=\"width: 730px\" class=\"wp-caption alignleft\"><a href=\"http:\/\/www.adrianwood.ch\/wp-content\/uploads\/2017\/08\/KYK_1756b.jpg\"><img loading=\"lazy\" decoding=\"async\" class=\"size-full wp-image-13271\" src=\"http:\/\/www.adrianwood.ch\/wp-content\/uploads\/2017\/08\/KYK_1756b.jpg\" alt=\"\" width=\"730\" height=\"487\" srcset=\"https:\/\/www.adrianwood.ch\/wp-content\/uploads\/2017\/08\/KYK_1756b.jpg 730w, https:\/\/www.adrianwood.ch\/wp-content\/uploads\/2017\/08\/KYK_1756b-300x200.jpg 300w\" sizes=\"auto, (max-width: 730px) 100vw, 730px\" \/><\/a><figcaption id=\"caption-attachment-13271\" class=\"wp-caption-text\">Kloster Agios Theologos<\/figcaption><\/figure>\n<\/div>\n","protected":false},"excerpt":{"rendered":"<p>26. Mai: Tholaria &#8211; Agios Theologos &#8211; Langhada Die dritte Wanderung f\u00fchrt uns von Tholaria \u00fcber Agios Theologos, Langhada nach Aegiali. Heute ist es etwas bew\u00f6lkt. Kurz nach dem Start erwartet uns eine \u00dcberraschung: zwei mit Holzsattel versehene Eselinnen warten auf die Mutigen, die eine kurze Strecke reiten m\u00f6chten. Es ist schon ein spezielles Gef\u00fchl, &hellip; <a href=\"https:\/\/www.adrianwood.ch\/?page_id=13048\" class=\"more-link\">Continue reading <span class=\"screen-reader-text\">05 26 Agios Theologos<\/span> <span class=\"meta-nav\">&rarr;<\/span><\/a><\/p>\n","protected":false},"author":1,"featured_media":0,"parent":12718,"menu_order":4855,"comment_status":"closed","ping_status":"closed","template":"","meta":{"ngg_post_thumbnail":0,"footnotes":""},"class_list":["post-13048","page","type-page","status-publish","hentry"],"_links":{"self":[{"href":"https:\/\/www.adrianwood.ch\/index.php?rest_route=\/wp\/v2\/pages\/13048","targetHints":{"allow":["GET"]}}],"collection":[{"href":"https:\/\/www.adrianwood.ch\/index.php?rest_route=\/wp\/v2\/pages"}],"about":[{"href":"https:\/\/www.adrianwood.ch\/index.php?rest_route=\/wp\/v2\/types\/page"}],"author":[{"embeddable":true,"href":"https:\/\/www.adrianwood.ch\/index.php?rest_route=\/wp\/v2\/users\/1"}],"replies":[{"embeddable":true,"href":"https:\/\/www.adrianwood.ch\/index.php?rest_route=%2Fwp%2Fv2%2Fcomments&post=13048"}],"version-history":[{"count":4,"href":"https:\/\/www.adrianwood.ch\/index.php?rest_route=\/wp\/v2\/pages\/13048\/revisions"}],"predecessor-version":[{"id":13273,"href":"https:\/\/www.adrianwood.ch\/index.php?rest_route=\/wp\/v2\/pages\/13048\/revisions\/13273"}],"up":[{"embeddable":true,"href":"https:\/\/www.adrianwood.ch\/index.php?rest_route=\/wp\/v2\/pages\/12718"}],"wp:attachment":[{"href":"https:\/\/www.adrianwood.ch\/index.php?rest_route=%2Fwp%2Fv2%2Fmedia&parent=13048"}],"curies":[{"name":"wp","href":"https:\/\/api.w.org\/{rel}","templated":true}]}}