{"id":13054,"date":"2017-08-07T10:44:46","date_gmt":"2017-08-07T10:44:46","guid":{"rendered":"http:\/\/www.adrianwood.ch\/?page_id=13054"},"modified":"2017-08-07T10:44:46","modified_gmt":"2017-08-07T10:44:46","slug":"05-27-katapola","status":"publish","type":"page","link":"https:\/\/www.adrianwood.ch\/?page_id=13054","title":{"rendered":"05 27 Katapola"},"content":{"rendered":"<div class=\"pmdi_content_wrapper\">\n<div class=\"mceTemp\"><\/div>\n<figure id=\"attachment_13056\" aria-describedby=\"caption-attachment-13056\" style=\"width: 730px\" class=\"wp-caption alignleft\"><a href=\"http:\/\/www.adrianwood.ch\/wp-content\/uploads\/2017\/08\/KYK_1854.jpg\"><img loading=\"lazy\" decoding=\"async\" class=\"size-full wp-image-13056\" src=\"http:\/\/www.adrianwood.ch\/wp-content\/uploads\/2017\/08\/KYK_1854.jpg\" alt=\"\" width=\"730\" height=\"487\" srcset=\"https:\/\/www.adrianwood.ch\/wp-content\/uploads\/2017\/08\/KYK_1854.jpg 730w, https:\/\/www.adrianwood.ch\/wp-content\/uploads\/2017\/08\/KYK_1854-300x200.jpg 300w\" sizes=\"auto, (max-width: 730px) 100vw, 730px\" \/><\/a><figcaption id=\"caption-attachment-13056\" class=\"wp-caption-text\">Bucht von Katapola<\/figcaption><\/figure>\n<h2 class=\"Normal-P\" style=\"text-align: justify; text-justify: inter-ideograph; direction: ltr; unicode-bidi: normal;\"><span class=\"Normal-H\"><span style=\"font-size: 11pt;\">27. Mai: <\/span><span style=\"font-size: 11pt;\">Vroutsi<\/span><span style=\"font-size: 11pt;\"> &#8211; <\/span><span style=\"font-size: 11pt;\">Arkesini<\/span><span style=\"font-size: 11pt;\"> \u2013 <\/span><span style=\"font-size: 11pt;\">Katapola<\/span><\/span><\/h2>\n<p class=\"Normal-P\" style=\"text-align: justify; text-justify: inter-ideograph; direction: ltr; unicode-bidi: normal;\"><span class=\"Normal-H\"><span style=\"font-size: 11pt;\">Heute starten wir zuerst mit einer l\u00e4ngeren Busfahrt zur vierten und strengsten Wanderung von <\/span><span style=\"font-size: 11pt;\">Vroutsi<\/span><span style=\"font-size: 11pt;\"> \u00fcber <\/span><span style=\"font-size: 11pt;\">Arkesini<\/span><span style=\"font-size: 11pt;\"> nach <\/span><span style=\"font-size: 11pt;\">Katapola<\/span><span style=\"font-size: 11pt;\"> im S\u00fcden der Insel. In <\/span><span style=\"font-size: 11pt;\">Vroutsi<\/span><span style=\"font-size: 11pt;\"> \u2013 einem verschlafenen Ort \u2013 bekommen wir in der Taverne noch einen Startkaffee. Trotz eher schlechter Wetterprognose kommt die Sonne hervor. Wir wandern gegen S\u00fcden zu einem der drei antiken Orte auf der Insel, nach Alt-<\/span><span style=\"font-size: 11pt;\">Arkesini<\/span><span style=\"font-size: 11pt;\">. Bereits um 1000 v. Chr. von Siedlern gegr\u00fcndet, an fast uneinnehmbarer Stelle am Kap. Wie oft in Griechenland steht am H\u00f6chsten Punkt eine kleine Kirche (der <\/span><span style=\"font-size: 11pt;\">Panagia<\/span><span style=\"font-size: 11pt;\">Kastrianis<\/span><span style=\"font-size: 11pt;\"> = der Mutter der Burgen gewidmet). Dort werden wir von einer Ziege empfangen, die aus einem Stall, wiederk\u00e4uend lange auf uns niederblickt. Weiter geht es dann entlang der K\u00fcste \u00fcber Berg und Tal bei immer heisserem Wetter (im Norden, bei unserem Hotel regnet es in Str\u00f6men w\u00e4hrend 1 \u00bd Std, wir bleiben trocken). Wir treffen auf verschiedene Landschaften, einem sch\u00f6nen kleinen Tal mit einer ganzen Oleander-Allee am Flusslauf und erreichen nach \u00fcber 4 Std endlich <\/span><span style=\"font-size: 11pt;\">Katapola<\/span><span style=\"font-size: 11pt;\">, den gr\u00f6ssten Hafen auf der Insel. Wir m\u00fcssen noch den Hafen umrunden, bevor wir in einer Taverne ein exzellentes Abendessen geniessen d\u00fcrfen.<\/span><\/span><\/p>\nngg_shortcode_0_placeholder\n<figure id=\"attachment_13055\" aria-describedby=\"caption-attachment-13055\" style=\"width: 730px\" class=\"wp-caption alignleft\"><a href=\"http:\/\/www.adrianwood.ch\/wp-content\/uploads\/2017\/08\/KYK_1811.jpg\"><img loading=\"lazy\" decoding=\"async\" class=\"size-full wp-image-13055\" src=\"http:\/\/www.adrianwood.ch\/wp-content\/uploads\/2017\/08\/KYK_1811.jpg\" alt=\"\" width=\"730\" height=\"487\" srcset=\"https:\/\/www.adrianwood.ch\/wp-content\/uploads\/2017\/08\/KYK_1811.jpg 730w, https:\/\/www.adrianwood.ch\/wp-content\/uploads\/2017\/08\/KYK_1811-300x200.jpg 300w\" sizes=\"auto, (max-width: 730px) 100vw, 730px\" \/><\/a><figcaption id=\"caption-attachment-13055\" class=\"wp-caption-text\">Aufstieg zu Alt-Arkesini<\/figcaption><\/figure>\n<\/div>\n","protected":false},"excerpt":{"rendered":"<p>27. Mai: Vroutsi &#8211; Arkesini \u2013 Katapola Heute starten wir zuerst mit einer l\u00e4ngeren Busfahrt zur vierten und strengsten Wanderung von Vroutsi \u00fcber Arkesini nach Katapola im S\u00fcden der Insel. In Vroutsi \u2013 einem verschlafenen Ort \u2013 bekommen wir in der Taverne noch einen Startkaffee. Trotz eher schlechter Wetterprognose kommt die Sonne hervor. Wir wandern &hellip; <a href=\"https:\/\/www.adrianwood.ch\/?page_id=13054\" class=\"more-link\">Continue reading <span class=\"screen-reader-text\">05 27 Katapola<\/span> <span class=\"meta-nav\">&rarr;<\/span><\/a><\/p>\n","protected":false},"author":1,"featured_media":0,"parent":12718,"menu_order":4856,"comment_status":"closed","ping_status":"closed","template":"","meta":{"ngg_post_thumbnail":0,"footnotes":""},"class_list":["post-13054","page","type-page","status-publish","hentry"],"_links":{"self":[{"href":"https:\/\/www.adrianwood.ch\/index.php?rest_route=\/wp\/v2\/pages\/13054","targetHints":{"allow":["GET"]}}],"collection":[{"href":"https:\/\/www.adrianwood.ch\/index.php?rest_route=\/wp\/v2\/pages"}],"about":[{"href":"https:\/\/www.adrianwood.ch\/index.php?rest_route=\/wp\/v2\/types\/page"}],"author":[{"embeddable":true,"href":"https:\/\/www.adrianwood.ch\/index.php?rest_route=\/wp\/v2\/users\/1"}],"replies":[{"embeddable":true,"href":"https:\/\/www.adrianwood.ch\/index.php?rest_route=%2Fwp%2Fv2%2Fcomments&post=13054"}],"version-history":[{"count":1,"href":"https:\/\/www.adrianwood.ch\/index.php?rest_route=\/wp\/v2\/pages\/13054\/revisions"}],"predecessor-version":[{"id":13057,"href":"https:\/\/www.adrianwood.ch\/index.php?rest_route=\/wp\/v2\/pages\/13054\/revisions\/13057"}],"up":[{"embeddable":true,"href":"https:\/\/www.adrianwood.ch\/index.php?rest_route=\/wp\/v2\/pages\/12718"}],"wp:attachment":[{"href":"https:\/\/www.adrianwood.ch\/index.php?rest_route=%2Fwp%2Fv2%2Fmedia&parent=13054"}],"curies":[{"name":"wp","href":"https:\/\/api.w.org\/{rel}","templated":true}]}}