{"id":13062,"date":"2017-08-07T11:14:53","date_gmt":"2017-08-07T11:14:53","guid":{"rendered":"http:\/\/www.adrianwood.ch\/?page_id=13062"},"modified":"2017-08-07T11:14:53","modified_gmt":"2017-08-07T11:14:53","slug":"05-28-chosoviotissa","status":"publish","type":"page","link":"https:\/\/www.adrianwood.ch\/?page_id=13062","title":{"rendered":"05 28 Chosoviotissa"},"content":{"rendered":"<div class=\"pmdi_content_wrapper\">\n<figure id=\"attachment_13063\" aria-describedby=\"caption-attachment-13063\" style=\"width: 730px\" class=\"wp-caption alignleft\"><a href=\"http:\/\/www.adrianwood.ch\/wp-content\/uploads\/2017\/08\/KYK_1920.jpg\"><img loading=\"lazy\" decoding=\"async\" class=\"size-full wp-image-13063\" src=\"http:\/\/www.adrianwood.ch\/wp-content\/uploads\/2017\/08\/KYK_1920.jpg\" alt=\"\" width=\"730\" height=\"487\" srcset=\"https:\/\/www.adrianwood.ch\/wp-content\/uploads\/2017\/08\/KYK_1920.jpg 730w, https:\/\/www.adrianwood.ch\/wp-content\/uploads\/2017\/08\/KYK_1920-300x200.jpg 300w\" sizes=\"auto, (max-width: 730px) 100vw, 730px\" \/><\/a><figcaption id=\"caption-attachment-13063\" class=\"wp-caption-text\">Kloster Chosoviotissa<\/figcaption><\/figure>\n<h2 class=\"Normal-P\" style=\"text-align: justify; text-justify: inter-ideograph; direction: ltr; unicode-bidi: normal;\"><span class=\"Normal-H\"><span style=\"font-size: 11pt;\">28. Mai: <\/span><span style=\"font-size: 11pt;\">Xenodochio<\/span><span style=\"font-size: 11pt;\"> \u2013 <\/span><span style=\"font-size: 11pt;\">Chosoviottissa<\/span><span style=\"font-size: 11pt;\"> \u2013 <\/span><span style=\"font-size: 11pt;\">Chora<\/span><\/span><\/h2>\n<p class=\"Normal-P\" style=\"text-align: justify; text-justify: inter-ideograph; direction: ltr; unicode-bidi: normal;\"><span class=\"Normal-H\"><span style=\"font-size: 11pt;\">Heute steht die letzte Wanderung auf <\/span><span style=\"font-size: 11pt;\">Amorgos<\/span><span style=\"font-size: 11pt;\">, das Highlight, auf dem Programm: von der Bushaltestelle <\/span><span style=\"font-size: 11pt;\">Xenodochio<\/span><span style=\"font-size: 11pt;\"> wandern wir diesmal nach rechts zum ber\u00fchmten Kloster <\/span><span style=\"font-size: 11pt;\">Chosoviottissa<\/span><span style=\"font-size: 11pt;\">. Wir haben wieder Gl\u00fcck mit dem Wetter und k\u00f6nnen die wunderbare K\u00fcsten-Wanderung mit tollen Aussichten geniessen. Begleitet von herrlichen D\u00fcften (Stechginster und Thymian) schl\u00e4ngeln wir uns auf diesem Eselspfad zum Kloster hin, mal n\u00e4her an der K\u00fcste, mal etwas mehr landeinw\u00e4rts. Kurz vor dem Kloster m\u00fcssen wir ein steiles Ger\u00f6llfeld \u00fcberqueren \u2013 hier sollte man nicht ausrutschen! Pl\u00f6tzlich erblicken wir einen Teil der weissen Wand des Klosters, der aber beim weiter wandern wieder entschwindet, bis dann das Kloster in seiner gleissenden Pracht vor uns erscheint. Sch\u00f6ner Kontrast zu den rostroten \u00fcberh\u00e4ngenden Felsen, an denen das Kloster, mit m\u00e4chtigen St\u00fctzpfeilern und winzigen Fenstern, wie eine Festung klebt. Heute leben nur noch drei M\u00f6nche dort (auch der Abt, der uns an Auffahrt eingeladen hat). Empfangen werden wir von vielen hungrigen Katzen, die uns miauend um die Beine schleichen. Wir Frauen m\u00fcssen Jupe oder T\u00fccher \u00fcber die Wanderhosen anziehen, bevor wir ins Kloster d\u00fcrfen. \u00dcber sehr steile, schmale Treppen geht es zur Kapelle und auf die Terrasse, wo man einen wunderbaren Blick aufs Meer hat. Wir werden im \u201eSalon\u201c noch mit <\/span><span style=\"font-size: 11pt;\">Rakomelo<\/span><span style=\"font-size: 11pt;\"> und Wasser bewirtet, bevor wir Platz machen m\u00fcssen f\u00fcr andere Besucher. Nun machen wir uns \u00fcber einen Treppenweg auf nach <\/span><span style=\"font-size: 11pt;\">Chora<\/span><span style=\"font-size: 11pt;\">, der Hauptstadt der Insel. Nach gut einer halben Stunde erreichen wir das herzige St\u00e4dtchen mit seinen vielen Tavernen, Blumen und L\u00e4den. Zur\u00fcck geht es dann \u00fcber einen wundersch\u00f6nen botanischen Pfad nach <\/span><span style=\"font-size: 11pt;\">Katapola<\/span><span style=\"font-size: 11pt;\"> hinunter. Wir sehen wieder viele bl\u00fchende Pflanzen, sogar Fr\u00f6sche an einigen Wasserquellen. Zum Abschluss gibt es im Hotel nochmals ein feines griechisches Nachtessen (Schwertfisch), dann m\u00fcssen wir packen gehen.<\/span><\/span><\/p>\nngg_shortcode_0_placeholder\n<figure id=\"attachment_13064\" aria-describedby=\"caption-attachment-13064\" style=\"width: 730px\" class=\"wp-caption alignleft\"><a href=\"http:\/\/www.adrianwood.ch\/wp-content\/uploads\/2017\/08\/KYK_1996.jpg\"><img loading=\"lazy\" decoding=\"async\" class=\"size-full wp-image-13064\" src=\"http:\/\/www.adrianwood.ch\/wp-content\/uploads\/2017\/08\/KYK_1996.jpg\" alt=\"\" width=\"730\" height=\"487\" srcset=\"https:\/\/www.adrianwood.ch\/wp-content\/uploads\/2017\/08\/KYK_1996.jpg 730w, https:\/\/www.adrianwood.ch\/wp-content\/uploads\/2017\/08\/KYK_1996-300x200.jpg 300w\" sizes=\"auto, (max-width: 730px) 100vw, 730px\" \/><\/a><figcaption id=\"caption-attachment-13064\" class=\"wp-caption-text\">Steile S\u00fcdk\u00fcste von Amorgos unterhalb den Chora<\/figcaption><\/figure>\n<\/div>\n","protected":false},"excerpt":{"rendered":"<p>28. Mai: Xenodochio \u2013 Chosoviottissa \u2013 Chora Heute steht die letzte Wanderung auf Amorgos, das Highlight, auf dem Programm: von der Bushaltestelle Xenodochio wandern wir diesmal nach rechts zum ber\u00fchmten Kloster Chosoviottissa. Wir haben wieder Gl\u00fcck mit dem Wetter und k\u00f6nnen die wunderbare K\u00fcsten-Wanderung mit tollen Aussichten geniessen. Begleitet von herrlichen D\u00fcften (Stechginster und Thymian) &hellip; <a href=\"https:\/\/www.adrianwood.ch\/?page_id=13062\" class=\"more-link\">Continue reading <span class=\"screen-reader-text\">05 28 Chosoviotissa<\/span> <span class=\"meta-nav\">&rarr;<\/span><\/a><\/p>\n","protected":false},"author":1,"featured_media":0,"parent":12718,"menu_order":4857,"comment_status":"closed","ping_status":"closed","template":"","meta":{"ngg_post_thumbnail":0,"footnotes":""},"class_list":["post-13062","page","type-page","status-publish","hentry"],"_links":{"self":[{"href":"https:\/\/www.adrianwood.ch\/index.php?rest_route=\/wp\/v2\/pages\/13062","targetHints":{"allow":["GET"]}}],"collection":[{"href":"https:\/\/www.adrianwood.ch\/index.php?rest_route=\/wp\/v2\/pages"}],"about":[{"href":"https:\/\/www.adrianwood.ch\/index.php?rest_route=\/wp\/v2\/types\/page"}],"author":[{"embeddable":true,"href":"https:\/\/www.adrianwood.ch\/index.php?rest_route=\/wp\/v2\/users\/1"}],"replies":[{"embeddable":true,"href":"https:\/\/www.adrianwood.ch\/index.php?rest_route=%2Fwp%2Fv2%2Fcomments&post=13062"}],"version-history":[{"count":1,"href":"https:\/\/www.adrianwood.ch\/index.php?rest_route=\/wp\/v2\/pages\/13062\/revisions"}],"predecessor-version":[{"id":13065,"href":"https:\/\/www.adrianwood.ch\/index.php?rest_route=\/wp\/v2\/pages\/13062\/revisions\/13065"}],"up":[{"embeddable":true,"href":"https:\/\/www.adrianwood.ch\/index.php?rest_route=\/wp\/v2\/pages\/12718"}],"wp:attachment":[{"href":"https:\/\/www.adrianwood.ch\/index.php?rest_route=%2Fwp%2Fv2%2Fmedia&parent=13062"}],"curies":[{"name":"wp","href":"https:\/\/api.w.org\/{rel}","templated":true}]}}