{"id":1307,"date":"2011-07-24T14:32:29","date_gmt":"2011-07-24T13:32:29","guid":{"rendered":"http:\/\/adrianwood.ch\/?page_id=1307"},"modified":"2011-07-24T14:32:29","modified_gmt":"2011-07-24T13:32:29","slug":"05-16-hvar-stadt","status":"publish","type":"page","link":"https:\/\/www.adrianwood.ch\/?page_id=1307","title":{"rendered":"05-16 Hvar Stadt"},"content":{"rendered":"<p><strong><span style=\"font-size: small;\">16.Mai Hvar Stadt (Wegen st\u00fcrmischer See)<\/span><\/strong><\/p>\n<table border=\"0\" cellspacing=\"0\" cellpadding=\"0\">\n<tbody>\n<tr>\n<td style=\"text-align: justify;\" valign=\"top\" width=\"408\">Wir wollten urspr\u00fcnglich nach Korcula fahren.Schon morgens fr\u00fch um 06:00 (wir sind noch im Bett) stelle ich fest, dass wir losfahren. So gegen sieben geh ich nach draussen und stelle fest, dass auf unserer Bootsseite (Steuerbord) die Landschaft von Milina, wo wir gestern Mittag waren, vorbeigeht- Also: <strong><em>wir fahren zur\u00fcck nach Hvar<\/em><\/strong>. K\u00e4ptn Arsen sagt mir sp\u00e4ter er h\u00e4tte zu viel Gegenwind gekriegt sodass unsere Geschwindigkeit von 8.5 auf 6.5 Knoten zur\u00fcckfiel.<\/p>\n<p style=\"text-align: justify;\">Nanu das gibt uns die willkommene M\u00f6glichkeit die geschichtstr\u00e4chtige Stadt Hvar etwas genauer anzuschauen.<\/p>\n<\/td>\n<td valign=\"top\" width=\"408\">\u00a0<img decoding=\"async\" class=\"ngg-singlepic ngg-none\" src=\"http:\/\/adrianwood.ch\/wp-content\/gallery\/croatia05\/image001_r4.jpg\" alt=\"image001_r4\" \/><\/td>\n<\/tr>\n<tr>\n<td valign=\"top\" width=\"408\">\u00a0<img decoding=\"async\" class=\"ngg-singlepic ngg-none\" src=\"http:\/\/adrianwood.ch\/wp-content\/gallery\/croatia05\/image002_r4.jpg\" alt=\"image002_r4\" \/><\/td>\n<td valign=\"top\" width=\"408\">\u00a0<img decoding=\"async\" class=\"ngg-singlepic ngg-none\" src=\"http:\/\/adrianwood.ch\/wp-content\/gallery\/croatia05\/image003_r4.jpg\" alt=\"image003_r4\" \/><\/td>\n<\/tr>\n<tr>\n<td valign=\"top\" width=\"408\">\u00a0<img decoding=\"async\" class=\"ngg-singlepic ngg-none\" src=\"http:\/\/adrianwood.ch\/wp-content\/gallery\/croatia05\/image004_r4.jpg\" alt=\"image004_r4\" \/><\/td>\n<td valign=\"top\" width=\"408\">\u00a0<img decoding=\"async\" class=\"ngg-singlepic ngg-none\" src=\"http:\/\/adrianwood.ch\/wp-content\/gallery\/croatia05\/image005_r4.jpg\" alt=\"image005_r4\" \/><\/td>\n<\/tr>\n<tr>\n<td valign=\"top\" width=\"408\">\u00a0<img decoding=\"async\" class=\"ngg-singlepic ngg-none\" src=\"http:\/\/adrianwood.ch\/wp-content\/gallery\/croatia05\/image006_r4.jpg\" alt=\"image006_r4\" \/><\/td>\n<td valign=\"top\" width=\"408\">\u00a0<img decoding=\"async\" class=\"ngg-singlepic ngg-none\" src=\"http:\/\/adrianwood.ch\/wp-content\/gallery\/croatia05\/image007_r4.jpg\" alt=\"image007_r4\" \/><\/td>\n<\/tr>\n<tr>\n<td style=\"text-align: justify;\" colspan=\"2\" valign=\"top\" width=\"816\">Einige beschliessen (Jirka) das Franziskanerkloster zu besichtigen wegen den sch\u00f6nen Bilder. Wir andern steigen auf zur Festung Spanjola. Neben der pr\u00e4chtigen Rundsicht sind auf den Zinnen noch zwei alte Kanonen installiert Auch wir installieren uns darauf zu einem Gruppenbild (sie nebenan).\u00a0\u00a0\u00a0\u00a0\u00a0 Hans<\/td>\n<\/tr>\n<\/tbody>\n<\/table>\n<p><span style=\"font-size: small;\">\u00a0<\/span><\/p>\n","protected":false},"excerpt":{"rendered":"<p>16.Mai Hvar Stadt (Wegen st\u00fcrmischer See) Wir wollten urspr\u00fcnglich nach Korcula fahren.Schon morgens fr\u00fch um 06:00 (wir sind noch im Bett) stelle ich fest, dass wir losfahren. So gegen sieben geh ich nach draussen und stelle fest, dass auf unserer Bootsseite (Steuerbord) die Landschaft von Milina, wo wir gestern Mittag waren, vorbeigeht- Also: wir fahren &hellip; <a href=\"https:\/\/www.adrianwood.ch\/?page_id=1307\" class=\"more-link\">Continue reading <span class=\"screen-reader-text\">05-16 Hvar Stadt<\/span> <span class=\"meta-nav\">&rarr;<\/span><\/a><\/p>\n","protected":false},"author":1,"featured_media":0,"parent":1262,"menu_order":2387,"comment_status":"closed","ping_status":"closed","template":"","meta":{"ngg_post_thumbnail":0,"footnotes":""},"class_list":["post-1307","page","type-page","status-publish","hentry"],"_links":{"self":[{"href":"https:\/\/www.adrianwood.ch\/index.php?rest_route=\/wp\/v2\/pages\/1307","targetHints":{"allow":["GET"]}}],"collection":[{"href":"https:\/\/www.adrianwood.ch\/index.php?rest_route=\/wp\/v2\/pages"}],"about":[{"href":"https:\/\/www.adrianwood.ch\/index.php?rest_route=\/wp\/v2\/types\/page"}],"author":[{"embeddable":true,"href":"https:\/\/www.adrianwood.ch\/index.php?rest_route=\/wp\/v2\/users\/1"}],"replies":[{"embeddable":true,"href":"https:\/\/www.adrianwood.ch\/index.php?rest_route=%2Fwp%2Fv2%2Fcomments&post=1307"}],"version-history":[{"count":0,"href":"https:\/\/www.adrianwood.ch\/index.php?rest_route=\/wp\/v2\/pages\/1307\/revisions"}],"up":[{"embeddable":true,"href":"https:\/\/www.adrianwood.ch\/index.php?rest_route=\/wp\/v2\/pages\/1262"}],"wp:attachment":[{"href":"https:\/\/www.adrianwood.ch\/index.php?rest_route=%2Fwp%2Fv2%2Fmedia&parent=1307"}],"curies":[{"name":"wp","href":"https:\/\/api.w.org\/{rel}","templated":true}]}}