{"id":1312,"date":"2011-07-24T14:44:13","date_gmt":"2011-07-24T13:44:13","guid":{"rendered":"http:\/\/adrianwood.ch\/?page_id=1312"},"modified":"2011-07-24T14:44:13","modified_gmt":"2011-07-24T13:44:13","slug":"05-17-korcula-pupnat","status":"publish","type":"page","link":"https:\/\/www.adrianwood.ch\/?page_id=1312","title":{"rendered":"05-17 Korcula-Pupnat"},"content":{"rendered":"<h1 align=\"left\">17. Mai, \u00a0Von Korcula nach Pupnat zur Konoba Mate<\/h1>\n<table border=\"0\" cellspacing=\"0\" cellpadding=\"0\">\n<tbody>\n<tr>\n<td style=\"text-align: justify;\" valign=\"top\" width=\"407\">An diesem k\u00fchlen, grauen, etwas regnerischen Morgen starten wir gegen 8.30 h direkt vom Schiff in der Bucht Kneza. Nach kurzer Orientierung finden wir von der Strasse her den Durchgang zu einem ansteigenden Waldweg. Das Bl\u00e4tterdach sch\u00fctzt etwas vor dem Nieselregen. Nachdem wir eine gewisse H\u00f6he erreicht haben, werden wir mit einem wundersch\u00f6nen Blick auf das mittelalterliche St\u00e4dtchen Korcula belohnt.Korcula ist eine der 1185 kroatischen Inseln, von denen nur 67 bewohnt sind. Eine Kalksteinkette, durchzieht die Insel auf ihrer gesamten L\u00e4nge. Bei Pupnat auf dem Berg Klupca erreicht sie ihren h\u00f6chsten Punkt auf ca. 568 m.<\/td>\n<td valign=\"top\" width=\"408\">\u00a0<img decoding=\"async\" class=\"ngg-singlepic ngg-none\" src=\"http:\/\/adrianwood.ch\/wp-content\/gallery\/croatia07\/image001_r4.jpg\" alt=\"image001_r4\" \/><\/td>\n<\/tr>\n<tr>\n<td valign=\"top\" width=\"407\">\u00a0<img decoding=\"async\" class=\"ngg-singlepic ngg-none\" src=\"http:\/\/adrianwood.ch\/wp-content\/gallery\/croatia07\/image003_r4.jpg\" alt=\"image003_r4\" \/><\/td>\n<td valign=\"top\" width=\"408\">\n<p style=\"text-align: justify;\">Sobald wir aus dem Wald kommen, stossen wir auf mehrere H\u00e4user, in deren G\u00e4rten die sch\u00f6nsten Rosen, Lilien, Kakteen, Passionsblumen das triste Grau dieses Morgens erhellen, Orangenbl\u00fcten ihren s\u00fcssen, schweren Duft verstr\u00f6men und die Mandelb\u00e4ume schon fast reife Fr\u00fcchte zeigen. Ein Garten wird belegt mit einem Schiff, das an diesem Ort skurril erscheint. Wir passieren die Wegweiser, die nach Brdo und Zrnovica weisen. Nach einiger Zeit kommen wir ganz unerwartet in eine Art gr\u00fcne \u201eH\u00f6lle\u201c, einem einzigartigen Geflecht aus Felsen, H\u00f6hlen, Grotten, \u00fcppiger Vegetation, mit Moos und Flechten bewachsenen B\u00e4umen, die fast schon an einen tropischen Regenwald erinnern.<\/p>\n<\/td>\n<\/tr>\n<tr>\n<td style=\"text-align: justify;\" colspan=\"2\" valign=\"top\" width=\"815\">Aus manchen Felsspalten lugen scheu blaue Glockenblumen-b\u00fcschel hervor. Der Boden wird glitschig und \u00fcber ein paar moosbewachsene Felsbrocken helfen uns die vorbildlich hilfreichen H\u00e4nde unseres trittsicheren Wanderkollegen Peter. Die Grotten und H\u00f6hlen faszinieren so manchen von uns und eignen sich hervorragend als Fotomotive. In einer Lichtung ist uns eine Picknickpause verg\u00f6nnt, die wir ausgiebig geniessen.<\/td>\n<\/tr>\n<tr>\n<td valign=\"top\" width=\"407\">\u00a0<img decoding=\"async\" class=\"ngg-singlepic ngg-none\" src=\"http:\/\/adrianwood.ch\/wp-content\/gallery\/croatia07\/image005_r4.jpg\" alt=\"image005_r4\" \/><\/td>\n<td valign=\"top\" width=\"408\">\u00a0<img decoding=\"async\" class=\"ngg-singlepic ngg-none\" src=\"http:\/\/adrianwood.ch\/wp-content\/gallery\/croatia07\/image007_r4.jpg\" alt=\"image007_r4\" \/><\/td>\n<\/tr>\n<tr>\n<td style=\"text-align: justify;\" colspan=\"2\" valign=\"top\" width=\"815\">Weiter f\u00fchrt uns der Weg durch hohe Macchia mit \u00fcppig bl\u00fchendem Ginster, einem Teppich von Zistrosen, Wicken, wilden Gladiolen, Steinbrech, Wiesensalbei. Zwischen Steineichen finden wir sogar einen Erdbeerbaum, allerlei Orchideensorten darunter sogar die seltene Ragwurz, Waldv\u00f6gelein und das Knabenkraut, das wir auch bei uns kennen. 25000 Arten Orchideen soll es auf der Welt geben, von denen nur ein Prozent in Europa vorkommen. Die Insel Korcula gilt als Ort mit den meisten wilden Orchideen, mehr als 20 Arten.<\/td>\n<\/tr>\n<tr>\n<td style=\"text-align: justify;\" colspan=\"2\" valign=\"top\" width=\"815\">Auf unserem Weg \u00fcber die Hochebene schweift unser Blick nach Peljesac, der gegen\u00fcberliegenden Halbinsel, getrennt durch eine Meeresenge, den Kanal von Peljesac. Langsam kommt auch die Sonne zum Vorschein, so dass die Landschaft einen strahlenden Anstrich erh\u00e4lt. Es gibt derart viele Fotosujets, ganze Arrangements von blumendurchzogenen Steingebilden, dass sich unser Gr\u00fcppchen immer mehr auseinanderzieht. Vielleicht macht sich auch die M\u00fcdigkeit der vergangenen Tage etwas bemerkbar. Jedenfalls warten an Wegkreuzungen immer wieder einige unserer Kolleginnen und Kollegen, so dass keiner verloren geht und wir sicher einer nach dem anderen die Konoba Mate in Pupnat erreichen. Es erwartet uns hier ein gem\u00fctliches Steinhaus, in dem drinnen schon die Tische gedeckt sind und die Wirte mit Auberginen, Schinken, Oliven, Ziegenk\u00e4se, viel Wein und Branntwein aufwarten. Als es zum Schnaps kommt will Bruni keineswegs mehr sch\u00fcchtern wie fr\u00fcher sein und langt kr\u00e4ftig zu. Das Ges\u00f6ff l\u00e4sst schnell alle Vors\u00e4tze vergessen und verlangt nach mehr. Alle werden immer fr\u00f6hlicher und ich bin sicher, einige w\u00e4ren froh gewesen, bei einem Fussmarsch wieder einen klaren Kopf zu bekommen. Die Fahrt zum Hafen mit den Minibussen auf der neu ausgebauten Strasse ist jedoch die bequemere und angenehmere Art, unser Schiff zu erreichen.<\/td>\n<\/tr>\n<tr>\n<td valign=\"top\" width=\"407\">\u00a0<img decoding=\"async\" class=\"ngg-singlepic ngg-none\" src=\"http:\/\/adrianwood.ch\/wp-content\/gallery\/croatia07\/image009_r4.jpg\" alt=\"image009_r4\" \/><\/td>\n<td valign=\"top\" width=\"408\">\u00a0<img decoding=\"async\" class=\"ngg-singlepic ngg-none\" src=\"http:\/\/adrianwood.ch\/wp-content\/gallery\/croatia07\/image011_r4.jpg\" alt=\"image011_r4\" \/><\/td>\n<\/tr>\n<tr>\n<td valign=\"top\" width=\"407\">\u00a0<img decoding=\"async\" class=\"ngg-singlepic ngg-none\" src=\"http:\/\/adrianwood.ch\/wp-content\/gallery\/croatia07\/image013_r4.jpg\" alt=\"image013_r4\" \/><\/td>\n<td valign=\"top\" width=\"408\">\u00a0<img decoding=\"async\" class=\"ngg-singlepic ngg-none\" src=\"http:\/\/adrianwood.ch\/wp-content\/gallery\/croatia07\/image015_r4.jpg\" alt=\"image015_r4\" \/><\/td>\n<\/tr>\n<tr>\n<td style=\"text-align: justify;\" colspan=\"2\" valign=\"top\" width=\"815\">Nachdem die Sonne schon nachmittags durch die Wolken blinzelt, umf\u00e4ngt uns bei der R\u00fcckkehr ein samtweiches Mittelmeerklima, tolle Ausblicke aufs Meer in rosa-blauer Abendstimmung mit romantischen K\u00fcstenlichtern. Nach dem Abendessen auf dem Schiff, bei dem ich mit Mona fast schon alleine am Tisch sitze &#8211; Bruni hat keinen Hunger mehr, Hans und Philipp fehlen &#8211; schw\u00e4rmen wir in kleinen Gruppen nochmals aus ins St\u00e4dtchen. Unvermittelt stossen wir in einer kleinen Gasse auf Hans und Philipp, die es sich in einer Konoba mit Blick aufs Meer gem\u00fctlich gemacht haben, um Fisch zu essen.Es herrscht pl\u00f6tzlich ein erstaunlicher Aufruhr an deren Tisch, auf den wir uns zun\u00e4chst keinen Reim machen k\u00f6nnen. Die beiden haben mit einer S\u00fcdafrikanerin zu Abend gegessen und ihr ein St\u00e4ndchen auf der \u201eSchnurregiege\u201c gebracht. Hans beginnt verzweifelt herumzusuchen und schreit in der Gegend herum \u201eMy mouthorgel is lost\u201c. Er sucht unter dem Tisch, hinter dem Tisch, geklagt sich bei der Serviertochter, die S\u00fcdafrikanerin habe seine \u201eMouthorgel\u201c mitlaufen lassen, behauptet schliesslich Philipp habe das Instrument versteckt und l\u00e4sst ihn seine Hosens\u00e4cke umkehren. Alles hilft nichts &#8211; Hans ist total ungl\u00fccklich und macht dabei ganz netten Radau. Der Serviertochter ist es nirgends mehr wohl in der Haut, so hilft sie nochmals beim Suchen und hebt s\u00e4mtliche St\u00fchle und B\u00e4nke hoch. Und siehe da, in einer Ritze hinter der Bank kommt das Objekt zum Vorschein. Ihr h\u00e4ttet Hans gl\u00e4nzende Augen sehen sollen nachdem das angebliche Geschenk seines Lieblingsonkels wieder aufgetaucht ist.<\/p>\n<p>Nun k\u00f6nnen wir getrost unseren \u201eAbendspaziergang\u201c wieder fortsetzen, die mittelalterlichen Gem\u00e4uer mit ihren Schatten geniessen, die wundersch\u00f6nen abgeschliffenen Kalksteinwege entlang schlendern, einen letzten Blick aufs Meer schweifen lassen und uns langsam in unsere Schiffskabinen zur Ruhe begeben. Ein sch\u00f6ner, ereignisreicher und lustiger Tag ist zu Ende gegangen.<\/p>\n<p>Brigitte D.<\/td>\n<\/tr>\n<tr>\n<td colspan=\"2\" valign=\"top\" width=\"815\"><\/td>\n<\/tr>\n<tr>\n<td colspan=\"2\" valign=\"top\" width=\"815\"><\/td>\n<\/tr>\n<\/tbody>\n<\/table>\n<p><span style=\"font-size: small;\">\u00a0<img decoding=\"async\" class=\"ngg-singlepic ngg-none\" src=\"http:\/\/adrianwood.ch\/wp-content\/gallery\/croatia07\/image018.jpg\" alt=\"image018\" \/><\/span><\/p>\n<p><img decoding=\"async\" class=\"ngg-singlepic ngg-none\" src=\"http:\/\/adrianwood.ch\/wp-content\/gallery\/croatia07\/image020.jpg\" alt=\"image020\" \/><\/p>\n","protected":false},"excerpt":{"rendered":"<p>17. Mai, \u00a0Von Korcula nach Pupnat zur Konoba Mate An diesem k\u00fchlen, grauen, etwas regnerischen Morgen starten wir gegen 8.30 h direkt vom Schiff in der Bucht Kneza. Nach kurzer Orientierung finden wir von der Strasse her den Durchgang zu einem ansteigenden Waldweg. Das Bl\u00e4tterdach sch\u00fctzt etwas vor dem Nieselregen. Nachdem wir eine gewisse H\u00f6he &hellip; <a href=\"https:\/\/www.adrianwood.ch\/?page_id=1312\" class=\"more-link\">Continue reading <span class=\"screen-reader-text\">05-17 Korcula-Pupnat<\/span> <span class=\"meta-nav\">&rarr;<\/span><\/a><\/p>\n","protected":false},"author":1,"featured_media":0,"parent":1262,"menu_order":2387,"comment_status":"closed","ping_status":"closed","template":"","meta":{"ngg_post_thumbnail":0,"footnotes":""},"class_list":["post-1312","page","type-page","status-publish","hentry"],"_links":{"self":[{"href":"https:\/\/www.adrianwood.ch\/index.php?rest_route=\/wp\/v2\/pages\/1312","targetHints":{"allow":["GET"]}}],"collection":[{"href":"https:\/\/www.adrianwood.ch\/index.php?rest_route=\/wp\/v2\/pages"}],"about":[{"href":"https:\/\/www.adrianwood.ch\/index.php?rest_route=\/wp\/v2\/types\/page"}],"author":[{"embeddable":true,"href":"https:\/\/www.adrianwood.ch\/index.php?rest_route=\/wp\/v2\/users\/1"}],"replies":[{"embeddable":true,"href":"https:\/\/www.adrianwood.ch\/index.php?rest_route=%2Fwp%2Fv2%2Fcomments&post=1312"}],"version-history":[{"count":0,"href":"https:\/\/www.adrianwood.ch\/index.php?rest_route=\/wp\/v2\/pages\/1312\/revisions"}],"up":[{"embeddable":true,"href":"https:\/\/www.adrianwood.ch\/index.php?rest_route=\/wp\/v2\/pages\/1262"}],"wp:attachment":[{"href":"https:\/\/www.adrianwood.ch\/index.php?rest_route=%2Fwp%2Fv2%2Fmedia&parent=1312"}],"curies":[{"name":"wp","href":"https:\/\/api.w.org\/{rel}","templated":true}]}}