{"id":1325,"date":"2011-07-24T15:39:38","date_gmt":"2011-07-24T14:39:38","guid":{"rendered":"http:\/\/adrianwood.ch\/?page_id=1325"},"modified":"2011-07-24T15:39:38","modified_gmt":"2011-07-24T14:39:38","slug":"05-19-biokovo-gebirge","status":"publish","type":"page","link":"https:\/\/www.adrianwood.ch\/?page_id=1325","title":{"rendered":"05-19 Biokovo-Gebirge"},"content":{"rendered":"<h2><span style=\"font-family: Times New Roman;\"><strong>19.Mai, <\/strong><strong>Sv.Jure (1762 m); Bergwanderung auf den Vo\u017eac (1421 m) im Biokovo Nationalpark<\/strong><\/span><\/h2>\n<table border=\"0\" cellspacing=\"0\" cellpadding=\"0\">\n<tbody>\n<tr>\n<td colspan=\"2\" valign=\"top\" width=\"821\">\n<p style=\"text-align: justify;\"><span style=\"font-family: Times New Roman;\">Heute Morgen\u00a0 m\u00fcssen wir zeitig aufstehen. Das Morgenessen wird um 6.30\u00a0 serviert und Abmarsch, dh. Abfahrt mit zwei Kleinbussen ist um 7.30. Es wird heute\u00a0 wieder einen sch\u00f6nen, warmen Tag geben. <\/span><span style=\"font-family: Times New Roman;\">Die Fahrt auf den Gipfel des Sv. Jure (1762m) dauert etwa eine Stunde. In vielen Schlaufen mit engen Kurven windet sich die schmale Strasse hinauf durch die wilde Karstlandschaft des Biokovo Gebirges. <\/span><span style=\"font-family: Times New Roman;\">Auf dem Sv. Jure, dem Berg des heiligen Georg, steht auch eine gleichnamige Kapelle.<\/span><\/p>\n<\/td>\n<\/tr>\n<tr>\n<td valign=\"top\" width=\"410\">\u00a0<img decoding=\"async\" class=\"ngg-singlepic ngg-none\" src=\"http:\/\/adrianwood.ch\/wp-content\/gallery\/croatia09\/image001_r4.jpg\" alt=\"image001_r4\" \/><\/td>\n<td valign=\"top\" width=\"411\">\u00a0<img decoding=\"async\" class=\"ngg-singlepic ngg-none\" src=\"http:\/\/adrianwood.ch\/wp-content\/gallery\/croatia09\/image003_r4.jpg\" alt=\"image003_r4\" \/><\/td>\n<\/tr>\n<tr>\n<td colspan=\"2\" valign=\"top\" width=\"821\">\n<p style=\"text-align: justify;\"><span style=\"font-family: Times New Roman;\">Vom Gipfel des Sv. Jure, auf dem es Platz f\u00fcr wenige Autos hat, haben wir einen pr\u00e4chtigen Blick auf die ausgedehnte Hochebene mit ihren unz\u00e4hligen weissen, felsigen Gipfeln und den gr\u00fcnen bewachsenen Karstmulden, sog. Waldmulden. Dies ist ein pr\u00e4chtiger Anblick, der auf vielen Bildern verewigt wird.<\/span><\/p>\n<\/td>\n<\/tr>\n<tr>\n<td valign=\"top\" width=\"410\">\u00a0<img decoding=\"async\" class=\"ngg-singlepic ngg-none\" src=\"http:\/\/adrianwood.ch\/wp-content\/gallery\/croatia09\/image005_r4.jpg\" alt=\"image005_r4\" \/><\/td>\n<td valign=\"top\" width=\"411\">\u00a0<img decoding=\"async\" class=\"ngg-singlepic ngg-none\" src=\"http:\/\/adrianwood.ch\/wp-content\/gallery\/croatia09\/image007_r4.jpg\" alt=\"image007_r4\" \/><\/td>\n<\/tr>\n<tr>\n<td colspan=\"2\" valign=\"top\" width=\"821\">\n<p style=\"text-align: justify;\"><span style=\"font-family: Times New Roman;\">Die Busse fahren uns dann einige H\u00f6henmeter hinunter, wo der Startpunkt unserer heutigen Wanderung ist. Hier gibt es einen Wegweiser und rot-weisse Markierungen. Es geht gleich recht steil hinunter uns schon tauchen wir in den ersten lichten Buchenwald ein, der in der Karstmulde entstanden ist. Wir wandern \u00fcber viele felsige Kuppen oder Gipfel und tauchen wieder ab in gr\u00fcne Mulden und erfreuen uns an den Blumen, die wir entdecken. Diese Landschaft mit ihren Senken, Schratten und Steinen, den Geb\u00fcschen und vereinzelten B\u00e4umen ist sehr abwechslungsreich, eine richtige Augenweide. Blumen wie Vergissmeinnicht, Narzissen, Holunder Orchideen, Narzissen, Schachblume und viele mehr sind Grund zu kleinen Gruppenbildungen. Manchmal muss man zum Fotografieren anstehen. Wer hat wohl das sch\u00f6nste Bild gemacht?<strong><\/strong><\/span><\/p>\n<\/td>\n<\/tr>\n<tr>\n<td valign=\"top\" width=\"410\">\u00a0<img decoding=\"async\" class=\"ngg-singlepic ngg-none\" src=\"http:\/\/adrianwood.ch\/wp-content\/gallery\/croatia09\/image009_r4.jpg\" alt=\"image009_r4\" \/><\/td>\n<td valign=\"top\" width=\"411\">\u00a0<img decoding=\"async\" class=\"ngg-singlepic ngg-none\" src=\"http:\/\/adrianwood.ch\/wp-content\/gallery\/croatia09\/image011_r4.jpg\" alt=\"image011_r4\" \/><\/td>\n<\/tr>\n<tr>\n<td colspan=\"2\" valign=\"top\" width=\"821\">\n<p style=\"text-align: justify;\"><span style=\"font-family: Times New Roman;\">W\u00e4hrend unserer Wanderung sehen wir immer wieder den Sveti Jure mit seinem Sendeturm im R\u00fcckblick. <\/span><span style=\"font-family: Times New Roman;\">Um ca. 10.00 gibt es bei einer Verzweigung, wo auch eine kleine Kapelle steht,\u00a0 einen Halt. Dann geht es <span style=\"font-family: Times New Roman;\">wieder weiter im abwechslungsreichen Gel\u00e4nde. In der Ferne sehen wir etliche Gipfel. Einer dieser Gipfel ist der Vo\u017eac (1421 m), unser Tagesziel. Auf dessen Gipfel sieht man undeutlich ein Haus stehen.<\/span><strong><\/strong><\/span><\/p>\n<\/td>\n<\/tr>\n<tr>\n<td colspan=\"2\" valign=\"top\" width=\"821\">\n<p style=\"text-align: justify;\"><span style=\"font-family: Times New Roman;\">Um 11.00 gibt es wieder einen Halt. Auch hier finden sich botanische Kostbarkeiten. Der Weg f\u00fchrt uns dann weiter bergab in eine Senke, zu einer Alp mit drei H\u00e4usern. Im Talgrund ist auch ein Garten, dh. ein braunes Feld auszumachen. Dies ist einer der kleinen Gem\u00fcseg\u00e4rten in den Karstmulden, die auch heute noch von Menschen gehegt werden. Die Kartoffeln, die hier oben\u00a0 wachsen sollen ausserordentlich gut sein! <\/span><span style=\"font-family: Times New Roman;\">Nach dem kurzen Abstieg erfolgt nun der Aufstieg zum Vo\u017eac. den wir in ca. 20 Minuten bew\u00e4ltigen. Von hier aus haben wir eine phantastische Aussicht auf die K\u00fcste, das Meer und die Inseln, die wir besucht haben. Direkt unter uns liegt die Stadt Makarska, wo unser Schiff, die Columbo auf uns wartet.<\/span><\/p>\n<\/td>\n<\/tr>\n<tr>\n<td valign=\"top\" width=\"410\">\u00a0<img decoding=\"async\" class=\"ngg-singlepic ngg-none\" src=\"http:\/\/adrianwood.ch\/wp-content\/gallery\/croatia09\/image013_r4.jpg\" alt=\"image013_r4\" \/><\/td>\n<td valign=\"top\" width=\"411\">\u00a0<img decoding=\"async\" class=\"ngg-singlepic ngg-none\" src=\"http:\/\/adrianwood.ch\/wp-content\/gallery\/croatia09\/image015_r4.jpg\" alt=\"image015_r4\" \/><\/td>\n<\/tr>\n<tr>\n<td colspan=\"2\" valign=\"top\" width=\"821\">\n<p style=\"text-align: justify;\"><span style=\"font-family: Times New Roman;\">Hier oben halten wir unsere Mittagsrast.\u00a0 Auf\u00a0 dem Weg hinunter zur Alp sehen wir noch wilde gelbe Tulpen. Unten in der Senke stehen die beiden Busse, die\u00a0 auf einer ungeteerten Strasse hierher gekommen sind, um uns aufzuladen und hinunter zum Schiff zu bringen. Die R\u00fcckfahrt erfolgt z\u00fcgig. Am Hafen reicht es noch zum einem Glac\u00e9kauf. Wie immer muss Adrian schauen, dass sich alle auf dem Schiff befinden. Dann um 14.00 geht\u2019s los der K\u00fcste entlang gegen Norden.\u00a0 Wir haben einen Nachmittag entspannten Schiffsleben vor uns. Die meisten Liegest\u00fchle auf den verschiedenen Decks sind besetzt. Wir lassen die Landschaft an uns vor\u00fcberziehen und geniessen die Musse.<\/span><\/p>\n<\/td>\n<\/tr>\n<tr>\n<td valign=\"top\" width=\"410\">\u00a0<img decoding=\"async\" class=\"ngg-singlepic ngg-none\" src=\"http:\/\/adrianwood.ch\/wp-content\/gallery\/croatia09\/image017_r4.jpg\" alt=\"image017_r4\" \/><\/td>\n<td valign=\"top\" width=\"411\">\u00a0<img decoding=\"async\" class=\"ngg-singlepic ngg-none\" src=\"http:\/\/adrianwood.ch\/wp-content\/gallery\/croatia09\/image019_r4.jpg\" alt=\"image019_r4\" \/><\/td>\n<\/tr>\n<tr>\n<td colspan=\"2\" valign=\"top\" width=\"821\">\n<p style=\"text-align: justify;\"><span style=\"font-family: Times New Roman;\">Nach etwa zwei Stunden fahren wir bei Omi\u0161 vor\u00fcber. Dieser Ort wird der letzte Ort unserer Wanderferien sein. Adrian zeigt uns den grauen Gipfel, den Kula, den wir\u00a0 sp\u00e4ter besteigen werden. Toll, was wir alles noch auf dem Programm haben! Bis jetzt war alles super und wir sind rundum zufrieden. <\/span><span style=\"font-family: Times New Roman;\">Es wir noch eine Weile dauern, bis wir Trogir erreichen werden.<\/span><\/p>\n<\/td>\n<\/tr>\n<tr>\n<td style=\"text-align: justify;\" colspan=\"2\" valign=\"top\" width=\"821\"><span style=\"font-family: Times New Roman;\">Unser letzte Nachtessen auf dem Schiff findet un\u00fcblicherweise bei voller Fahrt des Schiffes statt. Es gibt nochmals ein feines Essen, dem wir hungrig zusprechen. Gestern haben wir mit Kapit\u00e4n Arsen mit dem \u201ecaptains\u2019 dinner\u201e den Abschied vom Schiff gefeiert. Heute gibt es einen Abschied von Burgi und Freddy, die uns morgen verlassen werden. Freddy zieht viele Fresszettel mit treffenden Versli aus dem Hosensack, eines ist besser als das andere und es gibt viel Gel\u00e4chter. Was haben wir geh\u00f6rt inbezug auf Adran? &#8230;Wandrian&#8230;.. Plandrian&#8230;.und nat\u00fcrlich Badrian&#8230;.! Was wird in der zweiten Woche noch dazukommen?<\/span><\/td>\n<\/tr>\n<tr>\n<td colspan=\"2\" valign=\"top\" width=\"821\">\n<p style=\"text-align: justify;\"><span style=\"font-family: Times New Roman;\"><span style=\"font-family: Times New Roman;\">Der Abend klingt jedenfalls fr\u00f6hlich aus. Die meisten machen noch einen Spaziergang durch das n\u00e4chtliche Trogir und finden sich dann wieder in der gleichen Beiz in der Altstadt. <\/span><span style=\"font-family: Times New Roman;\">Der heutige Tag war wie immer ereignisreich. Die Wanderung im Biokovo Gebirge war sehr sch\u00f6n und wird uns allen in sehr guter Erinnerung bleiben. <\/span><span style=\"font-family: Times New Roman;\">Herzlichen Dank, Adrian f\u00fcr die Auswahl dieser Tour! Marianne<\/span><\/span><\/p>\n<\/td>\n<\/tr>\n<tr>\n<td valign=\"top\" width=\"410\">\u00a0<img decoding=\"async\" class=\"ngg-singlepic ngg-none\" src=\"http:\/\/adrianwood.ch\/wp-content\/gallery\/croatia09\/image023_r4.jpg\" alt=\"image023_r4\" \/><\/td>\n<td valign=\"top\" width=\"410\">\u00a0<img decoding=\"async\" class=\"ngg-singlepic ngg-none\" src=\"http:\/\/adrianwood.ch\/wp-content\/gallery\/croatia09\/image025_r4.jpg\" alt=\"image025_r4\" \/><\/td>\n<\/tr>\n<tr>\n<td valign=\"top\" width=\"410\">\u00a0<img decoding=\"async\" class=\"ngg-singlepic ngg-none\" src=\"http:\/\/adrianwood.ch\/wp-content\/gallery\/croatia09\/image027_r4.jpg\" alt=\"image027_r4\" \/><\/td>\n<td valign=\"top\" width=\"410\">\u00a0<img decoding=\"async\" class=\"ngg-singlepic ngg-none\" src=\"http:\/\/adrianwood.ch\/wp-content\/gallery\/croatia09\/image029_r4.jpg\" alt=\"image029_r4\" \/><\/td>\n<\/tr>\n<tr>\n<td valign=\"top\" width=\"410\"><\/td>\n<td valign=\"top\" width=\"410\"><\/td>\n<\/tr>\n<tr>\n<td colspan=\"2\" valign=\"top\" width=\"821\"><strong><span style=\"font-family: Times New Roman;\">Zwischenbericht (mit 7 V\u00e4rsli) nach der ersten Woche auf dem Schiff.<\/span><\/strong><strong><span style=\"font-family: Times New Roman;\">\u00a0<\/span><\/strong><span style=\"font-family: Times New Roman;\">Nach einem fast kroatischen Dank an den Kapit\u00e4n und seine tolle Crew (Hv\u00e0la-Lijepa) befassen wir uns mit <strong>Adrian<\/strong>, den wir auf drei Unterpersonen aufteilen: <\/span><\/p>\n<ol start=\"1\">\n<li><span style=\"font-family: Times New Roman;\">dem PL<strong>Andrian, <\/strong>der diese Tour so super eben <em>geplant<\/em> hat<\/span><\/li>\n<li><span style=\"font-family: Times New Roman;\">dem W<strong>Andrian, <\/strong>der wie immer uns durch die sch\u00f6nsten Gebiet hat <em>wandern<\/em> lassen und <\/span><\/li>\n<li><span style=\"font-family: Times New Roman;\">dem B<strong>Adrian, <\/strong>dessen Hang zum Wasser und dem Sonnen<em>baden<\/em> sprichw\u00f6rtlich ist, allerdings ist ihm diesmal ein anderer vor der Sonner gestanden \u2013 dazu siehe sp\u00e4ter.<\/span><\/li>\n<\/ol>\n<p><span style=\"font-family: Times New Roman;\">Leider konnte ich nicht an der letzten Wanderung teilnehmen \u2013 habe grossm\u00fctig (sic!) auf die Wanderung verzichtet, sonst w\u00e4ren diese Zeilen nicht geboren worden. Ich war n\u00e4mlich auf den Wanderungen so sehr mit dem Nachrennen besch\u00e4fftigt, so dass mir keine Energie mehr blieb zum Denken.<\/span><\/p>\n<p><span style=\"font-family: Times New Roman;\">Ein kurzer Satz zum Wetter: wir sind ja mit einem <strong>blauen Auge<\/strong> davon gekommen. Diese ist allerdings etwas drastisch ausgefallen!<\/span><\/p>\n<p><span style=\"font-family: Times New Roman;\">Dazu V\u00e4rsli 1:<\/span><\/p>\n<p><span style=\"font-family: Times New Roman;\">\u00a0\u00a0\u00a0\u00a0\u00a0\u00a0\u00a0\u00a0\u00a0\u00a0\u00a0\u00a0\u00a0\u00a0\u00a0\u00a0\u00a0\u00a0\u00a0\u00a0\u00a0\u00a0\u00a0 sit simm Unfall trait dr <strong>Bert<\/strong>, d\u00e4 armi Tropf<\/span><\/p>\n<p><span style=\"font-family: Times New Roman;\">\u00a0\u00a0\u00a0\u00a0\u00a0\u00a0\u00a0\u00a0\u00a0\u00a0\u00a0\u00a0\u00a0\u00a0\u00a0\u00a0\u00a0\u00a0\u00a0\u00a0\u00a0\u00a0\u00a0 vo jetzt a s&#8217;Kopfduech schr\u00e4g am Kopf<\/span><\/p>\n<p><span style=\"font-family: Times New Roman;\">\u00a0Jetzt zum <strong>PLAndrian<\/strong> V\u00e4rsli 2:<\/span><\/p>\n<p><span style=\"font-family: Times New Roman;\">\u00a0\u00a0\u00a0\u00a0\u00a0\u00a0\u00a0\u00a0\u00a0\u00a0\u00a0\u00a0\u00a0\u00a0\u00a0\u00a0\u00a0\u00a0\u00a0\u00a0\u00a0\u00a0\u00a0 dr PLAndrian au jetzt nid stuur<\/span><\/p>\n<p><span style=\"font-family: Times New Roman;\">\u00a0\u00a0\u00a0\u00a0\u00a0\u00a0\u00a0\u00a0\u00a0\u00a0\u00a0\u00a0\u00a0\u00a0\u00a0\u00a0\u00a0\u00a0\u00a0\u00a0\u00a0\u00a0\u00a0 hett plant f\u00fcr uns e tolli Tour<\/span><\/p>\n<p><span style=\"font-family: Times New Roman;\">Zum <strong>Wandrian<\/strong> V\u00e4rsli 3:<\/span><\/p>\n<p><span style=\"font-family: Times New Roman;\">\u00a0\u00a0\u00a0\u00a0\u00a0\u00a0\u00a0\u00a0\u00a0\u00a0\u00a0\u00a0\u00a0\u00a0\u00a0\u00a0\u00a0\u00a0\u00a0\u00a0\u00a0\u00a0\u00a0 dank <strong>Wandrian<\/strong> kasch alli mit eme Lache \u00fcber alli vier Backe finde<\/span><\/p>\n<p><span style=\"font-family: Times New Roman;\">\u00a0\u00a0\u00a0\u00a0\u00a0\u00a0\u00a0\u00a0\u00a0\u00a0\u00a0\u00a0\u00a0\u00a0\u00a0\u00a0\u00a0\u00a0\u00a0\u00a0\u00a0\u00a0\u00a0 <strong>Ich<\/strong> laider seh bim Wandere numme die baide vo hinde!<\/span><\/p>\n<p><span style=\"font-family: Times New Roman;\">Zum <strong>Badrian<\/strong> V\u00e4rsli 4:<\/span><\/p>\n<p><span style=\"font-family: Times New Roman;\">\u00a0\u00a0\u00a0\u00a0\u00a0\u00a0\u00a0\u00a0\u00a0\u00a0\u00a0\u00a0\u00a0\u00a0\u00a0\u00a0\u00a0\u00a0\u00a0\u00a0\u00a0\u00a0\u00a0 dr Badrian hett es sich nid n\u00e4h loh<\/span><\/p>\n<p><span style=\"font-family: Times New Roman;\">\u00a0\u00a0\u00a0\u00a0\u00a0\u00a0\u00a0\u00a0\u00a0\u00a0\u00a0\u00a0\u00a0\u00a0\u00a0\u00a0\u00a0\u00a0\u00a0\u00a0\u00a0\u00a0\u00a0 so sinn mir au zum Bade koh<\/span><\/p>\n<p><span style=\"font-family: Times New Roman;\">\u00a0\u00a0\u00a0\u00a0\u00a0\u00a0\u00a0\u00a0\u00a0\u00a0\u00a0\u00a0\u00a0\u00a0\u00a0\u00a0\u00a0\u00a0\u00a0\u00a0\u00a0\u00a0\u00a0 doch hett ihm derby ganz unverhohle<\/span><\/p>\n<p><span style=\"font-family: Times New Roman;\">\u00a0\u00a0\u00a0\u00a0\u00a0\u00a0\u00a0\u00a0\u00a0\u00a0\u00a0\u00a0\u00a0\u00a0\u00a0\u00a0\u00a0\u00a0\u00a0\u00a0\u00a0\u00a0\u00a0 bim Bl\u00fcttle ein Anderer d&#8217;Show no g&#8217;stohle!<\/span><\/p>\n<p><span style=\"font-family: Times New Roman;\">Jetzt no 3 allgemeini V\u00e4rsli<\/span><\/p>\n<p><span style=\"font-family: Times New Roman;\">\u00a0\u00a0\u00a0\u00a0\u00a0\u00a0\u00a0\u00a0\u00a0\u00a0\u00a0\u00a0\u00a0\u00a0\u00a0\u00a0\u00a0\u00a0\u00a0\u00a0\u00a0\u00a0\u00a0 V\u00e4rsli 5:<\/span><\/p>\n<p><span style=\"font-family: Times New Roman;\">\u00a0\u00a0\u00a0\u00a0\u00a0\u00a0\u00a0\u00a0\u00a0\u00a0\u00a0\u00a0\u00a0\u00a0\u00a0\u00a0\u00a0\u00a0\u00a0\u00a0\u00a0\u00a0\u00a0 s&#8217;h\u00e4rzigge L\u00e4chle vo dr Baizer-Tochter &#8211;<\/span><\/p>\n<p><span style=\"font-family: Times New Roman;\">\u00a0\u00a0\u00a0\u00a0\u00a0\u00a0\u00a0\u00a0\u00a0\u00a0\u00a0\u00a0\u00a0\u00a0\u00a0\u00a0\u00a0\u00a0\u00a0\u00a0\u00a0\u00a0\u00a0 dr <strong>Peter M<\/strong>. d\u00e4 findet&#8217;s gar schaad<\/span><\/p>\n<p><span style=\"font-family: Times New Roman;\">\u00a0\u00a0\u00a0\u00a0\u00a0\u00a0\u00a0\u00a0\u00a0\u00a0\u00a0\u00a0\u00a0\u00a0\u00a0\u00a0\u00a0\u00a0\u00a0\u00a0\u00a0\u00a0\u00a0 hett nid \u00e4r, sondern ICH si im Fotti-Apparat<\/span><\/p>\n<p><span style=\"font-family: Times New Roman;\">\u00a0\u00a0\u00a0\u00a0\u00a0\u00a0\u00a0\u00a0\u00a0\u00a0\u00a0\u00a0\u00a0\u00a0\u00a0\u00a0\u00a0\u00a0\u00a0\u00a0\u00a0\u00a0\u00a0 <em>(Noochtrag: s&#8217;Fotteli kann-\u00e4r bim Tagesbricht doch no seeh und villicht \u00fcbers <\/em><\/span><\/p>\n<p><em><span style=\"font-family: Times New Roman;\">\u00a0\u00a0\u00a0\u00a0\u00a0\u00a0\u00a0\u00a0\u00a0\u00a0\u00a0\u00a0\u00a0\u00a0\u00a0\u00a0\u00a0\u00a0\u00a0\u00a0\u00a0\u00a0\u00a0\u00a0\u00a0\u00a0\u00a0\u00a0\u00a0 Bett h\u00e4ngge, wenn&#8217;s d&#8217; Lola zulosst&#8230;..)<\/span><\/em><\/p>\n<p><span style=\"font-family: Times New Roman;\"><em>\u00a0\u00a0\u00a0\u00a0\u00a0\u00a0\u00a0\u00a0\u00a0\u00a0\u00a0\u00a0\u00a0\u00a0\u00a0\u00a0\u00a0\u00a0\u00a0\u00a0\u00a0\u00a0\u00a0 <\/em>V\u00e4rsli 6:<\/span><\/p>\n<p><span style=\"font-family: Times New Roman;\"><em>\u00a0\u00a0\u00a0\u00a0\u00a0\u00a0\u00a0\u00a0\u00a0\u00a0\u00a0\u00a0\u00a0\u00a0\u00a0\u00a0\u00a0\u00a0\u00a0\u00a0\u00a0\u00a0\u00a0 <\/em>w\u00e4r suecht immer \u00d6ppis mit d\u00fctlichem Knurre<\/span><\/p>\n<p><span style=\"font-family: Times New Roman;\">\u00a0\u00a0\u00a0\u00a0\u00a0\u00a0\u00a0\u00a0\u00a0\u00a0\u00a0\u00a0\u00a0\u00a0\u00a0\u00a0\u00a0\u00a0\u00a0\u00a0\u00a0\u00a0\u00a0 he s&#8217;isch dr <strong>Hans P<\/strong>. suecht und suecht si<\/span><\/p>\n<p><span style=\"font-family: Times New Roman;\">\u00a0\u00a0\u00a0\u00a0\u00a0\u00a0\u00a0\u00a0\u00a0\u00a0\u00a0\u00a0\u00a0\u00a0\u00a0\u00a0\u00a0\u00a0\u00a0\u00a0\u00a0\u00a0\u00a0 klaini Giege zur nid so klaine Schnurre<\/span><\/p>\n<p><span style=\"font-family: Times New Roman;\">Abschliessends V\u00e4rsli (bevor mir liecht truurig die Gruppe verl\u00f6hn):<\/span><\/p>\n<p><span style=\"font-family: Times New Roman;\">\u00a0\u00a0\u00a0\u00a0\u00a0\u00a0\u00a0\u00a0\u00a0\u00a0\u00a0\u00a0\u00a0\u00a0\u00a0\u00a0\u00a0\u00a0\u00a0\u00a0\u00a0\u00a0\u00a0 V\u00e4rsli 7:<\/span><\/p>\n<p><span style=\"font-family: Times New Roman;\">\u00a0\u00a0\u00a0\u00a0\u00a0\u00a0\u00a0\u00a0\u00a0\u00a0\u00a0\u00a0\u00a0\u00a0\u00a0\u00a0\u00a0\u00a0\u00a0\u00a0\u00a0\u00a0\u00a0 Liebe PLAndrian, Wandrian und Badrian:<\/span><\/p>\n<p><span style=\"font-family: Times New Roman;\">\u00a0\u00a0\u00a0\u00a0\u00a0\u00a0\u00a0\u00a0\u00a0\u00a0\u00a0\u00a0\u00a0\u00a0\u00a0\u00a0\u00a0\u00a0\u00a0\u00a0\u00a0\u00a0\u00a0 vo d\u00e4ne Ferie sinn mir ganz angetan<\/span><\/p>\n<p><span style=\"font-family: Times New Roman;\">\u00a0\u00a0\u00a0\u00a0\u00a0\u00a0\u00a0\u00a0\u00a0\u00a0\u00a0\u00a0\u00a0\u00a0\u00a0\u00a0\u00a0\u00a0\u00a0\u00a0\u00a0\u00a0\u00a0 mir dangge Dir f\u00fcr d\u00e4 erschti Teil<\/span><\/p>\n<p><span style=\"font-family: Times New Roman;\">\u00a0\u00a0\u00a0\u00a0\u00a0\u00a0\u00a0\u00a0\u00a0\u00a0\u00a0\u00a0\u00a0\u00a0\u00a0\u00a0\u00a0\u00a0\u00a0\u00a0\u00a0\u00a0\u00a0 und sage uff fascht kroatisch und mod\u00e4rn: <strong><em>Mann voll geil<\/em><\/strong>!<\/span><\/p>\n<p><strong><span style=\"font-family: Times New Roman;\">\u00a0<\/span><\/strong><\/p>\n<p><span style=\"font-family: Times New Roman;\">Fredy (der Leichtwanderer)<\/span><\/td>\n<\/tr>\n<\/tbody>\n<\/table>\n<p><strong><span style=\"font-family: Times New Roman;\">\u00a0<img decoding=\"async\" class=\"ngg-singlepic ngg-none\" src=\"http:\/\/adrianwood.ch\/wp-content\/gallery\/croatia09\/image021.jpg\" alt=\"image021\" \/><\/span><\/strong><\/p>\n","protected":false},"excerpt":{"rendered":"<p>19.Mai, Sv.Jure (1762 m); Bergwanderung auf den Vo\u017eac (1421 m) im Biokovo Nationalpark Heute Morgen\u00a0 m\u00fcssen wir zeitig aufstehen. Das Morgenessen wird um 6.30\u00a0 serviert und Abmarsch, dh. Abfahrt mit zwei Kleinbussen ist um 7.30. Es wird heute\u00a0 wieder einen sch\u00f6nen, warmen Tag geben. Die Fahrt auf den Gipfel des Sv. Jure (1762m) dauert etwa &hellip; <a href=\"https:\/\/www.adrianwood.ch\/?page_id=1325\" class=\"more-link\">Continue reading <span class=\"screen-reader-text\">05-19 Biokovo-Gebirge<\/span> <span class=\"meta-nav\">&rarr;<\/span><\/a><\/p>\n","protected":false},"author":1,"featured_media":0,"parent":1262,"menu_order":2389,"comment_status":"closed","ping_status":"closed","template":"","meta":{"ngg_post_thumbnail":0,"footnotes":""},"class_list":["post-1325","page","type-page","status-publish","hentry"],"_links":{"self":[{"href":"https:\/\/www.adrianwood.ch\/index.php?rest_route=\/wp\/v2\/pages\/1325","targetHints":{"allow":["GET"]}}],"collection":[{"href":"https:\/\/www.adrianwood.ch\/index.php?rest_route=\/wp\/v2\/pages"}],"about":[{"href":"https:\/\/www.adrianwood.ch\/index.php?rest_route=\/wp\/v2\/types\/page"}],"author":[{"embeddable":true,"href":"https:\/\/www.adrianwood.ch\/index.php?rest_route=\/wp\/v2\/users\/1"}],"replies":[{"embeddable":true,"href":"https:\/\/www.adrianwood.ch\/index.php?rest_route=%2Fwp%2Fv2%2Fcomments&post=1325"}],"version-history":[{"count":0,"href":"https:\/\/www.adrianwood.ch\/index.php?rest_route=\/wp\/v2\/pages\/1325\/revisions"}],"up":[{"embeddable":true,"href":"https:\/\/www.adrianwood.ch\/index.php?rest_route=\/wp\/v2\/pages\/1262"}],"wp:attachment":[{"href":"https:\/\/www.adrianwood.ch\/index.php?rest_route=%2Fwp%2Fv2%2Fmedia&parent=1325"}],"curies":[{"name":"wp","href":"https:\/\/api.w.org\/{rel}","templated":true}]}}