{"id":13282,"date":"2017-08-09T07:59:53","date_gmt":"2017-08-09T07:59:53","guid":{"rendered":"http:\/\/www.adrianwood.ch\/?page_id=13282"},"modified":"2017-08-09T07:59:53","modified_gmt":"2017-08-09T07:59:53","slug":"05-30-koronos-lionas","status":"publish","type":"page","link":"https:\/\/www.adrianwood.ch\/?page_id=13282","title":{"rendered":"05 30 Koronos- Lionas"},"content":{"rendered":"<div class=\"pmdi_content_wrapper\">\n<figure id=\"attachment_13283\" aria-describedby=\"caption-attachment-13283\" style=\"width: 730px\" class=\"wp-caption alignleft\"><a href=\"http:\/\/www.adrianwood.ch\/wp-content\/uploads\/2017\/08\/KYK_2127.jpg\"><img loading=\"lazy\" decoding=\"async\" class=\"size-full wp-image-13283\" src=\"http:\/\/www.adrianwood.ch\/wp-content\/uploads\/2017\/08\/KYK_2127.jpg\" alt=\"\" width=\"730\" height=\"487\" srcset=\"https:\/\/www.adrianwood.ch\/wp-content\/uploads\/2017\/08\/KYK_2127.jpg 730w, https:\/\/www.adrianwood.ch\/wp-content\/uploads\/2017\/08\/KYK_2127-300x200.jpg 300w\" sizes=\"auto, (max-width: 730px) 100vw, 730px\" \/><\/a><figcaption id=\"caption-attachment-13283\" class=\"wp-caption-text\">Bucht von Lionas<\/figcaption><\/figure>\n<h2 class=\"Normal-P\" style=\"text-align: justify; text-justify: inter-ideograph; direction: ltr; unicode-bidi: normal;\"><span class=\"Normal-H\"><span style=\"font-size: 11pt;\">30. Mai: <\/span><span style=\"font-size: 11pt;\">Koronos<\/span><span style=\"font-size: 11pt;\"> \u2013 <\/span><span style=\"font-size: 11pt;\">Lionas<\/span><\/span><\/h2>\n<p class=\"Normal-P\" style=\"text-align: justify; text-justify: inter-ideograph; direction: ltr; unicode-bidi: normal;\"><span class=\"Normal-H\"><span style=\"font-size: 11pt;\">Heute steht die erste Wanderung auf Naxos auf dem Programm: von <\/span><span style=\"font-size: 11pt;\">Koronos<\/span><span style=\"font-size: 11pt;\"> in den Bergen nach der Bucht von <\/span><span style=\"font-size: 11pt;\">Lionas<\/span><span style=\"font-size: 11pt;\">. Per Bus fahren wir eine Stunde ins Hinterland. Hier sind wir in einem Gebiet mit viel Landwirtschaft, aber auch ehemaligem Bergbau, d.h. Schmirgelabbau (Korund). Fr\u00fcher wurden hier ca. 70 Mienen betrieben, heute rentiert es nicht mehr, da das Material synthetisch hergestellt wird. Nach dem Startkaffee geht es auf die dreist\u00fcndige Wanderung, w\u00e4hrend der alle Sinne profitieren k\u00f6nnen: da hier wieder B\u00e4ume wachsen, h\u00f6ren wir Vogelgesang. Die Blumen und Kr\u00e4uter am Wegesrand leuchten und duften. Wir finden zum ersten Mal die grosse <\/span><span style=\"font-size: 11pt;\">Stinkwurz<\/span><span style=\"font-size: 11pt;\">, aber auch Platanen, Ahorn, Eschen, Johannisbrotb\u00e4ume und nat\u00fcrlich viele Olivenb\u00e4ume. Die Terrassen werden intensiv bewirtschaftet, es gibt auch sch\u00f6ne Gem\u00fcseg\u00e4rten. Auch gut sichtbar sind die Spuren des Marmorabbaus. Mit <\/span><span style=\"font-size: 11pt;\">etlichen Auf<\/span><span style=\"font-size: 11pt;\"> und Ab f\u00fchrt der Weg als sch\u00f6ne H\u00f6hen-wanderung abschliessend zum Meer. Trotz k\u00fchlem Wind st\u00fcrzen sich etliche ins sch\u00f6ne blaue Meer, w\u00e4hrend die anderen den wunderbaren Stein-Strand nach den sch\u00f6nsten Marmorsteinen absucht. Nach einem sehr feinen sp\u00e4ten Mittagessen im <\/span><span style=\"font-size: 11pt;\">Delfini<\/span><span style=\"font-size: 11pt;\"> d\u00fcrfen wir mit dem Besitzer der Taverne eine alte Schmirgel-Miene besichtigen: dort hatte er selber w\u00e4hrend 40 Jahren gearbeitet. Wir gehen ca. 100 m in die dunkle Miene hinein, zuerst ein Tunnel aus Marmor, danach gibt es einen Querstollen: nach links verlief der Abbau nach unten, auf der rechten Seite konnte geradeaus abgebaut werden (man sah noch eine alte Lore).<\/span><\/span><\/p>\nngg_shortcode_0_placeholder\n<figure id=\"attachment_13284\" aria-describedby=\"caption-attachment-13284\" style=\"width: 730px\" class=\"wp-caption alignleft\"><a href=\"http:\/\/www.adrianwood.ch\/wp-content\/uploads\/2017\/08\/KYK_2077.jpg\"><img loading=\"lazy\" decoding=\"async\" class=\"size-full wp-image-13284\" src=\"http:\/\/www.adrianwood.ch\/wp-content\/uploads\/2017\/08\/KYK_2077.jpg\" alt=\"\" width=\"730\" height=\"487\" srcset=\"https:\/\/www.adrianwood.ch\/wp-content\/uploads\/2017\/08\/KYK_2077.jpg 730w, https:\/\/www.adrianwood.ch\/wp-content\/uploads\/2017\/08\/KYK_2077-300x200.jpg 300w\" sizes=\"auto, (max-width: 730px) 100vw, 730px\" \/><\/a><figcaption id=\"caption-attachment-13284\" class=\"wp-caption-text\">Stinkwurz<\/figcaption><\/figure>\n<p class=\"Normal-P\" style=\"direction: ltr; unicode-bidi: normal;\"><span class=\"Normal-H\"><\/span><\/p>\n<\/div>\n","protected":false},"excerpt":{"rendered":"<p>30. Mai: Koronos \u2013 Lionas Heute steht die erste Wanderung auf Naxos auf dem Programm: von Koronos in den Bergen nach der Bucht von Lionas. Per Bus fahren wir eine Stunde ins Hinterland. Hier sind wir in einem Gebiet mit viel Landwirtschaft, aber auch ehemaligem Bergbau, d.h. Schmirgelabbau (Korund). Fr\u00fcher wurden hier ca. 70 Mienen &hellip; <a href=\"https:\/\/www.adrianwood.ch\/?page_id=13282\" class=\"more-link\">Continue reading <span class=\"screen-reader-text\">05 30 Koronos- Lionas<\/span> <span class=\"meta-nav\">&rarr;<\/span><\/a><\/p>\n","protected":false},"author":1,"featured_media":0,"parent":12718,"menu_order":4859,"comment_status":"closed","ping_status":"closed","template":"","meta":{"ngg_post_thumbnail":0,"footnotes":""},"class_list":["post-13282","page","type-page","status-publish","hentry"],"_links":{"self":[{"href":"https:\/\/www.adrianwood.ch\/index.php?rest_route=\/wp\/v2\/pages\/13282","targetHints":{"allow":["GET"]}}],"collection":[{"href":"https:\/\/www.adrianwood.ch\/index.php?rest_route=\/wp\/v2\/pages"}],"about":[{"href":"https:\/\/www.adrianwood.ch\/index.php?rest_route=\/wp\/v2\/types\/page"}],"author":[{"embeddable":true,"href":"https:\/\/www.adrianwood.ch\/index.php?rest_route=\/wp\/v2\/users\/1"}],"replies":[{"embeddable":true,"href":"https:\/\/www.adrianwood.ch\/index.php?rest_route=%2Fwp%2Fv2%2Fcomments&post=13282"}],"version-history":[{"count":2,"href":"https:\/\/www.adrianwood.ch\/index.php?rest_route=\/wp\/v2\/pages\/13282\/revisions"}],"predecessor-version":[{"id":13286,"href":"https:\/\/www.adrianwood.ch\/index.php?rest_route=\/wp\/v2\/pages\/13282\/revisions\/13286"}],"up":[{"embeddable":true,"href":"https:\/\/www.adrianwood.ch\/index.php?rest_route=\/wp\/v2\/pages\/12718"}],"wp:attachment":[{"href":"https:\/\/www.adrianwood.ch\/index.php?rest_route=%2Fwp%2Fv2%2Fmedia&parent=13282"}],"curies":[{"name":"wp","href":"https:\/\/api.w.org\/{rel}","templated":true}]}}