{"id":13287,"date":"2017-08-09T08:13:23","date_gmt":"2017-08-09T08:13:23","guid":{"rendered":"http:\/\/www.adrianwood.ch\/?page_id=13287"},"modified":"2017-08-09T08:13:35","modified_gmt":"2017-08-09T08:13:35","slug":"05-31-moni-chalki","status":"publish","type":"page","link":"https:\/\/www.adrianwood.ch\/?page_id=13287","title":{"rendered":"05 31 Moni &#8211; Chalki"},"content":{"rendered":"<div class=\"pmdi_content_wrapper\">\n<figure id=\"attachment_13288\" aria-describedby=\"caption-attachment-13288\" style=\"width: 730px\" class=\"wp-caption alignleft\"><a href=\"http:\/\/www.adrianwood.ch\/wp-content\/uploads\/2017\/08\/KYK_0366a.jpg\"><img loading=\"lazy\" decoding=\"async\" class=\"size-full wp-image-13288\" src=\"http:\/\/www.adrianwood.ch\/wp-content\/uploads\/2017\/08\/KYK_0366a.jpg\" alt=\"\" width=\"730\" height=\"487\" srcset=\"https:\/\/www.adrianwood.ch\/wp-content\/uploads\/2017\/08\/KYK_0366a.jpg 730w, https:\/\/www.adrianwood.ch\/wp-content\/uploads\/2017\/08\/KYK_0366a-300x200.jpg 300w\" sizes=\"auto, (max-width: 730px) 100vw, 730px\" \/><\/a><figcaption id=\"caption-attachment-13288\" class=\"wp-caption-text\">Strasse in Chalki<\/figcaption><\/figure>\n<h2 class=\"Normal-P\" style=\"text-align: justify; text-justify: inter-ideograph; direction: ltr; unicode-bidi: normal; margin-right: -7.1pt;\"><span class=\"Normal-H\"><span style=\"font-size: 11pt;\">31. Mai: Moni \u2013 <\/span><span style=\"font-size: 11pt;\">Chalki<\/span><span style=\"font-size: 11pt;\"> \u2013 <\/span><span style=\"font-size: 11pt;\">Plaka<\/span><\/span><\/h2>\n<p class=\"Normal-P\" style=\"text-align: justify; text-justify: inter-ideograph; direction: ltr; unicode-bidi: normal; margin-right: -7.1pt;\"><span class=\"Normal-H\"><span style=\"font-size: 11pt;\">Nach einem un\u00fcbertrefflichen Fr\u00fchst\u00fcck starten wir mit dem Bus auf die <\/span><span style=\"font-size: 11pt;\">Hochebene, nach<\/span><span style=\"font-size: 11pt;\"> Moni, das am Nordrand der <\/span><span style=\"font-size: 11pt;\">Trag\u00e9a<\/span><span style=\"font-size: 11pt;\"> liegt und eine sch\u00f6ne Aussicht auf die Berge und die Ebene liefert. Dank dem nahen Marmorsteinbruch geniesst das Dorf bescheidenen Reichtum. Wir wandern hinunter bis zur <\/span><span style=\"font-size: 11pt;\">Panagia<\/span><span style=\"font-size: 11pt;\">Drossiani<\/span><span style=\"font-size: 11pt;\">, eine der besterhaltenen fr\u00fchchristlichen Kirche aus dem 6. <\/span><span style=\"font-size: 11pt;\">Jht<\/span><span style=\"font-size: 11pt;\">. Leider ist sie geschlossen. Weiter geht es \u00fcber einsame Pfade, Schluchten, Bachbette, Felder und W\u00e4lder nach <\/span><span style=\"font-size: 11pt;\">Chalki<\/span><span style=\"font-size: 11pt;\">. Kurz vor <\/span><span style=\"font-size: 11pt;\">Chalki<\/span><span style=\"font-size: 11pt;\"> verlieren wir Matthias, so dass die Gruppe sich trennt und Zwei sich auf die Suche machen. Zum Gl\u00fcck sind wir nach ca. 30 Min. in <\/span><span style=\"font-size: 11pt;\">Chalki<\/span><span style=\"font-size: 11pt;\"> alle wohlbehalten wieder vereint. Wir d\u00fcrfen noch einen kleinen Betrieb besuchen, wo seit 5 Generationen feiner <\/span><span style=\"font-size: 11pt;\">Rakomelo<\/span><span style=\"font-size: 11pt;\"> in verschiedenen s\u00fcss- und <\/span><span style=\"font-size: 11pt;\">alkohlgehalt<\/span><span style=\"font-size: 11pt;\"> produziert wird. Danach wandern wir weiter \u00fcber Treppen, Stein- und Plattenwegen durch eine bizarre Felsenlandschaft bis nach <\/span><span style=\"font-size: 11pt;\">Epano<\/span><span style=\"font-size: 11pt;\">Potamia<\/span><span style=\"font-size: 11pt;\">, wo wir ein sp\u00e4tes verdientes Mittagessen geniessen d\u00fcrfen. Per Bus geht es zur\u00fcck in die Stadt, wo \u2013 je nach Gusto \u2013 gebadet oder die Stadt erkundet wurde.<\/span><\/span><\/p>\nngg_shortcode_0_placeholder\n<figure id=\"attachment_13289\" aria-describedby=\"caption-attachment-13289\" style=\"width: 730px\" class=\"wp-caption alignleft\"><a href=\"http:\/\/www.adrianwood.ch\/wp-content\/uploads\/2017\/08\/KYK_2203.jpg\"><img loading=\"lazy\" decoding=\"async\" class=\"size-full wp-image-13289\" src=\"http:\/\/www.adrianwood.ch\/wp-content\/uploads\/2017\/08\/KYK_2203.jpg\" alt=\"\" width=\"730\" height=\"487\" srcset=\"https:\/\/www.adrianwood.ch\/wp-content\/uploads\/2017\/08\/KYK_2203.jpg 730w, https:\/\/www.adrianwood.ch\/wp-content\/uploads\/2017\/08\/KYK_2203-300x200.jpg 300w\" sizes=\"auto, (max-width: 730px) 100vw, 730px\" \/><\/a><figcaption id=\"caption-attachment-13289\" class=\"wp-caption-text\">Plaka Strand<\/figcaption><\/figure>\n<p class=\"Normal-P\" style=\"direction: ltr; unicode-bidi: normal;\">\n<\/div>\n","protected":false},"excerpt":{"rendered":"<p>31. Mai: Moni \u2013 Chalki \u2013 Plaka Nach einem un\u00fcbertrefflichen Fr\u00fchst\u00fcck starten wir mit dem Bus auf die Hochebene, nach Moni, das am Nordrand der Trag\u00e9a liegt und eine sch\u00f6ne Aussicht auf die Berge und die Ebene liefert. Dank dem nahen Marmorsteinbruch geniesst das Dorf bescheidenen Reichtum. Wir wandern hinunter bis zur PanagiaDrossiani, eine der &hellip; <a href=\"https:\/\/www.adrianwood.ch\/?page_id=13287\" class=\"more-link\">Continue reading <span class=\"screen-reader-text\">05 31 Moni &#8211; Chalki<\/span> <span class=\"meta-nav\">&rarr;<\/span><\/a><\/p>\n","protected":false},"author":1,"featured_media":0,"parent":12718,"menu_order":4860,"comment_status":"closed","ping_status":"closed","template":"","meta":{"ngg_post_thumbnail":0,"footnotes":""},"class_list":["post-13287","page","type-page","status-publish","hentry"],"_links":{"self":[{"href":"https:\/\/www.adrianwood.ch\/index.php?rest_route=\/wp\/v2\/pages\/13287","targetHints":{"allow":["GET"]}}],"collection":[{"href":"https:\/\/www.adrianwood.ch\/index.php?rest_route=\/wp\/v2\/pages"}],"about":[{"href":"https:\/\/www.adrianwood.ch\/index.php?rest_route=\/wp\/v2\/types\/page"}],"author":[{"embeddable":true,"href":"https:\/\/www.adrianwood.ch\/index.php?rest_route=\/wp\/v2\/users\/1"}],"replies":[{"embeddable":true,"href":"https:\/\/www.adrianwood.ch\/index.php?rest_route=%2Fwp%2Fv2%2Fcomments&post=13287"}],"version-history":[{"count":3,"href":"https:\/\/www.adrianwood.ch\/index.php?rest_route=\/wp\/v2\/pages\/13287\/revisions"}],"predecessor-version":[{"id":13292,"href":"https:\/\/www.adrianwood.ch\/index.php?rest_route=\/wp\/v2\/pages\/13287\/revisions\/13292"}],"up":[{"embeddable":true,"href":"https:\/\/www.adrianwood.ch\/index.php?rest_route=\/wp\/v2\/pages\/12718"}],"wp:attachment":[{"href":"https:\/\/www.adrianwood.ch\/index.php?rest_route=%2Fwp%2Fv2%2Fmedia&parent=13287"}],"curies":[{"name":"wp","href":"https:\/\/api.w.org\/{rel}","templated":true}]}}