{"id":13293,"date":"2017-08-09T08:21:45","date_gmt":"2017-08-09T08:21:45","guid":{"rendered":"http:\/\/www.adrianwood.ch\/?page_id=13293"},"modified":"2017-08-09T08:32:19","modified_gmt":"2017-08-09T08:32:19","slug":"06-01-apieranthos","status":"publish","type":"page","link":"https:\/\/www.adrianwood.ch\/?page_id=13293","title":{"rendered":"06 01 Apieranthos"},"content":{"rendered":"<div class=\"pmdi_content_wrapper\">\n<figure id=\"attachment_13294\" aria-describedby=\"caption-attachment-13294\" style=\"width: 730px\" class=\"wp-caption alignleft\"><a href=\"http:\/\/www.adrianwood.ch\/wp-content\/uploads\/2017\/08\/KYK_2305.jpg\"><img loading=\"lazy\" decoding=\"async\" class=\"size-full wp-image-13294\" src=\"http:\/\/www.adrianwood.ch\/wp-content\/uploads\/2017\/08\/KYK_2305.jpg\" alt=\"\" width=\"730\" height=\"487\" srcset=\"https:\/\/www.adrianwood.ch\/wp-content\/uploads\/2017\/08\/KYK_2305.jpg 730w, https:\/\/www.adrianwood.ch\/wp-content\/uploads\/2017\/08\/KYK_2305-300x200.jpg 300w\" sizes=\"auto, (max-width: 730px) 100vw, 730px\" \/><\/a><figcaption id=\"caption-attachment-13294\" class=\"wp-caption-text\">Abstieg von Fanari<\/figcaption><\/figure>\n<h2 class=\"Normal-P\" style=\"text-align: justify; text-justify: inter-ideograph; direction: ltr; unicode-bidi: normal; margin-right: -7.1pt;\"><span class=\"Normal-H\"><span style=\"font-size: 11pt;\">1. Juni: <\/span><span style=\"font-size: 11pt;\">Apeiranthos<\/span><span style=\"font-size: 11pt;\"> \u2013 <\/span><span style=\"font-size: 11pt;\">Fanari<\/span><span style=\"font-size: 11pt;\"> &#8211; <\/span><span style=\"font-size: 11pt;\">Panagia <\/span><span style=\"font-size: 11pt;\">Drossiani<\/span><\/span><\/h2>\n<p class=\"Normal-P\" style=\"text-align: justify; text-justify: inter-ideograph; direction: ltr; unicode-bidi: normal; margin-right: -7.1pt;\"><span class=\"Normal-H\"><span style=\"font-size: 11pt;\">Heute steht uns die anspruchsvollste Wanderung bevor. Mit unserem Bus fahren wir ins Bergdorf <\/span><span style=\"font-size: 11pt;\">Apeiranthos<\/span><span style=\"font-size: 11pt;\">, wo unsere Wanderung startet. Zuerst suchen wir im Ort nach der B\u00e4ckerei, die wie vor hundert Jahren im Holzofen Brot b\u00e4ckt (um 3 h morgens einheizen!). Wir d\u00fcrfen von einem warmen, dunklen Brot versuchen, <\/span><span style=\"font-size: 11pt;\">mmmh<\/span><span style=\"font-size: 11pt;\">! Dann beginnt der Aufstieg zum Sattel des <\/span><span style=\"font-size: 11pt;\">Fanari<\/span><span style=\"font-size: 11pt;\"> (3. H\u00f6chster Berg). Es wird sehr heiss, die meisten konzentrieren sich auf den steinigen Weg und schweigen. Vom Sattel aus ist es wieder eine sch\u00f6ne, <\/span><span style=\"font-size: 11pt;\">abwechslungs-reiche<\/span><span style=\"font-size: 11pt;\"> Wanderung mit tollen Aussichten auf die <\/span><span style=\"font-size: 11pt;\">Trag\u00e9a<\/span><span style=\"font-size: 11pt;\">, Naxos Stadt und das Meer. Zuerst ist das Gel\u00e4nde recht anspruchsvoll mit felsigen Treppen und hohen Stufen. Je weiter wir <\/span><span style=\"font-size: 11pt;\">hinunter kommen<\/span><span style=\"font-size: 11pt;\">, desto gr\u00fcner wird es: wir erhalten Schatten durch B\u00e4ume, h\u00f6ren Vogelgezwitscher, treffen auf Schafe und langsam auf Pflanzungen mit verschiedenen Gem\u00fcsen und Obstb\u00e4umen (Mirabellen, Weichseln, Quitten, sogar Nussb\u00e4ume). Wir landen wieder in Moni, wo wir alle nach Erfrischungen lechzen. Nach der Pause wandern wir weiter zur <\/span><span style=\"font-size: 11pt;\">Panagia<\/span><span style=\"font-size: 11pt;\">Drossiani<\/span><span style=\"font-size: 11pt;\">, welche diesmal <\/span><span style=\"font-size: 11pt;\">offen steht<\/span><span style=\"font-size: 11pt;\">. Eine Gruppe wird erwartet, aber wir k\u00f6nnen noch vorher hinein. Die sehr alten Wandmalereien sollten restauriert werden \u2013 aber wer bezahlt? Vor dem Altar summen wir zu dritt das Ave Verum Corpus. Anschliessend singen wir mit Hilfe von Heinz noch Dona <\/span><span style=\"font-size: 11pt;\">Nobis<\/span><span style=\"font-size: 11pt;\">Pacem<\/span><span style=\"font-size: 11pt;\">, was die inzwischen eingetroffene Gruppe zu sch\u00e4tzen weiss. Leider hat der bestellte Bus fast eine Stunde Versp\u00e4tung, aber es reicht noch f\u00fcr das Badevergn\u00fcgen an der <\/span><span style=\"font-size: 11pt;\">Agya<\/span><span style=\"font-size: 11pt;\"> Anna, wo wir zum Abschluss ein reichhaltiges, feines Essen am Strand erhalten, idealer Ort auch f\u00fcr den Sonnenuntergang. Zur\u00fcck im <\/span><span style=\"font-size: 11pt;\">Hotel verabschieden<\/span><span style=\"font-size: 11pt;\"> wir unsere beiden tollen Wanderleiterinnen und gehen dann packen.<\/span><\/span><\/p>\nngg_shortcode_0_placeholder\n<figure id=\"attachment_13297\" aria-describedby=\"caption-attachment-13297\" style=\"width: 730px\" class=\"wp-caption alignleft\"><a href=\"http:\/\/www.adrianwood.ch\/wp-content\/uploads\/2017\/08\/KYK_2280.jpg\"><img loading=\"lazy\" decoding=\"async\" class=\"size-full wp-image-13297\" src=\"http:\/\/www.adrianwood.ch\/wp-content\/uploads\/2017\/08\/KYK_2280.jpg\" alt=\"\" width=\"730\" height=\"487\" srcset=\"https:\/\/www.adrianwood.ch\/wp-content\/uploads\/2017\/08\/KYK_2280.jpg 730w, https:\/\/www.adrianwood.ch\/wp-content\/uploads\/2017\/08\/KYK_2280-300x200.jpg 300w\" sizes=\"auto, (max-width: 730px) 100vw, 730px\" \/><\/a><figcaption id=\"caption-attachment-13297\" class=\"wp-caption-text\">Brotebacken im Apieranthos<\/figcaption><\/figure>\n<\/div>\n","protected":false},"excerpt":{"rendered":"<p>1. Juni: Apeiranthos \u2013 Fanari &#8211; Panagia Drossiani Heute steht uns die anspruchsvollste Wanderung bevor. Mit unserem Bus fahren wir ins Bergdorf Apeiranthos, wo unsere Wanderung startet. Zuerst suchen wir im Ort nach der B\u00e4ckerei, die wie vor hundert Jahren im Holzofen Brot b\u00e4ckt (um 3 h morgens einheizen!). Wir d\u00fcrfen von einem warmen, dunklen &hellip; <a href=\"https:\/\/www.adrianwood.ch\/?page_id=13293\" class=\"more-link\">Continue reading <span class=\"screen-reader-text\">06 01 Apieranthos<\/span> <span class=\"meta-nav\">&rarr;<\/span><\/a><\/p>\n","protected":false},"author":1,"featured_media":0,"parent":12718,"menu_order":4861,"comment_status":"closed","ping_status":"closed","template":"","meta":{"ngg_post_thumbnail":0,"footnotes":""},"class_list":["post-13293","page","type-page","status-publish","hentry"],"_links":{"self":[{"href":"https:\/\/www.adrianwood.ch\/index.php?rest_route=\/wp\/v2\/pages\/13293","targetHints":{"allow":["GET"]}}],"collection":[{"href":"https:\/\/www.adrianwood.ch\/index.php?rest_route=\/wp\/v2\/pages"}],"about":[{"href":"https:\/\/www.adrianwood.ch\/index.php?rest_route=\/wp\/v2\/types\/page"}],"author":[{"embeddable":true,"href":"https:\/\/www.adrianwood.ch\/index.php?rest_route=\/wp\/v2\/users\/1"}],"replies":[{"embeddable":true,"href":"https:\/\/www.adrianwood.ch\/index.php?rest_route=%2Fwp%2Fv2%2Fcomments&post=13293"}],"version-history":[{"count":3,"href":"https:\/\/www.adrianwood.ch\/index.php?rest_route=\/wp\/v2\/pages\/13293\/revisions"}],"predecessor-version":[{"id":13298,"href":"https:\/\/www.adrianwood.ch\/index.php?rest_route=\/wp\/v2\/pages\/13293\/revisions\/13298"}],"up":[{"embeddable":true,"href":"https:\/\/www.adrianwood.ch\/index.php?rest_route=\/wp\/v2\/pages\/12718"}],"wp:attachment":[{"href":"https:\/\/www.adrianwood.ch\/index.php?rest_route=%2Fwp%2Fv2%2Fmedia&parent=13293"}],"curies":[{"name":"wp","href":"https:\/\/api.w.org\/{rel}","templated":true}]}}