{"id":13376,"date":"2017-09-10T10:36:39","date_gmt":"2017-09-10T10:36:39","guid":{"rendered":"http:\/\/www.adrianwood.ch\/?page_id=13376"},"modified":"2017-09-10T10:45:32","modified_gmt":"2017-09-10T10:45:32","slug":"07-31-zinal-hohenweg","status":"publish","type":"page","link":"https:\/\/www.adrianwood.ch\/?page_id=13376","title":{"rendered":"07-31 Zinal Hohenweg"},"content":{"rendered":"<div class=\"pmdi_content_wrapper\">\n<figure id=\"attachment_13378\" aria-describedby=\"caption-attachment-13378\" style=\"width: 730px\" class=\"wp-caption alignleft\"><a href=\"http:\/\/www.adrianwood.ch\/wp-content\/uploads\/2017\/09\/BEL_0209-2.jpg\"><img loading=\"lazy\" decoding=\"async\" class=\"size-full wp-image-13378\" src=\"http:\/\/www.adrianwood.ch\/wp-content\/uploads\/2017\/09\/BEL_0209-2.jpg\" alt=\"\" height=\"487\" width=\"730\" srcset=\"https:\/\/www.adrianwood.ch\/wp-content\/uploads\/2017\/09\/BEL_0209-2.jpg 730w, https:\/\/www.adrianwood.ch\/wp-content\/uploads\/2017\/09\/BEL_0209-2-300x200.jpg 300w\" sizes=\"auto, (max-width: 730px) 100vw, 730px\" \/><\/a><figcaption id=\"caption-attachment-13378\" class=\"wp-caption-text\">Sicht auf dem Talschluss von Zinal<\/figcaption><\/figure>\n<p class=\"Normal-P\" style=\"margin-bottom: 6pt; text-align: justify; text-justify: inter-ideograph; direction: ltr; unicode-bidi: normal;\"><span class=\"Normal-H\"><span style=\"font-weight: bold;\">31.Juli,<\/span><span style=\"font-weight: bold;\">Zinal<\/span><span style=\"font-weight: bold;\"> H\u00f6henweg, Hotel Weisshorn \u2013 <\/span><span style=\"font-weight: bold;\">Barneuza<\/span><span style=\"font-weight: bold;\"> &#8211; <\/span><span style=\"font-weight: bold;\">Zinal<\/span><\/span><\/p>\n<p class=\"Normal-P\" style=\"margin-bottom: 6pt; text-align: justify; text-justify: inter-ideograph; direction: ltr; unicode-bidi: normal;\"><span class=\"Normal-H\">12km,Aufstieg: 200m \/ Abstieg: 800 HM \/ Marschzeit: ca. 4h<\/span><\/p>\n<p class=\"Normal-P\" style=\"margin-bottom: 6pt; text-align: justify; text-justify: inter-ideograph; direction: ltr; unicode-bidi: normal;\"><span class=\"Normal-H\">Obwohl diese Wanderung einfach ist und die 2000 Meter-Grenze nur knapp \u00fcberschreitet, gibt&#8217;s hier tats\u00e4chlich viel zu geniessen. Die Wanderung f\u00fchrt durch eine sehr sch\u00f6ne und abwechslungsreiche Landschaft, anf\u00e4nglich durch kleine Waldst\u00fccke mit manchmal h\u00fcbschen Durchblicken, aber meistens durch Alpweiden mit anhaltend grossartiger Aussicht, vor allem auf den Talschluss des Val de Zinal.<\/span><\/p>\n<p class=\"Normal-P\" style=\"margin-bottom: 6pt; text-align: justify; text-justify: inter-ideograph; direction: ltr; unicode-bidi: normal;\"><span class=\"Normal-H\">Leider am n\u00e4chsten Morgen regnete und st\u00fcrmte es und wir k\u00f6nnten erst um 9.30 loslaufen. Am Anfang war der Weg flach, sp\u00e4ter wurde er etwas steiler. Der Regen hatte aufgeh\u00f6rt und kurz nach dem Verlassen des Hotel Weisshorns hatten wir eine sch\u00f6ne Aussicht auf Grimentz. Beim Weiterweg trafen wir dann noch auf die typischen Ehringerk\u00fche, welche lieber friedlich \u00e4send in der Sonne lagen, statt zu k\u00e4mpfen. Die Aussicht, die uns bei Barneuza Alpage geg\u00f6nnt w\u00fcrde, war schon wieder pr\u00e4chtig und wir h\u00e4tten hier gerne eine l\u00e4ngere Pause gemacht um es zu geniessen, aber die Wolken sahen wie am Vortag bedrohlich aus und wir eilten nach kurzem Halt weiter.<\/span><\/p>\n<p class=\"Normal-P\" style=\"margin-bottom: 6pt; text-align: justify; text-justify: inter-ideograph; direction: ltr; unicode-bidi: normal;\"><span class=\"Normal-H\">Die Abzweigung zum Col des Arpettes liessen wir links liegen und gelangten auf einem sch\u00f6nen und flachen Pfad zum P.2173, wo wir rechtshaltend nach Zinal abzweigten. Links w\u00e4re es hinauf zum Tracuith\u00fctte gegangen. Vor zwanzig Jahre hatte ich diesen Weg sehnlichst gesucht, weil ich anschliessend auf das Bishorn steigen wollte, aber damals gab es den Verbindungsweg leider noch nicht. Nach einigem auf und ab f\u00fchrte der Pfad nun definitiv hinab zur H\u00fctte bei Lirec. In vielen Kehren ging es dann steil weiter hinunter nach Zinal. <\/span><\/p>\n<p class=\"Normal-P\" style=\"margin-bottom: 6pt; text-align: justify; text-justify: inter-ideograph; direction: ltr; unicode-bidi: normal;\"><span class=\"Normal-H\">Wir waren schnell auf dem Zinal H\u00f6henweg unterwegs und haben, ohne nass zu werden, Zinal fr\u00fcher als geplant erreicht. Zufrieden fahren wir mit dem 14.06 Bus talabw\u00e4rts nach Vissoie und weiter nach Hause in Basel.<\/span><\/p>\nngg_shortcode_0_placeholder\n<\/div>\n","protected":false},"excerpt":{"rendered":"<p>31.Juli,Zinal H\u00f6henweg, Hotel Weisshorn \u2013 Barneuza &#8211; Zinal 12km,Aufstieg: 200m \/ Abstieg: 800 HM \/ Marschzeit: ca. 4h Obwohl diese Wanderung einfach ist und die 2000 Meter-Grenze nur knapp \u00fcberschreitet, gibt&#8217;s hier tats\u00e4chlich viel zu geniessen. Die Wanderung f\u00fchrt durch eine sehr sch\u00f6ne und abwechslungsreiche Landschaft, anf\u00e4nglich durch kleine Waldst\u00fccke mit manchmal h\u00fcbschen Durchblicken, aber &hellip; <a href=\"https:\/\/www.adrianwood.ch\/?page_id=13376\" class=\"more-link\">Continue reading <span class=\"screen-reader-text\">07-31 Zinal Hohenweg<\/span> <span class=\"meta-nav\">&rarr;<\/span><\/a><\/p>\n","protected":false},"author":1,"featured_media":0,"parent":13363,"menu_order":1390,"comment_status":"closed","ping_status":"closed","template":"","meta":{"ngg_post_thumbnail":0,"footnotes":""},"class_list":["post-13376","page","type-page","status-publish","hentry"],"_links":{"self":[{"href":"https:\/\/www.adrianwood.ch\/index.php?rest_route=\/wp\/v2\/pages\/13376","targetHints":{"allow":["GET"]}}],"collection":[{"href":"https:\/\/www.adrianwood.ch\/index.php?rest_route=\/wp\/v2\/pages"}],"about":[{"href":"https:\/\/www.adrianwood.ch\/index.php?rest_route=\/wp\/v2\/types\/page"}],"author":[{"embeddable":true,"href":"https:\/\/www.adrianwood.ch\/index.php?rest_route=\/wp\/v2\/users\/1"}],"replies":[{"embeddable":true,"href":"https:\/\/www.adrianwood.ch\/index.php?rest_route=%2Fwp%2Fv2%2Fcomments&post=13376"}],"version-history":[{"count":3,"href":"https:\/\/www.adrianwood.ch\/index.php?rest_route=\/wp\/v2\/pages\/13376\/revisions"}],"predecessor-version":[{"id":13514,"href":"https:\/\/www.adrianwood.ch\/index.php?rest_route=\/wp\/v2\/pages\/13376\/revisions\/13514"}],"up":[{"embeddable":true,"href":"https:\/\/www.adrianwood.ch\/index.php?rest_route=\/wp\/v2\/pages\/13363"}],"wp:attachment":[{"href":"https:\/\/www.adrianwood.ch\/index.php?rest_route=%2Fwp%2Fv2%2Fmedia&parent=13376"}],"curies":[{"name":"wp","href":"https:\/\/api.w.org\/{rel}","templated":true}]}}