{"id":13520,"date":"2017-09-11T13:28:26","date_gmt":"2017-09-11T13:28:26","guid":{"rendered":"http:\/\/www.adrianwood.ch\/?page_id=13520"},"modified":"2017-09-11T14:06:03","modified_gmt":"2017-09-11T14:06:03","slug":"2017-08-europaweg","status":"publish","type":"page","link":"https:\/\/www.adrianwood.ch\/?page_id=13520","title":{"rendered":"2017-08 Europaweg"},"content":{"rendered":"<div class=\"pmdi_content_wrapper\">\n<figure id=\"attachment_13521\" aria-describedby=\"caption-attachment-13521\" style=\"width: 730px\" class=\"wp-caption alignleft\"><a href=\"http:\/\/www.adrianwood.ch\/wp-content\/uploads\/2017\/09\/EUR_0041-2.jpg\"><img loading=\"lazy\" decoding=\"async\" class=\"size-full wp-image-13521\" src=\"http:\/\/www.adrianwood.ch\/wp-content\/uploads\/2017\/09\/EUR_0041-2.jpg\" alt=\"\" height=\"487\" width=\"730\" srcset=\"https:\/\/www.adrianwood.ch\/wp-content\/uploads\/2017\/09\/EUR_0041-2.jpg 730w, https:\/\/www.adrianwood.ch\/wp-content\/uploads\/2017\/09\/EUR_0041-2-300x200.jpg 300w\" sizes=\"auto, (max-width: 730px) 100vw, 730px\" \/><\/a><figcaption id=\"caption-attachment-13521\" class=\"wp-caption-text\">Matterhorn (links), Weisshorn und Bishorn mit Brunegghorn vorne<\/figcaption><\/figure>\n<h3 class=\"Normal-P\" style=\"direction: ltr; unicode-bidi: normal;\"><span class=\"Normal-H\"><span style=\"font-family: PFCentroSansPro; font-weight: bold; color: #524439;\">25. \u2013 26. August 2017, Europaweg, <\/span><span style=\"font-family: PFCentroSansPro; font-weight: bold; color: #524439;\">Gr\u00e4chen<\/span><span style=\"font-family: PFCentroSansPro; font-weight: bold; color: #524439;\"> \u2013 Europah\u00fctte &#8211; Zermatt<\/span><\/span><\/h3>\n<p class=\"Normal-P\" style=\"text-align: justify; text-justify: inter-ideograph; direction: ltr; unicode-bidi: normal;\"><em><span class=\"Normal-H\"><span style=\"font-family: PFCentroSansPro; color: #524439;\">Den Europaweg zwischen <\/span><span style=\"font-family: PFCentroSansPro; color: #524439;\">Gr\u00e4chen<\/span><span style=\"font-family: PFCentroSansPro; color: #524439;\"> und Zermatt halten manche f\u00fcr die sch\u00f6nste 2-Tageswanderung in den Alpen. Die Sicht auf das Bergpanorama inklusive Matterhorn haben ihn weltweit bekannt gemacht. Diese atemberaubende Natur haben die Verantwortlichen der Gemeinden St. Niklaus, <\/span><span style=\"font-family: PFCentroSansPro; color: #524439;\">Gr\u00e4chen<\/span><span style=\"font-family: PFCentroSansPro; color: #524439;\">, Randa, <\/span><span style=\"font-family: PFCentroSansPro; color: #524439;\">T\u00e4sch<\/span><span style=\"font-family: PFCentroSansPro; color: #524439;\"> und Zermatt 1997 genutzt und den Europaweg erstellt. Er f\u00fchrt von <\/span><span style=\"font-family: PFCentroSansPro; color: #524439;\">Gr\u00e4chen<\/span><span style=\"font-family: PFCentroSansPro; color: #524439;\"> \u00fcber <\/span><span style=\"font-family: PFCentroSansPro; color: #524439;\">Gasenried<\/span><span style=\"font-family: PFCentroSansPro; color: #524439;\"> zum Grat, von dort hoch \u00fcber dem <\/span><span style=\"font-family: PFCentroSansPro; color: #524439;\">Mattertal<\/span><span style=\"font-family: PFCentroSansPro; color: #524439;\"> nach S\u00fcden zur Europah\u00fctte oberhalb Randa. Danach geht es \u00fcber die Weltrekord-H\u00e4ngebr\u00fccke, die l\u00e4ngste Fussg\u00e4nger-H\u00e4ngebr\u00fccke der Welt, die das Grabengufer \u00fcberspannt. Sie ist 494 m lang und am h\u00f6chsten Punkt schwebt man 65 m \u00fcber dem Abgrund. Dann geht es weiter Richtung <\/span><span style=\"font-family: PFCentroSansPro; color: #524439;\">T\u00e4schalp<\/span><span style=\"font-family: PFCentroSansPro; color: #524439;\"> und schliesslich nach Zermatt.<\/span><\/span><\/em><\/p>\n<p class=\"Normal-P\" style=\"margin-bottom: 6pt; text-align: justify; text-justify: inter-ideograph; direction: ltr; unicode-bidi: normal;\"><span class=\"Normal-H\"><span style=\"font-family: Calibri;\">Nach ich geh\u00f6rt hatte, dass der neue<\/span><span style=\"font-family: Calibri;\">r<\/span><span style=\"font-family: Calibri;\"> Br\u00fccke ge\u00f6ffnet wurde, habe ich kurzfristig abgemacht mit einem Freund auf dem Europaweg zu gehen. Es gab Ende August noch <\/span><span style=\"font-family: Calibri;\">perfektes Wetter, sonst w\u00e4re<\/span><span style=\"font-family: Calibri;\">wir<\/span><span style=\"font-family: Calibri;\"> gar nicht gegangen. <\/span><span style=\"font-family: Calibri;\">Es wird empfoh<\/span><span style=\"font-family: Calibri;\">len, dass man schon um 7.00 losl\u00e4uft, aber die Tage waren noch lang und wir haben einen viel sp\u00e4teren Start gew\u00e4gt. Es hatte 30 Grad unten im Rhone Tal und ich k\u00f6nnte d<\/span><span style=\"font-family: Calibri;\">en ganzen Tag nur in Shorts und <\/span><span style=\"font-family: Calibri;\">T-shirt<\/span><span style=\"font-family: Calibri;\"> laufen, ausser der letzte Stunde wann ich <\/span><span style=\"font-family: Calibri;\">doch <\/span><span style=\"font-family: Calibri;\">meinem Hemd angezogen habe. 8 bis 10Leute haben uns <\/span><span style=\"font-family: Calibri;\">unterwegs <\/span><span style=\"font-family: Calibri;\">\u00fcberholt. Sie haben glaube ich eine Stunde nach uns angefangen.<\/span><\/span><\/p>\n<p class=\"Normal-P\" style=\"margin-bottom: 6pt; text-align: justify; text-justify: inter-ideograph; direction: ltr; unicode-bidi: normal;\"><span class=\"Normal-H\"><span style=\"font-family: Calibri;\">Obwohl wir nicht den ganzen Weg gemacht haben, <\/span><span style=\"font-family: Calibri;\">bin<\/span><span style=\"font-family: Calibri;\"> ich<\/span><span style=\"font-family: Calibri;\"> doch sehr zufrieden nach Hause gekommen<\/span><span style=\"font-family: Calibri;\">.<\/span><span style=\"font-family: Calibri;\">Ich<\/span><span style=\"font-family: Calibri;\"> habe am n\u00e4chsten Tag kein Muskelkater gesp\u00fcrt, <\/span><span style=\"font-family: Calibri;\">war aber noch etwas m\u00fcde<\/span><span style=\"font-family: Calibri;\">. Ich <\/span><span style=\"font-family: Calibri;\">war<\/span><span style=\"font-family: Calibri;\"> froh, dass ich den ersten und wahrscheinlich <\/span><span style=\"font-family: Calibri;\">schwerigsten<\/span><span style=\"font-family: Calibri;\"> Teil des Europawegs geschafft h<\/span><span style=\"font-family: Calibri;\">att<\/span><span style=\"font-family: Calibri;\">e, obwohl es \u2018<\/span><span style=\"font-family: Calibri;\">No<\/span><span style=\"font-family: Calibri;\">country<\/span><span style=\"font-family: Calibri;\">for<\/span><span style=\"font-family: Calibri;\">old<\/span><span style=\"font-family: Calibri;\">men<\/span><span style=\"font-family: Calibri;\">\u2019 war. Ich war meinem Freund dankbar, dass er mitgekommen ist. Ich kenne sonst kaum jemand der gern eine so lange Tour mit mir in diesem langsamen Tempo gemacht h\u00e4tte. Es ist doch <\/span><span style=\"font-family: Calibri;\">ein \u00fcberw\u00e4ltigende Weg<\/span><span style=\"font-family: Calibri;\"> wenn man im nach hinein daran denkt. Ich werde aber den ersten Teil nicht noch einmal machen. Der zweite Teil sollte etwas einfacher sein, hat jemand mir gesagt hat. Ein Unterschied zum ersten Teil <\/span><span style=\"font-family: Calibri;\">ist<\/span><span style=\"font-family: Calibri;\"> dass es eine H\u00fctte in der Mitte bei <\/span><span style=\"font-family: Calibri;\">T\u00e4schalp<\/span><span style=\"font-family: Calibri;\"> gibt. Man k\u00f6nnte in Randa starten und dort anstatt oder zus\u00e4tzlich zur Europa H\u00fctte \u00fcbernachten.<\/span><\/span><\/p>\n<h3 class=\"Normal-P\" style=\"margin-bottom: 6pt; text-align: justify; text-justify: inter-ideograph; direction: ltr; unicode-bidi: normal;\"><a href=\"http:\/\/www.adrianwood.ch\/?page_id=13525\"><span class=\"Normal-H\"><span style=\"font-family: Calibri; font-weight: bold;\">25. August 2017, Europaweg 1, <\/span><span style=\"font-family: Calibri; font-weight: bold;\">Gasenried<\/span><span style=\"font-family: Calibri; font-weight: bold;\"> \u2013 Europa H\u00fctte<\/span><\/span><\/a><\/h3>\n<p class=\"Normal-P\" style=\"margin-bottom: 6pt; text-align: justify; text-justify: inter-ideograph; direction: ltr; unicode-bidi: normal;\"><span class=\"Normal-H\"><span style=\"font-family: Calibri;\">13km, Aufstieg: 1240m \/ Abstieg: 640m \/ Marschzeit: ca. 6h 40m<\/span><\/span><\/p>\n<h3 class=\"Normal-P\" style=\"margin-bottom: 6pt; text-align: justify; text-justify: inter-ideograph; direction: ltr; unicode-bidi: normal; margin-left: 35.4pt; text-indent: -35.4pt;\"><a href=\"http:\/\/www.adrianwood.ch\/?page_id=13529\"><span class=\"Normal-H\"><span style=\"font-weight: bold;\">26.August 2017, Europa H\u00fctte \u2013 H\u00e4ngebr\u00fccke &#8211; Randa \u2013 Zermatt \u2013 <\/span><span style=\"font-weight: bold;\">Sunnegga<\/span><span style=\"font-weight: bold;\"> &#8211; <\/span><span style=\"font-weight: bold;\">Tufteren<\/span><\/span><\/a><\/h3>\n<p class=\"Normal-P\" style=\"margin-bottom: 6pt; text-align: justify; text-justify: inter-ideograph; direction: ltr; unicode-bidi: normal;\"><span class=\"Normal-H\">7.5km, Aufstieg: 80m \/ Abstieg: 940m \/ Marschzeit: ca. 3h<\/span><\/p>\n<\/div>\n","protected":false},"excerpt":{"rendered":"<p>25. \u2013 26. August 2017, Europaweg, Gr\u00e4chen \u2013 Europah\u00fctte &#8211; Zermatt Den Europaweg zwischen Gr\u00e4chen und Zermatt halten manche f\u00fcr die sch\u00f6nste 2-Tageswanderung in den Alpen. Die Sicht auf das Bergpanorama inklusive Matterhorn haben ihn weltweit bekannt gemacht. Diese atemberaubende Natur haben die Verantwortlichen der Gemeinden St. Niklaus, Gr\u00e4chen, Randa, T\u00e4sch und Zermatt 1997 genutzt &hellip; <a href=\"https:\/\/www.adrianwood.ch\/?page_id=13520\" class=\"more-link\">Continue reading <span class=\"screen-reader-text\">2017-08 Europaweg<\/span> <span class=\"meta-nav\">&rarr;<\/span><\/a><\/p>\n","protected":false},"author":1,"featured_media":0,"parent":136,"menu_order":1391,"comment_status":"closed","ping_status":"closed","template":"","meta":{"ngg_post_thumbnail":0,"footnotes":""},"class_list":["post-13520","page","type-page","status-publish","hentry"],"_links":{"self":[{"href":"https:\/\/www.adrianwood.ch\/index.php?rest_route=\/wp\/v2\/pages\/13520","targetHints":{"allow":["GET"]}}],"collection":[{"href":"https:\/\/www.adrianwood.ch\/index.php?rest_route=\/wp\/v2\/pages"}],"about":[{"href":"https:\/\/www.adrianwood.ch\/index.php?rest_route=\/wp\/v2\/types\/page"}],"author":[{"embeddable":true,"href":"https:\/\/www.adrianwood.ch\/index.php?rest_route=\/wp\/v2\/users\/1"}],"replies":[{"embeddable":true,"href":"https:\/\/www.adrianwood.ch\/index.php?rest_route=%2Fwp%2Fv2%2Fcomments&post=13520"}],"version-history":[{"count":3,"href":"https:\/\/www.adrianwood.ch\/index.php?rest_route=\/wp\/v2\/pages\/13520\/revisions"}],"predecessor-version":[{"id":13648,"href":"https:\/\/www.adrianwood.ch\/index.php?rest_route=\/wp\/v2\/pages\/13520\/revisions\/13648"}],"up":[{"embeddable":true,"href":"https:\/\/www.adrianwood.ch\/index.php?rest_route=\/wp\/v2\/pages\/136"}],"wp:attachment":[{"href":"https:\/\/www.adrianwood.ch\/index.php?rest_route=%2Fwp%2Fv2%2Fmedia&parent=13520"}],"curies":[{"name":"wp","href":"https:\/\/api.w.org\/{rel}","templated":true}]}}