{"id":13529,"date":"2017-09-11T13:44:42","date_gmt":"2017-09-11T13:44:42","guid":{"rendered":"http:\/\/www.adrianwood.ch\/?page_id=13529"},"modified":"2017-09-11T18:28:19","modified_gmt":"2017-09-11T18:28:19","slug":"08-26-hangebrucke","status":"publish","type":"page","link":"https:\/\/www.adrianwood.ch\/?page_id=13529","title":{"rendered":"08-26 H\u00e4ngebr\u00fccke"},"content":{"rendered":"<div class=\"pmdi_content_wrapper\">\n<figure id=\"attachment_13530\" aria-describedby=\"caption-attachment-13530\" style=\"width: 730px\" class=\"wp-caption alignleft\"><a href=\"http:\/\/www.adrianwood.ch\/wp-content\/uploads\/2017\/09\/EUR_0129-2.jpg\"><img loading=\"lazy\" decoding=\"async\" class=\"size-full wp-image-13530\" src=\"http:\/\/www.adrianwood.ch\/wp-content\/uploads\/2017\/09\/EUR_0129-2.jpg\" alt=\"\" height=\"487\" width=\"730\" srcset=\"https:\/\/www.adrianwood.ch\/wp-content\/uploads\/2017\/09\/EUR_0129-2.jpg 730w, https:\/\/www.adrianwood.ch\/wp-content\/uploads\/2017\/09\/EUR_0129-2-300x200.jpg 300w\" sizes=\"auto, (max-width: 730px) 100vw, 730px\" \/><\/a><figcaption id=\"caption-attachment-13530\" class=\"wp-caption-text\">Auf dem Charles Kuonen H\u00e4ngebr\u00fccke, Baujahr 2017<\/figcaption><\/figure>\n<p class=\"Normal-P\" style=\"margin-bottom: 6pt; text-align: justify; text-justify: inter-ideograph; direction: ltr; unicode-bidi: normal; margin-left: 35.4pt; text-indent: -35.4pt;\"><span class=\"Normal-H\"><span style=\"font-weight: bold;\">26.August 2017, Europa H\u00fctte \u2013 H\u00e4ngebr\u00fccke &#8211; Randa \u2013 Zermatt &#8211; Sunnegga &#8211; Tufteren<br \/>\n<\/span><\/span><\/p>\n<p class=\"Normal-P\" style=\"margin-bottom: 6pt; text-align: justify; text-justify: inter-ideograph; direction: ltr; unicode-bidi: normal;\"><span class=\"Normal-H\">7.5km, Aufstieg: 80m \/ Abstieg: 940m \/ Marschzeit: ca. 3h<\/span><\/p>\n<p class=\"Normal-P\" style=\"margin-bottom: 6pt; text-align: justify; text-justify: inter-ideograph; direction: ltr; unicode-bidi: normal;\"><span class=\"Normal-H\">Wir mussten am n\u00e4chsten Tag nicht fr\u00fch los, weil wir schon entschieden hatten, dass wir die zweite Etappe nach Zermatt nicht machen k\u00f6nnten. Es gab sowieso am Morgen Nebel und dicke Wolken die den Talschluss um Zermatt v\u00f6llig verdeckten. Fr\u00fchstuck gibt es in der Europa H\u00fctte nur zwischen 7 und 8 Uhr.<\/span><\/p>\n<p class=\"Normal-P\" style=\"margin-bottom: 6pt; text-align: justify; text-justify: inter-ideograph; direction: ltr; unicode-bidi: normal;\"><span class=\"Normal-H\">Wir waren um ca 8.30 abmarschbereit und liefen die 200m zur neue H\u00e4ngebr\u00fccke hinunter. Mit sein 494 Meter ist es der l\u00e4ngste Fussg\u00e4nger H\u00e4ngebr\u00fccke der Welt. Es ist schon sehr eindr\u00fccklich aber ich wurde nicht dort hinlaufen nur um es zu sehen. Als wir ankamen waren wir praktisch die einzigen Leute. Erst in der Mitte der Br\u00fccke haben wir zwei Personen begegnet. Ein Vorbeikommen ist kein Problem, aber ich m\u00f6chte keine Yaks wie es im Nepal m\u00f6glich w\u00e4re auf der Br\u00fccke treffen. Mit so wenig Leute schaukelt die Br\u00fccke kaum und ich war fast ent\u00e4uscht, dass es nicht abenteuerlicher war. Velleicht ist es mit viele Leute anders.<\/span><\/p>\n<p class=\"Normal-P\" style=\"margin-bottom: 6pt; text-align: justify; text-justify: inter-ideograph; direction: ltr; unicode-bidi: normal;\"><span class=\"Normal-H\">Nach der Br\u00fccke und einem kurzen ebenen Waldst\u00fcck steht immer noch 6 Std. auf der Wegweiser nach Zermatt. Wir hatten uns aber schon f\u00fcr den Abstieg nach Randa entschieden. Die angegebene eine Stunde f\u00fcr 600m Abstieg fand ich etwas untertrieben. Es kamen uns immer mehr Leute, die alle nat\u00fcrlich zur neue H\u00e4ngebr\u00fccke wollten, entgegen. Manche haben es sicher nicht geschafft. Wir haben uns immer wieder mit Leuten unterhalten, was unser Vorw\u00e4rtskommen nicht beschleunigte. Wir trafen im Randa Bahnhof gerade rechtzeitig (11.54) f\u00fcr den Zug unzwar in beide Richtungen ein. Mein Freund wollte gleich nach Hause und aber ich nach Zermatt fahren.<\/span><\/p>\n<p class=\"Normal-P\" style=\"margin-bottom: 6pt; text-align: justify; text-justify: inter-ideograph; direction: ltr; unicode-bidi: normal;\"><span class=\"Normal-H\">In Zermatt angekommen lief ich gleich zur Sunnegga Bahn und fuhr damit hoch. Danach wanderte ich nach Tufteren f\u00fcr einen sp\u00e4ten Mittagessen im kleinen Restaurant dort. Der Weg ist absolute flach, f\u00fcr Kinder- und Invalidenwagen geeignet, und ich habe trotz Fotografieren nur gleich lang wie auf dem Wegweiser gebraucht \u2013 30 Min. Nachher ging ich zur\u00fcck zur Leisee, ein kleine Badesee wo ich gebadet und mich auch mit den Leuten unterhalten habe.<\/span><\/p>\n<p class=\"Normal-P\" style=\"margin-bottom: 6pt; text-align: justify; text-justify: inter-ideograph; direction: ltr; unicode-bidi: normal;\"><span class=\"Normal-H\">Die Zeit war schnell vorbei und ich musste um 16.00 hinunterfahren. Im Zug traf ich einem jungen Norweger der gerade an einem Berglauf um Zermatt teilgenommen hatte. Er lief in 8 Stunden 49.6Km mit 3,900M. Auf- und Abstieg. Der Schnellste brauchte nur halb so lang! Es gab 2,500 Teilnehmern in 3 St\u00e4rkeklassen. Sie sind am Vormittag an Sunnegga vorbeigelaufen, aber am Nachmittag habe ich keine davon gesehen. Ich habe nur die Lautsprecher im Tal geh\u00f6rt und mich gewundert um was es ging. Ich k\u00f6nnte n\u00e4chstes Jahr daran teilnehmen. <span style=\"font-family: Segoe UI Emoji;\">\ud83d\ude0a<\/span><\/span><\/p>\nngg_shortcode_0_placeholder\n<\/div>\n","protected":false},"excerpt":{"rendered":"<p>26.August 2017, Europa H\u00fctte \u2013 H\u00e4ngebr\u00fccke &#8211; Randa \u2013 Zermatt &#8211; Sunnegga &#8211; Tufteren 7.5km, Aufstieg: 80m \/ Abstieg: 940m \/ Marschzeit: ca. 3h Wir mussten am n\u00e4chsten Tag nicht fr\u00fch los, weil wir schon entschieden hatten, dass wir die zweite Etappe nach Zermatt nicht machen k\u00f6nnten. Es gab sowieso am Morgen Nebel und dicke &hellip; <a href=\"https:\/\/www.adrianwood.ch\/?page_id=13529\" class=\"more-link\">Continue reading <span class=\"screen-reader-text\">08-26 H\u00e4ngebr\u00fccke<\/span> <span class=\"meta-nav\">&rarr;<\/span><\/a><\/p>\n","protected":false},"author":1,"featured_media":0,"parent":13520,"menu_order":1393,"comment_status":"closed","ping_status":"closed","template":"","meta":{"ngg_post_thumbnail":0,"footnotes":""},"class_list":["post-13529","page","type-page","status-publish","hentry"],"_links":{"self":[{"href":"https:\/\/www.adrianwood.ch\/index.php?rest_route=\/wp\/v2\/pages\/13529","targetHints":{"allow":["GET"]}}],"collection":[{"href":"https:\/\/www.adrianwood.ch\/index.php?rest_route=\/wp\/v2\/pages"}],"about":[{"href":"https:\/\/www.adrianwood.ch\/index.php?rest_route=\/wp\/v2\/types\/page"}],"author":[{"embeddable":true,"href":"https:\/\/www.adrianwood.ch\/index.php?rest_route=\/wp\/v2\/users\/1"}],"replies":[{"embeddable":true,"href":"https:\/\/www.adrianwood.ch\/index.php?rest_route=%2Fwp%2Fv2%2Fcomments&post=13529"}],"version-history":[{"count":6,"href":"https:\/\/www.adrianwood.ch\/index.php?rest_route=\/wp\/v2\/pages\/13529\/revisions"}],"predecessor-version":[{"id":14106,"href":"https:\/\/www.adrianwood.ch\/index.php?rest_route=\/wp\/v2\/pages\/13529\/revisions\/14106"}],"up":[{"embeddable":true,"href":"https:\/\/www.adrianwood.ch\/index.php?rest_route=\/wp\/v2\/pages\/13520"}],"wp:attachment":[{"href":"https:\/\/www.adrianwood.ch\/index.php?rest_route=%2Fwp%2Fv2%2Fmedia&parent=13529"}],"curies":[{"name":"wp","href":"https:\/\/api.w.org\/{rel}","templated":true}]}}