{"id":1359,"date":"2011-07-25T10:43:25","date_gmt":"2011-07-25T09:43:25","guid":{"rendered":"http:\/\/adrianwood.ch\/?page_id=1359"},"modified":"2011-07-25T10:43:25","modified_gmt":"2011-07-25T09:43:25","slug":"05-22-velika-paklenica","status":"publish","type":"page","link":"https:\/\/www.adrianwood.ch\/?page_id=1359","title":{"rendered":"05-22 Velika Paklenica"},"content":{"rendered":"<h2><strong><span style=\"font-family: Times New Roman;\">22. Mai, Velika Paklenica Crni Vrh (schwarze Spitze)<\/span><\/strong><\/h2>\n<table border=\"0\" cellspacing=\"0\" cellpadding=\"0\">\n<tbody>\n<tr>\n<td style=\"text-align: justify;\" colspan=\"2\" valign=\"top\" width=\"821\"><span style=\"font-family: Times New Roman;\">Das reichhaltige Fr\u00fchst\u00fcck um 7.00 Uhr mit Wienerli, Spiegeleier und Bananen hat die Energiespeicher f\u00fcr unsere Tagestour sicher wieder aufgef\u00fcllt. Um 8.30 Uhr wurden wir mit 4 Jeeps auf einer kurzen Fahrt zum Ausgangspunkt unserer Wanderung in den Nationalpark Paklenica (Eintrittsgeb\u00fchr 40 Kuna\/Person) chauffiert. An diesem Sonntag sind angeblich 400 Eintrittskarten verkauft worden. Da wundert es sich auch nicht, dass der Parkplatz jeweils an die Grenzen st\u00f6sst. Auf dem Parkplatz wurde in zwei Gruppen\u00a0 aufgeteilt. 9 Teilnehmer wollten die Wanderung mit Gipfel absolvieren, die restlichen 23 waren auch ohne Gipfelbesteigung zufrieden. Da ich mich f\u00fcr die Gipfelroute entschieden habe, hat mir Adrian am Morgen kurz die Route auf der Karte erkl\u00e4rt. In der Theorie mit der Kartenbesichtigung war soweit alles klar. In der Praxis haben wir aber die Rundwanderung im Uhrzeigersinn statt wie abgesprochen in der Gegenrichtung absolviert. Im Wesentlichen spielt es keine Rolle, ausser dass die Beiz schon nach kurzer Zeit erreicht wird, statt wie vorgesehen am Nachmittag.<\/span><span style=\"font-family: Times New Roman;\">Aber jetzt alles der Reihe nach. Gestartet sind wir kurz vor 9 Uhr und passieren kurz nach dem Parkplatz die engste Stelle der Velika Paklenica (grosse Schlucht). Hier ist das Kletterparadies f\u00fcr Free Climbing Freaks. Da gibt es Trainingsrouten mit Fixhacken Winnetou 1- 10. Nach meiner Sch\u00e4tzung fangen die Routen mit Schwierigkeitsgrad 5+ an, nichts f\u00fcr Anf\u00e4nger. <\/span><\/td>\n<\/tr>\n<tr>\n<td valign=\"top\" width=\"408\">\u00a0<img decoding=\"async\" class=\"ngg-singlepic ngg-none\" src=\"http:\/\/adrianwood.ch\/wp-content\/gallery\/croatia13\/image001_r4.jpg\" alt=\"image001_r4\" \/><\/td>\n<td valign=\"top\" width=\"413\">\u00a0<img decoding=\"async\" class=\"ngg-singlepic ngg-none\" src=\"http:\/\/adrianwood.ch\/wp-content\/gallery\/croatia13\/image002_r4.jpg\" alt=\"image002_r4\" \/><\/td>\n<\/tr>\n<tr>\n<td style=\"text-align: justify;\" colspan=\"2\" valign=\"top\" width=\"821\"><span style=\"font-family: Times New Roman;\">Auf einem mit Steinen angelegten Wanderweg f\u00fchrt die erste Strecke am Fluss entlang und an zwei Quellen mit Trinkwasser vorbei. Wir haben eben auch die Abzweigung f\u00fcr die vorgesehene Route verpasst und sind z\u00fcgig weiter in die Schlucht eingedrungen. Als wir nach circa einer Stunde schon bei der Schluchtbeiz Lucarnica angelangt waren und der Wirt uns best\u00e4tigt hat, dass wir die Tour problemlos in der \u201efalschen Richtung\u201c (Zitat Hans) absolvieren k\u00f6nnen, ging es nach kurzer Trinkpause weiter. Nach 500m war dann die eher flache, gem\u00fctliche Passage zu Ende und ein steiler Bergpfad f\u00fchrte uns rasch in h\u00f6here Gefilde. Die Trinkflasche wurde oft benutzt, da Hochsommerwetter herrschte. Auf dem H\u00fcgelr\u00fccken machten wir die 2. Trinkpause, bevor es wieder leicht bergab ging zur Hauptverzweigung, wo dann auch unser Tagesziel klar gekennzeichnet war. An diesem lauschigen Pl\u00e4tzchen haben angeblich die \u201eKurzwanderer\u201c ihre Mittagspause abgehalten. <\/span><\/td>\n<\/tr>\n<tr>\n<td valign=\"top\" width=\"408\">\u00a0<img decoding=\"async\" class=\"ngg-singlepic ngg-none\" src=\"http:\/\/adrianwood.ch\/wp-content\/gallery\/croatia13\/image003_r4.jpg\" alt=\"image003_r4\" \/><\/td>\n<td valign=\"top\" width=\"413\">\u00a0<img decoding=\"async\" class=\"ngg-singlepic ngg-none\" src=\"http:\/\/adrianwood.ch\/wp-content\/gallery\/croatia13\/image004_r4.jpg\" alt=\"image004_r4\" \/><\/td>\n<\/tr>\n<tr>\n<td valign=\"top\" width=\"408\">\u00a0<img decoding=\"async\" class=\"ngg-singlepic ngg-none\" src=\"http:\/\/adrianwood.ch\/wp-content\/gallery\/croatia13\/image005_r4.jpg\" alt=\"image005_r4\" \/><\/td>\n<td valign=\"top\" width=\"413\">\u00a0<img decoding=\"async\" class=\"ngg-singlepic ngg-none\" src=\"http:\/\/adrianwood.ch\/wp-content\/gallery\/croatia13\/image006_r4.jpg\" alt=\"image006_r4\" \/><\/td>\n<\/tr>\n<tr>\n<td style=\"text-align: justify;\" valign=\"top\" width=\"408\"><span style=\"font-family: Times New Roman;\">Die n\u00e4chsten paar Hundert H\u00f6henmeter f\u00fchrten durch einen idyllischen Wald mit vielen sch\u00f6nen Bergblumen, bevor wir dann den kurzen, steilen Gipfelanstieg in Angriff nahmen. Um 12.15 Uhr erreichten wir den Gipfel mit dem unaussprechbaren Namen Crni Vrh auf 1110m. Die Aussicht ist wirklich so wie Adrian in seinem Programm beschreibt: \u201eVon hier hat man einen wundersch\u00f6nen Ausblick auf die blaue Adria, die schroffen Felsw\u00e4nde des karstigen Gebirges und das Gr\u00fcn der T\u00e4ler bis hinein nach Bosnien-Herzegowina.\u201c Nach 45 Minuten Mittagsrast ging es auf dem gleichen Weg bis zur Hauptverzweigung zur\u00fcck. Jetzt ging es auf einem H\u00f6henwanderweg Richtung Jurline mit sch\u00f6nem Ausblick Richtung Adria und dem Eingang der Schlucht. Wiederum durften sch\u00f6ne Blumen fotografiert werden und nach einer weiteren Stunde war der schwierigste Teil angesagt. Ab jetzt ging es sehr steil abw\u00e4rts in losem Ger\u00f6ll zur Talsohle der Schlucht zur\u00fcck. <\/span><\/td>\n<td style=\"text-align: justify;\" valign=\"top\" width=\"413\">\u00a0<img decoding=\"async\" class=\"ngg-singlepic ngg-none\" src=\"http:\/\/adrianwood.ch\/wp-content\/gallery\/croatia13\/image007_r4.jpg\" alt=\"image007_r4\" \/><\/td>\n<\/tr>\n<tr>\n<td valign=\"top\" width=\"408\"><strong><span style=\"font-family: Times New Roman;\">\u00a0<img decoding=\"async\" class=\"ngg-singlepic ngg-none\" src=\"http:\/\/adrianwood.ch\/wp-content\/gallery\/croatia13\/image008_r4.jpg\" alt=\"image008_r4\" \/><\/span><\/strong><\/td>\n<td style=\"text-align: justify;\" valign=\"top\" width=\"413\"><span style=\"font-family: Times New Roman;\">Alle haben diese heikle Passage gut gemeistert. Einige haben scheinbar heisse F\u00fcsse gekriegt, welche im Flusslauf herrlich gek\u00fchlt werden konnten. 20 Minuten hatten wir jetzt noch Zeit, um p\u00fcnktlich um 16 Uhr beim Parkplatz einzutreffen. Kurz wurden bei der Quelle die leeren Trinkflaschen gef\u00fcllt und ab ging die Post. Genau zur vorgesehenen Zeit sind wir eingetroffen, nur war leider der Jeep schon mit Leuten besetzt und wir hatten alle Zeit nochmals die Tagestour Revue passieren zu lassen. Mir hat die Wanderung sehr gut gefallen, da das Gel\u00e4nde anspruchsvoll und abwechslungsreich war. Ein Teil der 2. Gruppe hatte wie sie erz\u00e4hlten eine Begegnung mit einer Pfeilnatter.<\/span><span style=\"font-family: Times New Roman;\">Kurz vor 5 Uhr sind wir im Hotel angekommen und Alle hatten das Bed\u00fcrfnis unter die Dusche zu kommen. <\/span><\/td>\n<\/tr>\n<tr>\n<td style=\"text-align: justify;\" valign=\"top\" width=\"408\"><span style=\"font-family: Times New Roman;\">Danach haben wir uns ein sch\u00f6nes, k\u00fchles Bier geg\u00f6nnt. Um 19.30 Uhr wurde das Nachtessen serviert. Nach der obligaten Fidelisuppe (Auff\u00fcllung des Salzspeichers), wurden wir mit 3 St\u00fcck Fleisch und Spaghetti Napoli verw\u00f6hnt (Menu der Vegetarier weiss ich leider nicht). Zum Nachtisch gab es Cr\u00eapes mit Eiscreme. W\u00e4hrend und nach dem Essen wurde rege diskutiert, wer was wo gesehen oder erlebt hat. Jean-Francios zeigte uns noch die tollen Schlangen-fotos. Ich glaube die ganze Truppe durften einmal mehr einen tollen Tag erleben. Ein Merci an meine Mitstreiter, dass sie mich nicht wegen der \u201efalschen Routenwahl\u201c abgew\u00e4hlt \u00a0haben!<\/span><span style=\"font-family: Times New Roman;\">P<\/span><span style=\"font-family: Times New Roman;\">eter Sutter<strong><\/strong><\/span><\/td>\n<td valign=\"top\" width=\"413\">\u00a0<img decoding=\"async\" class=\"ngg-singlepic ngg-none\" src=\"http:\/\/adrianwood.ch\/wp-content\/gallery\/croatia13\/image009_r4.jpg\" alt=\"image009_r4\" \/><\/td>\n<\/tr>\n<\/tbody>\n<\/table>\n<h2 style=\"text-align: justify;\"><strong><span style=\"font-family: Times New Roman;\">22. Mai, Velika Paklenica (Mittelwanderer)<\/span><\/strong><\/h2>\n<table border=\"0\" cellspacing=\"0\" cellpadding=\"0\">\n<tbody>\n<tr>\n<td style=\"text-align: justify;\" valign=\"top\" width=\"408\"><span style=\"font-family: Times New Roman;\">Nachdem die Gipfelst\u00fcrmer uns verlassen haben, ist der gr\u00f6sste Teil der Gruppe etwas gem\u00fctlicher\u00a0 zwischen den senkrechten Felsw\u00e4nden der eindr\u00fccklichen Schlucht gelaufen. Wir haben wie vorgesehen den Bach \u00fcberquert um auf der anderen Seite bis ca. 600m in der H\u00f6he zu steigen. Nachher gab es eine verdiente Rast bei einer Gruppe von Felsen wo wir ein richtigenes Fotoshooting veranstaltet haben. Anschliessend stiessen wir auf einige seltenen Blumen, manche von betr\u00e4chlicher Gr\u00f6sse. Der weitere Weg war weniger Steil und wir erreichten bald unseren Mittagsrastplatz.<\/span><\/td>\n<td style=\"text-align: justify;\" valign=\"top\" width=\"408\">\u00a0<img decoding=\"async\" class=\"ngg-singlepic ngg-none\" src=\"http:\/\/adrianwood.ch\/wp-content\/gallery\/croatia13\/image010_r4.jpg\" alt=\"image010_r4\" \/><\/td>\n<\/tr>\n<tr>\n<td valign=\"top\" width=\"408\">\u00a0<img decoding=\"async\" class=\"ngg-singlepic ngg-none\" src=\"http:\/\/adrianwood.ch\/wp-content\/gallery\/croatia13\/image011_r4.jpg\" alt=\"image011_r4\" \/><\/td>\n<td valign=\"top\" width=\"408\">\u00a0<img decoding=\"async\" class=\"ngg-singlepic ngg-none\" src=\"http:\/\/adrianwood.ch\/wp-content\/gallery\/croatia13\/image012_r4.jpg\" alt=\"image012_r4\" \/><\/td>\n<\/tr>\n<tr>\n<td valign=\"top\" width=\"408\">\u00a0<img decoding=\"async\" class=\"ngg-singlepic ngg-none\" src=\"http:\/\/adrianwood.ch\/wp-content\/gallery\/croatia13\/image013_r4.jpg\" alt=\"image013_r4\" \/><\/td>\n<td valign=\"top\" width=\"408\">\u00a0<img decoding=\"async\" class=\"ngg-singlepic ngg-none\" src=\"http:\/\/adrianwood.ch\/wp-content\/gallery\/croatia13\/image014_r4.jpg\" alt=\"image014_r4\" \/><\/td>\n<\/tr>\n<tr>\n<td style=\"text-align: justify;\" valign=\"top\" width=\"408\">\u00a0<img decoding=\"async\" class=\"ngg-singlepic ngg-none\" src=\"http:\/\/adrianwood.ch\/wp-content\/gallery\/croatia13\/image015_r4.jpg\" alt=\"image015_r4\" \/><\/td>\n<td valign=\"top\" width=\"408\">\u00a0<strong><img decoding=\"async\" src=\"http:\/\/adrianwood.ch\/wp-content\/gallery\/croatia13\/image016_r4.jpg\" alt=\"image016_r4\" \/><\/strong><\/td>\n<\/tr>\n<tr>\n<td style=\"text-align: justify;\" colspan=\"2\" valign=\"top\" width=\"816\"><span style=\"font-family: Times New Roman;\">Einer nach dem anderen verliess den Platz und nahm den steilen etwas rutischige Abstieg im Angriff, wahrscheinlich um in der kleinen Beiz m\u00f6glichst schnell ein k\u00fchles Bier zu bekommen. Dort trafen sie auf die zwei K\u00fcrzwanderer, die weiter hinten im Tal gewandert sind. Ich selber habe ein erfrischendes Bad im angenehm temperierten Fluss vorgezogen.<\/span><span style=\"font-family: Times New Roman;\">\u00a0\u00a0\u00a0\u00a0\u00a0\u00a0\u00a0\u00a0\u00a0\u00a0\u00a0\u00a0\u00a0\u00a0\u00a0\u00a0\u00a0\u00a0\u00a0\u00a0\u00a0\u00a0\u00a0\u00a0\u00a0\u00a0\u00a0\u00a0\u00a0\u00a0\u00a0\u00a0\u00a0\u00a0\u00a0\u00a0\u00a0\u00a0\u00a0\u00a0\u00a0\u00a0\u00a0\u00a0\u00a0\u00a0\u00a0\u00a0\u00a0 Adrian<\/span><\/td>\n<\/tr>\n<tr>\n<td colspan=\"2\" valign=\"top\" width=\"816\"><\/td>\n<\/tr>\n<tr>\n<td colspan=\"2\" valign=\"top\" width=\"816\"><\/td>\n<\/tr>\n<\/tbody>\n<\/table>\n<p style=\"text-align: justify;\"><span style=\"font-family: Times New Roman;\">\u00a0<img decoding=\"async\" class=\"ngg-singlepic ngg-none\" src=\"http:\/\/adrianwood.ch\/wp-content\/gallery\/croatia13\/image017_r.jpg\" alt=\"image017_r\" \/><\/span><\/p>\n<p style=\"text-align: justify;\">\u00a0<img decoding=\"async\" class=\"ngg-singlepic ngg-none\" src=\"http:\/\/adrianwood.ch\/wp-content\/gallery\/croatia13\/image018.jpg\" alt=\"image018\" \/><\/p>\n<p style=\"text-align: justify;\">\n","protected":false},"excerpt":{"rendered":"<p>22. Mai, Velika Paklenica Crni Vrh (schwarze Spitze) Das reichhaltige Fr\u00fchst\u00fcck um 7.00 Uhr mit Wienerli, Spiegeleier und Bananen hat die Energiespeicher f\u00fcr unsere Tagestour sicher wieder aufgef\u00fcllt. Um 8.30 Uhr wurden wir mit 4 Jeeps auf einer kurzen Fahrt zum Ausgangspunkt unserer Wanderung in den Nationalpark Paklenica (Eintrittsgeb\u00fchr 40 Kuna\/Person) chauffiert. An diesem Sonntag &hellip; <a href=\"https:\/\/www.adrianwood.ch\/?page_id=1359\" class=\"more-link\">Continue reading <span class=\"screen-reader-text\">05-22 Velika Paklenica<\/span> <span class=\"meta-nav\">&rarr;<\/span><\/a><\/p>\n","protected":false},"author":1,"featured_media":0,"parent":1262,"menu_order":2396,"comment_status":"closed","ping_status":"closed","template":"","meta":{"ngg_post_thumbnail":0,"footnotes":""},"class_list":["post-1359","page","type-page","status-publish","hentry"],"_links":{"self":[{"href":"https:\/\/www.adrianwood.ch\/index.php?rest_route=\/wp\/v2\/pages\/1359","targetHints":{"allow":["GET"]}}],"collection":[{"href":"https:\/\/www.adrianwood.ch\/index.php?rest_route=\/wp\/v2\/pages"}],"about":[{"href":"https:\/\/www.adrianwood.ch\/index.php?rest_route=\/wp\/v2\/types\/page"}],"author":[{"embeddable":true,"href":"https:\/\/www.adrianwood.ch\/index.php?rest_route=\/wp\/v2\/users\/1"}],"replies":[{"embeddable":true,"href":"https:\/\/www.adrianwood.ch\/index.php?rest_route=%2Fwp%2Fv2%2Fcomments&post=1359"}],"version-history":[{"count":0,"href":"https:\/\/www.adrianwood.ch\/index.php?rest_route=\/wp\/v2\/pages\/1359\/revisions"}],"up":[{"embeddable":true,"href":"https:\/\/www.adrianwood.ch\/index.php?rest_route=\/wp\/v2\/pages\/1262"}],"wp:attachment":[{"href":"https:\/\/www.adrianwood.ch\/index.php?rest_route=%2Fwp%2Fv2%2Fmedia&parent=1359"}],"curies":[{"name":"wp","href":"https:\/\/api.w.org\/{rel}","templated":true}]}}