{"id":1386,"date":"2011-07-25T13:50:19","date_gmt":"2011-07-25T13:50:19","guid":{"rendered":"http:\/\/adrianwood.ch\/?page_id=1386"},"modified":"2016-04-26T17:20:39","modified_gmt":"2016-04-26T17:20:39","slug":"05-25-kula-dinara-gebirge","status":"publish","type":"page","link":"https:\/\/www.adrianwood.ch\/?page_id=1386","title":{"rendered":"05-25 Kula, Dinara Berge"},"content":{"rendered":"<table border=\"0\" cellspacing=\"0\" cellpadding=\"0\">\n<tbody>\n<tr>\n<td valign=\"top\" width=\"407\">\n<h2><span style=\"font-family: Times New Roman;\"><strong>25.Mai,\u00a0 HRV Kula, 863m, Dinara-Gebirge<\/strong>\u00a0\u00a0\u00a0\u00a0\u00a0\u00a0\u00a0\u00a0\u00a0\u00a0\u00a0\u00a0\u00a0\u00a0\u00a0\u00a0\u00a0\u00a0\u00a0\u00a0\u00a0\u00a0\u00a0 <strong><\/strong><\/span><\/h2>\n<\/td>\n<td valign=\"top\" width=\"408\"><span style=\"font-family: Times New Roman;\">VM vorwiegend sonnig, <\/span><span style=\"font-family: Times New Roman;\">NM kleiner Regenguss, teilw. bew\u00f6lkt, <\/span><span style=\"font-family: Times New Roman;\">ca. 25\u00b0C<\/span><\/td>\n<\/tr>\n<tr>\n<td style=\"text-align: justify;\" colspan=\"2\" valign=\"top\" width=\"815\"><span style=\"font-family: Times New Roman;\">Heute geniessen wir auf der Dachterrasse des Hotel Villa Dvor in Omis ein herrliches Buffet Fr\u00fchst\u00fcck mit Muesli, Eiern, Schinken und vielem mehr. Um 8.30h stolpern wir die 100 Stufen hinunter, laufen kurz der Cetina entlang und \u00fcber die Br\u00fccke zum Konzum oder Markt, um das heutige Picknick einzukaufen.<strong><\/strong><\/span><\/td>\n<\/tr>\n<tr>\n<td valign=\"top\" width=\"407\">\u00a0<img decoding=\"async\" class=\"ngg-singlepic ngg-none\" src=\"http:\/\/adrianwood.ch\/wp-content\/gallery\/croatia19\/image001_r4.jpg\" alt=\"image001_r4\" \/><\/td>\n<td valign=\"top\" width=\"408\">\u00a0<img decoding=\"async\" class=\"ngg-singlepic ngg-none\" src=\"http:\/\/adrianwood.ch\/wp-content\/gallery\/croatia19\/image003_r4.jpg\" alt=\"image003_r4\" \/><\/td>\n<\/tr>\n<tr>\n<td style=\"text-align: justify;\" colspan=\"2\" valign=\"top\" width=\"815\"><span style=\"font-family: Times New Roman;\">Um 9.00h geht\u2019s gleich hinter dem Hafen steil hoch auf einem Ziegenpfad. Nicht immer finden alle die richtige Spur, doch schliesslich sind alle auf dem Pfad. Es mustern uns tats\u00e4chlich ein paar Ziegen von oben, womit sich der Name des Pfades best\u00e4tigt. Nach einer guten Stunde finden wir eine uralte Eiche, die uns allen Schatten spendet f\u00fcr die erste Trinkpause.<strong><\/strong><\/span><\/td>\n<\/tr>\n<tr>\n<td valign=\"top\" width=\"407\">\u00a0<img decoding=\"async\" class=\"ngg-singlepic ngg-none\" src=\"http:\/\/adrianwood.ch\/wp-content\/gallery\/croatia19\/image005_r4.jpg\" alt=\"image005_r4\" \/><\/td>\n<td valign=\"top\" width=\"408\">\u00a0<img decoding=\"async\" class=\"ngg-singlepic ngg-none\" src=\"http:\/\/adrianwood.ch\/wp-content\/gallery\/croatia19\/image007_r4.jpg\" alt=\"image007_r4\" \/><\/td>\n<\/tr>\n<tr>\n<td style=\"text-align: justify;\" colspan=\"2\" valign=\"top\" width=\"815\"><span style=\"font-family: Times New Roman;\">Weiter geht es dem Dinara Gebirgszug entlang h\u00f6her. Immer wieder werfen wir einen Blick zur\u00fcck auf leuchtenden Ginster und die sch\u00f6ne K\u00fcste. Gut verdecken kleine Wolken hin und wieder die Sonne, damit wir in dieser Sauna nicht ganz austrocknen. Auf ca. 600 Meter \u00fcber Meer bleiben 8 Kollegen zur\u00fcck und die anderen st\u00fcrmen vorw\u00e4rts auf den Gipfel, HRV Kula 863 m \u00fc M. Die erste H\u00e4lfte schafft es in 30 Minuten, der Rest in der angegebenen Zeit von 45 Minuten.<strong><\/strong><\/span><\/td>\n<\/tr>\n<tr>\n<td valign=\"top\" width=\"407\">\u00a0<img decoding=\"async\" class=\"ngg-singlepic ngg-none\" src=\"http:\/\/adrianwood.ch\/wp-content\/gallery\/croatia19\/image009_r4.jpg\" alt=\"image009_r4\" \/><\/td>\n<td valign=\"top\" width=\"408\">\u00a0<img decoding=\"async\" class=\"ngg-singlepic ngg-none\" src=\"http:\/\/adrianwood.ch\/wp-content\/gallery\/croatia19\/image011_r4.jpg\" alt=\"image011_r4\" \/><\/td>\n<\/tr>\n<tr>\n<td style=\"text-align: justify;\" colspan=\"2\" valign=\"top\" width=\"815\"><span style=\"font-family: Times New Roman;\">Der Weg in diesem Karstgebiet ist ziemlich steil und recht anspruchsvoll. Die Aussicht vom h\u00f6chsten Berg des Dinara Gebirges lohnt die M\u00fche des Aufstieges. Bei wenig Wind essen wir unseren Lunch und geniessen dazu das Panorama. Die Inseln Brac, Hvar, Korcula und das Hinterland bis nach Bosnien-Herzegowina liegen zu unseren F\u00fcssen. So wie wir alle unterschiedlich eintrafen, treten verschiedene Gr\u00fcppchen den Abstieg an. Bemerkenswert, wie sehr sch\u00f6ne Blumen aus diesen Karstritzen gedeihen und bl\u00fchen k\u00f6nnen.<strong><\/strong><\/span><\/td>\n<\/tr>\n<tr>\n<td valign=\"top\" width=\"407\">\u00a0<img decoding=\"async\" class=\"ngg-singlepic ngg-none\" src=\"http:\/\/adrianwood.ch\/wp-content\/gallery\/croatia19\/image013_r4.jpg\" alt=\"image013_r4\" \/><\/td>\n<td valign=\"top\" width=\"408\">\u00a0<img decoding=\"async\" class=\"ngg-singlepic ngg-none\" src=\"http:\/\/adrianwood.ch\/wp-content\/gallery\/croatia19\/image015_r4.jpg\" alt=\"image015_r4\" \/><\/td>\n<\/tr>\n<tr>\n<td style=\"text-align: justify;\" colspan=\"2\" valign=\"top\" width=\"815\"><span style=\"font-family: Times New Roman;\">Um 13.30h sind wir alle wieder bei unseren 8 Kameraden. Zusammen gehen wir weiter zu einem Aussichtspunkt und hier wird nochmals eine halbe Stunde gerastet.<strong><\/strong><\/span><\/td>\n<\/tr>\n<tr>\n<td valign=\"top\" width=\"407\">\u00a0<img decoding=\"async\" class=\"ngg-singlepic ngg-none\" src=\"http:\/\/adrianwood.ch\/wp-content\/gallery\/croatia19\/image017_r4.jpg\" alt=\"image017_r4\" \/><\/td>\n<td valign=\"top\" width=\"408\">\u00a0<img decoding=\"async\" class=\"ngg-singlepic ngg-none\" src=\"http:\/\/adrianwood.ch\/wp-content\/gallery\/croatia19\/image019_r4.jpg\" alt=\"image019_r4\" \/><\/td>\n<\/tr>\n<tr>\n<td style=\"text-align: justify;\" colspan=\"2\" valign=\"top\" width=\"815\"><span style=\"font-family: Times New Roman;\">Etwa \u00bd h wandern wir dem Grat entlang mit Sicht auf das Meer, dann steigen wir durch einen herrlichen Pinien-, Kiefern- und Eichenwald runter ins Dorf Posepilije.<strong><\/strong><\/span><\/td>\n<\/tr>\n<tr>\n<td valign=\"top\" width=\"407\">\u00a0<img decoding=\"async\" class=\"ngg-singlepic ngg-none\" src=\"http:\/\/adrianwood.ch\/wp-content\/gallery\/croatia19\/image021_r4.jpg\" alt=\"image021_r4\" \/><\/td>\n<td valign=\"top\" width=\"408\">\u00a0<img decoding=\"async\" class=\"ngg-singlepic ngg-none\" src=\"http:\/\/adrianwood.ch\/wp-content\/gallery\/croatia19\/image023_r4.jpg\" alt=\"image023_r4\" \/><\/td>\n<\/tr>\n<tr>\n<td valign=\"top\" width=\"407\"><span style=\"font-family: Times New Roman;\">\u00a0<\/span><\/p>\n<p style=\"text-align: justify;\"><span style=\"font-family: Times New Roman;\">Hier werden wir um 16.00h von 2 Minibussen und einem Privatauto abgeholt und zu einer Taverne am Cetina Fluss oder direkt nach Omis gefahren. Hier k\u00f6nnen wir endlich unseren Durst mit Bier oder Panach\u00e9 l\u00f6schen. Zur\u00fcck\u00a0 in Omis gehen einige im Meer noch schwimmen und andere k\u00fchlen sich unter der Dusche ab. Eine tolle, lohnende und anspruchsvolle Wanderung. Vielen Dank Adrian!<\/span><\/p>\n<p><span style=\"font-family: Times New Roman;\">Vreny Sch.<\/span><\/p>\n<p><strong><span style=\"font-family: Times New Roman;\">\u00a0<\/span><\/strong><\/td>\n<td valign=\"top\" width=\"408\">\u00a0<img decoding=\"async\" class=\"ngg-singlepic ngg-none\" src=\"http:\/\/adrianwood.ch\/wp-content\/gallery\/croatia19\/image025_r4.jpg\" alt=\"image025_r4\" \/><\/td>\n<\/tr>\n<tr>\n<td colspan=\"2\" valign=\"top\" width=\"815\"><\/td>\n<\/tr>\n<tr>\n<td colspan=\"2\" valign=\"top\" width=\"815\"><\/td>\n<\/tr>\n<\/tbody>\n<\/table>\n<p><strong><span style=\"font-family: Times New Roman;\">\u00a0<img decoding=\"async\" class=\"ngg-singlepic ngg-none\" src=\"http:\/\/adrianwood.ch\/wp-content\/gallery\/croatia19\/image028.jpg\" alt=\"image028\" \/><\/span><\/strong><\/p>\n<p><span style=\"font-family: Times New Roman;\">\u00a0<img decoding=\"async\" class=\"ngg-singlepic ngg-none\" src=\"http:\/\/adrianwood.ch\/wp-content\/gallery\/croatia19\/image030.jpg\" alt=\"image030\" \/><\/span><\/p>\n","protected":false},"excerpt":{"rendered":"<p>25.Mai,\u00a0 HRV Kula, 863m, Dinara-Gebirge\u00a0\u00a0\u00a0\u00a0\u00a0\u00a0\u00a0\u00a0\u00a0\u00a0\u00a0\u00a0\u00a0\u00a0\u00a0\u00a0\u00a0\u00a0\u00a0\u00a0\u00a0\u00a0\u00a0 VM vorwiegend sonnig, NM kleiner Regenguss, teilw. bew\u00f6lkt, ca. 25\u00b0C Heute geniessen wir auf der Dachterrasse des Hotel Villa Dvor in Omis ein herrliches Buffet Fr\u00fchst\u00fcck mit Muesli, Eiern, Schinken und vielem mehr. Um 8.30h stolpern wir die 100 Stufen hinunter, laufen kurz der Cetina entlang und \u00fcber die Br\u00fccke &hellip; <a href=\"https:\/\/www.adrianwood.ch\/?page_id=1386\" class=\"more-link\">Continue reading <span class=\"screen-reader-text\">05-25 Kula, Dinara Berge<\/span> <span class=\"meta-nav\">&rarr;<\/span><\/a><\/p>\n","protected":false},"author":1,"featured_media":0,"parent":1262,"menu_order":2403,"comment_status":"closed","ping_status":"closed","template":"","meta":{"ngg_post_thumbnail":0,"footnotes":""},"class_list":["post-1386","page","type-page","status-publish","hentry"],"_links":{"self":[{"href":"https:\/\/www.adrianwood.ch\/index.php?rest_route=\/wp\/v2\/pages\/1386","targetHints":{"allow":["GET"]}}],"collection":[{"href":"https:\/\/www.adrianwood.ch\/index.php?rest_route=\/wp\/v2\/pages"}],"about":[{"href":"https:\/\/www.adrianwood.ch\/index.php?rest_route=\/wp\/v2\/types\/page"}],"author":[{"embeddable":true,"href":"https:\/\/www.adrianwood.ch\/index.php?rest_route=\/wp\/v2\/users\/1"}],"replies":[{"embeddable":true,"href":"https:\/\/www.adrianwood.ch\/index.php?rest_route=%2Fwp%2Fv2%2Fcomments&post=1386"}],"version-history":[{"count":1,"href":"https:\/\/www.adrianwood.ch\/index.php?rest_route=\/wp\/v2\/pages\/1386\/revisions"}],"predecessor-version":[{"id":6569,"href":"https:\/\/www.adrianwood.ch\/index.php?rest_route=\/wp\/v2\/pages\/1386\/revisions\/6569"}],"up":[{"embeddable":true,"href":"https:\/\/www.adrianwood.ch\/index.php?rest_route=\/wp\/v2\/pages\/1262"}],"wp:attachment":[{"href":"https:\/\/www.adrianwood.ch\/index.php?rest_route=%2Fwp%2Fv2%2Fmedia&parent=1386"}],"curies":[{"name":"wp","href":"https:\/\/api.w.org\/{rel}","templated":true}]}}