{"id":1393,"date":"2011-07-25T14:06:43","date_gmt":"2011-07-25T13:06:43","guid":{"rendered":"http:\/\/adrianwood.ch\/?page_id=1393"},"modified":"2011-07-25T14:06:43","modified_gmt":"2011-07-25T13:06:43","slug":"05-25-dubrovnik","status":"publish","type":"page","link":"https:\/\/www.adrianwood.ch\/?page_id=1393","title":{"rendered":"05-25 Dubrovnik"},"content":{"rendered":"<h2><strong><span style=\"font-family: Times New Roman;\">25. Mai, Ausflug nach Dubrovnik<\/span><\/strong><\/h2>\n<table border=\"0\" cellspacing=\"0\" cellpadding=\"0\">\n<tbody>\n<tr>\n<td colspan=\"2\" valign=\"top\" width=\"815\">\n<p style=\"text-align: justify;\"><span style=\"font-family: Times New Roman;\">Dubrovnik ist eine der sch\u00f6nsten St\u00e4dte des gesamten Mittelmeerraumes und steht auf der Liste des UNESCO-Weltkulturerbes. Die Stadtmauern sind 1940 m lang und gelten als das besterhaltene Fortifikationssystem in Europa. Sie umfassen einen perfekt erhaltenen Komplex \u00f6ffentlicher und privater, <span style=\"font-family: Times New Roman;\">sakraler Bauwerke aus allen Perioden der Stadtgeschichte, beginnend mit seiner Gr\u00fcndung im 7. Jahrhundert.<\/span><\/span><\/p>\n<\/td>\n<\/tr>\n<tr>\n<td valign=\"top\" width=\"407\">\n<p style=\"text-align: justify;\">\n<p style=\"text-align: justify;\"><span style=\"font-family: Times New Roman;\">So entschlossen sich Anne, Philippe, Hans und ich auf eine weitere Wanderung mit der Gruppe zu verzichten und ab Omis mit einem \u00f6ffentlichen Bus nach Dubrovnik zu fahren. Da wir noch \u00fcber bosnisches Staatsgebiet fuhren, mussten wir unterwegs den Z\u00f6llnern noch unsere ID zeigen (20 Min. Pause) und erreichten den Busbahnhof von Dubrovnik gegen 13.00 h. Anne und Hans gingen gleich in die Altstadt, w\u00e4hrenddem sich Philippe und ich in einem gem\u00fctlichen Gartenrestaurant verpflegten.<\/span><\/p>\n<\/td>\n<td style=\"text-align: justify;\" valign=\"top\" width=\"407\">\u00a0<img decoding=\"async\" class=\"ngg-singlepic ngg-none\" src=\"http:\/\/adrianwood.ch\/wp-content\/gallery\/croatia20\/image001_r4.jpg\" alt=\"image001_r4\" \/><\/td>\n<\/tr>\n<tr>\n<td valign=\"top\" width=\"407\">\u00a0<img decoding=\"async\" class=\"ngg-singlepic ngg-none\" src=\"http:\/\/adrianwood.ch\/wp-content\/gallery\/croatia20\/image003_r4.jpg\" alt=\"image003_r4\" \/><\/td>\n<td valign=\"top\" width=\"407\">\u00a0<img decoding=\"async\" class=\"ngg-singlepic ngg-none\" src=\"http:\/\/adrianwood.ch\/wp-content\/gallery\/croatia20\/image005_r4.jpg\" alt=\"image005_r4\" \/><\/td>\n<\/tr>\n<tr>\n<td colspan=\"2\" valign=\"top\" width=\"815\">\n<p style=\"text-align: justify;\"><span style=\"font-family: Times New Roman;\">Dann marschierten wir zur Hauptpromenade. Sehenswert ist der F\u00fcrstenpalast, die Kirche des hl. Blasius, das Zollhaus und das Rathaus;\u00a0 weiter besuchten wir die Kathedrale und das\u00a0 Maritime Museum (sch\u00f6n gestaltete Ausstellung \u00fcber Seefahrer und alte Schiffe). Dann machten auch wir den Rundgang auf der Stadtmauer. Hier hat man einen tollen Blick auf die Altstadt mit den engen Gassen und historischen Geb\u00e4uden sowie auf\u2019s Meer und die vorgelagerten Inseln.<\/span><\/p>\n<\/td>\n<\/tr>\n<tr>\n<td valign=\"top\" width=\"407\">\u00a0<img decoding=\"async\" class=\"ngg-singlepic ngg-none\" src=\"http:\/\/adrianwood.ch\/wp-content\/gallery\/croatia20\/image007_r4.jpg\" alt=\"image007_r4\" \/><\/td>\n<td valign=\"top\" width=\"407\">\u00a0<img decoding=\"async\" class=\"ngg-singlepic ngg-none\" src=\"http:\/\/adrianwood.ch\/wp-content\/gallery\/croatia20\/image009_r4.jpg\" alt=\"image009_r4\" \/><\/td>\n<\/tr>\n<tr>\n<td colspan=\"2\" valign=\"top\" width=\"815\">\n<p style=\"text-align: justify;\"><span style=\"font-family: Times New Roman;\">Gegen Abend trafen wir uns wieder mit Hans, der mit einem Fischer eine Bootsfahrt und Anne, die noch noch einige interessante Museen besucht hat. Mittlerweile fing es an zu regnen, das st\u00f6rte uns jedoch nicht, da wir unter einem sch\u00fctzenden Sonnendach unser Bier genossen und dann zum Busbahnhof gingen. Die anderen fanden ein nettes Restaurant zum Nachtessen und traten dann um 21.00 h die Heimfahrt an.<\/span><\/p>\n<p><span style=\"font-family: Times New Roman;\">\u00a0\u00a0\u00a0\u00a0\u00a0\u00a0\u00a0\u00a0\u00a0\u00a0\u00a0\u00a0\u00a0\u00a0\u00a0\u00a0\u00a0\u00a0\u00a0\u00a0\u00a0\u00a0\u00a0\u00a0\u00a0\u00a0\u00a0\u00a0\u00a0\u00a0\u00a0\u00a0\u00a0\u00a0\u00a0\u00a0\u00a0\u00a0\u00a0\u00a0\u00a0\u00a0\u00a0\u00a0\u00a0\u00a0\u00a0\u00a0\u00a0\u00a0\u00a0\u00a0\u00a0\u00a0\u00a0\u00a0\u00a0\u00a0\u00a0\u00a0\u00a0\u00a0\u00a0\u00a0\u00a0\u00a0\u00a0\u00a0\u00a0\u00a0\u00a0\u00a0\u00a0\u00a0\u00a0\u00a0\u00a0\u00a0\u00a0\u00a0\u00a0\u00a0\u00a0\u00a0\u00a0\u00a0\u00a0\u00a0\u00a0\u00a0\u00a0\u00a0\u00a0\u00a0\u00a0\u00a0\u00a0\u00a0\u00a0\u00a0\u00a0\u00a0\u00a0\u00a0\u00a0\u00a0\u00a0\u00a0 Edith<\/span><\/td>\n<\/tr>\n<\/tbody>\n<\/table>\n<p style=\"text-align: justify;\"><span style=\"font-family: Times New Roman;\">\u00a0<\/span><\/p>\n","protected":false},"excerpt":{"rendered":"<p>25. Mai, Ausflug nach Dubrovnik Dubrovnik ist eine der sch\u00f6nsten St\u00e4dte des gesamten Mittelmeerraumes und steht auf der Liste des UNESCO-Weltkulturerbes. Die Stadtmauern sind 1940 m lang und gelten als das besterhaltene Fortifikationssystem in Europa. Sie umfassen einen perfekt erhaltenen Komplex \u00f6ffentlicher und privater, sakraler Bauwerke aus allen Perioden der Stadtgeschichte, beginnend mit seiner Gr\u00fcndung &hellip; <a href=\"https:\/\/www.adrianwood.ch\/?page_id=1393\" class=\"more-link\">Continue reading <span class=\"screen-reader-text\">05-25 Dubrovnik<\/span> <span class=\"meta-nav\">&rarr;<\/span><\/a><\/p>\n","protected":false},"author":1,"featured_media":0,"parent":1262,"menu_order":2404,"comment_status":"closed","ping_status":"closed","template":"","meta":{"ngg_post_thumbnail":0,"footnotes":""},"class_list":["post-1393","page","type-page","status-publish","hentry"],"_links":{"self":[{"href":"https:\/\/www.adrianwood.ch\/index.php?rest_route=\/wp\/v2\/pages\/1393","targetHints":{"allow":["GET"]}}],"collection":[{"href":"https:\/\/www.adrianwood.ch\/index.php?rest_route=\/wp\/v2\/pages"}],"about":[{"href":"https:\/\/www.adrianwood.ch\/index.php?rest_route=\/wp\/v2\/types\/page"}],"author":[{"embeddable":true,"href":"https:\/\/www.adrianwood.ch\/index.php?rest_route=\/wp\/v2\/users\/1"}],"replies":[{"embeddable":true,"href":"https:\/\/www.adrianwood.ch\/index.php?rest_route=%2Fwp%2Fv2%2Fcomments&post=1393"}],"version-history":[{"count":0,"href":"https:\/\/www.adrianwood.ch\/index.php?rest_route=\/wp\/v2\/pages\/1393\/revisions"}],"up":[{"embeddable":true,"href":"https:\/\/www.adrianwood.ch\/index.php?rest_route=\/wp\/v2\/pages\/1262"}],"wp:attachment":[{"href":"https:\/\/www.adrianwood.ch\/index.php?rest_route=%2Fwp%2Fv2%2Fmedia&parent=1393"}],"curies":[{"name":"wp","href":"https:\/\/api.w.org\/{rel}","templated":true}]}}