{"id":13954,"date":"2017-09-17T12:47:01","date_gmt":"2017-09-17T12:47:01","guid":{"rendered":"http:\/\/www.adrianwood.ch\/?page_id=13954"},"modified":"2017-09-17T13:15:22","modified_gmt":"2017-09-17T13:15:22","slug":"02-07-sankt-johann","status":"publish","type":"page","link":"https:\/\/www.adrianwood.ch\/?page_id=13954","title":{"rendered":"02-07 Sankt Johann"},"content":{"rendered":"<figure id=\"attachment_13955\" aria-describedby=\"caption-attachment-13955\" style=\"width: 1024px\" class=\"wp-caption alignleft\"><a href=\"http:\/\/www.adrianwood.ch\/wp-content\/uploads\/2017\/09\/DSC_1014_r.jpg\"><img loading=\"lazy\" decoding=\"async\" class=\"size-full wp-image-13955\" src=\"http:\/\/www.adrianwood.ch\/wp-content\/uploads\/2017\/09\/DSC_1014_r.jpg\" alt=\"\" height=\"683\" width=\"1024\" srcset=\"https:\/\/www.adrianwood.ch\/wp-content\/uploads\/2017\/09\/DSC_1014_r.jpg 1024w, https:\/\/www.adrianwood.ch\/wp-content\/uploads\/2017\/09\/DSC_1014_r-300x200.jpg 300w, https:\/\/www.adrianwood.ch\/wp-content\/uploads\/2017\/09\/DSC_1014_r-768x512.jpg 768w\" sizes=\"auto, (max-width: 1024px) 100vw, 1024px\" \/><\/a><figcaption id=\"caption-attachment-13955\" class=\"wp-caption-text\">Kloster Sankt Johann<\/figcaption><\/figure>\n<p><strong>7.Feb. Kloster Sankt Johann in M\u00fcstair<\/strong><\/p>\n<p>Kultureller H\u00f6hepunkt des Val M\u00fcstair und UNESCO-Weltkulturerbe ist das Benediktinerkloster St. Johann im Grenzort M\u00fcstair (M\u00fcnster). Die Klosterkirche aus dem Jahre 775 mit dem um 800 entstandenen, weltweit gr\u00f6ssten Freskenzyklus des fr\u00fchen Mittelalters ist ein Juwel der bildenden Kunst der Karolingerzeit.<\/p>\nngg_shortcode_0_placeholder\n","protected":false},"excerpt":{"rendered":"<p>7.Feb. Kloster Sankt Johann in M\u00fcstair Kultureller H\u00f6hepunkt des Val M\u00fcstair und UNESCO-Weltkulturerbe ist das Benediktinerkloster St. Johann im Grenzort M\u00fcstair (M\u00fcnster). Die Klosterkirche aus dem Jahre 775 mit dem um 800 entstandenen, weltweit gr\u00f6ssten Freskenzyklus des fr\u00fchen Mittelalters ist ein Juwel der bildenden Kunst der Karolingerzeit. &#8221; order_by=&#8221;sortorder&#8221; order_direction=&#8221;ASC&#8221; returns=&#8221;included&#8221; maximum_entity_count=&#8221;500&#8243;]<\/p>\n","protected":false},"author":1,"featured_media":0,"parent":13657,"menu_order":1747,"comment_status":"closed","ping_status":"closed","template":"","meta":{"ngg_post_thumbnail":0,"footnotes":""},"class_list":["post-13954","page","type-page","status-publish","hentry"],"_links":{"self":[{"href":"https:\/\/www.adrianwood.ch\/index.php?rest_route=\/wp\/v2\/pages\/13954","targetHints":{"allow":["GET"]}}],"collection":[{"href":"https:\/\/www.adrianwood.ch\/index.php?rest_route=\/wp\/v2\/pages"}],"about":[{"href":"https:\/\/www.adrianwood.ch\/index.php?rest_route=\/wp\/v2\/types\/page"}],"author":[{"embeddable":true,"href":"https:\/\/www.adrianwood.ch\/index.php?rest_route=\/wp\/v2\/users\/1"}],"replies":[{"embeddable":true,"href":"https:\/\/www.adrianwood.ch\/index.php?rest_route=%2Fwp%2Fv2%2Fcomments&post=13954"}],"version-history":[{"count":3,"href":"https:\/\/www.adrianwood.ch\/index.php?rest_route=\/wp\/v2\/pages\/13954\/revisions"}],"predecessor-version":[{"id":13971,"href":"https:\/\/www.adrianwood.ch\/index.php?rest_route=\/wp\/v2\/pages\/13954\/revisions\/13971"}],"up":[{"embeddable":true,"href":"https:\/\/www.adrianwood.ch\/index.php?rest_route=\/wp\/v2\/pages\/13657"}],"wp:attachment":[{"href":"https:\/\/www.adrianwood.ch\/index.php?rest_route=%2Fwp%2Fv2%2Fmedia&parent=13954"}],"curies":[{"name":"wp","href":"https:\/\/api.w.org\/{rel}","templated":true}]}}