{"id":13973,"date":"2017-09-18T13:10:30","date_gmt":"2017-09-18T13:10:30","guid":{"rendered":"http:\/\/www.adrianwood.ch\/?page_id=13973"},"modified":"2017-09-18T14:22:29","modified_gmt":"2017-09-18T14:22:29","slug":"2017-08-val-mustair","status":"publish","type":"page","link":"https:\/\/www.adrianwood.ch\/?page_id=13973","title":{"rendered":"2017-08 Val M\u00fcstair"},"content":{"rendered":"<div class=\"pmdi_content_wrapper\">\n<figure id=\"attachment_13974\" aria-describedby=\"caption-attachment-13974\" style=\"width: 1620px\" class=\"wp-caption alignleft\"><a href=\"http:\/\/www.adrianwood.ch\/wp-content\/uploads\/2017\/09\/MUN_0128.jpg\"><img loading=\"lazy\" decoding=\"async\" class=\"size-full wp-image-13974\" src=\"http:\/\/www.adrianwood.ch\/wp-content\/uploads\/2017\/09\/MUN_0128.jpg\" alt=\"\" height=\"1080\" width=\"1620\" srcset=\"https:\/\/www.adrianwood.ch\/wp-content\/uploads\/2017\/09\/MUN_0128.jpg 1620w, https:\/\/www.adrianwood.ch\/wp-content\/uploads\/2017\/09\/MUN_0128-300x200.jpg 300w, https:\/\/www.adrianwood.ch\/wp-content\/uploads\/2017\/09\/MUN_0128-768x512.jpg 768w, https:\/\/www.adrianwood.ch\/wp-content\/uploads\/2017\/09\/MUN_0128-1024x683.jpg 1024w\" sizes=\"auto, (max-width: 1620px) 100vw, 1620px\" \/><\/a><figcaption id=\"caption-attachment-13974\" class=\"wp-caption-text\">Wir \u00fcberschreiten die Grenze zwischen Val M\u00fcstair und dem Nationalpark<\/figcaption><\/figure>\n<h4>Freitag, 11.08. \u2013 Sonntag, 13.08.2017, Val M\u00fcstair und Nationalpark<\/h4>\n<p class=\"Normal-P\" style=\"text-align: justify; text-justify: inter-ideograph; direction: ltr; unicode-bidi: normal;\"><span class=\"Normal-H\">Der Schweizerische Nationalpark ist mit einer Fl\u00e4che von 170 Quadratkilometer das gr\u00f6sste Naturgebiet der Schweiz. Es liegt im Engadin\/M\u00fcnstertal und umfasst alpines Gel\u00e4nde in H\u00f6henlagen von 1&#8217;400 bis 3&#8217;200 m \u00fc. M. Viele aussichtsreiche Wanderungen beinhalten gr\u00f6ssere H\u00f6hendifferenzen und f\u00fchren bis \u00fcber die Waldgrenze. Die Gr\u00fcndung 1914 war ein Meilenstein in der Naturschutzgeschichte. Er war der erste Nationalpark der Alpen und Mitteleuropas und ist bekannt f\u00fcr seinen Reichtum an Alpentieren und Alpenpflanzen in einer kaum ber\u00fchrten Naturlandschaft. Zusammen mit der Val M\u00fcstair und seit 2016 der Gemeinde Scuol bildet der Schweizerische Nationalpark das UNESCO-Biosph\u00e4renreservat EngiadinaVal M\u00fcstair. <\/span><\/p>\n<p class=\"Normal-P\" style=\"direction: ltr; unicode-bidi: normal;\"><span class=\"Normal-H\"><span style=\"font-weight: bold;\">Ausgeschriebene <\/span><span style=\"font-weight: bold;\">Routenbeschreibung<\/span><span style=\"font-weight: bold;\"> der <\/span><span style=\"font-weight: bold;\">Wanderungen. <\/span><\/span><\/p>\n<p class=\"Normal-P\" style=\"direction: ltr; unicode-bidi: normal;\"><span class=\"Normal-H\">Erster Tag: <\/span><span class=\"Normal-H\"><strong><a href=\"http:\/\/www.adrianwood.ch\/?page_id=13977\">Ofenpass \u2013 Alp da Munt &#8211; L\u00fc<\/a>, <\/strong><\/span><span class=\"Normal-H\">Bahnfahrt nach Zernez, mit dem Bus zum Ofenpass. Wanderung \u00fcber dem M\u00fcnstertal bis L\u00fc mit Bus nach Valchava (\u00dcbernachtung im Hotel).<\/span><\/p>\n<p class=\"Normal-P\" style=\"direction: ltr; unicode-bidi: normal;\"><span class=\"Normal-H\">Zweiter Tag: <a href=\"http:\/\/www.adrianwood.ch\/?page_id=13984\"><strong>L\u00fc \u2013 Alp Tabladatsch &#8211; Piz Terza \u2013 Alp Terza \u2013 Terza &#8211; Valchava<\/strong><\/a>, Extrabusfahrt zum Umbrailpass \u2013 Bergwanderung \u00fcber den Piz Umbrail (Sch\u00fctzengr\u00e4ben vom 1. Weltkrieg) und Abstieg via Rimsee nach Valchava.<\/span><\/p>\n<p class=\"Normal-P\" style=\"direction: ltr; unicode-bidi: normal;\"><span class=\"Normal-H\">Dritter Tag: <a href=\"http:\/\/www.adrianwood.ch\/?page_id=13993\"><strong>Ofenpass \u2013 Buffalora \u2013 Alp la Schera \u2013 Il Fuorn<\/strong>, <\/a>Busfahrt zum Ofenpass, Bergwanderung \u00fcber Alp La Schera nach Il Fuorn. Heimreise mit dem Bus nach Zernez und Zug nach Basel.<\/span><\/p>\n<p class=\"Normal-P\" style=\"direction: ltr; unicode-bidi: normal;\">\n<table class=\"Tab-Ausschreibung-T\" style=\"border-collapse: collapse;\" cellspacing=\"0\">\n<tbody>\n<tr class=\"-R\">\n<td class=\"-C\" style=\"width: 127.6pt;\">\n<div class=\"-firstCol\">\n<p class=\"Ausschr-Tab-P\" style=\"direction: ltr; unicode-bidi: normal;\"><span class=\"Ausschr-Tab-H\">Streckendaten:<\/span><\/p>\n<\/div>\n<\/td>\n<td class=\"-C\" style=\"width: 363.8pt;\">\n<p class=\"Ausschr-Tab-P\" style=\"direction: ltr; unicode-bidi: normal;\"><span class=\"Ausschr-Tab-H\">1. Tag: 9 km, +290m\/-507m, 3 Std.<\/span><\/p>\n<p class=\"Ausschr-Tab-P\" style=\"direction: ltr; unicode-bidi: normal;\"><span class=\"Ausschr-Tab-H\">2. Tag: 14.7 km, +655m\/-1722m, 6 Std.<\/span><\/p>\n<p class=\"Ausschr-Tab-P\" style=\"direction: ltr; unicode-bidi: normal;\"><span class=\"Ausschr-Tab-H\">3. Tag: 13.5 km, +450m\/-800m, 4 \u00bd Std. <\/span><\/p>\n<\/td>\n<\/tr>\n<tr class=\"-R\">\n<td class=\"-C\" style=\"width: 127.6pt;\">\n<div class=\"-firstCol\">\n<p class=\"Ausschr-Tab-P\" style=\"direction: ltr; unicode-bidi: normal;\"><span class=\"Ausschr-Tab-H\">Abfahrt:<\/span><\/p>\n<\/div>\n<\/td>\n<td class=\"-C\" style=\"width: 363.8pt;\">\n<p class=\"Ausschr-Tab-P\" style=\"direction: ltr; unicode-bidi: normal;\"><span class=\"Ausschr-Tab-H\">Abfahrt Basel SBB 07:07 Uhr mit dem InterCity nach Landquart, Umsteigen Gleis 8, Abfahrt 09:20 Uhr im RegioExpress nach Zernez, Bus-Abfahrt 10:32 Uhr zum Ofenpass, Ankunft 11:05 Uhr.<\/span><\/p>\n<\/td>\n<\/tr>\n<tr class=\"-R\">\n<td class=\"-C\" style=\"width: 127.6pt;\">\n<div class=\"-firstCol\">\n<p class=\"Ausschr-Tab-P\" style=\"direction: ltr; unicode-bidi: normal;\"><span class=\"Ausschr-Tab-H\">Unterkunft:<\/span><\/p>\n<\/div>\n<\/td>\n<td class=\"-C\" style=\"width: 363.8pt;\">\n<p class=\"Ausschr-Tab-P\" style=\"direction: ltr; unicode-bidi: normal;\"><span class=\"Ausschr-Tab-H\">Hotel Central, Valchava: Zimmer, Halbpension, Tourentee, Sauna<\/span><\/p>\n<\/td>\n<\/tr>\n<tr class=\"-R\">\n<td class=\"-C\" style=\"width: 127.6pt;\">\n<div class=\"-firstCol\">\n<p class=\"Ausschr-Tab-P\" style=\"direction: ltr; unicode-bidi: normal;\"><span class=\"Ausschr-Tab-H\">Ausr\u00fcstung:<\/span><\/p>\n<\/div>\n<\/td>\n<td class=\"-C\" style=\"width: 363.8pt;\">\n<p class=\"Ausschr-Tab-P\" style=\"direction: ltr; unicode-bidi: normal;\"><span class=\"Ausschr-Tab-H\">Bergwanderausr\u00fcstung f\u00fcr alle Wetterbedingungen, St\u00f6cke empfehlenswert (z.T. lange Abstiege), T2 \u2013 T3<\/span><\/p>\n<\/td>\n<\/tr>\n<tr class=\"-R\">\n<td class=\"-C\" style=\"width: 127.6pt;\">\n<div class=\"-firstCol\">\n<p class=\"Ausschr-Tab-P\" style=\"direction: ltr; unicode-bidi: normal;\"><span class=\"Ausschr-Tab-H\">Verpflegung:<\/span><\/p>\n<\/div>\n<\/td>\n<td class=\"-C\" style=\"width: 363.8pt;\">\n<p class=\"Ausschr-Tab-P\" style=\"direction: ltr; unicode-bidi: normal;\"><span class=\"Ausschr-Tab-H\">Aus dem Rucksack (3x), Abendessen und Fr\u00fchst\u00fcck im Hotel. Lunchpakete k\u00f6nnen auch im Hotel bestellt werden. Einkaufsm\u00f6glichkeit im nahgelegenen Dorfladen.<\/span><\/p>\n<\/td>\n<\/tr>\n<tr class=\"-R\">\n<td class=\"-C\" style=\"width: 127.6pt;\">\n<div class=\"-firstCol\">\n<p class=\"Ausschr-Tab-P\" style=\"direction: ltr; unicode-bidi: normal;\"><span class=\"Ausschr-Tab-H\">Leitung:<\/span><\/p>\n<\/div>\n<\/td>\n<td class=\"-C\" style=\"width: 363.8pt;\">\n<p class=\"Ausschr-Tab-P\" style=\"direction: ltr; unicode-bidi: normal;\"><span class=\"Ausschr-Tab-H\">Vreni Gubler<\/span><\/p>\n<p class=\"Ausschr-Tab-P\" style=\"direction: ltr; unicode-bidi: normal;\">\n<\/td>\n<\/tr>\n<p><!-- [if !supportMisalignedColumns]--><\/tbody>\n<\/table>\n<\/div>\n","protected":false},"excerpt":{"rendered":"<p>Freitag, 11.08. \u2013 Sonntag, 13.08.2017, Val M\u00fcstair und Nationalpark Der Schweizerische Nationalpark ist mit einer Fl\u00e4che von 170 Quadratkilometer das gr\u00f6sste Naturgebiet der Schweiz. Es liegt im Engadin\/M\u00fcnstertal und umfasst alpines Gel\u00e4nde in H\u00f6henlagen von 1&#8217;400 bis 3&#8217;200 m \u00fc. M. Viele aussichtsreiche Wanderungen beinhalten gr\u00f6ssere H\u00f6hendifferenzen und f\u00fchren bis \u00fcber die Waldgrenze. Die Gr\u00fcndung &hellip; <a href=\"https:\/\/www.adrianwood.ch\/?page_id=13973\" class=\"more-link\">Continue reading <span class=\"screen-reader-text\">2017-08 Val M\u00fcstair<\/span> <span class=\"meta-nav\">&rarr;<\/span><\/a><\/p>\n","protected":false},"author":1,"featured_media":0,"parent":138,"menu_order":1750,"comment_status":"closed","ping_status":"closed","template":"","meta":{"ngg_post_thumbnail":0,"footnotes":""},"class_list":["post-13973","page","type-page","status-publish","hentry"],"_links":{"self":[{"href":"https:\/\/www.adrianwood.ch\/index.php?rest_route=\/wp\/v2\/pages\/13973","targetHints":{"allow":["GET"]}}],"collection":[{"href":"https:\/\/www.adrianwood.ch\/index.php?rest_route=\/wp\/v2\/pages"}],"about":[{"href":"https:\/\/www.adrianwood.ch\/index.php?rest_route=\/wp\/v2\/types\/page"}],"author":[{"embeddable":true,"href":"https:\/\/www.adrianwood.ch\/index.php?rest_route=\/wp\/v2\/users\/1"}],"replies":[{"embeddable":true,"href":"https:\/\/www.adrianwood.ch\/index.php?rest_route=%2Fwp%2Fv2%2Fcomments&post=13973"}],"version-history":[{"count":3,"href":"https:\/\/www.adrianwood.ch\/index.php?rest_route=\/wp\/v2\/pages\/13973\/revisions"}],"predecessor-version":[{"id":13976,"href":"https:\/\/www.adrianwood.ch\/index.php?rest_route=\/wp\/v2\/pages\/13973\/revisions\/13976"}],"up":[{"embeddable":true,"href":"https:\/\/www.adrianwood.ch\/index.php?rest_route=\/wp\/v2\/pages\/138"}],"wp:attachment":[{"href":"https:\/\/www.adrianwood.ch\/index.php?rest_route=%2Fwp%2Fv2%2Fmedia&parent=13973"}],"curies":[{"name":"wp","href":"https:\/\/api.w.org\/{rel}","templated":true}]}}