{"id":13993,"date":"2017-09-18T13:46:32","date_gmt":"2017-09-18T13:46:32","guid":{"rendered":"http:\/\/www.adrianwood.ch\/?page_id=13993"},"modified":"2017-09-18T14:27:03","modified_gmt":"2017-09-18T14:27:03","slug":"08-13-alp-la-schera","status":"publish","type":"page","link":"https:\/\/www.adrianwood.ch\/?page_id=13993","title":{"rendered":"08-13 Alp la Schera"},"content":{"rendered":"<div class=\"pmdi_content_wrapper\">\n<p class=\"Normal-P\" style=\"margin-bottom: 6pt; text-align: justify; text-justify: inter-ideograph; direction: ltr; unicode-bidi: normal;\"><span class=\"Normal-H\"><span style=\"font-weight: bold;\">Sonntag<\/span><span style=\"font-weight: bold;\">, 13.8.17, <\/span><span style=\"font-weight: bold;\">Ofenpass<\/span><span style=\"font-weight: bold;\"> \u2013 Buffalora \u2013 <\/span><span style=\"font-weight: bold;\">Alp<\/span><span style=\"font-weight: bold;\"> la <\/span><span style=\"font-weight: bold;\">Schera<\/span><span style=\"font-weight: bold;\"> \u2013 Il <\/span><span style=\"font-weight: bold;\">Fuorn<\/span><\/span><\/p>\n<figure id=\"attachment_13996\" aria-describedby=\"caption-attachment-13996\" style=\"width: 1620px\" class=\"wp-caption alignleft\"><a href=\"http:\/\/www.adrianwood.ch\/wp-content\/uploads\/2017\/09\/MUN_0124.jpg\"><img loading=\"lazy\" decoding=\"async\" class=\"size-full wp-image-13996\" src=\"http:\/\/www.adrianwood.ch\/wp-content\/uploads\/2017\/09\/MUN_0124.jpg\" alt=\"\" height=\"1080\" width=\"1620\" srcset=\"https:\/\/www.adrianwood.ch\/wp-content\/uploads\/2017\/09\/MUN_0124.jpg 1620w, https:\/\/www.adrianwood.ch\/wp-content\/uploads\/2017\/09\/MUN_0124-300x200.jpg 300w, https:\/\/www.adrianwood.ch\/wp-content\/uploads\/2017\/09\/MUN_0124-768x512.jpg 768w, https:\/\/www.adrianwood.ch\/wp-content\/uploads\/2017\/09\/MUN_0124-1024x683.jpg 1024w\" sizes=\"auto, (max-width: 1620px) 100vw, 1620px\" \/><\/a><figcaption id=\"caption-attachment-13996\" class=\"wp-caption-text\">Jetzt bei Sonnenschein<\/figcaption><\/figure>\n<p class=\"Normal-P\" style=\"margin-bottom: 6pt; text-align: justify; text-justify: inter-ideograph; direction: ltr; unicode-bidi: normal;\"><span class=\"Normal-H\">Mit vollem Gep\u00e4ck besteigen wir um 08:40 Uhr den Bus nach Buffalora (1968m). Von dort f\u00fchrt der Weg \u00fcber den Bach Ova dal Fuorn, den wir mit einem grossen Schritt \u00fcberwinden, dann geht es \u00fcber Weiden zur Alp Buffalora und weiter den steilen Weg zum Wegkreuz 2195m. Mountainbiker \u00fcberholen uns, sie haben meine Bewunderung f\u00fcr diese Leistung. Bei einer Jagd-h\u00fctte nehmen wir den Weg nach Alp la Schera, kommen an alten Eisenerzminen vorbei. Kurz vor der Nationalparkgrenze machen wir einen l\u00e4ngeren Halt und geniessen die Aussicht nach S\u00fcden, Ofen-Passstrasse, Piz Daint und dazwischen gibt es Gletscherberge wie K\u00f6nigsspitze und Ortler. Aber noch mehr entz\u00fccken die vielen Edelweiss, die aber, mit ihren flauschigen Bl\u00fctenbl\u00e4ttern, schwierig zu fokussieren sind.<\/span><\/p>\n<p class=\"Normal-P\" style=\"margin-bottom: 6pt; text-align: justify; text-justify: inter-ideograph; direction: ltr; unicode-bidi: normal;\"><span class=\"Normal-H\">Der Pass 2378m zwischen dem Munt Chavagl und Munt Buffalora ist zugleich die Grenze zum Nationalpark, ab jetzt muss man auf dem Weg bleiben. Die Aussicht weitet sich jetzt gegen Westen und den Gletscherberg identifizieren wir als Piz Bernina. Bald schon sehen wir den Stausee von Livignio. Die Besteigung des Munt La Schera lassen wir aus und machen daf\u00fcr nochmals eine grosse Pause an einem sch\u00f6nen Aussichtspunkt. Um 13:15 Uhr brechen wir wieder auf und jetzt geht es ohne Halt bergab, durch den sch\u00f6nen Wald zum Hotel Il Fuorn, 1794m, welches wir 14:45 Uhr erreichen. Es reicht gerade noch f\u00fcr ein Getr\u00e4nk bis zur Abfahrt des Busses f\u00fcr diejenigen, die fr\u00fcher nach Hause wollen oder m\u00fcssen. Der Rest Gruppe bleibt noch in der sch\u00f6nen Bergwelt bis unser reservierter Bus kommt.<\/span><\/p>\n<p class=\"Normal-P\" style=\"margin-bottom: 6pt; text-align: justify; text-justify: inter-ideograph; direction: ltr; unicode-bidi: normal;\"><span class=\"Normal-H\">Herzlichen Dank, es hat mir Spass gemacht, mit Euch in den Bergen unterwegs zu sein.<\/span><\/p>\n<p class=\"Normal-P\" style=\"margin-bottom: 6pt; text-align: justify; text-justify: inter-ideograph; direction: ltr; unicode-bidi: normal;\"><span class=\"Normal-H\">Vreni<\/span><\/p>\nngg_shortcode_0_placeholder\n<table class=\"TableGrid-T\" style=\"border-collapse: collapse;\" cellspacing=\"0\">\n<tbody>\n<tr class=\"-R\">\n<td class=\"-C\" style=\"width: 481.4pt; border: none windowtext 0pt;\" colspan=\"2\"><\/td>\n<\/tr>\n<tr class=\"-R\">\n<td class=\"-C\" style=\"width: 240.7pt; border: none windowtext 0pt;\">\n<p class=\"Normal-P\" style=\"margin-bottom: 6pt; text-align: justify; text-justify: inter-ideograph; direction: ltr; unicode-bidi: normal;\"><span class=\"Normal-H\"><img loading=\"lazy\" decoding=\"async\" class=\"\" src=\"http:\/\/www.adrianwood.ch\/wp-content\/uploads\/2017\/09\/1505742267_image1.jpeg\" data-link=\"\" height=\"232\" width=\"349\"><\/span><\/p>\n<\/td>\n<td class=\"-C\" style=\"width: 240.7pt; border: none windowtext 0pt;\">\n<p class=\"Normal-P\" style=\"margin-bottom: 6pt; text-align: justify; text-justify: inter-ideograph; direction: ltr; unicode-bidi: normal;\"><span class=\"Normal-H\"><img loading=\"lazy\" decoding=\"async\" class=\"\" src=\"http:\/\/www.adrianwood.ch\/wp-content\/uploads\/2017\/09\/1505742267_image2.jpeg\" data-link=\"\" height=\"231\" width=\"347\"><\/span><\/p>\n<\/td>\n<\/tr>\n<tr class=\"-R\">\n<td class=\"-C\" style=\"width: 481.4pt; border: none windowtext 0pt;\" colspan=\"2\"><\/td>\n<\/tr>\n<p><!-- [if !supportMisalignedColumns]--><\/tbody>\n<\/table>\n<\/div>\n","protected":false},"excerpt":{"rendered":"<p>Sonntag, 13.8.17, Ofenpass \u2013 Buffalora \u2013 Alp la Schera \u2013 Il Fuorn Mit vollem Gep\u00e4ck besteigen wir um 08:40 Uhr den Bus nach Buffalora (1968m). Von dort f\u00fchrt der Weg \u00fcber den Bach Ova dal Fuorn, den wir mit einem grossen Schritt \u00fcberwinden, dann geht es \u00fcber Weiden zur Alp Buffalora und weiter den steilen &hellip; <a href=\"https:\/\/www.adrianwood.ch\/?page_id=13993\" class=\"more-link\">Continue reading <span class=\"screen-reader-text\">08-13 Alp la Schera<\/span> <span class=\"meta-nav\">&rarr;<\/span><\/a><\/p>\n","protected":false},"author":1,"featured_media":0,"parent":13973,"menu_order":1753,"comment_status":"closed","ping_status":"closed","template":"","meta":{"ngg_post_thumbnail":0,"footnotes":""},"class_list":["post-13993","page","type-page","status-publish","hentry"],"_links":{"self":[{"href":"https:\/\/www.adrianwood.ch\/index.php?rest_route=\/wp\/v2\/pages\/13993","targetHints":{"allow":["GET"]}}],"collection":[{"href":"https:\/\/www.adrianwood.ch\/index.php?rest_route=\/wp\/v2\/pages"}],"about":[{"href":"https:\/\/www.adrianwood.ch\/index.php?rest_route=\/wp\/v2\/types\/page"}],"author":[{"embeddable":true,"href":"https:\/\/www.adrianwood.ch\/index.php?rest_route=\/wp\/v2\/users\/1"}],"replies":[{"embeddable":true,"href":"https:\/\/www.adrianwood.ch\/index.php?rest_route=%2Fwp%2Fv2%2Fcomments&post=13993"}],"version-history":[{"count":3,"href":"https:\/\/www.adrianwood.ch\/index.php?rest_route=\/wp\/v2\/pages\/13993\/revisions"}],"predecessor-version":[{"id":14099,"href":"https:\/\/www.adrianwood.ch\/index.php?rest_route=\/wp\/v2\/pages\/13993\/revisions\/14099"}],"up":[{"embeddable":true,"href":"https:\/\/www.adrianwood.ch\/index.php?rest_route=\/wp\/v2\/pages\/13973"}],"wp:attachment":[{"href":"https:\/\/www.adrianwood.ch\/index.php?rest_route=%2Fwp%2Fv2%2Fmedia&parent=13993"}],"curies":[{"name":"wp","href":"https:\/\/api.w.org\/{rel}","templated":true}]}}