{"id":1402,"date":"2011-07-25T14:38:12","date_gmt":"2011-07-25T13:38:12","guid":{"rendered":"http:\/\/adrianwood.ch\/?page_id=1402"},"modified":"2011-07-25T14:38:12","modified_gmt":"2011-07-25T13:38:12","slug":"05-26-cetina-rafting","status":"publish","type":"page","link":"https:\/\/www.adrianwood.ch\/?page_id=1402","title":{"rendered":"05-26 Cetina Rafting"},"content":{"rendered":"<p><strong><span style=\"font-size: small;\">26.Mai, Rafting auf dem Cetina<\/span><\/strong><\/p>\n<table border=\"0\" cellspacing=\"0\" cellpadding=\"0\">\n<tbody>\n<tr>\n<td colspan=\"2\" valign=\"top\" width=\"821\">\n<p style=\"text-align: justify;\">&#8220;Und welch&#8217; herrliche Pl\u00e4tze zum Baden im kristallhellen Wasser! Und welcher Genuss! Der sch\u00f6ne Tag, voll labender Frische und st\u00e4rkender Luft. Und diese Bootsfahrt, wenn die Wogen schlummern, den Felsenufern entlang, wo das Boot auf die glatte Flut wie hingegossen erscheint und auf die Landbrise des Nachmittages wartet&#8230;!&#8221;<\/p>\n<p style=\"text-align: justify;\">\u00a0\u00a0 \u00a0 \u00a0 \u00a0 \u00a0 \u00a0 \u00a0\u00a0\u00a0\u00a0\u00a0\u00a0\u00a0\u00a0\u00a0\u00a0\u00a0\u00a0\u00a0\u00a0\u00a0\u00a0\u00a0\u00a0\u00a0\u00a0\u00a0\u00a0\u00a0\u00a0\u00a0\u00a0\u00a0\u00a0\u00a0\u00a0\u00a0\u00a0\u00a0\u00a0\u00a0\u00a0\u00a0\u00a0\u00a0\u00a0\u00a0\u00a0\u00a0\u00a0\u00a0\u00a0\u00a0\u00a0\u00a0\u00a0\u00a0\u00a0\u00a0\u00a0\u00a0\u00a0\u00a0\u00a0\u00a0\u00a0\u00a0\u00a0\u00a0\u00a0\u00a0\u00a0\u00a0\u00a0\u00a0\u00a0\u00a0\u00a0\u00a0\u00a0\u00a0\u00a0\u00a0\u00a0\u00a0\u00a0 Erzherzog Ludwig Salvator von Habsburg<\/p>\n<\/td>\n<\/tr>\n<tr>\n<td colspan=\"2\" valign=\"top\" width=\"821\">\n<p style=\"text-align: justify;\">Am Vorabend der geplanten Wanderung durch die Cetina Schlucht landen wir auf ein \u201cKarlova\u010dko Pivo\u201c im Restaurant\u00a0&#8220;Romanove Mlinice&#8221;. Hier sieht man auf den ersten Blick, dass der Ort die Zielstation der\u00a0Cetina-Befahrung mit Canoe und Raft ist. Das gr\u00fcne und durchsichtige Wasser sieht hier am Abend wirklich einladend aus! Bei Bier stelle ich dann fest, dass unser Busfahrer zugleich auch ein Rafting Unternehmen hat &#8211; und damit ist schon der Plan f\u00fcr eine m\u00f6gliche Durchfahrt der\u00a0Cetina Schlucht geschmiedet! Das notwendige Minimum von vier Interessenten wird schnell gefunden&#8230;<\/p>\n<\/td>\n<\/tr>\n<tr>\n<td valign=\"top\" width=\"411\">Hier die zusammengefassten Eckdaten:Durchfahrt der Schlucht: 26.05.2011,\u00a010:30 &#8211; 15:10<\/p>\n<p>Organisation:\u00a0\u00a0\u00a0 Slap Travel Agency<\/p>\n<p>Inhaber:\u00a0\u00a0\u00a0\u00a0\u00a0\u00a0\u00a0\u00a0\u00a0\u00a0 Vlado \u0160karica<\/p>\n<p>Strecke:\u00a0\u00a0\u00a0\u00a0\u00a0\u00a0\u00a0\u00a0\u00a0\u00a0 Slime bis Romanove Mlinice (8 km)<\/p>\n<p>Guide:\u00a0\u00a0\u00a0\u00a0\u00a0\u00a0\u00a0\u00a0\u00a0\u00a0\u00a0\u00a0\u00a0 Damir<\/p>\n<p>&nbsp;<\/td>\n<td valign=\"top\" width=\"411\">\u00a0<img decoding=\"async\" class=\"ngg-singlepic ngg-none\" src=\"http:\/\/adrianwood.ch\/wp-content\/gallery\/croatia21\/image001_r4.jpg\" alt=\"image001_r4\" \/><\/td>\n<\/tr>\n<tr>\n<td valign=\"top\" width=\"411\">Crew:\u00a0\u00a0\u00a0\u00a0\u00a0\u00a0\u00a0\u00a0\u00a0\u00a0\u00a0\u00a0\u00a0\u00a0 Hans Lass Den Sonnenschein ReinHelmut, ein Bayer\u00a0aus Passau<\/p>\n<p>Jan Malanowski<\/p>\n<p>Jirka Pavel<\/p>\n<p>Mona Kunim\u00fcnch<\/p>\n<p>Susanne Neuenschwander<\/p>\n<p>Vreni Gubler<\/p>\n<p>Vreni Schepperle<\/td>\n<td valign=\"top\" width=\"411\">\u00a0<img decoding=\"async\" class=\"ngg-singlepic ngg-none\" src=\"http:\/\/adrianwood.ch\/wp-content\/gallery\/croatia21\/image003_r4.jpg\" alt=\"image003_r4\" \/><\/td>\n<\/tr>\n<tr>\n<td valign=\"top\" width=\"411\">\u00a0<img decoding=\"async\" class=\"ngg-singlepic ngg-none\" src=\"http:\/\/adrianwood.ch\/wp-content\/gallery\/croatia21\/image005_r4.jpg\" alt=\"image005_r4\" \/><\/td>\n<td valign=\"top\" width=\"411\">\u00a0<img decoding=\"async\" class=\"ngg-singlepic ngg-none\" src=\"http:\/\/adrianwood.ch\/wp-content\/gallery\/croatia21\/image007_r4.jpg\" alt=\"image007_r4\" \/><\/td>\n<\/tr>\n<tr>\n<td colspan=\"2\" valign=\"top\" width=\"821\">\n<p style=\"text-align: justify;\">Vor Besichtigung der 400 Jahre alten M\u00fchle gibt die siebenk\u00f6pfige Crew &#8211; auf Dr\u00e4ngen von Herrn \u0160karica &#8211; ihre Rucks\u00e4cke in nur einen der gestellten Wagen ab. Sie steigt dann nach der Besichtigung auch in diesen Bus ein und l\u00e4sst sich bis zum Start des Raftings vom Herrn\u00a0\u0160karica fahren. Hier verteilt er und sein Guide\u00a0Damir\u00a0Wasserschuhe, Neopren, Schwimmwesten und Helme, Frau\u00a0\u0160karica verteilt Kirschen und nimmt daf\u00fcr jeweils 200 Kuna ein.<\/p>\n<\/td>\n<\/tr>\n<tr>\n<td valign=\"top\" width=\"411\">\u00a0<img decoding=\"async\" class=\"ngg-singlepic ngg-none\" src=\"http:\/\/adrianwood.ch\/wp-content\/gallery\/croatia21\/image009_r4.jpg\" alt=\"image009_r4\" \/><\/td>\n<td valign=\"top\" width=\"411\">\n<p style=\"text-align: justify;\">Bei brennender Hitze fassen wir das Boot (fasst: 8 Crewmitglieder und 1 Guide) und stechen in den Fluss ein. Hans erkl\u00e4rt dem Guide, was ein Stechpaddel ist und wie man diese Raftboote zu fahren hat, nachher fahren wir ab. Die Schlucht sieht richtig problemlos aus und wir versuchen auf Kommando (diesmal des Guides, dem es gelingt sich gegen Hans durchzusetzen) gerade aus zu fahren. Nach einer weiteren Instruktion l\u00e4uft das Boot richtig und\u00a0rund&#8230; Allerdings kommen dann sp\u00e4ter doch noch Stromschnellen, die unser\u00a0 Guide allerdings als Rapids zweiten bis dritten Grades absch\u00e4tzig qualifiziert. Aber jetzt: vor uns liegt eine Stromstelle des f\u00fcnften Grades, mit einer t\u00f6dlich unterspielten Linksseite und wir treffen hier unsere Wander-gruppe, die wir nach und nach auf die andere Flussseite bef\u00f6rdern.<\/p>\n<\/td>\n<\/tr>\n<tr>\n<td valign=\"top\" width=\"411\">\u00a0<img decoding=\"async\" class=\"ngg-singlepic ngg-none\" src=\"http:\/\/adrianwood.ch\/wp-content\/gallery\/croatia21\/image011_r4.jpg\" alt=\"image011_r4\" \/><\/td>\n<td rowspan=\"2\" valign=\"top\" width=\"411\">\u00a0<img decoding=\"async\" class=\"ngg-singlepic ngg-none\" src=\"http:\/\/adrianwood.ch\/wp-content\/gallery\/croatia21\/image013_r4.jpg\" alt=\"image013_r4\" \/><\/td>\n<\/tr>\n<tr>\n<td valign=\"top\" width=\"411\">\u00a0<img decoding=\"async\" class=\"ngg-singlepic ngg-none\" src=\"http:\/\/adrianwood.ch\/wp-content\/gallery\/croatia21\/image015_r4.jpg\" alt=\"image015_r4\" \/><\/td>\n<\/tr>\n<tr>\n<td colspan=\"2\" valign=\"top\" width=\"821\"><\/td>\n<\/tr>\n<tr>\n<td valign=\"top\" width=\"411\">\n<p style=\"text-align: justify;\">Die Wandergruppe setzt nach einer kurzen Verschnaufpause den Dauerlauf bei 35\u00b0C fort (zuerst herunter in die Schlucht und dann aus dieser wieder hinauf). Wir genie\u00dfen dagegen die Vorteile \u00a0von coolen und angenehm gek\u00fchlten Wasserratten&#8230;Nach Umtragen der nicht fahrbaren\u00a0Stelle wird die Schlucht zunehmend sch\u00f6ner und bietet auch noch sportlichere Stromschnellen \u2013 z. B. einen Bootssprung mit viel Wasser \u00fcber die Br\u00fcste und Gesichter inklusive. Der Schluchtausgang des Baches ist wundersch\u00f6n und nach dem allerletzten freiwilligen Schwumm steigen\u00a0alle quietschvergn\u00fcgt wieder in den Bus, um mit der Wandergruppe zum Essen in der &#8220;Konoba&#8221; zusammen zu kommen.<\/p>\n<p>Jirka<\/td>\n<td valign=\"top\" width=\"411\">\u00a0<img decoding=\"async\" class=\"ngg-singlepic ngg-none\" src=\"http:\/\/adrianwood.ch\/wp-content\/gallery\/croatia21\/image017.png\" alt=\"image017\" \/><\/td>\n<\/tr>\n<\/tbody>\n<\/table>\n<p><span style=\"font-size: small;\">\u00a0<\/span><\/p>\n","protected":false},"excerpt":{"rendered":"<p>26.Mai, Rafting auf dem Cetina &#8220;Und welch&#8217; herrliche Pl\u00e4tze zum Baden im kristallhellen Wasser! Und welcher Genuss! Der sch\u00f6ne Tag, voll labender Frische und st\u00e4rkender Luft. Und diese Bootsfahrt, wenn die Wogen schlummern, den Felsenufern entlang, wo das Boot auf die glatte Flut wie hingegossen erscheint und auf die Landbrise des Nachmittages wartet&#8230;!&#8221; \u00a0\u00a0 \u00a0 &hellip; <a href=\"https:\/\/www.adrianwood.ch\/?page_id=1402\" class=\"more-link\">Continue reading <span class=\"screen-reader-text\">05-26 Cetina Rafting<\/span> <span class=\"meta-nav\">&rarr;<\/span><\/a><\/p>\n","protected":false},"author":1,"featured_media":0,"parent":1262,"menu_order":2406,"comment_status":"closed","ping_status":"closed","template":"","meta":{"ngg_post_thumbnail":0,"footnotes":""},"class_list":["post-1402","page","type-page","status-publish","hentry"],"_links":{"self":[{"href":"https:\/\/www.adrianwood.ch\/index.php?rest_route=\/wp\/v2\/pages\/1402","targetHints":{"allow":["GET"]}}],"collection":[{"href":"https:\/\/www.adrianwood.ch\/index.php?rest_route=\/wp\/v2\/pages"}],"about":[{"href":"https:\/\/www.adrianwood.ch\/index.php?rest_route=\/wp\/v2\/types\/page"}],"author":[{"embeddable":true,"href":"https:\/\/www.adrianwood.ch\/index.php?rest_route=\/wp\/v2\/users\/1"}],"replies":[{"embeddable":true,"href":"https:\/\/www.adrianwood.ch\/index.php?rest_route=%2Fwp%2Fv2%2Fcomments&post=1402"}],"version-history":[{"count":0,"href":"https:\/\/www.adrianwood.ch\/index.php?rest_route=\/wp\/v2\/pages\/1402\/revisions"}],"up":[{"embeddable":true,"href":"https:\/\/www.adrianwood.ch\/index.php?rest_route=\/wp\/v2\/pages\/1262"}],"wp:attachment":[{"href":"https:\/\/www.adrianwood.ch\/index.php?rest_route=%2Fwp%2Fv2%2Fmedia&parent=1402"}],"curies":[{"name":"wp","href":"https:\/\/api.w.org\/{rel}","templated":true}]}}