{"id":14114,"date":"2017-11-27T17:56:20","date_gmt":"2017-11-27T17:56:20","guid":{"rendered":"http:\/\/www.adrianwood.ch\/?page_id=14114"},"modified":"2017-11-29T16:36:38","modified_gmt":"2017-11-29T16:36:38","slug":"einfuhrung","status":"publish","type":"page","link":"https:\/\/www.adrianwood.ch\/?page_id=14114","title":{"rendered":"Einf\u00fchrung"},"content":{"rendered":"<div class=\"pmdi_content_wrapper\">\n<h1>Valle Maira (Piemont, Italien), August 2007, Einf\u00fchrung<\/h1>\n<table class=\"TableGrid-T\" style=\"border-collapse: collapse;\" cellspacing=\"0\">\n<tbody>\n<tr class=\"-R\">\n<td class=\"-C\" style=\"width: 237.75pt; border: none windowtext 0pt;\">\n<p class=\"Normal-P\" style=\"margin-bottom: 6pt; text-align: justify; text-justify: inter-ideograph; direction: ltr; unicode-bidi: normal;\"><span class=\"Normal-H\"><span style=\"font-size: 11pt;\"><img loading=\"lazy\" decoding=\"async\" class=\"\" src=\"http:\/\/www.adrianwood.ch\/wp-content\/uploads\/2017\/11\/1511805354_image1.jpeg\" data-link=\"\" width=\"347\" height=\"261\"><\/span><\/span><\/p>\n<\/td>\n<td class=\"-C\" style=\"width: 243.65pt; border: none windowtext 0pt;\">\n<p class=\"Normal-P\" style=\"margin-bottom: 6pt; text-align: justify; text-justify: inter-ideograph; direction: ltr; unicode-bidi: normal;\"><span class=\"Normal-H\"><span style=\"font-size: 11pt;\"><img loading=\"lazy\" decoding=\"async\" class=\"\" src=\"http:\/\/www.adrianwood.ch\/wp-content\/uploads\/2017\/11\/1511805354_image2.jpeg\" data-link=\"\" width=\"347\" height=\"260\"><\/span><\/span><\/p>\n<\/td>\n<\/tr>\n<tr class=\"-R\">\n<td class=\"-C\" style=\"width: 481.4pt; border: none windowtext 0pt;\" colspan=\"2\">\n<p class=\"Normal-P\" style=\"margin-top: 6pt; margin-bottom: 6pt; text-align: justify; text-justify: inter-ideograph; direction: ltr; unicode-bidi: normal;\"><span class=\"Normal-H\"><span style=\"font-size: 11pt;\">\u201eBis du erleichtert?\u201c fragt mich am letzten Wandertag eine Teilnehmerin, als wir auf dem imposanten \u201aColle d\u2019Enchiausa\u2019 (2740m) mit herrlichem Blick auf schroffe Berge in beide Richtungen sitzen. Erleichtert? \u2013 \u201eNein, ich bin eher traurig, dass fast alles schon vorbei ist.\u201c <\/span><\/span><\/p>\n<p class=\"Normal-P\" style=\"margin-bottom: 6pt; text-align: justify; text-justify: inter-ideograph; direction: ltr; unicode-bidi: normal;\"><span class=\"Normal-H\"><span style=\"font-size: 11pt;\">Die Organisation einer Wanderwoche ist nicht bedr\u00fcckend, auch wenn es nat\u00fcrlich etwas Arbeit und Verantwortung bedeutet.<\/span><\/span><\/p>\n<p class=\"Normal-P\" style=\"margin-bottom: 6pt; text-align: justify; text-justify: inter-ideograph; direction: ltr; unicode-bidi: normal;\"><span class=\"Normal-H\"><span style=\"font-size: 11pt;\">Die Woche ist ohne w<\/span><span style=\"font-size: 11pt;\">esentliche Zwischenf\u00e4lle verlaufen, obwohl eine Teilnehmerin am ersten<\/span><span style=\"font-size: 11pt;\">Wandertag wenige Meter vor der Unterkunft hingefallen ist. Die Wanderungen waren interessant und abwechslungsreich, und wurden von allen problemlos gemeistert trotz grosser Unterschiede in der Marschgeschwindigkeit. Es gab, mit Ausnahme von zwei Nachmittagen, immer gutes Wanderwetter. Obwohl am ersten Tag die Rede von Mittelmeertemperaturen war, war es nicht wirklich so heiss. (Manche m\u00f6gen es heisser!)<\/span><\/span><\/p>\n<p class=\"Normal-P\" style=\"margin-bottom: 6pt; text-align: justify; text-justify: inter-ideograph; direction: ltr; unicode-bidi: normal;\"><span class=\"Normal-H\"><span style=\"font-size: 11pt;\">Das Essen war vorz\u00fcglich, wie es nur in Italien und insbesondere im Piemont sein kann.<\/span><\/span><\/p>\n<\/td>\n<\/tr>\n<tr class=\"-R\">\n<td class=\"-C\" style=\"width: 237.75pt; border: none windowtext 0pt;\">\n<p class=\"Normal-P\" style=\"margin-bottom: 6pt; text-align: justify; text-justify: inter-ideograph; direction: ltr; unicode-bidi: normal;\"><span class=\"Normal-H\"><span style=\"font-size: 11pt;\"><img loading=\"lazy\" decoding=\"async\" class=\"\" src=\"http:\/\/www.adrianwood.ch\/wp-content\/uploads\/2017\/11\/1511805354_image3.jpeg\" data-link=\"\" width=\"347\" height=\"261\"><\/span><\/span><\/p>\n<\/td>\n<td class=\"-C\" style=\"width: 243.65pt; border: none windowtext 0pt;\">\n<p class=\"Normal-P\" style=\"margin-bottom: 6pt; text-align: justify; text-justify: inter-ideograph; direction: ltr; unicode-bidi: normal;\"><span class=\"Normal-H\"><span style=\"font-size: 11pt;\"><img loading=\"lazy\" decoding=\"async\" class=\"\" src=\"http:\/\/www.adrianwood.ch\/wp-content\/uploads\/2017\/11\/1511805354_image4.jpeg\" data-link=\"\" width=\"347\" height=\"260\"><\/span><\/span><\/p>\n<\/td>\n<\/tr>\n<tr class=\"-R\">\n<td class=\"-C\" style=\"width: 481.4pt; border: none windowtext 0pt;\" colspan=\"2\">\n<p class=\"Normal-P\" style=\"margin-top: 6pt; margin-bottom: 6pt; text-align: justify; text-justify: inter-ideograph; direction: ltr; unicode-bidi: normal;\"><span class=\"Normal-H\"><span style=\"font-size: 11pt;\">Die Unterk\u00fcnfte variierten: von einfachen \u201aPosta Tappa\u2019 mit Lagerpl\u00e4tzen zu liebevoll eingerichteten Kleinhotels in renovierten alten Geb\u00e4uden. Manchmal bildeten die Schlafpl\u00e4tze ein krasser Unterschied zum feinen Essen, was unter den Teilnehmern f\u00fcr etwas Unruhe sorgte. <\/span><\/span><\/p>\n<p class=\"Normal-P\" style=\"margin-top: 6pt; margin-bottom: 6pt; text-align: justify; text-justify: inter-ideograph; direction: ltr; unicode-bidi: normal;\"><span class=\"Normal-H\"><span style=\"font-size: 11pt;\">Das Valle Maira wurde bekannt durch ein im 1999 angek\u00fcndigtes Wanderbuch \u201aAntipasti und Alte Wege\u2019 mit den <\/span><span style=\"font-size: 11pt;\">darauf folgende<\/span><span style=\"font-size: 11pt;\"> vollseitigen Berichten in der BaZ und NZZ. Darin wird der relalativ neu eingerichtete Weg \u201aPercorso Occitano\u2019 beschrieben,<\/span><span style=\"font-size: 11pt;\"> der auf <\/span><span style=\"font-size: 11pt;\">alten Wege<\/span><span style=\"font-size: 11pt;\"> durch<\/span><span style=\"font-size: 11pt;\">teils verlassenen D\u00f6rfern im Valle <\/span><span style=\"font-size: 11pt;\">Maira<\/span><span style=\"font-size: 11pt;\"> hinauff\u00fchrt<\/span><span style=\"font-size: 11pt;\">, von<\/span><span style=\"font-size: 11pt;\"> liebliche Kastanienw\u00e4lder <\/span><span style=\"font-size: 11pt;\">bis <\/span><span style=\"font-size: 11pt;\">in einer steinigen Dolomiten \u00e4hnlichen Landschaft. Der obere Teil liegt N\u00e4he der franz\u00f6sischen Grenze und ber\u00fchrt Teile der \u201aGran<\/span><span style=\"font-size: 11pt;\">de<\/span><span style=\"font-size: 11pt;\"> Traversa<\/span><span style=\"font-size: 11pt;\">ta<\/span><span style=\"font-size: 11pt;\"> delle Alpi\u2019 (GTA).<\/span><\/span><\/p>\n<p class=\"Normal-P\" style=\"margin-bottom: 6pt; text-align: justify; text-justify: inter-ideograph; direction: ltr; unicode-bidi: normal;\"><span class=\"Normal-H\"><span style=\"font-size: 11pt;\">Wir haben in fr\u00fcheren Jahren schon einige Etappen der GTA begangen, aber das Valle Maira liegt viel s\u00fcdlicher. Die Hinreise mit der Bahn \u00fcber Milano-Torino-Cuneo dauerte 8 Std., dann weiter mit dem Lokalbus in die Kleinstadt Dronero am Eingang des Valle <\/span><span style=\"font-size: 11pt;\">Maira<\/span><span style=\"font-size: 11pt;\">.<\/span><\/span><\/p>\n<\/td>\n<\/tr>\n<tr class=\"-R\">\n<td class=\"-C\" style=\"width: 237.75pt; border: none windowtext 0pt;\">\n<p class=\"Normal-P\" style=\"margin-bottom: 6pt; text-align: justify; text-justify: inter-ideograph; direction: ltr; unicode-bidi: normal;\"><span class=\"Normal-H\"><span style=\"font-size: 11pt;\"><img loading=\"lazy\" decoding=\"async\" class=\"\" src=\"http:\/\/www.adrianwood.ch\/wp-content\/uploads\/2017\/11\/1511805354_image5.jpeg\" data-link=\"\" width=\"347\" height=\"261\"><\/span><\/span><\/p>\n<\/td>\n<td class=\"-C\" style=\"width: 243.65pt; border: none windowtext 0pt;\">\n<p class=\"Normal-P\" style=\"margin-bottom: 6pt; text-align: justify; text-justify: inter-ideograph; direction: ltr; unicode-bidi: normal;\"><span class=\"Normal-H\"><span style=\"font-size: 11pt;\"><img loading=\"lazy\" decoding=\"async\" class=\"\" src=\"http:\/\/www.adrianwood.ch\/wp-content\/uploads\/2017\/11\/1511805354_image6.jpeg\" data-link=\"\" width=\"347\" height=\"260\"><\/span><\/span><\/p>\n<\/td>\n<\/tr>\n<tr class=\"-R\">\n<td class=\"-C\" style=\"width: 481.4pt; border: none windowtext 0pt;\" colspan=\"2\">\n<p class=\"Normal-P\" style=\"margin-top: 6pt; margin-bottom: 6pt; text-align: justify; text-justify: inter-ideograph; direction: ltr; unicode-bidi: normal;\"><span class=\"Normal-H\"><span style=\"font-size: 11pt;\">Hier konnten wir unsere Verpflegung f\u00fcr die Woche aufstocken und unser erstes Bier oder Ap\u00e9ro auf einer Terrasse mit Aussicht \u00fcber den Maira Fluss geniessen<\/span><span style=\"font-size: 11pt;\">.<\/span><\/span><\/p>\n<p class=\"Normal-P\" style=\"margin-bottom: 6pt; text-align: justify; text-justify: inter-ideograph; direction: ltr; unicode-bidi: normal;\"><span class=\"Normal-H\"><span style=\"font-size: 11pt;\">Das \u201aSherpataxi\u2019 brachte uns die letzten 4 Km zu unserem ersten Hotel. Von diesem Taxi haben wir fast jeden Tag regen Gebrauch gemacht, um einen Teil unseres Gep\u00e4cks in die n\u00e4chste Unterkunft bringen zu lassen \u2013 welch ein Luxus! <\/span><span style=\"font-size: 11pt;\">Danke Hanspeter f\u00fcr diese Organisation und die Reservierung der Unterk\u00fcnfte.<\/span><\/span><\/p>\n<\/td>\n<\/tr>\n<tr class=\"-R\">\n<td class=\"-C\" style=\"width: 237.75pt; border: none windowtext 0pt;\">\n<p class=\"Normal-P\" style=\"margin-bottom: 6pt; text-align: justify; text-justify: inter-ideograph; direction: ltr; unicode-bidi: normal;\"><span class=\"Normal-H\"><span style=\"font-size: 11pt;\"><img loading=\"lazy\" decoding=\"async\" class=\"\" src=\"http:\/\/www.adrianwood.ch\/wp-content\/uploads\/2017\/11\/1511805354_image7.jpeg\" data-link=\"\" width=\"347\" height=\"261\"><\/span><\/span><\/p>\n<\/td>\n<td class=\"-C\" style=\"width: 243.65pt; border: none windowtext 0pt;\">\n<p class=\"Normal-P\" style=\"margin-bottom: 6pt; text-align: center; direction: ltr; unicode-bidi: normal;\"><span class=\"Normal-H\"><span style=\"font-size: 11pt;\"><img loading=\"lazy\" decoding=\"async\" class=\"\" src=\"http:\/\/www.adrianwood.ch\/wp-content\/uploads\/2017\/11\/1511805354_image8.jpeg\" data-link=\"\" width=\"347\" height=\"260\"><\/span><\/span><\/p>\n<\/td>\n<\/tr>\n<tr class=\"-R\">\n<td class=\"-C\" style=\"width: 237.75pt; border: none windowtext 0pt;\">\n<p class=\"Normal-P\" style=\"margin-bottom: 6pt; text-align: center; direction: ltr; unicode-bidi: normal;\"><span class=\"Normal-H\"><span style=\"font-size: 11pt;\"><img loading=\"lazy\" decoding=\"async\" class=\"\" src=\"http:\/\/www.adrianwood.ch\/wp-content\/uploads\/2017\/11\/1511805354_image9.jpeg\" data-link=\"\" width=\"250\" height=\"365\"><\/span><\/span><\/p>\n<\/td>\n<td class=\"-C\" style=\"width: 243.65pt; border: none windowtext 0pt;\">\n<p class=\"Normal-P\" style=\"margin-bottom: 6pt; text-align: center; direction: ltr; unicode-bidi: normal;\"><span class=\"Normal-H\"><span style=\"font-size: 11pt;\"><img loading=\"lazy\" decoding=\"async\" class=\"\" src=\"http:\/\/www.adrianwood.ch\/wp-content\/uploads\/2017\/11\/1511805354_image10.jpeg\" data-link=\"\" width=\"347\" height=\"260\"><\/span><\/span><\/p>\n<\/td>\n<\/tr>\n<tr class=\"-R\">\n<td class=\"-C\" style=\"width: 481.4pt; border: none windowtext 0pt;\" colspan=\"2\">\n<p class=\"Normal-P\" style=\"margin-bottom: 6pt; text-align: justify; text-justify: inter-ideograph; direction: ltr; unicode-bidi: normal;\"><span class=\"Normal-H\"><span style=\"font-size: 11pt;\">Auch am Schluss der Wanderwoche wurden wir mit einem Privatbus direkt von Chialvetta nach Cuneo gebracht. Der Verzehr einer leckeren Pizza, unter Sonnenschirmen auf einer Piazzetta, rundete die sch\u00f6ne und erlebnisreiche Woche f\u00fcr eine kleine Gruppe ab. Ich hoffe, dass alle Wanderkameradinnen und \u2013<\/span><span style=\"font-size: 11pt;\">kameraden diese Wanderferien so sehr wie ich genossen haben und auch nicht \u201aerleichtert\u2019 waren, das<\/span><span style=\"font-size: 11pt;\"> alles so schnell <\/span><span style=\"font-size: 11pt;\">vorbeiging.<\/span><\/span><\/p>\n<p class=\"Normal-P\" style=\"margin-bottom: 6pt; text-align: justify; text-justify: inter-ideograph; direction: ltr; unicode-bidi: normal;\"><span class=\"Normal-H\"><span style=\"font-size: 11pt;\">Adrian<\/span><\/span><\/p>\n<h4>Tagesberichte im Menu links<\/h4>\n<\/td>\n<\/tr>\n<p><!-- [if !supportMisalignedColumns]--><\/tbody>\n<\/table>\n<\/div>\n","protected":false},"excerpt":{"rendered":"<p>Valle Maira (Piemont, Italien), August 2007, Einf\u00fchrung \u201eBis du erleichtert?\u201c fragt mich am letzten Wandertag eine Teilnehmerin, als wir auf dem imposanten \u201aColle d\u2019Enchiausa\u2019 (2740m) mit herrlichem Blick auf schroffe Berge in beide Richtungen sitzen. Erleichtert? \u2013 \u201eNein, ich bin eher traurig, dass fast alles schon vorbei ist.\u201c Die Organisation einer Wanderwoche ist nicht bedr\u00fcckend, &hellip; <a href=\"https:\/\/www.adrianwood.ch\/?page_id=14114\" class=\"more-link\">Continue reading <span class=\"screen-reader-text\">Einf\u00fchrung<\/span> <span class=\"meta-nav\">&rarr;<\/span><\/a><\/p>\n","protected":false},"author":1,"featured_media":0,"parent":579,"menu_order":3481,"comment_status":"closed","ping_status":"closed","template":"","meta":{"ngg_post_thumbnail":0,"footnotes":""},"class_list":["post-14114","page","type-page","status-publish","hentry"],"_links":{"self":[{"href":"https:\/\/www.adrianwood.ch\/index.php?rest_route=\/wp\/v2\/pages\/14114","targetHints":{"allow":["GET"]}}],"collection":[{"href":"https:\/\/www.adrianwood.ch\/index.php?rest_route=\/wp\/v2\/pages"}],"about":[{"href":"https:\/\/www.adrianwood.ch\/index.php?rest_route=\/wp\/v2\/types\/page"}],"author":[{"embeddable":true,"href":"https:\/\/www.adrianwood.ch\/index.php?rest_route=\/wp\/v2\/users\/1"}],"replies":[{"embeddable":true,"href":"https:\/\/www.adrianwood.ch\/index.php?rest_route=%2Fwp%2Fv2%2Fcomments&post=14114"}],"version-history":[{"count":6,"href":"https:\/\/www.adrianwood.ch\/index.php?rest_route=\/wp\/v2\/pages\/14114\/revisions"}],"predecessor-version":[{"id":14388,"href":"https:\/\/www.adrianwood.ch\/index.php?rest_route=\/wp\/v2\/pages\/14114\/revisions\/14388"}],"up":[{"embeddable":true,"href":"https:\/\/www.adrianwood.ch\/index.php?rest_route=\/wp\/v2\/pages\/579"}],"wp:attachment":[{"href":"https:\/\/www.adrianwood.ch\/index.php?rest_route=%2Fwp%2Fv2%2Fmedia&parent=14114"}],"curies":[{"name":"wp","href":"https:\/\/api.w.org\/{rel}","templated":true}]}}