{"id":14139,"date":"2017-11-27T18:03:39","date_gmt":"2017-11-27T18:03:39","guid":{"rendered":"http:\/\/www.adrianwood.ch\/?page_id=14139"},"modified":"2017-11-29T15:06:54","modified_gmt":"2017-11-29T15:06:54","slug":"08-19-camoglieres","status":"publish","type":"page","link":"https:\/\/www.adrianwood.ch\/?page_id=14139","title":{"rendered":"08-19 Camoglieres"},"content":{"rendered":"<div class=\"pmdi_content_wrapper\">\n<p class=\"Normal-P\" style=\"margin-bottom: 6pt; text-align: justify; text-justify: inter-ideograph; direction: ltr; unicode-bidi: normal;\"><span class=\"Normal-H\"><span style=\"font-weight: bold; font-size: 11pt;\">Sonntag, den 19. August, Santa Anna \u2013 Camoglieres<\/span><\/span><\/p>\n<table class=\"TableGrid-T\" style=\"border-collapse: collapse;\" cellspacing=\"0\">\n<tbody>\n<tr class=\"-R\">\n<td class=\"-C\" style=\"width: 464.3pt; border: none windowtext 0pt;\" colspan=\"2\">\n<p class=\"Normal-P\" style=\"margin-bottom: 6pt; text-align: justify; text-justify: inter-ideograph; direction: ltr; unicode-bidi: normal;\"><span class=\"Normal-H\"><span style=\"font-size: 11pt;\">Der heutige Tag begann bei mir bereits irgendwann kurz nach Mitternacht. Um diese Zeit herum beschloss n\u00e4mlich eine lautstarke Italienergruppe sich auf den Balkon des unmittelbar neben unserem Hotel gelegenen Chalets zu verschieben, um dort mit lautem Palaver die Sommernacht zu feiern. An Schlaf war trotz ehrlichen Versuchen meinerseits kaum mehr zu denken. Nach etwa einer halben Stunde lauter Unterhaltung draussen stand Jean-Fran\u00e7ois auf, ging zum Fenster und rief h\u00f6flich zweimal: &#8220;Buona Notte!&#8221; Richtung Chalet. Das bewirkte gar nichts, ich meine, die l\u00e4rmige Gesellschaft h\u00f6rte Fran\u00e7ois&#8217; guten Wunsch nicht einmal. Als Abwehr<\/span><span style=\"font-size: 11pt;\">\u00admassnahme gegen den L\u00e4rm schloss Jean-Fran\u00e7ois unser Fenster und legte sich wieder schlafen. Ich bin es aber nicht gewohnt, bei geschlossenem Fenster zu schlafen, allein der Gedanke daran, dass das Fenster geschlossen sei, hielt mich nun wach. Also, nach einer weiteren halben Stunde oder so, ich glaubte, es sei nun ruhiger geworden, \u00f6ffnete ich das Fenster wieder. Fehlanzeige! Wenn diese Leute doch nur endlich ins Bett gingen!!! Irgendwann stand nun auch Adrian auf und schaute aus dem Fenster um nach der Ursache des L\u00e4rms zu forschen. Jetzt hatte ich genug, es muss schon so etwa um 2 Uhr morgens gewesen sein:&#8221;G\u00f6nnd jetzt \u00e4ndlig is Bett!&#8221; rief ich laut und mit \u00e4rgerlicher Stimme zum Fenster hinaus. Verstanden hatten sie die Worte wohl kaum, aber der Unmut in meiner Stimme wirkte: ohne Antwort zu geben verzogen sie sich vom Balkon, eine Zeitlang leuchtete noch ihre Balkonlampe in unser Zimmer, aber auch diese wurde gel\u00f6scht, und endlich wurde es ruhig.<\/span><\/span><\/p>\n<\/td>\n<\/tr>\n<tr class=\"-R\">\n<td class=\"-C\" style=\"width: 230.25pt; border: none windowtext 0pt;\">\n<p class=\"Normal-P\" style=\"margin-bottom: 6pt; text-align: justify; text-justify: inter-ideograph; direction: ltr; unicode-bidi: normal;\"><span class=\"Normal-H\"><span style=\"font-size: 11pt;\"><img loading=\"lazy\" decoding=\"async\" class=\"\" src=\"http:\/\/www.adrianwood.ch\/wp-content\/uploads\/2017\/11\/1511805796_image1.jpeg\" data-link=\"\" width=\"347\" height=\"261\"><\/span><\/span><\/p>\n<\/td>\n<td class=\"-C\" style=\"width: 234.05pt; border: none windowtext 0pt;\">\n<p class=\"Normal-P\" style=\"margin-bottom: 6pt; text-align: justify; text-justify: inter-ideograph; direction: ltr; unicode-bidi: normal;\"><span class=\"Normal-H\"><span style=\"font-size: 11pt;\"><img loading=\"lazy\" decoding=\"async\" class=\"\" src=\"http:\/\/www.adrianwood.ch\/wp-content\/uploads\/2017\/11\/1511805796_image2.jpeg\" data-link=\"\" width=\"346\" height=\"259\"><\/span><\/span><\/p>\n<\/td>\n<\/tr>\n<tr class=\"-R\">\n<td class=\"-C\" style=\"width: 464.3pt; border: none windowtext 0pt;\" colspan=\"2\">\n<p class=\"Normal-P\" style=\"margin-bottom: 6pt; text-align: justify; text-justify: inter-ideograph; direction: ltr; unicode-bidi: normal;\"><span class=\"Normal-H\"><span style=\"font-size: 11pt;\">Das Morgenessen im Hotel war nicht besonders und leider das k\u00fcmmerlichste der ganzen Woche: das Brot alt und das orange gef\u00e4rbte d\u00fcnne Zuckerwasser, als &#8216;Orangensaft&#8217; deklariert, liess ich demonstrativ auf dem Nebentisch stehen. Immerhin, der Sandwich-Weggen, welchen ich gegen Entgelt f\u00fcr unterwegs besorgte, war von wesentlich besserer Qualit\u00e4t und frisch. Nachdem wir am Vortag noch den vollen Rucksack getragen hatten, hatten wir f\u00fcr heute erstmals das &#8216;<\/span><span style=\"font-size: 11pt;\">Sherpa Taxi<\/span><span style=\"font-size: 11pt;\">&#8216; Unternehmen beauftragt, unsere Rucks\u00e4cke zu transportieren. Das war eine gute Idee, standen doch 7 Stunden Wanderzeit, zwei Wanderbuch-Etappen in einem Tag, auf dem Programm. Nur einen leichten Tagesrucksack tragen zu m\u00fcssen machte da schon den Unterschied.<\/span><\/span><\/p>\n<\/td>\n<\/tr>\n<tr class=\"-R\">\n<td class=\"-C\" style=\"width: 230.25pt; border: none windowtext 0pt;\">\n<p class=\"Normal-P\" style=\"margin-bottom: 6pt; text-align: justify; text-justify: inter-ideograph; direction: ltr; unicode-bidi: normal;\"><span class=\"Normal-H\"><span style=\"font-size: 11pt;\"><img loading=\"lazy\" decoding=\"async\" class=\"\" src=\"http:\/\/www.adrianwood.ch\/wp-content\/uploads\/2017\/11\/1511805796_image3.jpeg\" data-link=\"\" width=\"347\" height=\"260\"><\/span><\/span><\/p>\n<\/td>\n<td class=\"-C\" style=\"width: 234.05pt; border: none windowtext 0pt;\">\n<p class=\"Normal-P\" style=\"margin-bottom: 6pt; text-align: justify; text-justify: inter-ideograph; direction: ltr; unicode-bidi: normal;\"><span class=\"Normal-H\"><span style=\"font-size: 11pt;\"><img loading=\"lazy\" decoding=\"async\" class=\"\" src=\"http:\/\/www.adrianwood.ch\/wp-content\/uploads\/2017\/11\/1511805796_image4.jpeg\" data-link=\"\" width=\"347\" height=\"261\"><\/span><\/span><\/p>\n<\/td>\n<\/tr>\n<tr class=\"-R\">\n<td class=\"-C\" style=\"width: 464.3pt; border: none windowtext 0pt;\" colspan=\"2\">\n<p class=\"Normal-P\" style=\"margin-bottom: 6pt; text-align: justify; text-justify: inter-ideograph; direction: ltr; unicode-bidi: normal;\"><span class=\"Normal-H\"><span style=\"font-size: 11pt;\">P\u00fcnktlich um neun Uhr waren wir alle bereit und marschierten vorerst den kurzen Weg wieder hinauf zum Dorfplatz, eigentlich nur ein<\/span><span style=\"font-size: 11pt;\">en<\/span><span style=\"font-size: 11pt;\"> grossen Parkplatz mit der kleinen Wallfahrtskapelle mittendrin. <\/span><\/span><\/p>\n<\/td>\n<\/tr>\n<tr class=\"-R\">\n<td class=\"-C\" style=\"width: 464.3pt; border: none windowtext 0pt;\" colspan=\"2\">\n<p class=\"Normal-P\" style=\"margin-bottom: 6pt; text-align: justify; text-justify: inter-ideograph; direction: ltr; unicode-bidi: normal;\"><span class=\"Normal-H\"><span style=\"font-size: 11pt;\">Nicht wirklich wert als Fotosujet. Santa Anna ist zwar landschaftlich sch\u00f6n gelegen, die Siedlung besteht jedoch vorwiegend aus neueren Ferienh\u00e4usern und vor allem vielen Parkpl\u00e4tzen, um das Zentrum mit der Kapelle auf dem flachen H\u00fcgelkamm gelegen, herum. Santa Anna ist eben ein beliebtes lokales Ausflugsziel, die Italiener fahren an freien Tagen hier herauf, parkieren und picknicken dann in den umliegenden Rastpl\u00e4tzen im Waldgebiet (einige wandern wohl auch). An diesem noch fr\u00fchen Sonntagmorgen waren die Parkpl\u00e4tze jedoch noch fast leer, das hat sich dann im Laufe des Tages wohl ge\u00e4ndert. Von der Kapelle aus bogen wir nach links in ein kleines leicht abfallendes Naturstr\u00e4sschen ein, welches uns in und um einen stark bewaldeten Talbogen f\u00fchrte.<\/span><\/span><\/p>\n<\/td>\n<\/tr>\n<tr class=\"-R\">\n<td class=\"-C\" style=\"width: 230.25pt; border: none windowtext 0pt;\">\n<p class=\"Normal-P\" style=\"margin-bottom: 6pt; text-align: justify; text-justify: inter-ideograph; direction: ltr; unicode-bidi: normal;\"><span class=\"Normal-H\"><span style=\"font-size: 11pt;\"><img loading=\"lazy\" decoding=\"async\" class=\"\" src=\"http:\/\/www.adrianwood.ch\/wp-content\/uploads\/2017\/11\/1511805796_image5.jpeg\" data-link=\"\" width=\"347\" height=\"260\"><\/span><\/span><\/p>\n<\/td>\n<td class=\"-C\" style=\"width: 234.05pt; border: none windowtext 0pt;\">\n<p class=\"Normal-P\" style=\"margin-bottom: 6pt; text-align: justify; text-justify: inter-ideograph; direction: ltr; unicode-bidi: normal;\"><span class=\"Normal-H\"><span style=\"font-size: 11pt;\"><img loading=\"lazy\" decoding=\"async\" class=\"\" src=\"http:\/\/www.adrianwood.ch\/wp-content\/uploads\/2017\/11\/1511805796_image6.jpeg\" data-link=\"\" width=\"347\" height=\"261\"><\/span><\/span><\/p>\n<\/td>\n<\/tr>\n<tr class=\"-R\">\n<td class=\"-C\" style=\"width: 464.3pt; border: none windowtext 0pt;\" colspan=\"2\">\n<p class=\"Normal-P\" style=\"margin-bottom: 6pt; text-align: justify; text-justify: inter-ideograph; direction: ltr; unicode-bidi: normal;\"><span class=\"Normal-H\"><span style=\"font-size: 11pt;\">Viele Wildblumen am Wegrand erfreuten uns an den Lichtungen. Nach einer guten halben Stunde, wir erreichten das Ende des Talbogens, gelangten wir zur kleinen idyllisch gelegenen Kapelle von Roi. Die sch\u00f6ne Lage lud zu kurzem Verweilen ein. Wir kamen wieder auf Wiesland und sahen das Geh\u00f6ft bei der Kapelle bewohnt, im heutigen Valle Maira nicht mehr ganz so selbstverst\u00e4ndlich. Nach einem irrt\u00fcmlichen Abstecher gelangten wir bald auf schmale, aber mit dem gelben Balken des Mairaweges gut markierte, Pfade und wanderten sehr angenehm durch sch\u00f6ne Waldgebiete. Unterwegs begegneten wir auch wieder dem Paar aus Inzlingen, welches uns schon aus der Wanderung vom Vortag her bekannt war, es sollte beileibe nicht die letzte Begegnung sein. Das Paar hatte jedoch das Pech, dass sie, ausser dem vorletzten Tag, nie in der gleichen Unterkunft wie wir \u00fcbernachten konnten: wenn sie via <\/span><span style=\"font-size: 11pt;\">ihrem Handy<\/span><span style=\"font-size: 11pt;\"> reservieren wollten hiess es stets: &#8220;leider ist eine gr\u00f6ssere Wandergruppe bei uns angemeldet&#8221; &#8211; wir nat\u00fcrlich. \u00dcbernachtungsm\u00f6glichkeiten gibt es aber nicht sehr viele entlang des Maira Weges. So mussten sie oft ein Dorf weiter, abseits des Weges, oder privat \u00fcbernachten. <\/span><\/span><\/p>\n<\/td>\n<\/tr>\n<tr class=\"-R\">\n<td class=\"-C\" style=\"width: 230.25pt; border: none windowtext 0pt;\">\n<p class=\"Normal-P\" style=\"margin-bottom: 6pt; text-align: justify; text-justify: inter-ideograph; direction: ltr; unicode-bidi: normal;\"><span class=\"Normal-H\"><span style=\"font-size: 11pt;\"><img loading=\"lazy\" decoding=\"async\" class=\"\" src=\"http:\/\/www.adrianwood.ch\/wp-content\/uploads\/2017\/11\/1511805796_image7.jpeg\" data-link=\"\" width=\"347\" height=\"260\"><\/span><\/span><\/p>\n<\/td>\n<td class=\"-C\" style=\"width: 234.05pt; border: none windowtext 0pt;\">\n<p class=\"Normal-P\" style=\"margin-bottom: 6pt; text-align: justify; text-justify: inter-ideograph; direction: ltr; unicode-bidi: normal;\"><span class=\"Normal-H\"><span style=\"font-size: 11pt;\"><img loading=\"lazy\" decoding=\"async\" class=\"\" src=\"http:\/\/www.adrianwood.ch\/wp-content\/uploads\/2017\/11\/1511805796_image8.jpeg\" data-link=\"\" width=\"347\" height=\"261\"><\/span><\/span><\/p>\n<\/td>\n<\/tr>\n<tr class=\"-R\">\n<td class=\"-C\" style=\"width: 464.3pt; border: none windowtext 0pt;\" colspan=\"2\">\n<p class=\"Normal-P\" style=\"margin-bottom: 6pt; text-align: justify; text-justify: inter-ideograph; direction: ltr; unicode-bidi: normal;\"><span class=\"Normal-H\"><span style=\"font-size: 11pt;\">Bei einem h\u00fcbschen kleinen Weiler, an diesem Tag jedoch verlassen, legten wir eine verdiente Essenspause ein. Ich meine der Weiler hiess Mostiola, aber die D\u00f6rfer und Weiler auf den H\u00f6hen des Valle Maira sind leider nie mit Ortschildern angeschrieben, und es gab auch nie Einkaufsm\u00f6glichkeiten. Die wenigen H\u00e4user des vorgenannten Weilers waren im Stile von &#8216;Rusticos&#8217; geschmackvoll restauriert worden, werden aber offensichtlich nur noch zu Freizeitaktivit\u00e4ten benutzt. Es war dort so friedlich und sch\u00f6n! Durch weitere Waldgebiete und kleinere Weiler und dem Ausholen in oder dem Durchqueren von weiteren Seitenkesseln erreichten wir schliesslich nach einem st\u00e4rkeren Weganstieg um die Mittagszeit herum Pagliero.<\/span><\/span><\/p>\n<\/td>\n<\/tr>\n<tr class=\"-R\">\n<td class=\"-C\" style=\"width: 230.25pt; border: none windowtext 0pt;\">\n<p class=\"Normal-P\" style=\"margin-bottom: 6pt; text-align: justify; text-justify: inter-ideograph; direction: ltr; unicode-bidi: normal;\"><span class=\"Normal-H\"><span style=\"font-size: 11pt;\"><img loading=\"lazy\" decoding=\"async\" class=\"\" src=\"http:\/\/www.adrianwood.ch\/wp-content\/uploads\/2017\/11\/1511805796_image9.jpeg\" data-link=\"\" width=\"347\" height=\"260\"><\/span><\/span><\/p>\n<\/td>\n<td class=\"-C\" style=\"width: 234.05pt; border: none windowtext 0pt;\">\n<p class=\"Normal-P\" style=\"margin-bottom: 6pt; text-align: justify; text-justify: inter-ideograph; direction: ltr; unicode-bidi: normal;\"><span class=\"Normal-H\"><span style=\"font-size: 11pt;\"><img loading=\"lazy\" decoding=\"async\" class=\"\" src=\"http:\/\/www.adrianwood.ch\/wp-content\/uploads\/2017\/11\/1511805796_image10.jpeg\" data-link=\"\" width=\"350\" height=\"263\"><\/span><\/span><\/p>\n<\/td>\n<\/tr>\n<tr class=\"-R\">\n<td class=\"-C\" style=\"width: 464.3pt; border: none windowtext 0pt;\" colspan=\"2\">\n<p class=\"Normal-P\" style=\"margin-bottom: 6pt; text-align: justify; text-justify: inter-ideograph; direction: ltr; unicode-bidi: normal;\"><span class=\"Normal-H\"><span style=\"font-size: 11pt;\">Wer im Valle Maira wildromantische Schluchten und bizarre Felsen erwartet hatte, war bis dahin eher entt\u00e4uscht worden, aber jetzt erblickten wir zum ersten Mal den Monte Rubbio, wir kamen geologisch in die Kalksteinregion, und nach Pagliero wurde das Gel\u00e4nde jetzt sichtbar schroffer. Mehr als einmal mussten wir in weitere Seitent\u00e4ler hinein ausholen. Die nun immer grossartiger werdende Landschaft entsch\u00e4digte uns f\u00fcr die Umwege sowie die mit der Durchquerung von diesen zunehmend rauher werdenden Seitenkesseln verbundenen Auf- und Abstiege: der Weg ist bekanntlich das Ziel!<\/span><\/span><\/p>\n<\/td>\n<\/tr>\n<tr class=\"-R\">\n<td class=\"-C\" style=\"width: 230.25pt; border: none windowtext 0pt;\">\n<p class=\"Normal-P\" style=\"margin-bottom: 6pt; text-align: justify; text-justify: inter-ideograph; direction: ltr; unicode-bidi: normal;\"><span class=\"Normal-H\"><span style=\"font-size: 11pt;\"><img loading=\"lazy\" decoding=\"async\" class=\"\" src=\"http:\/\/www.adrianwood.ch\/wp-content\/uploads\/2017\/11\/1511805796_image11.jpeg\" data-link=\"\" width=\"349\" height=\"261\"><\/span><\/span><\/p>\n<\/td>\n<td class=\"-C\" style=\"width: 234.05pt; border: none windowtext 0pt;\">\n<p class=\"Normal-P\" style=\"margin-bottom: 6pt; text-align: justify; text-justify: inter-ideograph; direction: ltr; unicode-bidi: normal;\"><span class=\"Normal-H\"><span style=\"font-size: 11pt;\"><img loading=\"lazy\" decoding=\"async\" class=\"\" src=\"http:\/\/www.adrianwood.ch\/wp-content\/uploads\/2017\/11\/1511805796_image12.jpeg\" data-link=\"\" width=\"347\" height=\"261\"><\/span><\/span><\/p>\n<\/td>\n<\/tr>\n<tr class=\"-R\">\n<td class=\"-C\" style=\"width: 464.3pt; border: none windowtext 0pt;\" colspan=\"2\">\n<p class=\"Normal-P\" style=\"margin-bottom: 6pt; text-align: justify; text-justify: inter-ideograph; direction: ltr; unicode-bidi: normal;\"><span class=\"Normal-H\"><span style=\"font-size: 11pt;\">Nach st\u00e4rkerem Aufstieg erreichten wir mit der Wiese von Grange Rubbio, auf 1350 m \u00fc.M. gelegen, eine Wiese mit pr\u00e4chtiger Aussicht. Man sah wieder etwas weiter in das Haupttal hinein, welches zunehmend enger und verwinkelter wurde, so dass man bei Gel\u00e4ndekanten meist nur ein kleines St\u00fcck weiter gegen das Haupttal <\/span><span style=\"font-size: 11pt;\">hinauf sah<\/span><span style=\"font-size: 11pt;\">. Wir hatten mit der Kalksteinformation eine Karstlandschaft von wilder Sch\u00f6nheit erreicht. Der schmale aber sehr gut markierte H\u00f6henpfad f\u00fchrte uns am sp\u00e4ten Nachmittag dicht unter den Felsen unterhalb des Monte Rubbio durch, es ging auf und ab, und es boten sich immer wieder neue Tiefblicke.<\/span><\/span><\/p>\n<\/td>\n<\/tr>\n<tr class=\"-R\">\n<td class=\"-C\" style=\"width: 230.25pt; border: none windowtext 0pt;\">\n<p class=\"Normal-P\" style=\"margin-bottom: 6pt; text-align: justify; text-justify: inter-ideograph; direction: ltr; unicode-bidi: normal;\"><span class=\"Normal-H\"><span style=\"font-size: 11pt;\"><img loading=\"lazy\" decoding=\"async\" class=\"\" src=\"http:\/\/www.adrianwood.ch\/wp-content\/uploads\/2017\/11\/1511805796_image13.jpeg\" data-link=\"\" width=\"347\" height=\"260\"><\/span><\/span><\/p>\n<\/td>\n<td class=\"-C\" style=\"width: 234.05pt; border: none windowtext 0pt;\">\n<p class=\"Normal-P\" style=\"margin-bottom: 6pt; text-align: justify; text-justify: inter-ideograph; direction: ltr; unicode-bidi: normal;\"><span class=\"Normal-H\"><span style=\"font-size: 11pt;\"><img loading=\"lazy\" decoding=\"async\" class=\"\" src=\"http:\/\/www.adrianwood.ch\/wp-content\/uploads\/2017\/11\/1511805796_image14.jpeg\" data-link=\"\" width=\"347\" height=\"261\"><\/span><\/span><\/p>\n<\/td>\n<\/tr>\n<tr class=\"-R\">\n<td class=\"-C\" style=\"width: 464.3pt; border: none windowtext 0pt;\" colspan=\"2\">\n<p class=\"Normal-P\" style=\"margin-bottom: 6pt; text-align: justify; text-justify: inter-ideograph; direction: ltr; unicode-bidi: normal;\"><span class=\"Normal-H\"><span style=\"font-size: 11pt;\">Nach einer weiteren Gel\u00e4ndekante erblickten wir endlich vor uns einen neuen breiten Talbogen mit dem Dorf Camoglieres mittendrin, malerisch unterhalb einer Felspartie auf einer Gel\u00e4ndeterrasse gelegen.<\/span><\/span><\/p>\n<\/td>\n<\/tr>\n<tr class=\"-R\">\n<td class=\"-C\" style=\"width: 464.3pt; border: none windowtext 0pt;\" colspan=\"2\">\n<p class=\"Normal-P\" style=\"margin-bottom: 6pt; text-align: justify; text-justify: inter-ideograph; direction: ltr; unicode-bidi: normal;\"><span class=\"Normal-H\"><span style=\"font-size: 11pt;\">Wir erreichten das h\u00fcbsche kleine Dorf um f\u00fcnf Uhr nachmittags und erreichten ohne Schwierigkeit die heimelige Locanda del Silenzio. Es handelte sich bei der Locanda um ein einst vor dem Verfall stehendes (Bauern<\/span><span style=\"font-size: 11pt;\">?)haus<\/span><span style=\"font-size: 11pt;\">, im \u00f6rtlichen Stil aus Stein erbaut, welches erst in neuerer Zeit aufwendig zu einer gem\u00fctlichen Locanda mit Unterkunft renoviert und umgebaut worden war. Die Sonne schien angenehm warm, und so fanden wir uns alle nach dem Zimmerbezug (wir waren erfreut, dass auch der Rucksacktransport geklappt hatte) zu <\/span><span style=\"font-size: 11pt;\">einer kleiner Siesta<\/span><span style=\"font-size: 11pt;\"> mit Sonnenbad auf den Liegest\u00fchlen im sch\u00f6nen Garten der Locanda ein.<\/span><\/span><\/p>\n<\/td>\n<\/tr>\n<tr class=\"-R\">\n<td class=\"-C\" style=\"width: 230.25pt; border: none windowtext 0pt;\">\n<p class=\"Normal-P\" style=\"margin-bottom: 6pt; text-align: justify; text-justify: inter-ideograph; direction: ltr; unicode-bidi: normal;\"><span class=\"Normal-H\"><span style=\"font-size: 11pt;\"><img loading=\"lazy\" decoding=\"async\" class=\"\" src=\"http:\/\/www.adrianwood.ch\/wp-content\/uploads\/2017\/11\/1511805796_image15.jpeg\" data-link=\"\" width=\"347\" height=\"260\"><\/span><\/span><\/p>\n<\/td>\n<td class=\"-C\" style=\"width: 234.05pt; border: none windowtext 0pt;\">\n<p class=\"Normal-P\" style=\"margin-bottom: 6pt; text-align: justify; text-justify: inter-ideograph; direction: ltr; unicode-bidi: normal;\"><span class=\"Normal-H\"><span style=\"font-size: 11pt;\"><img loading=\"lazy\" decoding=\"async\" class=\"\" src=\"http:\/\/www.adrianwood.ch\/wp-content\/uploads\/2017\/11\/1511805796_image16.jpeg\" data-link=\"\" width=\"347\" height=\"261\"><\/span><\/span><\/p>\n<\/td>\n<\/tr>\n<tr class=\"-R\">\n<td class=\"-C\" style=\"width: 230.25pt; border: none windowtext 0pt;\">\n<p class=\"Normal-P\" style=\"margin-bottom: 6pt; text-align: justify; text-justify: inter-ideograph; direction: ltr; unicode-bidi: normal;\"><span class=\"Normal-H\"><span style=\"font-size: 11pt;\"><img loading=\"lazy\" decoding=\"async\" class=\"\" src=\"http:\/\/www.adrianwood.ch\/wp-content\/uploads\/2017\/11\/1511805796_image17.jpeg\" data-link=\"\" width=\"347\" height=\"260\"><\/span><\/span><\/p>\n<\/td>\n<td class=\"-C\" style=\"width: 234.05pt; border: none windowtext 0pt;\">\n<p class=\"Normal-P\" style=\"margin-bottom: 6pt; text-align: justify; text-justify: inter-ideograph; direction: ltr; unicode-bidi: normal;\"><span class=\"Normal-H\"><span style=\"font-size: 11pt;\"><img loading=\"lazy\" decoding=\"async\" class=\"\" src=\"http:\/\/www.adrianwood.ch\/wp-content\/uploads\/2017\/11\/1511805796_image18.jpeg\" data-link=\"\" width=\"347\" height=\"261\"><\/span><\/span><\/p>\n<\/td>\n<\/tr>\n<tr class=\"-R\">\n<td class=\"-C\" style=\"width: 230.25pt; border: none windowtext 0pt;\">\n<p class=\"Normal-P\" style=\"margin-bottom: 6pt; text-align: justify; text-justify: inter-ideograph; direction: ltr; unicode-bidi: normal;\"><span class=\"Normal-H\"><span style=\"font-size: 11pt;\"><img loading=\"lazy\" decoding=\"async\" class=\"\" src=\"http:\/\/www.adrianwood.ch\/wp-content\/uploads\/2017\/11\/1511805796_image19.jpeg\" data-link=\"\" width=\"347\" height=\"260\"><\/span><\/span><\/p>\n<\/td>\n<td class=\"-C\" style=\"width: 234.05pt; border: none windowtext 0pt;\">\n<p class=\"Normal-P\" style=\"margin-bottom: 6pt; text-align: justify; text-justify: inter-ideograph; direction: ltr; unicode-bidi: normal;\"><span class=\"Normal-H\"><span style=\"font-size: 11pt;\"><img loading=\"lazy\" decoding=\"async\" class=\"\" src=\"http:\/\/www.adrianwood.ch\/wp-content\/uploads\/2017\/11\/1511805796_image20.jpeg\" data-link=\"\" width=\"347\" height=\"261\"><\/span><\/span><\/p>\n<\/td>\n<\/tr>\n<tr class=\"-R\">\n<td class=\"-C\" style=\"width: 464.3pt; border: none windowtext 0pt;\" colspan=\"2\">\n<p class=\"Normal-P\" style=\"margin-bottom: 6pt; text-align: justify; text-justify: inter-ideograph; direction: ltr; unicode-bidi: normal;\"><span class=\"Normal-H\"><span style=\"font-size: 11pt;\">Jean-Fran\u00e7ois hatte Geburtstag und liess verk\u00fcnden, dass er aus diesem Anlass auf sieben Uhr zu einem gemeinsamen Umtrunk im Garten einladen w\u00fcrde. Bei einem feinen Glas Sekt oder je nach Wunsch Wein gratulierten wir Jean-Fran\u00e7ois in fr\u00f6hlicher Runde zu seinem Geburtstag und freuten uns an seiner netten Geste. Dann war Zeit zum Nachtessen. Die Besitzerfamilie der kleinen Locanda del Silenzio machte ihrem Ruf f\u00fcr gute einheimische K\u00fcche alle Ehre, und wir alle r\u00fchmten das ganz ausgezeichnete vielg\u00e4ngige Nachtessen in der gem\u00fctlichen Stube. Den n\u00f6tigen Hunger hatten wir nach dem langen Wandertag beisammen! Wir waren jetzt alle rechtschaffen m\u00fcde und gingen nach dem guten Mahl rechtzeitig zu Bett<\/span><\/span><span class=\"Normal-H\"><span style=\"font-size: 11pt;\">.<\/span><\/span><\/p>\n<p class=\"Normal-P\" style=\"margin-bottom: 6pt; text-align: justify; text-justify: inter-ideograph; direction: ltr; unicode-bidi: normal;\"><span class=\"Normal-H\"><span style=\"font-size: 11pt;\">Ren\u00e9<\/span><\/span><\/p>\n<\/td>\n<\/tr>\n<p><!-- [if !supportMisalignedColumns]--><\/tbody>\n<\/table>\n<\/div>\n","protected":false},"excerpt":{"rendered":"<p>Sonntag, den 19. August, Santa Anna \u2013 Camoglieres Der heutige Tag begann bei mir bereits irgendwann kurz nach Mitternacht. Um diese Zeit herum beschloss n\u00e4mlich eine lautstarke Italienergruppe sich auf den Balkon des unmittelbar neben unserem Hotel gelegenen Chalets zu verschieben, um dort mit lautem Palaver die Sommernacht zu feiern. An Schlaf war trotz ehrlichen &hellip; <a href=\"https:\/\/www.adrianwood.ch\/?page_id=14139\" class=\"more-link\">Continue reading <span class=\"screen-reader-text\">08-19 Camoglieres<\/span> <span class=\"meta-nav\">&rarr;<\/span><\/a><\/p>\n","protected":false},"author":1,"featured_media":0,"parent":579,"menu_order":3483,"comment_status":"closed","ping_status":"closed","template":"","meta":{"ngg_post_thumbnail":0,"footnotes":""},"class_list":["post-14139","page","type-page","status-publish","hentry"],"_links":{"self":[{"href":"https:\/\/www.adrianwood.ch\/index.php?rest_route=\/wp\/v2\/pages\/14139","targetHints":{"allow":["GET"]}}],"collection":[{"href":"https:\/\/www.adrianwood.ch\/index.php?rest_route=\/wp\/v2\/pages"}],"about":[{"href":"https:\/\/www.adrianwood.ch\/index.php?rest_route=\/wp\/v2\/types\/page"}],"author":[{"embeddable":true,"href":"https:\/\/www.adrianwood.ch\/index.php?rest_route=\/wp\/v2\/users\/1"}],"replies":[{"embeddable":true,"href":"https:\/\/www.adrianwood.ch\/index.php?rest_route=%2Fwp%2Fv2%2Fcomments&post=14139"}],"version-history":[{"count":4,"href":"https:\/\/www.adrianwood.ch\/index.php?rest_route=\/wp\/v2\/pages\/14139\/revisions"}],"predecessor-version":[{"id":14161,"href":"https:\/\/www.adrianwood.ch\/index.php?rest_route=\/wp\/v2\/pages\/14139\/revisions\/14161"}],"up":[{"embeddable":true,"href":"https:\/\/www.adrianwood.ch\/index.php?rest_route=\/wp\/v2\/pages\/579"}],"wp:attachment":[{"href":"https:\/\/www.adrianwood.ch\/index.php?rest_route=%2Fwp%2Fv2%2Fmedia&parent=14139"}],"curies":[{"name":"wp","href":"https:\/\/api.w.org\/{rel}","templated":true}]}}