{"id":14515,"date":"2017-12-03T11:16:12","date_gmt":"2017-12-03T11:16:12","guid":{"rendered":"http:\/\/www.adrianwood.ch\/?page_id=14515"},"modified":"2017-12-03T11:16:12","modified_gmt":"2017-12-03T11:16:12","slug":"08-22-intro-barmasse","status":"publish","type":"page","link":"https:\/\/www.adrianwood.ch\/?page_id=14515","title":{"rendered":"08-22 Intro\/Barmasse"},"content":{"rendered":"<div class=\"pmdi_content_wrapper\">\n<h1><span style=\"font-family: Times New Roman; font-size: 11pt;\">Sonntag 21. und Montag 22.August, <\/span><span style=\"font-family: Times New Roman; font-size: 11pt;\">Einf\u00fchrung<\/span><span style=\"font-family: Times New Roman; font-size: 11pt;\"> und Cervinia \u2013 Refugio Barmasse<\/span><\/h1>\n<table class=\"TableGrid-T\" style=\"width: 477.35pt; border-collapse: collapse;\" cellspacing=\"0\">\n<tbody>\n<tr class=\"-R\">\n<td class=\"-C\" style=\"width: 477.35pt; border: none windowtext 0pt;\" colspan=\"2\">\n<p class=\"Normal-P\" style=\"margin-bottom: 6pt; text-align: justify; text-justify: inter-ideograph; direction: ltr; unicode-bidi: normal;\"><span class=\"Normal-H\"><span style=\";        font-size: 11pt;\">W\u00e4hrend der letzten Jahre ist unsere Gruppe durch die Ossola-T\u00e4ler und weiter um die Mont Rosa-S\u00fcdseite gewandert. Der kr\u00f6nende Abschluss der Wanderung vor drei Jahren war die \u00dcberschreitung des 3,300 m hohen, vergletsc<\/span><span style=\";        font-size: 11pt;\">herten Theodul-Passes.<\/span><\/span><\/p>\n<p class=\"Normal-P\" style=\"margin-bottom: 6pt; text-align: justify; text-justify: inter-ideograph; direction: ltr; unicode-bidi: normal;\"><span class=\"Normal-H\"><span style=\";        font-size: 11pt;\">Dieses Jahr wollten wir den Pass noch einmal in umgekehrter Richtung \u00fcberqueren und unsere Wanderung auf den Alta Via Uno bis zum Grand St. Bernard und zum Val Ferret fortsetzen. Aber die Wetterprognose f\u00fcr das geplante Wochenende hatte sich im Laufe der Vorwoche st\u00e4ndig verschlechtert, so dass mir eine \u00dcberquerung des Passes zu riskant erschien<\/span><\/span><\/p>\n<\/td>\n<\/tr>\n<tr class=\"-R\">\n<td class=\"-C\" style=\"width: 239pt; border: none windowtext 0pt;\">\n<p class=\"Normal-P\" style=\"margin-bottom: 6pt; text-align: justify; text-justify: inter-ideograph; direction: ltr; unicode-bidi: normal;\"><span class=\"Normal-H\"><span style=\";        font-size: 11pt;\"><img decoding=\"async\" src=\"http:\/\/www.adrianwood.ch\/wp-content\/uploads\/2017\/12\/1512299691_image1.jpeg\" data-link=\"\" width=\"299px       \" height=\"200px       \"><\/span><\/span><\/p>\n<\/td>\n<td class=\"-C\" style=\"width: 238.35pt; border: none windowtext 0pt;\">\n<p class=\"Normal-P\" style=\"margin-bottom: 6pt; text-align: justify; text-justify: inter-ideograph; direction: ltr; unicode-bidi: normal;\"><span class=\"Normal-H\"><span style=\";        font-size: 11pt;\"><img decoding=\"async\" src=\"http:\/\/www.adrianwood.ch\/wp-content\/uploads\/2017\/12\/1512299691_image2.jpeg\" data-link=\"\" width=\"298px       \" height=\"198px       \"><\/span><\/span><\/p>\n<\/td>\n<\/tr>\n<tr class=\"-R\">\n<td class=\"-C\" style=\"width: 477.35pt; border: none windowtext 0pt;\" colspan=\"2\">\n<p class=\"Normal-P\" style=\"margin-bottom: 6pt; text-align: justify; text-justify: inter-ideograph; direction: ltr; unicode-bidi: normal;\"><span class=\"Normal-H\"><span style=\";        font-size: 11pt;\">Wir traten die lange Reise nach Cervinia mit Bahn und Bus daher erst am Sonntag an und \u00fcbernachteten in Aosta, weil die ganze Reise nicht an einem Tag zu machen ist. Daf\u00fcr liessen wir dann sp\u00e4ter den geplanten Ruhetag in Aosta aus. Dieser Entscheid erwies sich als richtig, weil es w\u00e4hrend der Hinreise fast ununterbrochen regnete und auf der Alpennordseite gab es in vielen Gegenden Sturm und \u00dcberflutungen. Erst als wir am Montag Mittag endlich in Cervinia ankamen, machten die Wolken der Sonne ein wenig Platz. Allerdings fehlte der Matterhorn-Blick, denn der Alpen-Hauptkamm steckte noch v\u00f6llig hinter einer grauen Wand.<\/span><\/span><\/p>\n<p class=\"Normal-P\" style=\"margin-bottom: 6pt; text-align: justify; text-justify: inter-ideograph; direction: ltr; unicode-bidi: normal;\"><span class=\"Normal-H\"><span style=\";        font-size: 11pt;\">Das Rifugio Barmasse lag nur etwa drei Wanderstunden entfernt, und wir hatten daher genug Zeit f\u00fcr eine Dorfbesichtigung und ein ausgiebiges Mittagessen. Ich g\u00f6nnte mir noch eine Pizza, die zwar wesentlich teurer, aber nicht wesentlich besser war als die am Vorabend in Aosta. Einige nutzten die Gelegenheit um einheimischen K\u00e4se und Salami als Marsch<\/span><span style=\";        font-size: 11pt;\">&#8211;<\/span><span style=\";        font-size: 11pt;\">verpflegung f\u00fcr<\/span><span style=\";        font-size: 11pt;\"> die n\u00e4chsten Tage einzukaufen.<\/span><\/span><\/p>\n<\/td>\n<\/tr>\n<tr class=\"-R\">\n<td class=\"-C\" style=\"width: 477.35pt; border: none windowtext 0pt;\" colspan=\"2\">\n<p class=\"Normal-P\" style=\"margin-bottom: 6pt; text-align: center; direction: ltr; unicode-bidi: normal;\"><span class=\"Normal-H\"><span style=\";        font-size: 11pt;\"><img decoding=\"async\" src=\"http:\/\/www.adrianwood.ch\/wp-content\/uploads\/2017\/12\/1512299691_image3.jpeg\" data-link=\"\" width=\"539px       \" height=\"358px       \"><\/span><\/span><\/p>\n<\/td>\n<\/tr>\n<tr class=\"-R\">\n<td class=\"-C\" style=\"width: 477.35pt; border: none windowtext 0pt;\" colspan=\"2\">\n<p class=\"Normal-P\" style=\"text-align: justify; text-justify: inter-ideograph; direction: ltr; unicode-bidi: normal;\"><span class=\"Normal-H\"><span style=\";        font-size: 11pt;\">Der erste Teil der Wanderung verlief entlang des Flusses talabw\u00e4rts, wo auch Spuren von \u00dcberflutungen zu sehen waren. Bald aber ging es \u00fcber Wiesen und steil durch einen L\u00e4rchenwald auf der anderen Talseite bergauf. Trotz Sonnenscheins tropfte es immer noch ganz wenig und Ich machte ein Gruppenbild ohne Matterhorn. Im Jahr davor hatten mein Bruder Peter und ich es von dieser Stelle aus gegen blauen Himmel gut sehen k\u00f6nnen. Wir blieben nicht lange auf der Finestra di Cignana (2,441m), wo es empfindlich kalt blies, sondern liefen schnell hinunter zum Stausee Lago di Cignana, um das Rifugio geg<\/span><span style=\";        font-size: 11pt;\">en halbsechs Uhr zu erreichen.<\/span><\/span><\/p>\n<\/td>\n<\/tr>\n<tr class=\"-R\">\n<td class=\"-C\" style=\"width: 239pt; border: none windowtext 0pt;\">\n<p class=\"Normal-P\" style=\"margin-bottom: 6pt; text-align: justify; text-justify: inter-ideograph; direction: ltr; unicode-bidi: normal;\"><span class=\"Normal-H\"><span style=\";        font-size: 11pt;\"><img decoding=\"async\" src=\"http:\/\/www.adrianwood.ch\/wp-content\/uploads\/2017\/12\/1512299691_image4.jpeg\" data-link=\"\" width=\"301px       \" height=\"200px       \"><\/span><\/span><\/p>\n<\/td>\n<td class=\"-C\" style=\"width: 238.35pt; border: none windowtext 0pt;\">\n<p class=\"Normal-P\" style=\"margin-bottom: 6pt; text-align: justify; text-justify: inter-ideograph; direction: ltr; unicode-bidi: normal;\"><span class=\"Normal-H\"><span style=\";        font-size: 11pt;\"><img decoding=\"async\" src=\"http:\/\/www.adrianwood.ch\/wp-content\/uploads\/2017\/12\/1512299691_image5.jpeg\" data-link=\"\" width=\"297px       \" height=\"198px       \"><\/span><\/span><\/p>\n<\/td>\n<\/tr>\n<tr class=\"-R\">\n<td class=\"-C\" style=\"width: 477.35pt; border: none windowtext 0pt;\" colspan=\"2\">\n<p class=\"Normal-P\" style=\"text-align: justify; text-justify: inter-ideograph; direction: ltr; unicode-bidi: normal;\"><span class=\"Normal-H\"><span style=\";        font-size: 11pt;\">Wir wurden gut in kleinen Zimmern mit Kaj\u00fctenbetten untergebracht. Die Waschm\u00f6glichkeiten waren etwas limitiert, aber daf\u00fcr das Abendessen sehr reichlich. Wir genossen ein vorz\u00fcgliches mehrg\u00e4ngiges Men\u00fc in der gem\u00fctlichen Stube. Leider konnte ich wegen fehlender Sprachkenntnisse nicht direkt mit der netten Wirtin kommunizieren, aber mit Hilfe meiner sprachgewandteren Kollegen konnten wir uns doch gut verst\u00e4ndigen. Nur mit ihrer knappen Zeiteinsch\u00e4tzung f\u00fcr die anstehende morgige Wanderung war ich nicht ganz einverstanden und verlangte das Fr\u00fchst\u00fcck trotzdem um 6.30 Uhr. Peter und ich hatten im Vorjahr das Rifugio Cuney nicht erreicht und mussten deshalb in der Selbstversorgerh\u00fctte Rifugio Reboulaz \u00fcbernachten. Diese sch\u00f6n gelegene H\u00fctte ist ganz gut eingerichtet, und ich hatte sie auch als m\u00f6gliche Unterkunft f\u00fcr die Gruppe in Erw\u00e4gung gezogen. Allerdings w\u00e4re dann der folgende Tag l\u00e4nger geworden und es h\u00e4tten Esswaren mitgenommen werden m\u00fcssen. Ich freute mich auf den n\u00e4chsten Tag bei hoffentlich gutem Wetter und schlief trotz eines Nordf\u00f6hnsturms, der die<\/span><span style=\";        font-size: 11pt;\"> ganze Nacht tobte, sofort ein.<\/span><\/span><\/p>\n<\/td>\n<\/tr>\n<tr class=\"-R\">\n<td class=\"-C\" style=\"width: 239pt; border: none windowtext 0pt;\">\n<p class=\"Normal-P\" style=\"margin-bottom: 6pt; text-align: justify; text-justify: inter-ideograph; direction: ltr; unicode-bidi: normal;\"><span class=\"Normal-H\"><span style=\";        font-size: 11pt;\"><img decoding=\"async\" src=\"http:\/\/www.adrianwood.ch\/wp-content\/uploads\/2017\/12\/1512299691_image6.jpeg\" data-link=\"\" width=\"300px       \" height=\"200px       \"><\/span><\/span><\/p>\n<\/td>\n<td class=\"-C\" style=\"width: 238.35pt; border: none windowtext 0pt;\">\n<p class=\"Normal-P\" style=\"margin-bottom: 6pt; text-align: justify; text-justify: inter-ideograph; direction: ltr; unicode-bidi: normal;\"><span class=\"Normal-H\"><span style=\";        font-size: 11pt;\"><img decoding=\"async\" src=\"http:\/\/www.adrianwood.ch\/wp-content\/uploads\/2017\/12\/1512299691_image7.jpeg\" data-link=\"\" width=\"301px       \" height=\"201px       \"><\/span><\/span><\/p>\n<\/td>\n<\/tr>\n<tr class=\"-R\">\n<td class=\"-C\" style=\"width: 477.35pt; border: none windowtext 0pt;\" colspan=\"2\">\n<p class=\"Normal-P\" style=\"margin-bottom: 6pt; text-align: justify; text-justify: inter-ideograph; direction: ltr; unicode-bidi: normal;\"><span class=\"Normal-H\"><span style=\";        font-size: 11pt;\">Das Wetter war dann wirklich f\u00fcr den Rest der Woche gut, wenn auch manchmal etwas kalt f\u00fcr die Jahreszeit, und wir sind nie nass geworden. <\/span><span style=\";        font-size: 11pt;\">Ausser nat\u00fcrlich beim Baden, als ich doch eine Gelegenheit am zweitem Wandertag wahrgenommen habe. <\/span><span style=\";        font-size: 11pt;\">\u00dcberhaupt verlief die ganze Wanderwoche sehr harmonisch, und ich danke der Gruppe f\u00fcr ihre gute Kameradschaft, besonders den Sprachgewandten und vor allem Hanspeter, der mir bei der Organisation sehr geholfen<\/span><span style=\";        font-size: 11pt;\">.<\/span><\/span><\/p>\n<p class=\"Normal-P\" style=\"margin-bottom: 6pt; text-align: justify; text-justify: inter-ideograph; direction: ltr; unicode-bidi: normal;\"><span class=\"Normal-H\"><span style=\";        font-size: 11pt;\">Adrian<\/span><\/span><\/p>\n<\/td>\n<\/tr>\n<tr class=\"-R\">\n<td class=\"-C\" style=\"width: 239pt; border: none windowtext 0pt;\">\n<p class=\"Normal-P\" style=\"text-align: justify; text-justify: inter-ideograph; direction: ltr; unicode-bidi: normal;\"><span class=\"Normal-H\"><span style=\";        font-size: 11pt;\"><img decoding=\"async\" src=\"http:\/\/www.adrianwood.ch\/wp-content\/uploads\/2017\/12\/1512299691_image8.jpeg\" data-link=\"\" width=\"304px       \" height=\"202px       \"><\/span><\/span><\/p>\n<\/td>\n<td class=\"-C\" style=\"width: 238.35pt; border: none windowtext 0pt;\">\n<p class=\"Normal-P\" style=\"margin-bottom: 6pt; text-align: justify; text-justify: inter-ideograph; direction: ltr; unicode-bidi: normal;\"><span class=\"Normal-H\"><span style=\";        font-size: 11pt;\"><img decoding=\"async\" src=\"http:\/\/www.adrianwood.ch\/wp-content\/uploads\/2017\/12\/1512299691_image9.jpeg\" data-link=\"\" width=\"303px       \" height=\"202px       \"><\/span><\/span><\/p>\n<\/td>\n<\/tr>\n<p><!-- [if !supportMisalignedColumns]--><\/tbody>\n<\/table>\n<\/div>\n","protected":false},"excerpt":{"rendered":"<p>Sonntag 21. und Montag 22.August, Einf\u00fchrung und Cervinia \u2013 Refugio Barmasse W\u00e4hrend der letzten Jahre ist unsere Gruppe durch die Ossola-T\u00e4ler und weiter um die Mont Rosa-S\u00fcdseite gewandert. Der kr\u00f6nende Abschluss der Wanderung vor drei Jahren war die \u00dcberschreitung des 3,300 m hohen, vergletscherten Theodul-Passes. Dieses Jahr wollten wir den Pass noch einmal in umgekehrter &hellip; <a href=\"https:\/\/www.adrianwood.ch\/?page_id=14515\" class=\"more-link\">Continue reading <span class=\"screen-reader-text\">08-22 Intro\/Barmasse<\/span> <span class=\"meta-nav\">&rarr;<\/span><\/a><\/p>\n","protected":false},"author":1,"featured_media":0,"parent":14510,"menu_order":3431,"comment_status":"closed","ping_status":"closed","template":"","meta":{"ngg_post_thumbnail":0,"footnotes":""},"class_list":["post-14515","page","type-page","status-publish","hentry"],"_links":{"self":[{"href":"https:\/\/www.adrianwood.ch\/index.php?rest_route=\/wp\/v2\/pages\/14515","targetHints":{"allow":["GET"]}}],"collection":[{"href":"https:\/\/www.adrianwood.ch\/index.php?rest_route=\/wp\/v2\/pages"}],"about":[{"href":"https:\/\/www.adrianwood.ch\/index.php?rest_route=\/wp\/v2\/types\/page"}],"author":[{"embeddable":true,"href":"https:\/\/www.adrianwood.ch\/index.php?rest_route=\/wp\/v2\/users\/1"}],"replies":[{"embeddable":true,"href":"https:\/\/www.adrianwood.ch\/index.php?rest_route=%2Fwp%2Fv2%2Fcomments&post=14515"}],"version-history":[{"count":2,"href":"https:\/\/www.adrianwood.ch\/index.php?rest_route=\/wp\/v2\/pages\/14515\/revisions"}],"predecessor-version":[{"id":14526,"href":"https:\/\/www.adrianwood.ch\/index.php?rest_route=\/wp\/v2\/pages\/14515\/revisions\/14526"}],"up":[{"embeddable":true,"href":"https:\/\/www.adrianwood.ch\/index.php?rest_route=\/wp\/v2\/pages\/14510"}],"wp:attachment":[{"href":"https:\/\/www.adrianwood.ch\/index.php?rest_route=%2Fwp%2Fv2%2Fmedia&parent=14515"}],"curies":[{"name":"wp","href":"https:\/\/api.w.org\/{rel}","templated":true}]}}