{"id":14533,"date":"2017-12-03T11:36:18","date_gmt":"2017-12-03T11:36:18","guid":{"rendered":"http:\/\/www.adrianwood.ch\/?page_id=14533"},"modified":"2017-12-03T11:36:43","modified_gmt":"2017-12-03T11:36:43","slug":"08-23-fenetre-tzan","status":"publish","type":"page","link":"https:\/\/www.adrianwood.ch\/?page_id=14533","title":{"rendered":"08-23 Fen\u00eatre Tzan"},"content":{"rendered":"<div class=\"pmdi_content_wrapper\">\n<h3><span style=\"font-family: Times New Roman; font-size: 11pt;\">Dienstag 23. August, <\/span><span style=\"font-family: Times New Roman; font-size: 11pt;\">Vom Lac de Tsignanaz zum Rifugio Cuney via <span class=\"Text-H\">Fen\u00eatre du Tsan<\/span><\/span><\/h3>\n<p class=\"Normal-P\" style=\"direction: ltr; unicode-bidi: normal;\">\n<table class=\"TableGrid-T\" style=\"width: 487.35pt; border-collapse: collapse;\" cellspacing=\"0\">\n<tbody>\n<tr class=\"-R\">\n<td class=\"-C\" style=\"width: 487.35pt; border: none windowtext 0pt;\" colspan=\"2\">\n<p class=\"Text-P\" style=\"margin-top: 0pt; direction: ltr; unicode-bidi: normal;\"><span class=\"Text-H\"><span style=\"font-size: 11pt;\">Nach einer Nacht im F\u00f6hnsturm ist es zum Fr\u00fchst\u00fcck im Rifugio Barmasse am Lac de Tsignanaz immer noch recht k\u00fchl. Aber bei unserem Aufbruch um 7:30 Uhr kommt die Sonne heraus, und schon beim kurzen Abstieg um 100 H\u00f6henmeter wird uns rasch warm.<\/span><\/span><\/p>\n<\/td>\n<\/tr>\n<tr class=\"-R\">\n<td class=\"-C\" style=\"width: 244.4pt; border: none windowtext 0pt;\">\n<p class=\"Text-P\" style=\"margin-top: 0pt; direction: ltr; unicode-bidi: normal;\"><span class=\"Text-H\"><span style=\"font-size: 11pt;\"><img decoding=\"async\" src=\"http:\/\/www.adrianwood.ch\/wp-content\/uploads\/2017\/12\/1512300905_image1.jpeg\" data-link=\"\" width=\"311px \" height=\"207px \"><\/span><\/span><\/p>\n<\/td>\n<td class=\"-C\" style=\"width: 242.95pt; border: none windowtext 0pt;\">\n<p class=\"Text-P\" style=\"margin-top: 0pt; direction: ltr; unicode-bidi: normal;\"><span class=\"Text-H\"><span style=\"font-size: 11pt;\"><img decoding=\"async\" src=\"http:\/\/www.adrianwood.ch\/wp-content\/uploads\/2017\/12\/1512300905_image2.jpeg\" data-link=\"\" width=\"309px \" height=\"206px \"><\/span><\/span><\/p>\n<\/td>\n<\/tr>\n<tr class=\"-R\">\n<td class=\"-C\" style=\"width: 487.35pt; border: none windowtext 0pt;\" colspan=\"2\">\n<p class=\"Text-P\" style=\"margin-top: 0pt; direction: ltr; unicode-bidi: normal;\"><span class=\"Text-H\"><span style=\"font-size: 11pt;\">Der Aufstieg zum Fen\u00eatre d\u2019Ersaz (2290 m) liegt rasch hinter uns. Auf den Felsen am Pass geniessen wir die Aussicht zum Matterhorn und aufs Monte-Rosa-Gebiet. Der Weg schl\u00e4ngelt sich dann weiter \u00fcber Wiesen, zun\u00e4chst <\/span><span style=\"font-size: 11pt;\">nach Norden, dann nach Westen. <\/span><\/span><\/p>\n<\/td>\n<\/tr>\n<tr class=\"-R\">\n<td class=\"-C\" style=\"width: 244.4pt; border: none windowtext 0pt;\">\n<p class=\"Text-P\" style=\"margin-top: 0pt; direction: ltr; unicode-bidi: normal;\"><span class=\"Text-H\"><span style=\"font-size: 11pt;\"><img decoding=\"async\" src=\"http:\/\/www.adrianwood.ch\/wp-content\/uploads\/2017\/12\/1512300905_image3.jpeg\" data-link=\"\" width=\"311px \" height=\"207px \"><\/span><\/span><\/p>\n<\/td>\n<td class=\"-C\" style=\"width: 242.95pt; border: none windowtext 0pt;\">\n<p class=\"Text-P\" style=\"margin-top: 0pt; direction: ltr; unicode-bidi: normal;\"><span class=\"Text-H\"><span style=\"font-size: 11pt;\"><img decoding=\"async\" src=\"http:\/\/www.adrianwood.ch\/wp-content\/uploads\/2017\/12\/1512300905_image4.jpeg\" data-link=\"\" width=\"311px \" height=\"207px \"><\/span><\/span><\/p>\n<\/td>\n<\/tr>\n<tr class=\"-R\">\n<td class=\"-C\" style=\"width: 487.35pt; border: none windowtext 0pt;\" colspan=\"2\">\n<p class=\"Text-P\" style=\"margin-top: 0pt; direction: ltr; unicode-bidi: normal;\"><span class=\"Text-H\"><span style=\"font-size: 11pt;\">Bei einer kleinen Selbstversorgerh\u00fctte am Lac du Tsan (2445 m) machen wir eine fr\u00fche Mittagspause. Dann geht es auf einem steilen Pfad weiter zum Fen\u00eatre du Tsan auf 2736 m. <\/span><span style=\"font-size: 11pt;\">Der Abstiegsweg ist mindestens ebenso steil, aber dank eines neuen Wanderwegs m\u00fcssen wir nicht ganz bis ins Tal hinunter, sondern k\u00f6nnen vorher rechts abbiegen und wieder zum Lac de Leseney (2575 m) aufsteigen.<\/span><\/span><\/p>\n<\/td>\n<\/tr>\n<tr class=\"-R\">\n<td class=\"-C\" style=\"width: 244.4pt; border: none windowtext 0pt;\">\n<p class=\"Text-P\" style=\"margin-top: 0pt; direction: ltr; unicode-bidi: normal;\"><span class=\"Text-H\"><span style=\"font-size: 11pt;\"><img decoding=\"async\" src=\"http:\/\/www.adrianwood.ch\/wp-content\/uploads\/2017\/12\/1512300905_image5.jpeg\" data-link=\"\" width=\"309px \" height=\"206px \"><\/span><\/span><\/p>\n<\/td>\n<td class=\"-C\" style=\"width: 242.95pt; border: none windowtext 0pt;\">\n<p class=\"Text-P\" style=\"margin-top: 0pt; direction: ltr; unicode-bidi: normal;\"><span class=\"Text-H\"><span style=\"font-size: 11pt;\"><img decoding=\"async\" src=\"http:\/\/www.adrianwood.ch\/wp-content\/uploads\/2017\/12\/1512300905_image6.jpeg\" data-link=\"\" width=\"311px \" height=\"207px \"><\/span><\/span><\/p>\n<\/td>\n<\/tr>\n<tr class=\"-R\">\n<td class=\"-C\" style=\"width: 487.35pt; border: none windowtext 0pt;\" colspan=\"2\">\n<p class=\"Text-P\" style=\"margin-top: 0pt; direction: ltr; unicode-bidi: normal;\">\n<\/td>\n<\/tr>\n<tr class=\"-R\">\n<td class=\"-C\" style=\"width: 244.4pt; border: none windowtext 0pt;\">\n<p class=\"Text-P\" style=\"margin-top: 0pt; direction: ltr; unicode-bidi: normal;\"><span class=\"Text-H\"><span style=\"font-size: 11pt;\"><img decoding=\"async\" src=\"http:\/\/www.adrianwood.ch\/wp-content\/uploads\/2017\/12\/1512300905_image7.jpeg\" data-link=\"\" width=\"309px \" height=\"206px \"><\/span><\/span><\/p>\n<\/td>\n<td class=\"-C\" style=\"width: 242.95pt; border: none windowtext 0pt;\">\n<p class=\"Text-P\" style=\"margin-top: 0pt; direction: ltr; unicode-bidi: normal;\"><span class=\"Text-H\"><span style=\"font-size: 11pt;\"><img decoding=\"async\" src=\"http:\/\/www.adrianwood.ch\/wp-content\/uploads\/2017\/12\/1512300905_image8.jpeg\" data-link=\"\" width=\"309px \" height=\"206px \"><\/span><\/span><\/p>\n<\/td>\n<\/tr>\n<tr class=\"-R\">\n<td class=\"-C\" style=\"width: 487.35pt; border: none windowtext 0pt;\" colspan=\"2\">\n<p class=\"Text-P\" style=\"margin-top: 0pt; direction: ltr; unicode-bidi: normal;\"><span class=\"Text-H\"><span style=\"font-size: 11pt;\">Dort gibt es wieder eine kleine H\u00fctte <\/span><span style=\"font-size: 11pt;\">(Bivacco Luca Reboulaz)<\/span><span style=\"font-size: 11pt;\">, die einen netten Eindruck macht. Brigitte und ich k\u00fchlen uns ganz kurz im See ab, um anschliessend in den sonnigen Felsen zu liegen. Adrian wiederholt das Gleiche an einer windstillen Stelle auf der anderen Seite des Sees<\/span><\/span><\/p>\n<\/td>\n<\/tr>\n<tr class=\"-R\">\n<td class=\"-C\" style=\"width: 244.4pt; border: none windowtext 0pt;\">\n<p class=\"Text-P\" style=\"margin-top: 0pt; direction: ltr; unicode-bidi: normal;\"><span class=\"Text-H\"><span style=\"font-size: 11pt;\"><img decoding=\"async\" src=\"http:\/\/www.adrianwood.ch\/wp-content\/uploads\/2017\/12\/1512300905_image9.jpeg\" data-link=\"\" width=\"309px \" height=\"206px \"><\/span><\/span><\/p>\n<\/td>\n<td class=\"-C\" style=\"width: 242.95pt; border: none windowtext 0pt;\">\n<p class=\"Text-P\" style=\"margin-top: 0pt; text-align: center; direction: ltr; unicode-bidi: normal;\"><span class=\"Text-H\"><span style=\"font-size: 11pt;\"><img decoding=\"async\" src=\"http:\/\/www.adrianwood.ch\/wp-content\/uploads\/2017\/12\/1512300905_image10.jpeg\" data-link=\"\" width=\"298px \" height=\"204px \"><\/span><\/span><\/p>\n<\/td>\n<\/tr>\n<tr class=\"-R\">\n<td class=\"-C\" style=\"width: 487.35pt; border: none windowtext 0pt;\" colspan=\"2\">\n<p class=\"Text-P\" style=\"margin-top: 0pt; direction: ltr; unicode-bidi: normal;\"><span class=\"Text-H\"><span style=\"font-size: 11pt;\">Um 15 Uhr brechen wir wieder auf. Der neue Weg f\u00fchrt durch Felsen an der Ostseite der Pointes des Montagnayes. Manchmal verschwindet die Sonne, und dann ist es bei frischem Wind ziemlich k\u00fchl. Der h\u00f6ch<\/span><span style=\"font-size: 11pt;\">te Punkt liegt bei etwa 2<\/span><span style=\"font-size: 11pt;\">65<\/span><span style=\"font-size: 11pt;\">0 m. Dann steigen wir auf einem Felsenweg wieder leicht ab und auf zum Tagesziel, dem Rifugio Cuney auf 2655 m<\/span><span style=\"font-size: 11pt;\">, das wir um 17 Uhr erreichen. <\/span><\/span><\/p>\n<\/td>\n<\/tr>\n<tr class=\"-R\">\n<td class=\"-C\" style=\"width: 244.4pt; border: none windowtext 0pt;\">\n<p class=\"Text-P\" style=\"margin-top: 0pt; direction: ltr; unicode-bidi: normal;\"><span class=\"Text-H\"><span style=\"font-size: 11pt;\"><img decoding=\"async\" src=\"http:\/\/www.adrianwood.ch\/wp-content\/uploads\/2017\/12\/1512300905_image11.jpeg\" data-link=\"\" width=\"311px \" height=\"207px \"><\/span><\/span><\/p>\n<\/td>\n<td class=\"-C\" style=\"width: 242.95pt; border: none windowtext 0pt;\">\n<p class=\"Text-P\" style=\"margin-top: 0pt; direction: ltr; unicode-bidi: normal;\"><span class=\"Text-H\"><span style=\"font-size: 11pt;\"><img decoding=\"async\" src=\"http:\/\/www.adrianwood.ch\/wp-content\/uploads\/2017\/12\/1512300905_image12.jpeg\" data-link=\"\" width=\"309px \" height=\"206px \"><\/span><\/span><\/p>\n<\/td>\n<\/tr>\n<tr class=\"-R\">\n<td class=\"-C\" style=\"width: 487.35pt; border: none windowtext 0pt;\" colspan=\"2\">\n<p class=\"Text-P\" style=\"margin-top: 0pt; margin-bottom: 0pt; direction: ltr; unicode-bidi: normal;\"><span class=\"Text-H\"><span style=\"font-size: 11pt;\">In der gem\u00fctlichen H\u00fctte wird es kalt, sobald die Sonne verschwunden ist. Einige von uns haben unverdrossen zuvor noch (kalt) geduscht. Die beiden jungen H\u00fcttenwarte kochen schliesslich das Abendessen, das aus oder Minestrone, Kaninchen mit R\u00fcebli, Mousse au Chocolat<\/span><span style=\"font-size: 11pt;\"> besteht<\/span><span style=\"font-size: 11pt;\">. F\u00fcr die Vegetarier erst die Minestrone <\/span><span style=\"font-size: 11pt;\">dann <\/span><span style=\"font-size: 11pt;\">das Pasta Diavolo, und wir k\u00f6nnen mit einem pikanten \u201eOlio\u201c die Diavolo-Wirkung verst\u00e4rken! Eine gem\u00fctliche Runde beim Haus-Rotwein beendet den Abend.<\/span><\/span><\/p>\n<p class=\"Text-P\" style=\"margin-top: 0pt; margin-bottom: 0pt; direction: ltr; unicode-bidi: normal;\"><span class=\"Text-H\"><span style=\"font-size: 11pt;\">Uli<\/span><\/span><\/p>\n<\/td>\n<\/tr>\n<p><!-- [if !supportMisalignedColumns]--><\/tbody>\n<\/table>\n<\/div>\n","protected":false},"excerpt":{"rendered":"<p>Dienstag 23. August, Vom Lac de Tsignanaz zum Rifugio Cuney via Fen\u00eatre du Tsan Nach einer Nacht im F\u00f6hnsturm ist es zum Fr\u00fchst\u00fcck im Rifugio Barmasse am Lac de Tsignanaz immer noch recht k\u00fchl. Aber bei unserem Aufbruch um 7:30 Uhr kommt die Sonne heraus, und schon beim kurzen Abstieg um 100 H\u00f6henmeter wird uns &hellip; <a href=\"https:\/\/www.adrianwood.ch\/?page_id=14533\" class=\"more-link\">Continue reading <span class=\"screen-reader-text\">08-23 Fen\u00eatre Tzan<\/span> <span class=\"meta-nav\">&rarr;<\/span><\/a><\/p>\n","protected":false},"author":1,"featured_media":0,"parent":14510,"menu_order":3432,"comment_status":"closed","ping_status":"closed","template":"","meta":{"ngg_post_thumbnail":0,"footnotes":""},"class_list":["post-14533","page","type-page","status-publish","hentry"],"_links":{"self":[{"href":"https:\/\/www.adrianwood.ch\/index.php?rest_route=\/wp\/v2\/pages\/14533","targetHints":{"allow":["GET"]}}],"collection":[{"href":"https:\/\/www.adrianwood.ch\/index.php?rest_route=\/wp\/v2\/pages"}],"about":[{"href":"https:\/\/www.adrianwood.ch\/index.php?rest_route=\/wp\/v2\/types\/page"}],"author":[{"embeddable":true,"href":"https:\/\/www.adrianwood.ch\/index.php?rest_route=\/wp\/v2\/users\/1"}],"replies":[{"embeddable":true,"href":"https:\/\/www.adrianwood.ch\/index.php?rest_route=%2Fwp%2Fv2%2Fcomments&post=14533"}],"version-history":[{"count":3,"href":"https:\/\/www.adrianwood.ch\/index.php?rest_route=\/wp\/v2\/pages\/14533\/revisions"}],"predecessor-version":[{"id":14547,"href":"https:\/\/www.adrianwood.ch\/index.php?rest_route=\/wp\/v2\/pages\/14533\/revisions\/14547"}],"up":[{"embeddable":true,"href":"https:\/\/www.adrianwood.ch\/index.php?rest_route=\/wp\/v2\/pages\/14510"}],"wp:attachment":[{"href":"https:\/\/www.adrianwood.ch\/index.php?rest_route=%2Fwp%2Fv2%2Fmedia&parent=14533"}],"curies":[{"name":"wp","href":"https:\/\/api.w.org\/{rel}","templated":true}]}}